{"id":4426,"date":"2024-11-27T12:19:52","date_gmt":"2024-11-27T11:19:52","guid":{"rendered":"https:\/\/flusslandschaft-elbe.de\/?page_id=4426"},"modified":"2025-01-13T14:50:35","modified_gmt":"2025-01-13T13:50:35","slug":"partner-network","status":"publish","type":"page","link":"https:\/\/flusslandschaft-elbe.de\/en\/partner\/partnernetzwerk\/","title":{"rendered":"Partner network"},"content":{"rendered":"<div data-elementor-type=\"wp-page\" data-elementor-id=\"4426\" class=\"elementor elementor-4426\" data-elementor-post-type=\"page\">\n\t\t\t\t<div class=\"elementor-element elementor-element-ebab9f3 e-flex e-con-boxed e-con e-parent\" data-id=\"ebab9f3\" data-element_type=\"container\" data-e-type=\"container\">\n\t\t\t\t\t<div class=\"e-con-inner\">\n\t\t\t\t<div class=\"elementor-element elementor-element-ec47305 elementor-widget elementor-widget-heading\" data-id=\"ec47305\" data-element_type=\"widget\" data-e-type=\"widget\" data-widget_type=\"heading.default\">\n\t\t\t\t<div class=\"elementor-widget-container\">\n\t\t\t\t\t<h2 class=\"elementor-heading-title elementor-size-default\">Partner of the UNESCO Elbe River Landscape Biosphere Reserve<\/h2>\t\t\t\t<\/div>\n\t\t\t\t<\/div>\n\t\t\t\t\t<\/div>\n\t\t\t\t<\/div>\n\t\t<div class=\"elementor-element elementor-element-7d37715 e-flex e-con-boxed e-con e-parent\" data-id=\"7d37715\" data-element_type=\"container\" data-e-type=\"container\">\n\t\t\t\t\t<div class=\"e-con-inner\">\n\t\t\t\t<div class=\"elementor-element elementor-element-5dd1857 elementor-widget elementor-widget-text-editor\" data-id=\"5dd1857\" data-element_type=\"widget\" data-e-type=\"widget\" data-widget_type=\"text-editor.default\">\n\t\t\t\t<div class=\"elementor-widget-container\">\n\t\t\t\t\t\t\t\t\t<p class=\"Normal tm5\"><span class=\"tm6\">The UNESCO Elbe River Landscape Biosphere Reserve has had a cross-state partner network since 2011. The partners of the biosphere reserve implement exemplary resource-conserving and environmentally conscious concepts and thus act as ambassadors for the biosphere reserve. One aim of the partner network is to promote regional economic cycles and sustainable regional development. Recognition as a partner of the biosphere reserve takes place in a certification process that implements the nationwide standards for partner networks of Nationale Naturlandschaften e.V., the umbrella organization for large protected areas.<\/span><\/p>\t\t\t\t\t\t\t\t<\/div>\n\t\t\t\t<\/div>\n\t\t\t\t\t<\/div>\n\t\t\t\t<\/div>\n\t\t<div class=\"elementor-element elementor-element-93efc21 e-flex e-con-boxed e-con e-parent\" data-id=\"93efc21\" data-element_type=\"container\" data-e-type=\"container\">\n\t\t\t\t\t<div class=\"e-con-inner\">\n\t\t\t\t<div class=\"elementor-element elementor-element-d61e908 elementor-widget elementor-widget-gallery\" data-id=\"d61e908\" data-element_type=\"widget\" data-e-type=\"widget\" data-settings=\"{&quot;columns&quot;:3,&quot;gallery_layout&quot;:&quot;grid&quot;,&quot;columns_tablet&quot;:2,&quot;columns_mobile&quot;:1,&quot;gap&quot;:{&quot;unit&quot;:&quot;px&quot;,&quot;size&quot;:10,&quot;sizes&quot;:[]},&quot;gap_tablet&quot;:{&quot;unit&quot;:&quot;px&quot;,&quot;size&quot;:10,&quot;sizes&quot;:[]},&quot;gap_mobile&quot;:{&quot;unit&quot;:&quot;px&quot;,&quot;size&quot;:10,&quot;sizes&quot;:[]},&quot;link_to&quot;:&quot;file&quot;,&quot;aspect_ratio&quot;:&quot;3:2&quot;,&quot;overlay_background&quot;:&quot;yes&quot;,&quot;content_hover_animation&quot;:&quot;fade-in&quot;}\" data-widget_type=\"gallery.default\">\n\t\t\t\t<div class=\"elementor-widget-container\">\n\t\t\t\t\t\t\t<div class=\"elementor-gallery__container\">\n\t\t\t\t\t\t\t<a data-elementor-lightbox-title=\"\u00a9 BIO-Hotel Kenners LandLust\" class=\"e-gallery-item elementor-gallery-item elementor-animated-content\" href=\"https:\/\/flusslandschaft-elbe.de\/wp-content\/uploads\/8c4bd03e9474a4d5c844b3a95c6a14e2.jpg\" data-elementor-open-lightbox=\"yes\" data-elementor-lightbox-slideshow=\"d61e908\" data-elementor-lightbox-description=\"Guten Appetit im BIO-Hotel\" data-e-action-hash=\"#elementor-action%3Aaction%3Dlightbox%26settings%3DeyJpZCI6MTU0OSwidXJsIjoiaHR0cHM6XC9cL2ZsdXNzbGFuZHNjaGFmdC1lbGJlLmRlXC93cC1jb250ZW50XC91cGxvYWRzXC84YzRiZDAzZTk0NzRhNGQ1Yzg0NGIzYTk1YzZhMTRlMi5qcGciLCJzbGlkZXNob3ciOiJkNjFlOTA4In0%3D\">\n\t\t\t\t\t<div class=\"e-gallery-image elementor-gallery-item__image\" data-thumbnail=\"https:\/\/flusslandschaft-elbe.de\/wp-content\/uploads\/8c4bd03e9474a4d5c844b3a95c6a14e2-512x384.jpg\" data-width=\"512\" data-height=\"384\" aria-label=\"\" role=\"img\" ><\/div>\n\t\t\t\t\t\t\t\t\t\t\t<div class=\"elementor-gallery-item__overlay\"><\/div>\n\t\t\t\t\t\t\t\t\t\t\t\t\t\t<\/a>\n\t\t\t\t\t\t\t<a data-elementor-lightbox-title=\"\u00a9 ahead burghotel\" class=\"e-gallery-item elementor-gallery-item elementor-animated-content\" href=\"https:\/\/flusslandschaft-elbe.de\/wp-content\/uploads\/ahead-5-scaled.jpg\" data-elementor-open-lightbox=\"yes\" data-elementor-lightbox-slideshow=\"d61e908\" data-elementor-lightbox-description=\"Burg Lenzen mit Burgpark\" data-e-action-hash=\"#elementor-action%3Aaction%3Dlightbox%26settings%3DeyJpZCI6MTk4MCwidXJsIjoiaHR0cHM6XC9cL2ZsdXNzbGFuZHNjaGFmdC1lbGJlLmRlXC93cC1jb250ZW50XC91cGxvYWRzXC9haGVhZC01LXNjYWxlZC5qcGciLCJzbGlkZXNob3ciOiJkNjFlOTA4In0%3D\">\n\t\t\t\t\t<div class=\"e-gallery-image elementor-gallery-item__image\" data-thumbnail=\"https:\/\/flusslandschaft-elbe.de\/wp-content\/uploads\/ahead-5-512x341.jpg\" data-width=\"512\" data-height=\"341\" aria-label=\"Lenzen Castle at sunset.\" role=\"img\" ><\/div>\n\t\t\t\t\t\t\t\t\t\t\t<div class=\"elementor-gallery-item__overlay\"><\/div>\n\t\t\t\t\t\t\t\t\t\t\t\t\t\t<\/a>\n\t\t\t\t\t\t\t<a data-elementor-lightbox-title=\"\u00a9 ahead burghotel\" class=\"e-gallery-item elementor-gallery-item elementor-animated-content\" href=\"https:\/\/flusslandschaft-elbe.de\/wp-content\/uploads\/ahead-4-scaled.jpg\" data-elementor-open-lightbox=\"yes\" data-elementor-lightbox-slideshow=\"d61e908\" data-elementor-lightbox-description=\"R\u00e4ume f\u00fcr Yoga und Meditation stehen bereit. \" data-e-action-hash=\"#elementor-action%3Aaction%3Dlightbox%26settings%3DeyJpZCI6MTk3OSwidXJsIjoiaHR0cHM6XC9cL2ZsdXNzbGFuZHNjaGFmdC1lbGJlLmRlXC93cC1jb250ZW50XC91cGxvYWRzXC9haGVhZC00LXNjYWxlZC5qcGciLCJzbGlkZXNob3ciOiJkNjFlOTA4In0%3D\">\n\t\t\t\t\t<div class=\"e-gallery-image elementor-gallery-item__image\" data-thumbnail=\"https:\/\/flusslandschaft-elbe.de\/wp-content\/uploads\/ahead-4-512x341.jpg\" data-width=\"512\" data-height=\"341\" aria-label=\"Yoga mats in the pavilion in the castle garden\" role=\"img\" ><\/div>\n\t\t\t\t\t\t\t\t\t\t\t<div class=\"elementor-gallery-item__overlay\"><\/div>\n\t\t\t\t\t\t\t\t\t\t\t\t\t\t<\/a>\n\t\t\t\t\t<\/div>\n\t\t\t\t\t<\/div>\n\t\t\t\t<\/div>\n\t\t\t\t\t<\/div>\n\t\t\t\t<\/div>\n\t\t<div class=\"elementor-element elementor-element-858916e e-flex e-con-boxed e-con e-parent\" data-id=\"858916e\" data-element_type=\"container\" data-e-type=\"container\">\n\t\t\t\t\t<div class=\"e-con-inner\">\n\t\t\t\t<div class=\"elementor-element elementor-element-48c8ca0 elementor-widget elementor-widget-text-editor\" data-id=\"48c8ca0\" data-element_type=\"widget\" data-e-type=\"widget\" data-widget_type=\"text-editor.default\">\n\t\t\t\t<div class=\"elementor-widget-container\">\n\t\t\t\t\t\t\t\t\t<p class=\"Normal tm5\"><span class=\"tm6\">The products, services and offers of the partners stand for quality, environmental friendliness and regionality.<\/span><\/p><p class=\"Normal tm5\"><span class=\"tm6\">The network is characterized by close cooperation between the biosphere reserve administration, local authorities and interest groups with sustainably operating companies and associations. <\/span><\/p><p class=\"Normal tm5\"><span class=\"tm6\">The network of partners of the UNESCO Elbe River Landscape Biosphere Reserve comprises more than 190 partners in eleven sectors across all federal states. <\/span><\/p><p class=\"Normal tm5\"><span class=\"tm6\">Explore the individual companies and facilities of the partner network on the page <a href=\"https:\/\/flusslandschaft-elbe.de\/en\/partner\/find-a-partner\/\">Find a partner<\/a>.<\/span><\/p>\t\t\t\t\t\t\t\t<\/div>\n\t\t\t\t<\/div>\n\t\t\t\t\t<\/div>\n\t\t\t\t<\/div>\n\t\t<div class=\"elementor-element elementor-element-1886e81 e-flex e-con-boxed e-con e-parent\" data-id=\"1886e81\" data-element_type=\"container\" data-e-type=\"container\">\n\t\t\t\t\t<div class=\"e-con-inner\">\n\t\t\t\t<div class=\"elementor-element elementor-element-842b245 elementor-widget elementor-widget-spacer\" data-id=\"842b245\" data-element_type=\"widget\" data-e-type=\"widget\" data-widget_type=\"spacer.default\">\n\t\t\t\t<div class=\"elementor-widget-container\">\n\t\t\t\t\t\t\t<div class=\"elementor-spacer\">\n\t\t\t<div class=\"elementor-spacer-inner\"><\/div>\n\t\t<\/div>\n\t\t\t\t\t\t<\/div>\n\t\t\t\t<\/div>\n\t\t\t\t\t<\/div>\n\t\t\t\t<\/div>\n\t\t\t\t<\/div>","protected":false},"excerpt":{"rendered":"<p>Partner des UNESCO-Biosph\u00e4renreservats Flusslandschaft Elbe Im UNESCO-Biosph\u00e4renreservat Flusslandschaft Elbe besteht seit 2011 ein bundesl\u00e4nder\u00fcbergreifendes Partnernetzwerk. Die Partnerinnen und Partner des Biosph\u00e4renreservats setzen beispielhaft ressourcenschonende und umweltbewusste Konzepte ein und fungieren somit als Botschafter des Biosph\u00e4renreservats. Ein Ziel des Partnernetzwerkes ist die F\u00f6rderung regionaler Wirtschaftskreisl\u00e4ufe und einer nachhaltigen Regionalentwicklung. Die Anerkennung als Partner des Biosph\u00e4renreservats erfolgt&hellip;<\/p>","protected":false},"author":10,"featured_media":0,"parent":2021,"menu_order":0,"comment_status":"closed","ping_status":"closed","template":"","meta":{"footnotes":""},"class_list":["post-4426","page","type-page","status-publish","hentry"],"yoast_head":"<!-- This site is optimized with the Yoast SEO plugin v27.4 - https:\/\/yoast.com\/product\/yoast-seo-wordpress\/ -->\n<title>Partnernetzwerk - Flusslandschaft Elbe<\/title>\n<meta name=\"robots\" content=\"index, follow, max-snippet:-1, max-image-preview:large, max-video-preview:-1\" \/>\n<link rel=\"canonical\" href=\"https:\/\/flusslandschaft-elbe.de\/en\/partner\/partner-network\/\" \/>\n<meta property=\"og:locale\" content=\"en_US\" \/>\n<meta property=\"og:type\" content=\"article\" \/>\n<meta property=\"og:title\" content=\"Partnernetzwerk - Flusslandschaft Elbe\" \/>\n<meta property=\"og:description\" content=\"Partner des UNESCO-Biosph\u00e4renreservats Flusslandschaft Elbe Im UNESCO-Biosph\u00e4renreservat Flusslandschaft Elbe besteht seit 2011 ein bundesl\u00e4nder\u00fcbergreifendes Partnernetzwerk. Die Partnerinnen und Partner des Biosph\u00e4renreservats setzen beispielhaft ressourcenschonende und umweltbewusste Konzepte ein und fungieren somit als Botschafter des Biosph\u00e4renreservats. Ein Ziel des Partnernetzwerkes ist die F\u00f6rderung regionaler Wirtschaftskreisl\u00e4ufe und einer nachhaltigen Regionalentwicklung. Die Anerkennung als Partner des Biosph\u00e4renreservats erfolgt&hellip;\" \/>\n<meta property=\"og:url\" content=\"https:\/\/flusslandschaft-elbe.de\/en\/partner\/partner-network\/\" \/>\n<meta property=\"og:site_name\" content=\"Flusslandschaft Elbe\" \/>\n<meta property=\"article:modified_time\" content=\"2025-01-13T13:50:35+00:00\" \/>\n<meta name=\"twitter:card\" content=\"summary_large_image\" \/>\n<meta name=\"twitter:label1\" content=\"Est. reading time\" \/>\n\t<meta name=\"twitter:data1\" content=\"1 minute\" \/>\n<script type=\"application\/ld+json\" class=\"yoast-schema-graph\">{\"@context\":\"https:\\\/\\\/schema.org\",\"@graph\":[{\"@type\":\"WebPage\",\"@id\":\"https:\\\/\\\/flusslandschaft-elbe.de\\\/partner\\\/partnernetzwerk\\\/\",\"url\":\"https:\\\/\\\/flusslandschaft-elbe.de\\\/partner\\\/partnernetzwerk\\\/\",\"name\":\"Partnernetzwerk - Flusslandschaft Elbe\",\"isPartOf\":{\"@id\":\"https:\\\/\\\/flusslandschaft-elbe.de\\\/de-simple\\\/#website\"},\"datePublished\":\"2024-11-27T11:19:52+00:00\",\"dateModified\":\"2025-01-13T13:50:35+00:00\",\"breadcrumb\":{\"@id\":\"https:\\\/\\\/flusslandschaft-elbe.de\\\/partner\\\/partnernetzwerk\\\/#breadcrumb\"},\"inLanguage\":\"en-US\",\"potentialAction\":[{\"@type\":\"ReadAction\",\"target\":[\"https:\\\/\\\/flusslandschaft-elbe.de\\\/partner\\\/partnernetzwerk\\\/\"]}]},{\"@type\":\"BreadcrumbList\",\"@id\":\"https:\\\/\\\/flusslandschaft-elbe.de\\\/partner\\\/partnernetzwerk\\\/#breadcrumb\",\"itemListElement\":[{\"@type\":\"ListItem\",\"position\":1,\"name\":\"Startseite\",\"item\":\"https:\\\/\\\/flusslandschaft-elbe.de\\\/\"},{\"@type\":\"ListItem\",\"position\":2,\"name\":\"Partner\",\"item\":\"https:\\\/\\\/flusslandschaft-elbe.de\\\/partner\\\/\"},{\"@type\":\"ListItem\",\"position\":3,\"name\":\"Partnernetzwerk\"}]},{\"@type\":\"WebSite\",\"@id\":\"https:\\\/\\\/flusslandschaft-elbe.de\\\/de-simple\\\/#website\",\"url\":\"https:\\\/\\\/flusslandschaft-elbe.de\\\/de-simple\\\/\",\"name\":\"Flusslandschaft Elbe\",\"description\":\"\",\"publisher\":{\"@id\":\"https:\\\/\\\/flusslandschaft-elbe.de\\\/de-simple\\\/#organization\"},\"potentialAction\":[{\"@type\":\"SearchAction\",\"target\":{\"@type\":\"EntryPoint\",\"urlTemplate\":\"https:\\\/\\\/flusslandschaft-elbe.de\\\/de-simple\\\/?s={search_term_string}\"},\"query-input\":{\"@type\":\"PropertyValueSpecification\",\"valueRequired\":true,\"valueName\":\"search_term_string\"}}],\"inLanguage\":\"en-US\"},{\"@type\":\"Organization\",\"@id\":\"https:\\\/\\\/flusslandschaft-elbe.de\\\/de-simple\\\/#organization\",\"name\":\"Flusslandschaft Elbe\",\"url\":\"https:\\\/\\\/flusslandschaft-elbe.de\\\/de-simple\\\/\",\"logo\":{\"@type\":\"ImageObject\",\"inLanguage\":\"en-US\",\"@id\":\"https:\\\/\\\/flusslandschaft-elbe.de\\\/de-simple\\\/#\\\/schema\\\/logo\\\/image\\\/\",\"url\":\"https:\\\/\\\/flusslandschaft-elbe.de\\\/wp-content\\\/uploads\\\/favicon.png\",\"contentUrl\":\"https:\\\/\\\/flusslandschaft-elbe.de\\\/wp-content\\\/uploads\\\/favicon.png\",\"width\":196,\"height\":196,\"caption\":\"Flusslandschaft Elbe\"},\"image\":{\"@id\":\"https:\\\/\\\/flusslandschaft-elbe.de\\\/de-simple\\\/#\\\/schema\\\/logo\\\/image\\\/\"}}]}<\/script>\n<!-- \/ Yoast SEO plugin. -->","yoast_head_json":{"title":"Partner network - Elbe River Landscape","robots":{"index":"index","follow":"follow","max-snippet":"max-snippet:-1","max-image-preview":"max-image-preview:large","max-video-preview":"max-video-preview:-1"},"canonical":"https:\/\/flusslandschaft-elbe.de\/en\/partner\/partner-network\/","og_locale":"en_US","og_type":"article","og_title":"Partnernetzwerk - Flusslandschaft Elbe","og_description":"Partner des UNESCO-Biosph\u00e4renreservats Flusslandschaft Elbe Im UNESCO-Biosph\u00e4renreservat Flusslandschaft Elbe besteht seit 2011 ein bundesl\u00e4nder\u00fcbergreifendes Partnernetzwerk. Die Partnerinnen und Partner des Biosph\u00e4renreservats setzen beispielhaft ressourcenschonende und umweltbewusste Konzepte ein und fungieren somit als Botschafter des Biosph\u00e4renreservats. Ein Ziel des Partnernetzwerkes ist die F\u00f6rderung regionaler Wirtschaftskreisl\u00e4ufe und einer nachhaltigen Regionalentwicklung. Die Anerkennung als Partner des Biosph\u00e4renreservats erfolgt&hellip;","og_url":"https:\/\/flusslandschaft-elbe.de\/en\/partner\/partner-network\/","og_site_name":"Flusslandschaft Elbe","article_modified_time":"2025-01-13T13:50:35+00:00","twitter_card":"summary_large_image","twitter_misc":{"Est. reading time":"1 minute"},"schema":{"@context":"https:\/\/schema.org","@graph":[{"@type":"WebPage","@id":"https:\/\/flusslandschaft-elbe.de\/partner\/partnernetzwerk\/","url":"https:\/\/flusslandschaft-elbe.de\/partner\/partnernetzwerk\/","name":"Partner network - Elbe River Landscape","isPartOf":{"@id":"https:\/\/flusslandschaft-elbe.de\/de-simple\/#website"},"datePublished":"2024-11-27T11:19:52+00:00","dateModified":"2025-01-13T13:50:35+00:00","breadcrumb":{"@id":"https:\/\/flusslandschaft-elbe.de\/partner\/partnernetzwerk\/#breadcrumb"},"inLanguage":"en-US","potentialAction":[{"@type":"ReadAction","target":["https:\/\/flusslandschaft-elbe.de\/partner\/partnernetzwerk\/"]}]},{"@type":"BreadcrumbList","@id":"https:\/\/flusslandschaft-elbe.de\/partner\/partnernetzwerk\/#breadcrumb","itemListElement":[{"@type":"ListItem","position":1,"name":"Startseite","item":"https:\/\/flusslandschaft-elbe.de\/"},{"@type":"ListItem","position":2,"name":"Partner","item":"https:\/\/flusslandschaft-elbe.de\/partner\/"},{"@type":"ListItem","position":3,"name":"Partnernetzwerk"}]},{"@type":"WebSite","@id":"https:\/\/flusslandschaft-elbe.de\/de-simple\/#website","url":"https:\/\/flusslandschaft-elbe.de\/de-simple\/","name":"Elbe river landscape","description":"","publisher":{"@id":"https:\/\/flusslandschaft-elbe.de\/de-simple\/#organization"},"potentialAction":[{"@type":"SearchAction","target":{"@type":"EntryPoint","urlTemplate":"https:\/\/flusslandschaft-elbe.de\/de-simple\/?s={search_term_string}"},"query-input":{"@type":"PropertyValueSpecification","valueRequired":true,"valueName":"search_term_string"}}],"inLanguage":"en-US"},{"@type":"Organization","@id":"https:\/\/flusslandschaft-elbe.de\/de-simple\/#organization","name":"Elbe river landscape","url":"https:\/\/flusslandschaft-elbe.de\/de-simple\/","logo":{"@type":"ImageObject","inLanguage":"en-US","@id":"https:\/\/flusslandschaft-elbe.de\/de-simple\/#\/schema\/logo\/image\/","url":"https:\/\/flusslandschaft-elbe.de\/wp-content\/uploads\/favicon.png","contentUrl":"https:\/\/flusslandschaft-elbe.de\/wp-content\/uploads\/favicon.png","width":196,"height":196,"caption":"Flusslandschaft Elbe"},"image":{"@id":"https:\/\/flusslandschaft-elbe.de\/de-simple\/#\/schema\/logo\/image\/"}}]}},"_links":{"self":[{"href":"https:\/\/flusslandschaft-elbe.de\/en\/wp-json\/wp\/v2\/pages\/4426","targetHints":{"allow":["GET"]}}],"collection":[{"href":"https:\/\/flusslandschaft-elbe.de\/en\/wp-json\/wp\/v2\/pages"}],"about":[{"href":"https:\/\/flusslandschaft-elbe.de\/en\/wp-json\/wp\/v2\/types\/page"}],"author":[{"embeddable":true,"href":"https:\/\/flusslandschaft-elbe.de\/en\/wp-json\/wp\/v2\/users\/10"}],"replies":[{"embeddable":true,"href":"https:\/\/flusslandschaft-elbe.de\/en\/wp-json\/wp\/v2\/comments?post=4426"}],"version-history":[{"count":1,"href":"https:\/\/flusslandschaft-elbe.de\/en\/wp-json\/wp\/v2\/pages\/4426\/revisions"}],"predecessor-version":[{"id":6378,"href":"https:\/\/flusslandschaft-elbe.de\/en\/wp-json\/wp\/v2\/pages\/4426\/revisions\/6378"}],"up":[{"embeddable":true,"href":"https:\/\/flusslandschaft-elbe.de\/en\/wp-json\/wp\/v2\/pages\/2021"}],"wp:attachment":[{"href":"https:\/\/flusslandschaft-elbe.de\/en\/wp-json\/wp\/v2\/media?parent=4426"}],"curies":[{"name":"wp","href":"https:\/\/api.w.org\/{rel}","templated":true}]}}