{"id":3485,"date":"2024-11-21T11:41:52","date_gmt":"2024-11-21T10:41:52","guid":{"rendered":"https:\/\/flusslandschaft-elbe.de\/?page_id=3485"},"modified":"2025-01-29T13:02:32","modified_gmt":"2025-01-29T12:02:32","slug":"experience-relax-easy-language","status":"publish","type":"page","link":"https:\/\/flusslandschaft-elbe.de\/en\/erleben-erholen-leichte-sprache\/","title":{"rendered":"Experience &amp; relax - easy language"},"content":{"rendered":"<div data-elementor-type=\"wp-page\" data-elementor-id=\"3485\" class=\"elementor elementor-3485\" data-elementor-post-type=\"page\">\n\t\t\t\t<div class=\"elementor-element elementor-element-6110f45 e-flex e-con-boxed e-con e-parent\" data-id=\"6110f45\" data-element_type=\"container\" data-e-type=\"container\">\n\t\t\t\t\t<div class=\"e-con-inner\">\n\t\t\t\t<div class=\"elementor-element elementor-element-3720efd elementor-widget elementor-widget-heading\" data-id=\"3720efd\" data-element_type=\"widget\" data-e-type=\"widget\" data-widget_type=\"heading.default\">\n\t\t\t\t<div class=\"elementor-widget-container\">\n\t\t\t\t\t<h2 class=\"elementor-heading-title elementor-size-default\">Recreation and tourism\n<\/h2>\t\t\t\t<\/div>\n\t\t\t\t<\/div>\n\t\t\t\t\t<\/div>\n\t\t\t\t<\/div>\n\t\t<div class=\"elementor-element elementor-element-e4e8026 e-flex e-con-boxed e-con e-parent\" data-id=\"e4e8026\" data-element_type=\"container\" data-e-type=\"container\">\n\t\t\t\t\t<div class=\"e-con-inner\">\n\t\t\t\t<div class=\"elementor-element elementor-element-a52c599 elementor-widget elementor-widget-text-editor\" data-id=\"a52c599\" data-element_type=\"widget\" data-e-type=\"widget\" data-widget_type=\"text-editor.default\">\n\t\t\t\t<div class=\"elementor-widget-container\">\n\t\t\t\t\t\t\t\t\t<p class=\"Normal tm5\"><span class=\"tm6\">The \"Elbe River Landscape\" biosphere reserve is a UNESCO World Heritage Site. It is over 400 kilometers long and lies between Schleswig-Holstein and Saxony-Anhalt. The landscape along the Elbe is varied and offers something special in every season:<\/span><\/p><ul class=\"Normal tm5 tm7\"><li class=\"tm8\"><span class=\"tm6\">In winter, floods repeatedly change the landscape.<\/span><\/li><li class=\"Normal tm5 tm8\"><span class=\"tm6\">In spring and fall, many birds rest on their way south or north.<\/span><\/li><li class=\"Normal tm5 tm8\"><span class=\"tm6\">In summer there are flowering meadows, large forests, old villages and wide sandbanks.<\/span><\/li><\/ul><p><span class=\"tm6\">The landscape offers opportunities to experience nature and culture and to relax all year round.<\/span><\/p>\t\t\t\t\t\t\t\t<\/div>\n\t\t\t\t<\/div>\n\t\t\t\t<div class=\"elementor-element elementor-element-8eec2ea elementor-widget elementor-widget-image\" data-id=\"8eec2ea\" data-element_type=\"widget\" data-e-type=\"widget\" data-widget_type=\"image.default\">\n\t\t\t\t<div class=\"elementor-widget-container\">\n\t\t\t\t\t\t\t\t\t\t\t\t\t\t\t<figure class=\"position-relative\"><img fetchpriority=\"high\" decoding=\"async\" width=\"768\" height=\"512\" src=\"https:\/\/flusslandschaft-elbe.de\/wp-content\/uploads\/DSC3451-Stiepelse-1-768x512.jpg\" class=\"attachment-medium_large size-medium_large wp-image-2151\" alt=\"People sitting in deckchairs on the Elbe embankment\" srcset=\"https:\/\/flusslandschaft-elbe.de\/wp-content\/uploads\/DSC3451-Stiepelse-1-768x512.jpg 768w, https:\/\/flusslandschaft-elbe.de\/wp-content\/uploads\/DSC3451-Stiepelse-1-2048x1365.jpg 2048w, https:\/\/flusslandschaft-elbe.de\/wp-content\/uploads\/DSC3451-Stiepelse-1-512x341.jpg 512w, https:\/\/flusslandschaft-elbe.de\/wp-content\/uploads\/DSC3451-Stiepelse-1-1024x683.jpg 1024w, https:\/\/flusslandschaft-elbe.de\/wp-content\/uploads\/DSC3451-Stiepelse-1-1536x1024.jpg 1536w, https:\/\/flusslandschaft-elbe.de\/wp-content\/uploads\/DSC3451-Stiepelse-1-18x12.jpg 18w\" sizes=\"(max-width: 768px) 100vw, 768px\" \/><figcaption class=\"img-author\" title=\"Markus Tiemann\">Markus Tiemann<\/figcaption><\/figure>\t\t\t\t\t\t\t\t\t\t\t\t\t\t\t<\/div>\n\t\t\t\t<\/div>\n\t\t\t\t\t<\/div>\n\t\t\t\t<\/div>\n\t\t<div class=\"elementor-element elementor-element-ea44a25 e-flex e-con-boxed e-con e-parent\" data-id=\"ea44a25\" data-element_type=\"container\" data-e-type=\"container\">\n\t\t\t\t\t<div class=\"e-con-inner\">\n\t\t\t\t<div class=\"elementor-element elementor-element-cf8eedf elementor-widget elementor-widget-text-editor\" data-id=\"cf8eedf\" data-element_type=\"widget\" data-e-type=\"widget\" data-widget_type=\"text-editor.default\">\n\t\t\t\t<div class=\"elementor-widget-container\">\n\t\t\t\t\t\t\t\t\t<p><em>Two people relaxing in deckchairs on a dyke.<\/em><br \/><em>Their bikes are parked next to them and they enjoy nature.<\/em><br \/><em>The biosphere reserve invites you to cycle and relax.<\/em><br \/><em>Here, gentle tourism is combined with nature conservation.<\/em><\/p>\t\t\t\t\t\t\t\t<\/div>\n\t\t\t\t<\/div>\n\t\t\t\t<div class=\"elementor-element elementor-element-8eb2bf2 elementor-widget elementor-widget-text-editor\" data-id=\"8eb2bf2\" data-element_type=\"widget\" data-e-type=\"widget\" data-widget_type=\"text-editor.default\">\n\t\t\t\t<div class=\"elementor-widget-container\">\n\t\t\t\t\t\t\t\t\t<h3>Typical activities<\/h3><p class=\"Normal tm5\"><span class=\"tm6\">The biosphere reserve offers many opportunities to discover nature. A dense network of cycling and hiking trails invites you to explore. The Elbe can also be experienced in different ways.<\/span><\/p><ul class=\"Normal tm5 tm7\"><li class=\"tm8\"><span class=\"tm6\">Cycling on well-signposted paths<\/span><\/li><li class=\"Normal tm5 tm8\"><span class=\"tm6\">Water sports with canoe, raft, boat or passenger ship<\/span><\/li><li class=\"Normal tm5 tm8\"><span class=\"tm6\">Fishing in suitable areas<\/span><\/li><\/ul><p><span class=\"tm6\">Further activities and information on the protection of sensitive natural areas are described on the following pages.<\/span><\/p>\t\t\t\t\t\t\t\t<\/div>\n\t\t\t\t<\/div>\n\t\t\t\t\t<\/div>\n\t\t\t\t<\/div>\n\t\t<div class=\"elementor-element elementor-element-1eaf10f e-flex e-con-boxed e-con e-parent\" data-id=\"1eaf10f\" data-element_type=\"container\" data-e-type=\"container\">\n\t\t\t\t\t<div class=\"e-con-inner\">\n\t\t\t\t<div class=\"elementor-element elementor-element-0bac503 elementor-widget elementor-widget-text-editor\" data-id=\"0bac503\" data-element_type=\"widget\" data-e-type=\"widget\" data-widget_type=\"text-editor.default\">\n\t\t\t\t<div class=\"elementor-widget-container\">\n\t\t\t\t\t\t\t\t\t<h3>Green Belt<\/h3><p class=\"Normal tm5\"><span class=\"tm6\">Part of the former inner-German border lies to the north of the biosphere reserve. Nature was able to develop undisturbed there for many years.<\/span><\/p><p class=\"Normal tm5\"><span class=\"tm6\">Today, the \"Green Belt\" is a contiguous habitat for over 1,200 rare animal and plant species. It is protected as a National Natural Monument in Saxony-Anhalt and Brandenburg.<\/span><\/p><p class=\"Normal tm5\"><span class=\"tm6\">The \"Green Belt\" combines nature conservation and remembrance of the division of Germany.<\/span><\/p>\t\t\t\t\t\t\t\t<\/div>\n\t\t\t\t<\/div>\n\t\t\t\t\t<\/div>\n\t\t\t\t<\/div>\n\t\t<div class=\"elementor-element elementor-element-eb9bf59 e-flex e-con-boxed e-con e-parent\" data-id=\"eb9bf59\" data-element_type=\"container\" data-e-type=\"container\">\n\t\t\t\t\t<div class=\"e-con-inner\">\n\t\t\t\t<div class=\"elementor-element elementor-element-b12a9e8 elementor-widget elementor-widget-image\" data-id=\"b12a9e8\" data-element_type=\"widget\" data-e-type=\"widget\" data-widget_type=\"image.default\">\n\t\t\t\t<div class=\"elementor-widget-container\">\n\t\t\t\t\t\t\t\t\t\t\t\t\t\t\t<figure class=\"position-relative\"><img decoding=\"async\" width=\"768\" height=\"512\" src=\"https:\/\/flusslandschaft-elbe.de\/wp-content\/uploads\/Grenzturm_Boizenburg_historisch_R_Colell-768x512.jpg\" class=\"attachment-medium_large size-medium_large wp-image-1568\" alt=\"Historic border tower on the Elbe dyke near Boizenburg\" srcset=\"https:\/\/flusslandschaft-elbe.de\/wp-content\/uploads\/Grenzturm_Boizenburg_historisch_R_Colell-768x512.jpg 768w, https:\/\/flusslandschaft-elbe.de\/wp-content\/uploads\/Grenzturm_Boizenburg_historisch_R_Colell-512x342.jpg 512w, https:\/\/flusslandschaft-elbe.de\/wp-content\/uploads\/Grenzturm_Boizenburg_historisch_R_Colell-1024x683.jpg 1024w, https:\/\/flusslandschaft-elbe.de\/wp-content\/uploads\/Grenzturm_Boizenburg_historisch_R_Colell-1536x1025.jpg 1536w, https:\/\/flusslandschaft-elbe.de\/wp-content\/uploads\/Grenzturm_Boizenburg_historisch_R_Colell-18x12.jpg 18w, https:\/\/flusslandschaft-elbe.de\/wp-content\/uploads\/Grenzturm_Boizenburg_historisch_R_Colell.jpg 1772w\" sizes=\"(max-width: 768px) 100vw, 768px\" \/><figcaption class=\"img-author\" title=\"\u00a9 R. Colell\">\u00a9 R. Colell<\/figcaption><\/figure>\t\t\t\t\t\t\t\t\t\t\t\t\t\t\t<\/div>\n\t\t\t\t<\/div>\n\t\t\t\t\t<\/div>\n\t\t\t\t<\/div>\n\t\t<div class=\"elementor-element elementor-element-f7a3920 e-flex e-con-boxed e-con e-parent\" data-id=\"f7a3920\" data-element_type=\"container\" data-e-type=\"container\">\n\t\t\t\t\t<div class=\"e-con-inner\">\n\t\t\t\t<div class=\"elementor-element elementor-element-34c6369 elementor-widget elementor-widget-text-editor\" data-id=\"34c6369\" data-element_type=\"widget\" data-e-type=\"widget\" data-widget_type=\"text-editor.default\">\n\t\t\t\t<div class=\"elementor-widget-container\">\n\t\t\t\t\t\t\t\t\t<p><em>An old border tower is a reminder of the inner-German border.<\/em><br \/><em>It used to separate people, today it stands as a memorial.<\/em><br \/><em>Nature has reclaimed the area and protects rare species.<\/em><br \/><em>The \"Green Belt\" combines history and nature conservation.<\/em><\/p>\t\t\t\t\t\t\t\t<\/div>\n\t\t\t\t<\/div>\n\t\t\t\t<div class=\"elementor-element elementor-element-13a344d elementor-widget elementor-widget-spacer\" data-id=\"13a344d\" data-element_type=\"widget\" data-e-type=\"widget\" data-widget_type=\"spacer.default\">\n\t\t\t\t<div class=\"elementor-widget-container\">\n\t\t\t\t\t\t\t<div class=\"elementor-spacer\">\n\t\t\t<div class=\"elementor-spacer-inner\"><\/div>\n\t\t<\/div>\n\t\t\t\t\t\t<\/div>\n\t\t\t\t<\/div>\n\t\t\t\t\t<\/div>\n\t\t\t\t<\/div>\n\t\t\t\t<\/div>","protected":false},"excerpt":{"rendered":"<p>Erholung und Tourismus Das Biosph\u00e4renreservat \u201eFlusslandschaft Elbe\u201c geh\u00f6rt zum UNESCO-Welterbe. Es ist \u00fcber 400 Kilometer lang und liegt zwischen Schleswig-Holstein und Sachsen-Anhalt. Die Landschaft an der Elbe ist abwechslungsreich und bietet zu jeder Jahreszeit etwas Besonderes: Im Winter ver\u00e4ndert das Hochwasser immer wieder die Landschaft. Im Fr\u00fchling und Herbst rasten viele V\u00f6gel auf ihrem Weg&hellip;<\/p>","protected":false},"author":10,"featured_media":0,"parent":0,"menu_order":0,"comment_status":"closed","ping_status":"closed","template":"","meta":{"footnotes":""},"class_list":["post-3485","page","type-page","status-publish","hentry"],"yoast_head":"<!-- This site is optimized with the Yoast SEO plugin v27.4 - https:\/\/yoast.com\/product\/yoast-seo-wordpress\/ -->\n<title>Erleben &amp; erholen - leichte Sprache - Flusslandschaft Elbe<\/title>\n<meta name=\"robots\" content=\"index, follow, max-snippet:-1, max-image-preview:large, max-video-preview:-1\" \/>\n<link rel=\"canonical\" href=\"https:\/\/flusslandschaft-elbe.de\/en\/experience-relax-easy-language\/\" \/>\n<meta property=\"og:locale\" content=\"en_US\" \/>\n<meta property=\"og:type\" content=\"article\" \/>\n<meta property=\"og:title\" content=\"Erleben &amp; erholen - leichte Sprache - Flusslandschaft Elbe\" \/>\n<meta property=\"og:description\" content=\"Erholung und Tourismus Das Biosph\u00e4renreservat \u201eFlusslandschaft Elbe\u201c geh\u00f6rt zum UNESCO-Welterbe. Es ist \u00fcber 400 Kilometer lang und liegt zwischen Schleswig-Holstein und Sachsen-Anhalt. Die Landschaft an der Elbe ist abwechslungsreich und bietet zu jeder Jahreszeit etwas Besonderes: Im Winter ver\u00e4ndert das Hochwasser immer wieder die Landschaft. Im Fr\u00fchling und Herbst rasten viele V\u00f6gel auf ihrem Weg&hellip;\" \/>\n<meta property=\"og:url\" content=\"https:\/\/flusslandschaft-elbe.de\/en\/experience-relax-easy-language\/\" \/>\n<meta property=\"og:site_name\" content=\"Flusslandschaft Elbe\" \/>\n<meta property=\"article:modified_time\" content=\"2025-01-29T12:02:32+00:00\" \/>\n<meta property=\"og:image\" content=\"https:\/\/flusslandschaft-elbe.de\/wp-content\/uploads\/DSC3451-Stiepelse-1-scaled.jpg\" \/>\n\t<meta property=\"og:image:width\" content=\"2560\" \/>\n\t<meta property=\"og:image:height\" content=\"1707\" \/>\n\t<meta property=\"og:image:type\" content=\"image\/jpeg\" \/>\n<meta name=\"twitter:card\" content=\"summary_large_image\" \/>\n<meta name=\"twitter:label1\" content=\"Est. reading time\" \/>\n\t<meta name=\"twitter:data1\" content=\"2 minutes\" \/>\n<script type=\"application\/ld+json\" class=\"yoast-schema-graph\">{\"@context\":\"https:\\\/\\\/schema.org\",\"@graph\":[{\"@type\":\"WebPage\",\"@id\":\"https:\\\/\\\/flusslandschaft-elbe.de\\\/erleben-erholen-leichte-sprache\\\/\",\"url\":\"https:\\\/\\\/flusslandschaft-elbe.de\\\/erleben-erholen-leichte-sprache\\\/\",\"name\":\"Erleben & erholen - leichte Sprache - Flusslandschaft Elbe\",\"isPartOf\":{\"@id\":\"https:\\\/\\\/flusslandschaft-elbe.de\\\/de-simple\\\/#website\"},\"primaryImageOfPage\":{\"@id\":\"https:\\\/\\\/flusslandschaft-elbe.de\\\/erleben-erholen-leichte-sprache\\\/#primaryimage\"},\"image\":{\"@id\":\"https:\\\/\\\/flusslandschaft-elbe.de\\\/erleben-erholen-leichte-sprache\\\/#primaryimage\"},\"thumbnailUrl\":\"https:\\\/\\\/flusslandschaft-elbe.de\\\/wp-content\\\/uploads\\\/DSC3451-Stiepelse-1-768x512.jpg\",\"datePublished\":\"2024-11-21T10:41:52+00:00\",\"dateModified\":\"2025-01-29T12:02:32+00:00\",\"breadcrumb\":{\"@id\":\"https:\\\/\\\/flusslandschaft-elbe.de\\\/erleben-erholen-leichte-sprache\\\/#breadcrumb\"},\"inLanguage\":\"en-US\",\"potentialAction\":[{\"@type\":\"ReadAction\",\"target\":[\"https:\\\/\\\/flusslandschaft-elbe.de\\\/erleben-erholen-leichte-sprache\\\/\"]}]},{\"@type\":\"ImageObject\",\"inLanguage\":\"en-US\",\"@id\":\"https:\\\/\\\/flusslandschaft-elbe.de\\\/erleben-erholen-leichte-sprache\\\/#primaryimage\",\"url\":\"https:\\\/\\\/flusslandschaft-elbe.de\\\/wp-content\\\/uploads\\\/DSC3451-Stiepelse-1-768x512.jpg\",\"contentUrl\":\"https:\\\/\\\/flusslandschaft-elbe.de\\\/wp-content\\\/uploads\\\/DSC3451-Stiepelse-1-768x512.jpg\"},{\"@type\":\"BreadcrumbList\",\"@id\":\"https:\\\/\\\/flusslandschaft-elbe.de\\\/erleben-erholen-leichte-sprache\\\/#breadcrumb\",\"itemListElement\":[{\"@type\":\"ListItem\",\"position\":1,\"name\":\"Startseite\",\"item\":\"https:\\\/\\\/flusslandschaft-elbe.de\\\/\"},{\"@type\":\"ListItem\",\"position\":2,\"name\":\"Erleben &#038; erholen &#8211; leichte Sprache\"}]},{\"@type\":\"WebSite\",\"@id\":\"https:\\\/\\\/flusslandschaft-elbe.de\\\/de-simple\\\/#website\",\"url\":\"https:\\\/\\\/flusslandschaft-elbe.de\\\/de-simple\\\/\",\"name\":\"Flusslandschaft Elbe\",\"description\":\"\",\"publisher\":{\"@id\":\"https:\\\/\\\/flusslandschaft-elbe.de\\\/de-simple\\\/#organization\"},\"potentialAction\":[{\"@type\":\"SearchAction\",\"target\":{\"@type\":\"EntryPoint\",\"urlTemplate\":\"https:\\\/\\\/flusslandschaft-elbe.de\\\/de-simple\\\/?s={search_term_string}\"},\"query-input\":{\"@type\":\"PropertyValueSpecification\",\"valueRequired\":true,\"valueName\":\"search_term_string\"}}],\"inLanguage\":\"en-US\"},{\"@type\":\"Organization\",\"@id\":\"https:\\\/\\\/flusslandschaft-elbe.de\\\/de-simple\\\/#organization\",\"name\":\"Flusslandschaft Elbe\",\"url\":\"https:\\\/\\\/flusslandschaft-elbe.de\\\/de-simple\\\/\",\"logo\":{\"@type\":\"ImageObject\",\"inLanguage\":\"en-US\",\"@id\":\"https:\\\/\\\/flusslandschaft-elbe.de\\\/de-simple\\\/#\\\/schema\\\/logo\\\/image\\\/\",\"url\":\"https:\\\/\\\/flusslandschaft-elbe.de\\\/wp-content\\\/uploads\\\/favicon.png\",\"contentUrl\":\"https:\\\/\\\/flusslandschaft-elbe.de\\\/wp-content\\\/uploads\\\/favicon.png\",\"width\":196,\"height\":196,\"caption\":\"Flusslandschaft Elbe\"},\"image\":{\"@id\":\"https:\\\/\\\/flusslandschaft-elbe.de\\\/de-simple\\\/#\\\/schema\\\/logo\\\/image\\\/\"}}]}<\/script>\n<!-- \/ Yoast SEO plugin. -->","yoast_head_json":{"title":"Experience &amp; relax - easy language - Flusslandschaft Elbe","robots":{"index":"index","follow":"follow","max-snippet":"max-snippet:-1","max-image-preview":"max-image-preview:large","max-video-preview":"max-video-preview:-1"},"canonical":"https:\/\/flusslandschaft-elbe.de\/en\/experience-relax-easy-language\/","og_locale":"en_US","og_type":"article","og_title":"Erleben & erholen - leichte Sprache - Flusslandschaft Elbe","og_description":"Erholung und Tourismus Das Biosph\u00e4renreservat \u201eFlusslandschaft Elbe\u201c geh\u00f6rt zum UNESCO-Welterbe. Es ist \u00fcber 400 Kilometer lang und liegt zwischen Schleswig-Holstein und Sachsen-Anhalt. Die Landschaft an der Elbe ist abwechslungsreich und bietet zu jeder Jahreszeit etwas Besonderes: Im Winter ver\u00e4ndert das Hochwasser immer wieder die Landschaft. Im Fr\u00fchling und Herbst rasten viele V\u00f6gel auf ihrem Weg&hellip;","og_url":"https:\/\/flusslandschaft-elbe.de\/en\/experience-relax-easy-language\/","og_site_name":"Flusslandschaft Elbe","article_modified_time":"2025-01-29T12:02:32+00:00","og_image":[{"width":2560,"height":1707,"url":"https:\/\/flusslandschaft-elbe.de\/wp-content\/uploads\/DSC3451-Stiepelse-1-scaled.jpg","type":"image\/jpeg"}],"twitter_card":"summary_large_image","twitter_misc":{"Est. reading time":"2 minutes"},"schema":{"@context":"https:\/\/schema.org","@graph":[{"@type":"WebPage","@id":"https:\/\/flusslandschaft-elbe.de\/erleben-erholen-leichte-sprache\/","url":"https:\/\/flusslandschaft-elbe.de\/erleben-erholen-leichte-sprache\/","name":"Experience &amp; relax - easy language - Flusslandschaft Elbe","isPartOf":{"@id":"https:\/\/flusslandschaft-elbe.de\/de-simple\/#website"},"primaryImageOfPage":{"@id":"https:\/\/flusslandschaft-elbe.de\/erleben-erholen-leichte-sprache\/#primaryimage"},"image":{"@id":"https:\/\/flusslandschaft-elbe.de\/erleben-erholen-leichte-sprache\/#primaryimage"},"thumbnailUrl":"https:\/\/flusslandschaft-elbe.de\/wp-content\/uploads\/DSC3451-Stiepelse-1-768x512.jpg","datePublished":"2024-11-21T10:41:52+00:00","dateModified":"2025-01-29T12:02:32+00:00","breadcrumb":{"@id":"https:\/\/flusslandschaft-elbe.de\/erleben-erholen-leichte-sprache\/#breadcrumb"},"inLanguage":"en-US","potentialAction":[{"@type":"ReadAction","target":["https:\/\/flusslandschaft-elbe.de\/erleben-erholen-leichte-sprache\/"]}]},{"@type":"ImageObject","inLanguage":"en-US","@id":"https:\/\/flusslandschaft-elbe.de\/erleben-erholen-leichte-sprache\/#primaryimage","url":"https:\/\/flusslandschaft-elbe.de\/wp-content\/uploads\/DSC3451-Stiepelse-1-768x512.jpg","contentUrl":"https:\/\/flusslandschaft-elbe.de\/wp-content\/uploads\/DSC3451-Stiepelse-1-768x512.jpg"},{"@type":"BreadcrumbList","@id":"https:\/\/flusslandschaft-elbe.de\/erleben-erholen-leichte-sprache\/#breadcrumb","itemListElement":[{"@type":"ListItem","position":1,"name":"Startseite","item":"https:\/\/flusslandschaft-elbe.de\/"},{"@type":"ListItem","position":2,"name":"Erleben &#038; erholen &#8211; leichte Sprache"}]},{"@type":"WebSite","@id":"https:\/\/flusslandschaft-elbe.de\/de-simple\/#website","url":"https:\/\/flusslandschaft-elbe.de\/de-simple\/","name":"Elbe river landscape","description":"","publisher":{"@id":"https:\/\/flusslandschaft-elbe.de\/de-simple\/#organization"},"potentialAction":[{"@type":"SearchAction","target":{"@type":"EntryPoint","urlTemplate":"https:\/\/flusslandschaft-elbe.de\/de-simple\/?s={search_term_string}"},"query-input":{"@type":"PropertyValueSpecification","valueRequired":true,"valueName":"search_term_string"}}],"inLanguage":"en-US"},{"@type":"Organization","@id":"https:\/\/flusslandschaft-elbe.de\/de-simple\/#organization","name":"Elbe river landscape","url":"https:\/\/flusslandschaft-elbe.de\/de-simple\/","logo":{"@type":"ImageObject","inLanguage":"en-US","@id":"https:\/\/flusslandschaft-elbe.de\/de-simple\/#\/schema\/logo\/image\/","url":"https:\/\/flusslandschaft-elbe.de\/wp-content\/uploads\/favicon.png","contentUrl":"https:\/\/flusslandschaft-elbe.de\/wp-content\/uploads\/favicon.png","width":196,"height":196,"caption":"Flusslandschaft Elbe"},"image":{"@id":"https:\/\/flusslandschaft-elbe.de\/de-simple\/#\/schema\/logo\/image\/"}}]}},"_links":{"self":[{"href":"https:\/\/flusslandschaft-elbe.de\/en\/wp-json\/wp\/v2\/pages\/3485","targetHints":{"allow":["GET"]}}],"collection":[{"href":"https:\/\/flusslandschaft-elbe.de\/en\/wp-json\/wp\/v2\/pages"}],"about":[{"href":"https:\/\/flusslandschaft-elbe.de\/en\/wp-json\/wp\/v2\/types\/page"}],"author":[{"embeddable":true,"href":"https:\/\/flusslandschaft-elbe.de\/en\/wp-json\/wp\/v2\/users\/10"}],"replies":[{"embeddable":true,"href":"https:\/\/flusslandschaft-elbe.de\/en\/wp-json\/wp\/v2\/comments?post=3485"}],"version-history":[{"count":1,"href":"https:\/\/flusslandschaft-elbe.de\/en\/wp-json\/wp\/v2\/pages\/3485\/revisions"}],"predecessor-version":[{"id":6643,"href":"https:\/\/flusslandschaft-elbe.de\/en\/wp-json\/wp\/v2\/pages\/3485\/revisions\/6643"}],"wp:attachment":[{"href":"https:\/\/flusslandschaft-elbe.de\/en\/wp-json\/wp\/v2\/media?parent=3485"}],"curies":[{"name":"wp","href":"https:\/\/api.w.org\/{rel}","templated":true}]}}