{"id":316,"date":"2024-07-02T10:48:04","date_gmt":"2024-07-02T08:48:04","guid":{"rendered":"https:\/\/flusslandschaft-elbe.de\/?page_id=316"},"modified":"2025-09-08T10:36:10","modified_gmt":"2025-09-08T08:36:10","slug":"overall-concept-elbe","status":"publish","type":"page","link":"https:\/\/flusslandschaft-elbe.de\/en\/schuetzen-und-entwickeln\/gesamtkonzept-elbe\/","title":{"rendered":"Overall concept for River Elbe"},"content":{"rendered":"<div data-elementor-type=\"wp-page\" data-elementor-id=\"316\" class=\"elementor elementor-316\" data-elementor-post-type=\"page\">\n\t\t\t\t<div class=\"elementor-element elementor-element-7fdd386 e-flex e-con-boxed e-con e-parent\" data-id=\"7fdd386\" data-element_type=\"container\" data-e-type=\"container\">\n\t\t\t\t\t<div class=\"e-con-inner\">\n\t\t\t\t<div class=\"elementor-element elementor-element-ddbe16d elementor-widget elementor-widget-heading\" data-id=\"ddbe16d\" data-element_type=\"widget\" data-e-type=\"widget\" data-widget_type=\"heading.default\">\n\t\t\t\t<div class=\"elementor-widget-container\">\n\t\t\t\t\t<h2 class=\"elementor-heading-title elementor-size-default\">Overall concept for River Elbe <\/h2>\t\t\t\t<\/div>\n\t\t\t\t<\/div>\n\t\t\t\t\t<\/div>\n\t\t\t\t<\/div>\n\t\t<div class=\"elementor-element elementor-element-c071603 e-flex e-con-boxed e-con e-parent\" data-id=\"c071603\" data-element_type=\"container\" data-e-type=\"container\">\n\t\t\t\t\t<div class=\"e-con-inner\">\n\t\t\t\t<div class=\"elementor-element elementor-element-80eadae elementor-widget elementor-widget-text-editor\" data-id=\"80eadae\" data-element_type=\"widget\" data-e-type=\"widget\" data-widget_type=\"text-editor.default\">\n\t\t\t\t<div class=\"elementor-widget-container\">\n\t\t\t\t\t\t\t\t\t<p class=\"Normal tm5\"><span class=\"tm6\">In 2017, two federal ministries and ten federal states adopted a joint concept for the first time, the overall Elbe concept, the aim of which is to harmonize transport use and water management requirements with the preservation of the valuable natural area along the Elbe. <\/span><\/p><p class=\"Normal tm5\"><span class=\"tm6\">In the implementation of the \"overall concept for River Elbe\" of the Federal Government and the federal states, the Elbe River Landscape Working Group represents the area of nature conservation across the federal states.<\/span><\/p>\t\t\t\t\t\t\t\t<\/div>\n\t\t\t\t<\/div>\n\t\t\t\t<div class=\"elementor-element elementor-element-054e7ef elementor-widget elementor-widget-gallery\" data-id=\"054e7ef\" data-element_type=\"widget\" data-e-type=\"widget\" data-settings=\"{&quot;columns&quot;:3,&quot;overlay_description&quot;:&quot;description&quot;,&quot;gallery_layout&quot;:&quot;grid&quot;,&quot;columns_tablet&quot;:2,&quot;columns_mobile&quot;:1,&quot;gap&quot;:{&quot;unit&quot;:&quot;px&quot;,&quot;size&quot;:10,&quot;sizes&quot;:[]},&quot;gap_tablet&quot;:{&quot;unit&quot;:&quot;px&quot;,&quot;size&quot;:10,&quot;sizes&quot;:[]},&quot;gap_mobile&quot;:{&quot;unit&quot;:&quot;px&quot;,&quot;size&quot;:10,&quot;sizes&quot;:[]},&quot;link_to&quot;:&quot;file&quot;,&quot;aspect_ratio&quot;:&quot;3:2&quot;,&quot;overlay_background&quot;:&quot;yes&quot;,&quot;content_hover_animation&quot;:&quot;fade-in&quot;}\" data-widget_type=\"gallery.default\">\n\t\t\t\t<div class=\"elementor-widget-container\">\n\t\t\t\t\t\t\t<div class=\"elementor-gallery__container\">\n\t\t\t\t\t\t\t<a data-elementor-lightbox-title=\"\u00a9 Jens Fahl\" class=\"e-gallery-item elementor-gallery-item elementor-animated-content\" href=\"https:\/\/flusslandschaft-elbe.de\/wp-content\/uploads\/Sohlgleite_Radehochsee_Jens_Fahl_klein.jpg\" data-elementor-open-lightbox=\"yes\" data-elementor-lightbox-slideshow=\"054e7ef\" data-elementor-lightbox-description=\"Bau einer Sohlgleite im Flie\u00dfgraben am Radehochsee zur Verbesserung der Wasserverh\u00e4ltnisse in den Auenhabitaten bei W\u00f6rlitz\" data-e-action-hash=\"#elementor-action%3Aaction%3Dlightbox%26settings%3DeyJpZCI6MzUzMywidXJsIjoiaHR0cHM6XC9cL2ZsdXNzbGFuZHNjaGFmdC1lbGJlLmRlXC93cC1jb250ZW50XC91cGxvYWRzXC9Tb2hsZ2xlaXRlX1JhZGVob2Noc2VlX0plbnNfRmFobF9rbGVpbi5qcGciLCJzbGlkZXNob3ciOiIwNTRlN2VmIn0%3D\">\n\t\t\t\t\t<div class=\"e-gallery-image elementor-gallery-item__image\" data-thumbnail=\"https:\/\/flusslandschaft-elbe.de\/wp-content\/uploads\/Sohlgleite_Radehochsee_Jens_Fahl_klein-512x288.jpg\" data-width=\"512\" data-height=\"288\" aria-label=\"View of a newly constructed bed slide on the Radehochsee.\" role=\"img\" ><\/div>\n\t\t\t\t\t\t\t\t\t\t\t<div class=\"elementor-gallery-item__overlay\"><\/div>\n\t\t\t\t\t\t\t\t\t\t\t\t\t\t\t<div class=\"elementor-gallery-item__content\">\n\t\t\t\t\t\t\t\t\t\t\t<\/div>\n\t\t\t\t\t\t\t\t\t<\/a>\n\t\t\t\t\t\t\t<a data-elementor-lightbox-title=\"\u00a9 Jens Fahl\" class=\"e-gallery-item elementor-gallery-item elementor-animated-content\" href=\"https:\/\/flusslandschaft-elbe.de\/wp-content\/uploads\/Kapenwiese_Jens_Fahl_klein.jpg\" data-elementor-open-lightbox=\"yes\" data-elementor-lightbox-slideshow=\"054e7ef\" data-elementor-lightbox-description=\"Wiedervern\u00e4sste Kapenwiese bei Oranienbaum-W\u00f6rlitz als Naturschutzma\u00dfnahme innerhalb des Gesamtkonzepts Elbe\" data-e-action-hash=\"#elementor-action%3Aaction%3Dlightbox%26settings%3DeyJpZCI6MzUzMiwidXJsIjoiaHR0cHM6XC9cL2ZsdXNzbGFuZHNjaGFmdC1lbGJlLmRlXC93cC1jb250ZW50XC91cGxvYWRzXC9LYXBlbndpZXNlX0plbnNfRmFobF9rbGVpbi5qcGciLCJzbGlkZXNob3ciOiIwNTRlN2VmIn0%3D\">\n\t\t\t\t\t<div class=\"e-gallery-image elementor-gallery-item__image\" data-thumbnail=\"https:\/\/flusslandschaft-elbe.de\/wp-content\/uploads\/Kapenwiese_Jens_Fahl_klein-512x288.jpg\" data-width=\"512\" data-height=\"288\" aria-label=\"View over a wide meadow landscape with scattered trees\" role=\"img\" ><\/div>\n\t\t\t\t\t\t\t\t\t\t\t<div class=\"elementor-gallery-item__overlay\"><\/div>\n\t\t\t\t\t\t\t\t\t\t\t\t\t\t\t<div class=\"elementor-gallery-item__content\">\n\t\t\t\t\t\t\t\t\t\t\t<\/div>\n\t\t\t\t\t\t\t\t\t<\/a>\n\t\t\t\t\t\t\t<a data-elementor-lightbox-title=\"\u00a9 Andreas Hillger\" class=\"e-gallery-item elementor-gallery-item elementor-animated-content\" href=\"https:\/\/flusslandschaft-elbe.de\/wp-content\/uploads\/Elbaue_mit_Auenwald_bei_Wittenberg_Andreas_Hillger-scaled.jpg\" data-elementor-open-lightbox=\"yes\" data-elementor-lightbox-slideshow=\"054e7ef\" data-elementor-lightbox-description=\"Elbe mit Auwald bei Wittenberg\" data-e-action-hash=\"#elementor-action%3Aaction%3Dlightbox%26settings%3DeyJpZCI6MzUzMSwidXJsIjoiaHR0cHM6XC9cL2ZsdXNzbGFuZHNjaGFmdC1lbGJlLmRlXC93cC1jb250ZW50XC91cGxvYWRzXC9FbGJhdWVfbWl0X0F1ZW53YWxkX2JlaV9XaXR0ZW5iZXJnX0FuZHJlYXNfSGlsbGdlci1zY2FsZWQuanBnIiwic2xpZGVzaG93IjoiMDU0ZTdlZiJ9\">\n\t\t\t\t\t<div class=\"e-gallery-image elementor-gallery-item__image\" data-thumbnail=\"https:\/\/flusslandschaft-elbe.de\/wp-content\/uploads\/Elbaue_mit_Auenwald_bei_Wittenberg_Andreas_Hillger-512x341.jpg\" data-width=\"512\" data-height=\"341\" aria-label=\"View of the Elbe with sandbanks and alluvial forest on the right bank.\" role=\"img\" ><\/div>\n\t\t\t\t\t\t\t\t\t\t\t<div class=\"elementor-gallery-item__overlay\"><\/div>\n\t\t\t\t\t\t\t\t\t\t\t\t\t\t\t<div class=\"elementor-gallery-item__content\">\n\t\t\t\t\t\t\t\t\t\t\t<\/div>\n\t\t\t\t\t\t\t\t\t<\/a>\n\t\t\t\t\t<\/div>\n\t\t\t\t\t<\/div>\n\t\t\t\t<\/div>\n\t\t\t\t\t<\/div>\n\t\t\t\t<\/div>\n\t\t<div class=\"elementor-element elementor-element-c78c691 e-flex e-con-boxed e-con e-parent\" data-id=\"c78c691\" data-element_type=\"container\" data-e-type=\"container\">\n\t\t\t\t\t<div class=\"e-con-inner\">\n\t\t\t\t<div class=\"elementor-element elementor-element-57e8b40 elementor-widget elementor-widget-text-editor\" data-id=\"57e8b40\" data-element_type=\"widget\" data-e-type=\"widget\" data-widget_type=\"text-editor.default\">\n\t\t\t\t<div class=\"elementor-widget-container\">\n\t\t\t\t\t\t\t\t\t<p class=\"Normal tm6\"><span class=\"tm7\">In the federal states, the individual biosphere reserve administrations work closely with the departments responsible for flood protection, in the coordination and implementation of many small measures in \"day-to-day business\" as well as in planning projects to implement the objectives of the National Flood Protection Program. Numerous hydraulic engineering projects are currently being implemented as part of the overall Elbe concept and the riverbed stabilization programme for the Elbe.<\/span><\/p>\t\t\t\t\t\t\t\t<\/div>\n\t\t\t\t<\/div>\n\t\t\t\t\t<\/div>\n\t\t\t\t<\/div>\n\t\t<div class=\"elementor-element elementor-element-94e1d9a e-flex e-con-boxed e-con e-parent\" data-id=\"94e1d9a\" data-element_type=\"container\" data-e-type=\"container\">\n\t\t\t\t\t<div class=\"e-con-inner\">\n\t\t\t\t<div class=\"elementor-element elementor-element-50bd33d elementor-button-primary elementor-align-center elementor-widget__width-auto elementor-widget elementor-widget-button\" data-id=\"50bd33d\" data-element_type=\"widget\" data-e-type=\"widget\" data-widget_type=\"button.default\">\n\t\t\t\t<div class=\"elementor-widget-container\">\n\t\t\t\t\t\t\t\t\t<div class=\"elementor-button-wrapper\">\n\t\t\t\t\t<a class=\"elementor-button elementor-button-link elementor-size-sm\" href=\"https:\/\/www.gesamtkonzept-elbe.de\" target=\"_blank\" download=\"your-file-name\">\n\t\t\t\t\t\t<span class=\"elementor-button-content-wrapper\">\n\t\t\t\t\t\t<span class=\"elementor-button-icon\">\n\t\t\t\t<i aria-hidden=\"true\" class=\"far fa-external-link\"><\/i>\t\t\t<\/span>\n\t\t\t\t\t\t\t\t\t<span class=\"elementor-button-text\">Website on the overall concept for River Elbe<\/span>\n\t\t\t\t\t<\/span>\n\t\t\t\t\t<\/a>\n\t\t\t\t<\/div>\n\t\t\t\t\t\t\t\t<\/div>\n\t\t\t\t<\/div>\n\t\t\t\t\t<\/div>\n\t\t\t\t<\/div>\n\t\t<div class=\"elementor-element elementor-element-1040231 e-flex e-con-boxed e-con e-parent\" data-id=\"1040231\" data-element_type=\"container\" data-e-type=\"container\">\n\t\t\t\t\t<div class=\"e-con-inner\">\n\t\t\t\t<div class=\"elementor-element elementor-element-87ff64f elementor-widget elementor-widget-spacer\" data-id=\"87ff64f\" data-element_type=\"widget\" data-e-type=\"widget\" data-widget_type=\"spacer.default\">\n\t\t\t\t<div class=\"elementor-widget-container\">\n\t\t\t\t\t\t\t<div class=\"elementor-spacer\">\n\t\t\t<div class=\"elementor-spacer-inner\"><\/div>\n\t\t<\/div>\n\t\t\t\t\t\t<\/div>\n\t\t\t\t<\/div>\n\t\t\t\t\t<\/div>\n\t\t\t\t<\/div>\n\t\t\t\t<\/div>","protected":false},"excerpt":{"rendered":"<p>Gesamtkonzept Elbe Im Jahr 2017 verabschiedeten zwei Bundesministerien und zehn Bundesl\u00e4nder erstmals ein gemeinsames Konzept, das Gesamtkonzept Elbe, dessen Ziel es ist, die verkehrliche Nutzung und wasserwirtschaftliche Notwendigkeiten mit dem Erhalt des wertvollen Naturraums an der Elbe in Einklang zu bringen. Bei der Umsetzung des \u201eGesamtkonzeptes Elbe\u201c des Bundes und der L\u00e4nder vertritt die L\u00e4nder-Arbeitsgemeinschaft&hellip;<\/p>","protected":false},"author":1,"featured_media":0,"parent":7040,"menu_order":0,"comment_status":"closed","ping_status":"closed","template":"","meta":{"footnotes":""},"class_list":["post-316","page","type-page","status-publish","hentry"],"yoast_head":"<!-- This site is optimized with the Yoast SEO plugin v27.4 - https:\/\/yoast.com\/product\/yoast-seo-wordpress\/ -->\n<title>Gesamtkonzept Elbe - Flusslandschaft Elbe<\/title>\n<meta name=\"robots\" content=\"index, follow, max-snippet:-1, max-image-preview:large, max-video-preview:-1\" \/>\n<link rel=\"canonical\" href=\"https:\/\/flusslandschaft-elbe.de\/en\/schuetzen-und-entwickeln\/overall-concept-elbe\/\" \/>\n<meta property=\"og:locale\" content=\"en_US\" \/>\n<meta property=\"og:type\" content=\"article\" \/>\n<meta property=\"og:title\" content=\"Gesamtkonzept Elbe - Flusslandschaft Elbe\" \/>\n<meta property=\"og:description\" content=\"Gesamtkonzept Elbe Im Jahr 2017 verabschiedeten zwei Bundesministerien und zehn Bundesl\u00e4nder erstmals ein gemeinsames Konzept, das Gesamtkonzept Elbe, dessen Ziel es ist, die verkehrliche Nutzung und wasserwirtschaftliche Notwendigkeiten mit dem Erhalt des wertvollen Naturraums an der Elbe in Einklang zu bringen. Bei der Umsetzung des \u201eGesamtkonzeptes Elbe\u201c des Bundes und der L\u00e4nder vertritt die L\u00e4nder-Arbeitsgemeinschaft&hellip;\" \/>\n<meta property=\"og:url\" content=\"https:\/\/flusslandschaft-elbe.de\/en\/schuetzen-und-entwickeln\/overall-concept-elbe\/\" \/>\n<meta property=\"og:site_name\" content=\"Flusslandschaft Elbe\" \/>\n<meta property=\"article:modified_time\" content=\"2025-09-08T08:36:10+00:00\" \/>\n<meta name=\"twitter:card\" content=\"summary_large_image\" \/>\n<meta name=\"twitter:label1\" content=\"Est. reading time\" \/>\n\t<meta name=\"twitter:data1\" content=\"1 minute\" \/>\n<script type=\"application\/ld+json\" class=\"yoast-schema-graph\">{\"@context\":\"https:\\\/\\\/schema.org\",\"@graph\":[{\"@type\":\"WebPage\",\"@id\":\"https:\\\/\\\/flusslandschaft-elbe.de\\\/schuetzen-und-entwickeln\\\/gesamtkonzept-elbe\\\/\",\"url\":\"https:\\\/\\\/flusslandschaft-elbe.de\\\/schuetzen-und-entwickeln\\\/gesamtkonzept-elbe\\\/\",\"name\":\"Gesamtkonzept Elbe - Flusslandschaft Elbe\",\"isPartOf\":{\"@id\":\"https:\\\/\\\/flusslandschaft-elbe.de\\\/de-simple\\\/#website\"},\"datePublished\":\"2024-07-02T08:48:04+00:00\",\"dateModified\":\"2025-09-08T08:36:10+00:00\",\"breadcrumb\":{\"@id\":\"https:\\\/\\\/flusslandschaft-elbe.de\\\/schuetzen-und-entwickeln\\\/gesamtkonzept-elbe\\\/#breadcrumb\"},\"inLanguage\":\"en-US\",\"potentialAction\":[{\"@type\":\"ReadAction\",\"target\":[\"https:\\\/\\\/flusslandschaft-elbe.de\\\/schuetzen-und-entwickeln\\\/gesamtkonzept-elbe\\\/\"]}]},{\"@type\":\"BreadcrumbList\",\"@id\":\"https:\\\/\\\/flusslandschaft-elbe.de\\\/schuetzen-und-entwickeln\\\/gesamtkonzept-elbe\\\/#breadcrumb\",\"itemListElement\":[{\"@type\":\"ListItem\",\"position\":1,\"name\":\"Startseite\",\"item\":\"https:\\\/\\\/flusslandschaft-elbe.de\\\/\"},{\"@type\":\"ListItem\",\"position\":2,\"name\":\"Sch\u00fctzen und Entwickeln\",\"item\":\"https:\\\/\\\/flusslandschaft-elbe.de\\\/schuetzen-und-entwickeln\\\/\"},{\"@type\":\"ListItem\",\"position\":3,\"name\":\"Gesamtkonzept Elbe\"}]},{\"@type\":\"WebSite\",\"@id\":\"https:\\\/\\\/flusslandschaft-elbe.de\\\/de-simple\\\/#website\",\"url\":\"https:\\\/\\\/flusslandschaft-elbe.de\\\/de-simple\\\/\",\"name\":\"Flusslandschaft Elbe\",\"description\":\"\",\"publisher\":{\"@id\":\"https:\\\/\\\/flusslandschaft-elbe.de\\\/de-simple\\\/#organization\"},\"potentialAction\":[{\"@type\":\"SearchAction\",\"target\":{\"@type\":\"EntryPoint\",\"urlTemplate\":\"https:\\\/\\\/flusslandschaft-elbe.de\\\/de-simple\\\/?s={search_term_string}\"},\"query-input\":{\"@type\":\"PropertyValueSpecification\",\"valueRequired\":true,\"valueName\":\"search_term_string\"}}],\"inLanguage\":\"en-US\"},{\"@type\":\"Organization\",\"@id\":\"https:\\\/\\\/flusslandschaft-elbe.de\\\/de-simple\\\/#organization\",\"name\":\"Flusslandschaft Elbe\",\"url\":\"https:\\\/\\\/flusslandschaft-elbe.de\\\/de-simple\\\/\",\"logo\":{\"@type\":\"ImageObject\",\"inLanguage\":\"en-US\",\"@id\":\"https:\\\/\\\/flusslandschaft-elbe.de\\\/de-simple\\\/#\\\/schema\\\/logo\\\/image\\\/\",\"url\":\"https:\\\/\\\/flusslandschaft-elbe.de\\\/wp-content\\\/uploads\\\/favicon.png\",\"contentUrl\":\"https:\\\/\\\/flusslandschaft-elbe.de\\\/wp-content\\\/uploads\\\/favicon.png\",\"width\":196,\"height\":196,\"caption\":\"Flusslandschaft Elbe\"},\"image\":{\"@id\":\"https:\\\/\\\/flusslandschaft-elbe.de\\\/de-simple\\\/#\\\/schema\\\/logo\\\/image\\\/\"}}]}<\/script>\n<!-- \/ Yoast SEO plugin. -->","yoast_head_json":{"title":"Overall concept Elbe - Elbe River Landscape","robots":{"index":"index","follow":"follow","max-snippet":"max-snippet:-1","max-image-preview":"max-image-preview:large","max-video-preview":"max-video-preview:-1"},"canonical":"https:\/\/flusslandschaft-elbe.de\/en\/schuetzen-und-entwickeln\/overall-concept-elbe\/","og_locale":"en_US","og_type":"article","og_title":"Gesamtkonzept Elbe - Flusslandschaft Elbe","og_description":"Gesamtkonzept Elbe Im Jahr 2017 verabschiedeten zwei Bundesministerien und zehn Bundesl\u00e4nder erstmals ein gemeinsames Konzept, das Gesamtkonzept Elbe, dessen Ziel es ist, die verkehrliche Nutzung und wasserwirtschaftliche Notwendigkeiten mit dem Erhalt des wertvollen Naturraums an der Elbe in Einklang zu bringen. Bei der Umsetzung des \u201eGesamtkonzeptes Elbe\u201c des Bundes und der L\u00e4nder vertritt die L\u00e4nder-Arbeitsgemeinschaft&hellip;","og_url":"https:\/\/flusslandschaft-elbe.de\/en\/schuetzen-und-entwickeln\/overall-concept-elbe\/","og_site_name":"Flusslandschaft Elbe","article_modified_time":"2025-09-08T08:36:10+00:00","twitter_card":"summary_large_image","twitter_misc":{"Est. reading time":"1 minute"},"schema":{"@context":"https:\/\/schema.org","@graph":[{"@type":"WebPage","@id":"https:\/\/flusslandschaft-elbe.de\/schuetzen-und-entwickeln\/gesamtkonzept-elbe\/","url":"https:\/\/flusslandschaft-elbe.de\/schuetzen-und-entwickeln\/gesamtkonzept-elbe\/","name":"Overall concept Elbe - Elbe River Landscape","isPartOf":{"@id":"https:\/\/flusslandschaft-elbe.de\/de-simple\/#website"},"datePublished":"2024-07-02T08:48:04+00:00","dateModified":"2025-09-08T08:36:10+00:00","breadcrumb":{"@id":"https:\/\/flusslandschaft-elbe.de\/schuetzen-und-entwickeln\/gesamtkonzept-elbe\/#breadcrumb"},"inLanguage":"en-US","potentialAction":[{"@type":"ReadAction","target":["https:\/\/flusslandschaft-elbe.de\/schuetzen-und-entwickeln\/gesamtkonzept-elbe\/"]}]},{"@type":"BreadcrumbList","@id":"https:\/\/flusslandschaft-elbe.de\/schuetzen-und-entwickeln\/gesamtkonzept-elbe\/#breadcrumb","itemListElement":[{"@type":"ListItem","position":1,"name":"Startseite","item":"https:\/\/flusslandschaft-elbe.de\/"},{"@type":"ListItem","position":2,"name":"Sch\u00fctzen und Entwickeln","item":"https:\/\/flusslandschaft-elbe.de\/schuetzen-und-entwickeln\/"},{"@type":"ListItem","position":3,"name":"Gesamtkonzept Elbe"}]},{"@type":"WebSite","@id":"https:\/\/flusslandschaft-elbe.de\/de-simple\/#website","url":"https:\/\/flusslandschaft-elbe.de\/de-simple\/","name":"Elbe river landscape","description":"","publisher":{"@id":"https:\/\/flusslandschaft-elbe.de\/de-simple\/#organization"},"potentialAction":[{"@type":"SearchAction","target":{"@type":"EntryPoint","urlTemplate":"https:\/\/flusslandschaft-elbe.de\/de-simple\/?s={search_term_string}"},"query-input":{"@type":"PropertyValueSpecification","valueRequired":true,"valueName":"search_term_string"}}],"inLanguage":"en-US"},{"@type":"Organization","@id":"https:\/\/flusslandschaft-elbe.de\/de-simple\/#organization","name":"Elbe river landscape","url":"https:\/\/flusslandschaft-elbe.de\/de-simple\/","logo":{"@type":"ImageObject","inLanguage":"en-US","@id":"https:\/\/flusslandschaft-elbe.de\/de-simple\/#\/schema\/logo\/image\/","url":"https:\/\/flusslandschaft-elbe.de\/wp-content\/uploads\/favicon.png","contentUrl":"https:\/\/flusslandschaft-elbe.de\/wp-content\/uploads\/favicon.png","width":196,"height":196,"caption":"Flusslandschaft Elbe"},"image":{"@id":"https:\/\/flusslandschaft-elbe.de\/de-simple\/#\/schema\/logo\/image\/"}}]}},"_links":{"self":[{"href":"https:\/\/flusslandschaft-elbe.de\/en\/wp-json\/wp\/v2\/pages\/316","targetHints":{"allow":["GET"]}}],"collection":[{"href":"https:\/\/flusslandschaft-elbe.de\/en\/wp-json\/wp\/v2\/pages"}],"about":[{"href":"https:\/\/flusslandschaft-elbe.de\/en\/wp-json\/wp\/v2\/types\/page"}],"author":[{"embeddable":true,"href":"https:\/\/flusslandschaft-elbe.de\/en\/wp-json\/wp\/v2\/users\/1"}],"replies":[{"embeddable":true,"href":"https:\/\/flusslandschaft-elbe.de\/en\/wp-json\/wp\/v2\/comments?post=316"}],"version-history":[{"count":1,"href":"https:\/\/flusslandschaft-elbe.de\/en\/wp-json\/wp\/v2\/pages\/316\/revisions"}],"predecessor-version":[{"id":6349,"href":"https:\/\/flusslandschaft-elbe.de\/en\/wp-json\/wp\/v2\/pages\/316\/revisions\/6349"}],"up":[{"embeddable":true,"href":"https:\/\/flusslandschaft-elbe.de\/en\/wp-json\/wp\/v2\/pages\/7040"}],"wp:attachment":[{"href":"https:\/\/flusslandschaft-elbe.de\/en\/wp-json\/wp\/v2\/media?parent=316"}],"curies":[{"name":"wp","href":"https:\/\/api.w.org\/{rel}","templated":true}]}}