{"id":1853,"date":"2024-10-20T22:46:16","date_gmt":"2024-10-20T20:46:16","guid":{"rendered":"https:\/\/flusslandschaft-elbe.de\/?page_id=1853"},"modified":"2025-09-30T13:41:39","modified_gmt":"2025-09-30T11:41:39","slug":"biosphere-reserve-idea","status":"publish","type":"page","link":"https:\/\/flusslandschaft-elbe.de\/en\/wissen-verstehen\/biosphaerenreservatsidee\/","title":{"rendered":"Biosphere reserve idea"},"content":{"rendered":"<div data-elementor-type=\"wp-page\" data-elementor-id=\"1853\" class=\"elementor elementor-1853\" data-elementor-post-type=\"page\">\n\t\t\t\t<div class=\"elementor-element elementor-element-8f266a4 e-flex e-con-boxed e-con e-parent\" data-id=\"8f266a4\" data-element_type=\"container\" data-e-type=\"container\">\n\t\t\t\t\t<div class=\"e-con-inner\">\n\t\t\t\t<div class=\"elementor-element elementor-element-9df272d elementor-widget elementor-widget-heading\" data-id=\"9df272d\" data-element_type=\"widget\" data-e-type=\"widget\" data-widget_type=\"heading.default\">\n\t\t\t\t<div class=\"elementor-widget-container\">\n\t\t\t\t\t<h2 class=\"elementor-heading-title elementor-size-default\">Biosphere reserve idea<\/h2>\t\t\t\t<\/div>\n\t\t\t\t<\/div>\n\t\t\t\t\t<\/div>\n\t\t\t\t<\/div>\n\t\t<div class=\"elementor-element elementor-element-9be56d6 e-flex e-con-boxed e-con e-parent\" data-id=\"9be56d6\" data-element_type=\"container\" data-e-type=\"container\">\n\t\t\t\t\t<div class=\"e-con-inner\">\n\t\t\t\t<div class=\"elementor-element elementor-element-b2dd9c1 elementor-widget elementor-widget-text-editor\" data-id=\"b2dd9c1\" data-element_type=\"widget\" data-e-type=\"widget\" data-widget_type=\"text-editor.default\">\n\t\t\t\t<div class=\"elementor-widget-container\">\n\t\t\t\t\t\t\t\t\t<p class=\"Normal tm5\"><span class=\"tm6\">Biosphere reserves are \"model regions\" for sustainable development. Together with the people of the region, biosphere reserves develop and implement exemplary concepts for the protection, care and development of the area. The aim of biosphere reserves is not to conserve what already exists, but rather to show ways in which people can use nature and the landscape in the most nature-friendly and resource-conserving way possible and preserve the diverse natural features of the often historic cultural landscapes.<\/span><\/p>\t\t\t\t\t\t\t\t<\/div>\n\t\t\t\t<\/div>\n\t\t\t\t<div class=\"elementor-element elementor-element-bb2adc8 elementor-widget elementor-widget-gallery\" data-id=\"bb2adc8\" data-element_type=\"widget\" data-e-type=\"widget\" data-settings=\"{&quot;columns&quot;:3,&quot;overlay_description&quot;:&quot;description&quot;,&quot;gallery_layout&quot;:&quot;grid&quot;,&quot;columns_tablet&quot;:2,&quot;columns_mobile&quot;:1,&quot;gap&quot;:{&quot;unit&quot;:&quot;px&quot;,&quot;size&quot;:10,&quot;sizes&quot;:[]},&quot;gap_tablet&quot;:{&quot;unit&quot;:&quot;px&quot;,&quot;size&quot;:10,&quot;sizes&quot;:[]},&quot;gap_mobile&quot;:{&quot;unit&quot;:&quot;px&quot;,&quot;size&quot;:10,&quot;sizes&quot;:[]},&quot;link_to&quot;:&quot;file&quot;,&quot;aspect_ratio&quot;:&quot;3:2&quot;,&quot;overlay_background&quot;:&quot;yes&quot;,&quot;content_hover_animation&quot;:&quot;fade-in&quot;}\" data-widget_type=\"gallery.default\">\n\t\t\t\t<div class=\"elementor-widget-container\">\n\t\t\t\t\t\t\t<div class=\"elementor-gallery__container\">\n\t\t\t\t\t\t\t<a data-elementor-lightbox-title=\"\u00a9 LerchUlmerFotografie\" class=\"e-gallery-item elementor-gallery-item elementor-animated-content\" href=\"https:\/\/flusslandschaft-elbe.de\/wp-content\/uploads\/\u00a9LerchUlmerFotografie-Luftaufnahmen-Niedersachsen-Elbe-1756.jpg\" data-elementor-open-lightbox=\"yes\" data-elementor-lightbox-slideshow=\"bb2adc8\" data-elementor-lightbox-description=\"Die Nieders\u00e4chsische Elbtalaue aus der Vogelperspektive\" data-e-action-hash=\"#elementor-action%3Aaction%3Dlightbox%26settings%3DeyJpZCI6MTgyOCwidXJsIjoiaHR0cHM6XC9cL2ZsdXNzbGFuZHNjaGFmdC1lbGJlLmRlXC93cC1jb250ZW50XC91cGxvYWRzXC9cdTAwYTlMZXJjaFVsbWVyRm90b2dyYWZpZS1MdWZ0YXVmbmFobWVuLU5pZWRlcnNhY2hzZW4tRWxiZS0xNzU2LmpwZyIsInNsaWRlc2hvdyI6ImJiMmFkYzgifQ%3D%3D\">\n\t\t\t\t\t<div class=\"e-gallery-image elementor-gallery-item__image\" data-thumbnail=\"https:\/\/flusslandschaft-elbe.de\/wp-content\/uploads\/\u00a9LerchUlmerFotografie-Luftaufnahmen-Niedersachsen-Elbe-1756-512x341.jpg\" data-width=\"512\" data-height=\"341\" aria-label=\"A bird&#039;s eye view of the Elbe valley floodplain in Lower Saxony\" role=\"img\" ><\/div>\n\t\t\t\t\t\t\t\t\t\t\t<div class=\"elementor-gallery-item__overlay\"><\/div>\n\t\t\t\t\t\t\t\t\t\t\t\t\t\t\t<div class=\"elementor-gallery-item__content\">\n\t\t\t\t\t\t\t\t\t\t\t\t\t\t<div class=\"elementor-gallery-item__description\">\n\t\t\t\t\t\t\t\t\t\t\t\t\t\t\t\t\t\tA bird's eye view of the Elbe valley floodplain in Lower Saxony\t\t\t\t\t\t\t\t<\/div>\n\t\t\t\t\t\t\t\t\t\t\t\t<\/div>\n\t\t\t\t\t\t\t\t\t<\/a>\n\t\t\t\t\t\t\t<a data-elementor-lightbox-title=\"\u00a9 J\u00fcrgen Borris\" class=\"e-gallery-item elementor-gallery-item elementor-animated-content\" href=\"https:\/\/flusslandschaft-elbe.de\/wp-content\/uploads\/Foto_Traktor_mit_Storch_c_Juergen_Borris-scaled.jpg\" data-elementor-open-lightbox=\"yes\" data-elementor-lightbox-slideshow=\"bb2adc8\" data-elementor-lightbox-description=\"Eine extensive Gr\u00fcnlandnutzung  ist oft im Biosph\u00e4renreservat anzutreffen. V\u00f6gel wie der Wei\u00dfstorch profitieren auch von angepassten Mahdterminen.\" data-e-action-hash=\"#elementor-action%3Aaction%3Dlightbox%26settings%3DeyJpZCI6NTQ5MywidXJsIjoiaHR0cHM6XC9cL2ZsdXNzbGFuZHNjaGFmdC1lbGJlLmRlXC93cC1jb250ZW50XC91cGxvYWRzXC9Gb3RvX1RyYWt0b3JfbWl0X1N0b3JjaF9jX0p1ZXJnZW5fQm9ycmlzLXNjYWxlZC5qcGciLCJzbGlkZXNob3ciOiJiYjJhZGM4In0%3D\">\n\t\t\t\t\t<div class=\"e-gallery-image elementor-gallery-item__image\" data-thumbnail=\"https:\/\/flusslandschaft-elbe.de\/wp-content\/uploads\/Foto_Traktor_mit_Storch_c_Juergen_Borris-512x341.jpg\" data-width=\"512\" data-height=\"341\" aria-label=\"A tractor on a green meadow and a stork.\" role=\"img\" ><\/div>\n\t\t\t\t\t\t\t\t\t\t\t<div class=\"elementor-gallery-item__overlay\"><\/div>\n\t\t\t\t\t\t\t\t\t\t\t\t\t\t\t<div class=\"elementor-gallery-item__content\">\n\t\t\t\t\t\t\t\t\t\t\t<\/div>\n\t\t\t\t\t\t\t\t\t<\/a>\n\t\t\t\t\t\t\t<a data-elementor-lightbox-title=\"\u00a9 Jan Lange\" class=\"e-gallery-item elementor-gallery-item elementor-animated-content\" href=\"https:\/\/flusslandschaft-elbe.de\/wp-content\/uploads\/Foto_Juniorranger_c_Jan_Lange.jpg\" data-elementor-open-lightbox=\"yes\" data-elementor-lightbox-slideshow=\"bb2adc8\" data-elementor-lightbox-description=\"Kinder lernen und entdecken Natur und Landschaft als Juniorranger.\" data-e-action-hash=\"#elementor-action%3Aaction%3Dlightbox%26settings%3DeyJpZCI6NTQ5MiwidXJsIjoiaHR0cHM6XC9cL2ZsdXNzbGFuZHNjaGFmdC1lbGJlLmRlXC93cC1jb250ZW50XC91cGxvYWRzXC9Gb3RvX0p1bmlvcnJhbmdlcl9jX0phbl9MYW5nZS5qcGciLCJzbGlkZXNob3ciOiJiYjJhZGM4In0%3D\">\n\t\t\t\t\t<div class=\"e-gallery-image elementor-gallery-item__image\" data-thumbnail=\"https:\/\/flusslandschaft-elbe.de\/wp-content\/uploads\/Foto_Juniorranger_c_Jan_Lange-512x341.jpg\" data-width=\"512\" data-height=\"341\" aria-label=\"Four children kneel in the sand and examine plants and beetles.\" role=\"img\" ><\/div>\n\t\t\t\t\t\t\t\t\t\t\t<div class=\"elementor-gallery-item__overlay\"><\/div>\n\t\t\t\t\t\t\t\t\t\t\t\t\t\t\t<div class=\"elementor-gallery-item__content\">\n\t\t\t\t\t\t\t\t\t\t\t<\/div>\n\t\t\t\t\t\t\t\t\t<\/a>\n\t\t\t\t\t<\/div>\n\t\t\t\t\t<\/div>\n\t\t\t\t<\/div>\n\t\t\t\t<div class=\"elementor-element elementor-element-97cf463 elementor-widget elementor-widget-text-editor\" data-id=\"97cf463\" data-element_type=\"widget\" data-e-type=\"widget\" data-widget_type=\"text-editor.default\">\n\t\t\t\t<div class=\"elementor-widget-container\">\n\t\t\t\t\t\t\t\t\t<p class=\"Normal tm5\"><span class=\"tm6\">Biosphere reserves are recognized by UNESCO in the <a href=\"https:\/\/www.bfn.de\/abkommen-richtlinie\/unesco-programm-der-mensch-und-die-biosphaere-mab-1971\" target=\"_blank\" rel=\"noopener\">Man and the Biosphere (MAB) program<\/a> seit den 1970er Jahren weltweit anhand international festgelegter Kriterien anerkannt. Das Weltnetz der Biosph\u00e4renreservate umfasst derzeit 785 UNESCO-Biosph\u00e4renreservate in 142 L\u00e4ndern (Stand: September 2025). Die Anerkennung und die Umsetzung der Kriterien wird hierbei regelm\u00e4\u00dfig in einem 10-Jahres-Turnus durch die UNESCO evaluiert. <\/span><\/p><p class=\"Normal tm5\"><span class=\"tm6\">With a total area of around 282,000 hectares, the UNESCO Elbe River Landscape Biosphere Reserve spans several federal states and is the largest inland biosphere reserve in Germany. The federal states of Schleswig-Holstein, Mecklenburg-Western Pomerania, Lower Saxony, Brandenburg and Saxony-Anhalt are part of this large protected area along the Elbe - the second largest river in Germany. <\/span><\/p><p class=\"Normal tm5\"><span class=\"tm6\">In order to create a common basis for the management and development of the biosphere reserve, the biosphere reserve administrations of the federal states have drawn up an overarching framework concept, which must be adapted and revised at regular intervals in line with changing conditions. <\/span><\/p>\t\t\t\t\t\t\t\t<\/div>\n\t\t\t\t<\/div>\n\t\t\t\t\t<\/div>\n\t\t\t\t<\/div>\n\t\t<div class=\"elementor-element elementor-element-a1c4ea7 e-flex e-con-boxed e-con e-parent\" data-id=\"a1c4ea7\" data-element_type=\"container\" data-e-type=\"container\">\n\t\t\t\t\t<div class=\"e-con-inner\">\n\t\t<div class=\"elementor-element elementor-element-07a38a4 e-grid e-con-full e-con e-child\" data-id=\"07a38a4\" data-element_type=\"container\" data-e-type=\"container\">\n\t\t\t\t<div class=\"elementor-element elementor-element-e101610 elementor-align-left uael-mbutton-text-center elementor-widget elementor-widget-uael-marketing-button\" data-id=\"e101610\" data-element_type=\"widget\" data-e-type=\"widget\" data-settings=\"{&quot;icon_size&quot;:{&quot;unit&quot;:&quot;px&quot;,&quot;size&quot;:24,&quot;sizes&quot;:[]},&quot;icon_indent&quot;:{&quot;unit&quot;:&quot;px&quot;,&quot;size&quot;:10,&quot;sizes&quot;:[]},&quot;align&quot;:&quot;left&quot;,&quot;padding&quot;:{&quot;unit&quot;:&quot;px&quot;,&quot;top&quot;:&quot;15&quot;,&quot;right&quot;:&quot;30&quot;,&quot;bottom&quot;:&quot;15&quot;,&quot;left&quot;:&quot;30&quot;,&quot;isLinked&quot;:false},&quot;title_margin_bottom&quot;:{&quot;unit&quot;:&quot;px&quot;,&quot;size&quot;:11,&quot;sizes&quot;:[]},&quot;icon_size_tablet&quot;:{&quot;unit&quot;:&quot;px&quot;,&quot;size&quot;:&quot;&quot;,&quot;sizes&quot;:[]},&quot;icon_size_mobile&quot;:{&quot;unit&quot;:&quot;px&quot;,&quot;size&quot;:&quot;&quot;,&quot;sizes&quot;:[]},&quot;icon_indent_tablet&quot;:{&quot;unit&quot;:&quot;px&quot;,&quot;size&quot;:&quot;&quot;,&quot;sizes&quot;:[]},&quot;icon_indent_mobile&quot;:{&quot;unit&quot;:&quot;px&quot;,&quot;size&quot;:&quot;&quot;,&quot;sizes&quot;:[]},&quot;padding_tablet&quot;:{&quot;unit&quot;:&quot;px&quot;,&quot;top&quot;:&quot;&quot;,&quot;right&quot;:&quot;&quot;,&quot;bottom&quot;:&quot;&quot;,&quot;left&quot;:&quot;&quot;,&quot;isLinked&quot;:true},&quot;padding_mobile&quot;:{&quot;unit&quot;:&quot;px&quot;,&quot;top&quot;:&quot;&quot;,&quot;right&quot;:&quot;&quot;,&quot;bottom&quot;:&quot;&quot;,&quot;left&quot;:&quot;&quot;,&quot;isLinked&quot;:true},&quot;title_margin_bottom_tablet&quot;:{&quot;unit&quot;:&quot;px&quot;,&quot;size&quot;:&quot;&quot;,&quot;sizes&quot;:[]},&quot;title_margin_bottom_mobile&quot;:{&quot;unit&quot;:&quot;px&quot;,&quot;size&quot;:&quot;&quot;,&quot;sizes&quot;:[]}}\" data-widget_type=\"uael-marketing-button.default\">\n\t\t\t\t<div class=\"elementor-widget-container\">\n\t\t\t\t\t\t\t<div class=\"uael-marketing-button elementor-widget-button\">\n\t\t\t<div class=\"uael-button-wrapper\">\n\t\t\t\t<a class=\"elementor-button-link elementor-button elementor-size-xl uael-marketing-buttons-left\" href=\"https:\/\/flusslandschaft-elbe.de\/en\/downloads\/rahmenkonzept\/2007_rahmenkonzept_br_flusslandschaft_elbe\/\" target=\"_blank\">\n\t\t\t\t\t\t\t\t\t\t\t\t\t<span class=\"uael-marketing-buttons-wrap\">\n\t\t\t<span class=\"elementor-button-content-wrapper uael-buttons-icon-left\">\n\t\t\t\t\t\t\t\t\t\n\t\t\t\t<span class=\"elementor-align-icon-left elementor-button-icon\">\n\n\t\t\t\t\t<i aria-hidden=\"true\" class=\"fal fa-file-pdf\"><\/i>\n\t\t\t\t<\/span>\n\t\t\t\t\t\t\t\t\t\t\t\t\t<span class=\"elementor-button-text uael-marketing-button-title elementor-inline-editing\" data-elementor-setting-key=\"text\" data-elementor-inline-editing-toolbar=\"none\">Framework concept<\/span>\n\t\t\t<\/span>\n\t\t\t\t\t\t\t<span class=\"uael-marketing-button-desc elementor-inline-editing\" data-elementor-setting-key=\"desc_text\" data-elementor-inline-editing-toolbar=\"none\">The framework concept for the UNESCO Elbe River Landscape Biosphere Reserve across federal states<\/span>\n\t\t\t\t\t<\/span>\n\t\t\t\t\t\t<\/a>\n\t\t\t<\/div>\n\t\t<\/div>\n\t\t\t\t\t\t<\/div>\n\t\t\t\t<\/div>\n\t\t\t\t<div class=\"elementor-element elementor-element-cafda2d elementor-align-left elementor-widget__width-inherit uael-mbutton-text-center elementor-widget elementor-widget-uael-marketing-button\" data-id=\"cafda2d\" data-element_type=\"widget\" data-e-type=\"widget\" data-settings=\"{&quot;icon_size&quot;:{&quot;unit&quot;:&quot;px&quot;,&quot;size&quot;:24,&quot;sizes&quot;:[]},&quot;icon_indent&quot;:{&quot;unit&quot;:&quot;px&quot;,&quot;size&quot;:10,&quot;sizes&quot;:[]},&quot;align&quot;:&quot;left&quot;,&quot;padding&quot;:{&quot;unit&quot;:&quot;px&quot;,&quot;top&quot;:&quot;15&quot;,&quot;right&quot;:&quot;30&quot;,&quot;bottom&quot;:&quot;15&quot;,&quot;left&quot;:&quot;30&quot;,&quot;isLinked&quot;:false},&quot;title_margin_bottom&quot;:{&quot;unit&quot;:&quot;px&quot;,&quot;size&quot;:11,&quot;sizes&quot;:[]},&quot;icon_size_tablet&quot;:{&quot;unit&quot;:&quot;px&quot;,&quot;size&quot;:&quot;&quot;,&quot;sizes&quot;:[]},&quot;icon_size_mobile&quot;:{&quot;unit&quot;:&quot;px&quot;,&quot;size&quot;:&quot;&quot;,&quot;sizes&quot;:[]},&quot;icon_indent_tablet&quot;:{&quot;unit&quot;:&quot;px&quot;,&quot;size&quot;:&quot;&quot;,&quot;sizes&quot;:[]},&quot;icon_indent_mobile&quot;:{&quot;unit&quot;:&quot;px&quot;,&quot;size&quot;:&quot;&quot;,&quot;sizes&quot;:[]},&quot;padding_tablet&quot;:{&quot;unit&quot;:&quot;px&quot;,&quot;top&quot;:&quot;&quot;,&quot;right&quot;:&quot;&quot;,&quot;bottom&quot;:&quot;&quot;,&quot;left&quot;:&quot;&quot;,&quot;isLinked&quot;:true},&quot;padding_mobile&quot;:{&quot;unit&quot;:&quot;px&quot;,&quot;top&quot;:&quot;&quot;,&quot;right&quot;:&quot;&quot;,&quot;bottom&quot;:&quot;&quot;,&quot;left&quot;:&quot;&quot;,&quot;isLinked&quot;:true},&quot;title_margin_bottom_tablet&quot;:{&quot;unit&quot;:&quot;px&quot;,&quot;size&quot;:&quot;&quot;,&quot;sizes&quot;:[]},&quot;title_margin_bottom_mobile&quot;:{&quot;unit&quot;:&quot;px&quot;,&quot;size&quot;:&quot;&quot;,&quot;sizes&quot;:[]}}\" data-widget_type=\"uael-marketing-button.default\">\n\t\t\t\t<div class=\"elementor-widget-container\">\n\t\t\t\t\t\t\t<div class=\"uael-marketing-button elementor-widget-button\">\n\t\t\t<div class=\"uael-button-wrapper\">\n\t\t\t\t<a class=\"elementor-button-link elementor-button elementor-size-xl uael-marketing-buttons-left\" href=\"https:\/\/flusslandschaft-elbe.de\/en\/downloads\/evaluierungsbericht_2017\/2017_evaluierungsbericht_2017\/\" target=\"_blank\">\n\t\t\t\t\t\t\t\t\t\t\t\t\t<span class=\"uael-marketing-buttons-wrap\">\n\t\t\t<span class=\"elementor-button-content-wrapper uael-buttons-icon-left\">\n\t\t\t\t\t\t\t\t\t\n\t\t\t\t<span class=\"elementor-align-icon-left elementor-button-icon\">\n\n\t\t\t\t\t<i aria-hidden=\"true\" class=\"fal fa-file-pdf\"><\/i>\n\t\t\t\t<\/span>\n\t\t\t\t\t\t\t\t\t\t\t\t\t<span class=\"elementor-button-text uael-marketing-button-title elementor-inline-editing\" data-elementor-setting-key=\"text\" data-elementor-inline-editing-toolbar=\"none\">Evaluation<\/span>\n\t\t\t<\/span>\n\t\t\t\t\t\t\t<span class=\"uael-marketing-button-desc elementor-inline-editing\" data-elementor-setting-key=\"desc_text\" data-elementor-inline-editing-toolbar=\"none\">Report on the periodic review of the\nUNESCO Elbe River Landscape Biosphere Reserve<\/span>\n\t\t\t\t\t<\/span>\n\t\t\t\t\t\t<\/a>\n\t\t\t<\/div>\n\t\t<\/div>\n\t\t\t\t\t\t<\/div>\n\t\t\t\t<\/div>\n\t\t\t\t<\/div>\n\t\t\t\t\t<\/div>\n\t\t\t\t<\/div>\n\t\t<div class=\"elementor-element elementor-element-2fc8128 e-flex e-con-boxed e-con e-parent\" data-id=\"2fc8128\" data-element_type=\"container\" data-e-type=\"container\">\n\t\t\t\t\t<div class=\"e-con-inner\">\n\t\t\t\t<div class=\"elementor-element elementor-element-719febf elementor-widget elementor-widget-spacer\" data-id=\"719febf\" data-element_type=\"widget\" data-e-type=\"widget\" data-widget_type=\"spacer.default\">\n\t\t\t\t<div class=\"elementor-widget-container\">\n\t\t\t\t\t\t\t<div class=\"elementor-spacer\">\n\t\t\t<div class=\"elementor-spacer-inner\"><\/div>\n\t\t<\/div>\n\t\t\t\t\t\t<\/div>\n\t\t\t\t<\/div>\n\t\t\t\t\t<\/div>\n\t\t\t\t<\/div>\n\t\t\t\t<\/div>","protected":false},"excerpt":{"rendered":"<p>Biosph\u00e4renreservatsidee Biosph\u00e4renreservate sind \u201eModellregionen\u201c f\u00fcr eine nachhaltige Entwicklung. Gemeinsam mit den Menschen der Region werden in Biosph\u00e4renreservaten beispielhafte Konzepte zum Schutz, zur Pflege und zur Entwicklung des Gebietes erarbeitet und umgesetzt. Es geht in Biosph\u00e4renreservaten nicht darum, Vorhandenes zu konservieren, sondern vielmehr darum, Wege aufzuzeigen, wie der Mensch Natur und Landschaft m\u00f6glichst naturvertr\u00e4glich und ressourcenschonend&hellip;<\/p>","protected":false},"author":10,"featured_media":0,"parent":15,"menu_order":0,"comment_status":"closed","ping_status":"closed","template":"","meta":{"footnotes":""},"class_list":["post-1853","page","type-page","status-publish","hentry"],"yoast_head":"<!-- This site is optimized with the Yoast SEO plugin v27.4 - https:\/\/yoast.com\/product\/yoast-seo-wordpress\/ -->\n<title>Biosph\u00e4renreservatsidee - Flusslandschaft Elbe<\/title>\n<meta name=\"robots\" content=\"index, follow, max-snippet:-1, max-image-preview:large, max-video-preview:-1\" \/>\n<link rel=\"canonical\" href=\"https:\/\/flusslandschaft-elbe.de\/en\/understanding-knowledge\/biosphere-reserve-idea\/\" \/>\n<meta property=\"og:locale\" content=\"en_US\" \/>\n<meta property=\"og:type\" content=\"article\" \/>\n<meta property=\"og:title\" content=\"Biosph\u00e4renreservatsidee - Flusslandschaft Elbe\" \/>\n<meta property=\"og:description\" content=\"Biosph\u00e4renreservatsidee Biosph\u00e4renreservate sind \u201eModellregionen\u201c f\u00fcr eine nachhaltige Entwicklung. Gemeinsam mit den Menschen der Region werden in Biosph\u00e4renreservaten beispielhafte Konzepte zum Schutz, zur Pflege und zur Entwicklung des Gebietes erarbeitet und umgesetzt. Es geht in Biosph\u00e4renreservaten nicht darum, Vorhandenes zu konservieren, sondern vielmehr darum, Wege aufzuzeigen, wie der Mensch Natur und Landschaft m\u00f6glichst naturvertr\u00e4glich und ressourcenschonend&hellip;\" \/>\n<meta property=\"og:url\" content=\"https:\/\/flusslandschaft-elbe.de\/en\/understanding-knowledge\/biosphere-reserve-idea\/\" \/>\n<meta property=\"og:site_name\" content=\"Flusslandschaft Elbe\" \/>\n<meta property=\"article:modified_time\" content=\"2025-09-30T11:41:39+00:00\" \/>\n<meta name=\"twitter:card\" content=\"summary_large_image\" \/>\n<meta name=\"twitter:label1\" content=\"Est. reading time\" \/>\n\t<meta name=\"twitter:data1\" content=\"2 minutes\" \/>\n<script type=\"application\/ld+json\" class=\"yoast-schema-graph\">{\"@context\":\"https:\\\/\\\/schema.org\",\"@graph\":[{\"@type\":\"WebPage\",\"@id\":\"https:\\\/\\\/flusslandschaft-elbe.de\\\/wissen-verstehen\\\/biosphaerenreservatsidee\\\/\",\"url\":\"https:\\\/\\\/flusslandschaft-elbe.de\\\/wissen-verstehen\\\/biosphaerenreservatsidee\\\/\",\"name\":\"Biosph\u00e4renreservatsidee - Flusslandschaft Elbe\",\"isPartOf\":{\"@id\":\"https:\\\/\\\/flusslandschaft-elbe.de\\\/de-simple\\\/#website\"},\"datePublished\":\"2024-10-20T20:46:16+00:00\",\"dateModified\":\"2025-09-30T11:41:39+00:00\",\"breadcrumb\":{\"@id\":\"https:\\\/\\\/flusslandschaft-elbe.de\\\/wissen-verstehen\\\/biosphaerenreservatsidee\\\/#breadcrumb\"},\"inLanguage\":\"en-US\",\"potentialAction\":[{\"@type\":\"ReadAction\",\"target\":[\"https:\\\/\\\/flusslandschaft-elbe.de\\\/wissen-verstehen\\\/biosphaerenreservatsidee\\\/\"]}]},{\"@type\":\"BreadcrumbList\",\"@id\":\"https:\\\/\\\/flusslandschaft-elbe.de\\\/wissen-verstehen\\\/biosphaerenreservatsidee\\\/#breadcrumb\",\"itemListElement\":[{\"@type\":\"ListItem\",\"position\":1,\"name\":\"Startseite\",\"item\":\"https:\\\/\\\/flusslandschaft-elbe.de\\\/\"},{\"@type\":\"ListItem\",\"position\":2,\"name\":\"Wissen &#038; Verstehen\",\"item\":\"https:\\\/\\\/flusslandschaft-elbe.de\\\/wissen-verstehen\\\/\"},{\"@type\":\"ListItem\",\"position\":3,\"name\":\"Biosph\u00e4renreservatsidee\"}]},{\"@type\":\"WebSite\",\"@id\":\"https:\\\/\\\/flusslandschaft-elbe.de\\\/de-simple\\\/#website\",\"url\":\"https:\\\/\\\/flusslandschaft-elbe.de\\\/de-simple\\\/\",\"name\":\"Flusslandschaft Elbe\",\"description\":\"\",\"publisher\":{\"@id\":\"https:\\\/\\\/flusslandschaft-elbe.de\\\/de-simple\\\/#organization\"},\"potentialAction\":[{\"@type\":\"SearchAction\",\"target\":{\"@type\":\"EntryPoint\",\"urlTemplate\":\"https:\\\/\\\/flusslandschaft-elbe.de\\\/de-simple\\\/?s={search_term_string}\"},\"query-input\":{\"@type\":\"PropertyValueSpecification\",\"valueRequired\":true,\"valueName\":\"search_term_string\"}}],\"inLanguage\":\"en-US\"},{\"@type\":\"Organization\",\"@id\":\"https:\\\/\\\/flusslandschaft-elbe.de\\\/de-simple\\\/#organization\",\"name\":\"Flusslandschaft Elbe\",\"url\":\"https:\\\/\\\/flusslandschaft-elbe.de\\\/de-simple\\\/\",\"logo\":{\"@type\":\"ImageObject\",\"inLanguage\":\"en-US\",\"@id\":\"https:\\\/\\\/flusslandschaft-elbe.de\\\/de-simple\\\/#\\\/schema\\\/logo\\\/image\\\/\",\"url\":\"https:\\\/\\\/flusslandschaft-elbe.de\\\/wp-content\\\/uploads\\\/favicon.png\",\"contentUrl\":\"https:\\\/\\\/flusslandschaft-elbe.de\\\/wp-content\\\/uploads\\\/favicon.png\",\"width\":196,\"height\":196,\"caption\":\"Flusslandschaft Elbe\"},\"image\":{\"@id\":\"https:\\\/\\\/flusslandschaft-elbe.de\\\/de-simple\\\/#\\\/schema\\\/logo\\\/image\\\/\"}}]}<\/script>\n<!-- \/ Yoast SEO plugin. -->","yoast_head_json":{"title":"Biosphere reserve idea - Elbe river landscape","robots":{"index":"index","follow":"follow","max-snippet":"max-snippet:-1","max-image-preview":"max-image-preview:large","max-video-preview":"max-video-preview:-1"},"canonical":"https:\/\/flusslandschaft-elbe.de\/en\/understanding-knowledge\/biosphere-reserve-idea\/","og_locale":"en_US","og_type":"article","og_title":"Biosph\u00e4renreservatsidee - Flusslandschaft Elbe","og_description":"Biosph\u00e4renreservatsidee Biosph\u00e4renreservate sind \u201eModellregionen\u201c f\u00fcr eine nachhaltige Entwicklung. Gemeinsam mit den Menschen der Region werden in Biosph\u00e4renreservaten beispielhafte Konzepte zum Schutz, zur Pflege und zur Entwicklung des Gebietes erarbeitet und umgesetzt. Es geht in Biosph\u00e4renreservaten nicht darum, Vorhandenes zu konservieren, sondern vielmehr darum, Wege aufzuzeigen, wie der Mensch Natur und Landschaft m\u00f6glichst naturvertr\u00e4glich und ressourcenschonend&hellip;","og_url":"https:\/\/flusslandschaft-elbe.de\/en\/understanding-knowledge\/biosphere-reserve-idea\/","og_site_name":"Flusslandschaft Elbe","article_modified_time":"2025-09-30T11:41:39+00:00","twitter_card":"summary_large_image","twitter_misc":{"Est. reading time":"2 minutes"},"schema":{"@context":"https:\/\/schema.org","@graph":[{"@type":"WebPage","@id":"https:\/\/flusslandschaft-elbe.de\/wissen-verstehen\/biosphaerenreservatsidee\/","url":"https:\/\/flusslandschaft-elbe.de\/wissen-verstehen\/biosphaerenreservatsidee\/","name":"Biosphere reserve idea - Elbe river landscape","isPartOf":{"@id":"https:\/\/flusslandschaft-elbe.de\/de-simple\/#website"},"datePublished":"2024-10-20T20:46:16+00:00","dateModified":"2025-09-30T11:41:39+00:00","breadcrumb":{"@id":"https:\/\/flusslandschaft-elbe.de\/wissen-verstehen\/biosphaerenreservatsidee\/#breadcrumb"},"inLanguage":"en-US","potentialAction":[{"@type":"ReadAction","target":["https:\/\/flusslandschaft-elbe.de\/wissen-verstehen\/biosphaerenreservatsidee\/"]}]},{"@type":"BreadcrumbList","@id":"https:\/\/flusslandschaft-elbe.de\/wissen-verstehen\/biosphaerenreservatsidee\/#breadcrumb","itemListElement":[{"@type":"ListItem","position":1,"name":"Startseite","item":"https:\/\/flusslandschaft-elbe.de\/"},{"@type":"ListItem","position":2,"name":"Wissen &#038; Verstehen","item":"https:\/\/flusslandschaft-elbe.de\/wissen-verstehen\/"},{"@type":"ListItem","position":3,"name":"Biosph\u00e4renreservatsidee"}]},{"@type":"WebSite","@id":"https:\/\/flusslandschaft-elbe.de\/de-simple\/#website","url":"https:\/\/flusslandschaft-elbe.de\/de-simple\/","name":"Elbe river landscape","description":"","publisher":{"@id":"https:\/\/flusslandschaft-elbe.de\/de-simple\/#organization"},"potentialAction":[{"@type":"SearchAction","target":{"@type":"EntryPoint","urlTemplate":"https:\/\/flusslandschaft-elbe.de\/de-simple\/?s={search_term_string}"},"query-input":{"@type":"PropertyValueSpecification","valueRequired":true,"valueName":"search_term_string"}}],"inLanguage":"en-US"},{"@type":"Organization","@id":"https:\/\/flusslandschaft-elbe.de\/de-simple\/#organization","name":"Elbe river landscape","url":"https:\/\/flusslandschaft-elbe.de\/de-simple\/","logo":{"@type":"ImageObject","inLanguage":"en-US","@id":"https:\/\/flusslandschaft-elbe.de\/de-simple\/#\/schema\/logo\/image\/","url":"https:\/\/flusslandschaft-elbe.de\/wp-content\/uploads\/favicon.png","contentUrl":"https:\/\/flusslandschaft-elbe.de\/wp-content\/uploads\/favicon.png","width":196,"height":196,"caption":"Flusslandschaft Elbe"},"image":{"@id":"https:\/\/flusslandschaft-elbe.de\/de-simple\/#\/schema\/logo\/image\/"}}]}},"_links":{"self":[{"href":"https:\/\/flusslandschaft-elbe.de\/en\/wp-json\/wp\/v2\/pages\/1853","targetHints":{"allow":["GET"]}}],"collection":[{"href":"https:\/\/flusslandschaft-elbe.de\/en\/wp-json\/wp\/v2\/pages"}],"about":[{"href":"https:\/\/flusslandschaft-elbe.de\/en\/wp-json\/wp\/v2\/types\/page"}],"author":[{"embeddable":true,"href":"https:\/\/flusslandschaft-elbe.de\/en\/wp-json\/wp\/v2\/users\/10"}],"replies":[{"embeddable":true,"href":"https:\/\/flusslandschaft-elbe.de\/en\/wp-json\/wp\/v2\/comments?post=1853"}],"version-history":[{"count":1,"href":"https:\/\/flusslandschaft-elbe.de\/en\/wp-json\/wp\/v2\/pages\/1853\/revisions"}],"predecessor-version":[{"id":7048,"href":"https:\/\/flusslandschaft-elbe.de\/en\/wp-json\/wp\/v2\/pages\/1853\/revisions\/7048"}],"up":[{"embeddable":true,"href":"https:\/\/flusslandschaft-elbe.de\/en\/wp-json\/wp\/v2\/pages\/15"}],"wp:attachment":[{"href":"https:\/\/flusslandschaft-elbe.de\/en\/wp-json\/wp\/v2\/media?parent=1853"}],"curies":[{"name":"wp","href":"https:\/\/api.w.org\/{rel}","templated":true}]}}