{"id":1655,"date":"2024-09-30T11:43:54","date_gmt":"2024-09-30T09:43:54","guid":{"rendered":"https:\/\/flusslandschaft-elbe.de\/?page_id=1655"},"modified":"2025-01-09T11:40:32","modified_gmt":"2025-01-09T10:40:32","slug":"educational-offers-2","status":"publish","type":"page","link":"https:\/\/flusslandschaft-elbe.de\/en\/lernen-mitmachen\/bildungsangebote-2\/","title":{"rendered":"Biosphere kindergartens and schools"},"content":{"rendered":"<div data-elementor-type=\"wp-page\" data-elementor-id=\"1655\" class=\"elementor elementor-1655\" data-elementor-post-type=\"page\">\n\t\t\t\t<div class=\"elementor-element elementor-element-bd97b22 e-flex e-con-boxed e-con e-parent\" data-id=\"bd97b22\" data-element_type=\"container\" data-e-type=\"container\">\n\t\t\t\t\t<div class=\"e-con-inner\">\n\t\t\t\t<div class=\"elementor-element elementor-element-778462d elementor-widget elementor-widget-heading\" data-id=\"778462d\" data-element_type=\"widget\" data-e-type=\"widget\" data-widget_type=\"heading.default\">\n\t\t\t\t<div class=\"elementor-widget-container\">\n\t\t\t\t\t<h2 class=\"elementor-heading-title elementor-size-default\">Biosphere kindergartens and schools <\/h2>\t\t\t\t<\/div>\n\t\t\t\t<\/div>\n\t\t\t\t\t<\/div>\n\t\t\t\t<\/div>\n\t\t<div class=\"elementor-element elementor-element-eee929a e-flex e-con-boxed e-con e-parent\" data-id=\"eee929a\" data-element_type=\"container\" data-e-type=\"container\">\n\t\t\t\t\t<div class=\"e-con-inner\">\n\t\t\t\t<div class=\"elementor-element elementor-element-83c25a5 elementor-widget elementor-widget-text-editor\" data-id=\"83c25a5\" data-element_type=\"widget\" data-e-type=\"widget\" data-widget_type=\"text-editor.default\">\n\t\t\t\t<div class=\"elementor-widget-container\">\n\t\t\t\t\t\t\t\t\t<p class=\"Normal tm5\"><span class=\"tm6\">The biosphere reserve administrations of the transnational UNESCO Elbe River Landscape Biosphere Reserve work together with local educational institutions within the framework of \"Education for Sustainable Development\" (ESD). This applies in particular to the award-winning \"Biosphere Kindergartens\" and \"Biosphere Schools\", which are committed to the UNESCO program \"Man and the Biosphere\" (MAB). <\/span><\/p>\t\t\t\t\t\t\t\t<\/div>\n\t\t\t\t<\/div>\n\t\t\t\t\t<\/div>\n\t\t\t\t<\/div>\n\t\t<div class=\"elementor-element elementor-element-ba2e8bd e-flex e-con-boxed e-con e-parent\" data-id=\"ba2e8bd\" data-element_type=\"container\" data-e-type=\"container\">\n\t\t\t\t\t<div class=\"e-con-inner\">\n\t\t\t\t<div class=\"elementor-element elementor-element-374021e elementor-widget elementor-widget-gallery\" data-id=\"374021e\" data-element_type=\"widget\" data-e-type=\"widget\" data-settings=\"{&quot;columns&quot;:3,&quot;gallery_layout&quot;:&quot;grid&quot;,&quot;columns_tablet&quot;:2,&quot;columns_mobile&quot;:1,&quot;gap&quot;:{&quot;unit&quot;:&quot;px&quot;,&quot;size&quot;:10,&quot;sizes&quot;:[]},&quot;gap_tablet&quot;:{&quot;unit&quot;:&quot;px&quot;,&quot;size&quot;:10,&quot;sizes&quot;:[]},&quot;gap_mobile&quot;:{&quot;unit&quot;:&quot;px&quot;,&quot;size&quot;:10,&quot;sizes&quot;:[]},&quot;link_to&quot;:&quot;file&quot;,&quot;aspect_ratio&quot;:&quot;3:2&quot;,&quot;overlay_background&quot;:&quot;yes&quot;,&quot;content_hover_animation&quot;:&quot;fade-in&quot;}\" data-widget_type=\"gallery.default\">\n\t\t\t\t<div class=\"elementor-widget-container\">\n\t\t\t\t\t\t\t<div class=\"elementor-gallery__container\">\n\t\t\t\t\t\t\t<a data-elementor-lightbox-title=\"\u00a9 D. Foitl\u00e4nger\" class=\"e-gallery-item elementor-gallery-item elementor-animated-content\" href=\"https:\/\/flusslandschaft-elbe.de\/wp-content\/uploads\/Erster_Biosphaerenkindergarten_Plakette_Kinder_D_Foitlaenger-scaled.jpg\" data-elementor-open-lightbox=\"yes\" data-elementor-lightbox-slideshow=\"374021e\" data-elementor-lightbox-description=\"Wir sind &quot;Biosph\u00e4renkindergarten&quot;!\" data-e-action-hash=\"#elementor-action%3Aaction%3Dlightbox%26settings%3DeyJpZCI6MTU1NCwidXJsIjoiaHR0cHM6XC9cL2ZsdXNzbGFuZHNjaGFmdC1lbGJlLmRlXC93cC1jb250ZW50XC91cGxvYWRzXC9FcnN0ZXJfQmlvc3BoYWVyZW5raW5kZXJnYXJ0ZW5fUGxha2V0dGVfS2luZGVyX0RfRm9pdGxhZW5nZXItc2NhbGVkLmpwZyIsInNsaWRlc2hvdyI6IjM3NDAyMWUifQ%3D%3D\">\n\t\t\t\t\t<div class=\"e-gallery-image elementor-gallery-item__image\" data-thumbnail=\"https:\/\/flusslandschaft-elbe.de\/wp-content\/uploads\/Erster_Biosphaerenkindergarten_Plakette_Kinder_D_Foitlaenger-512x341.jpg\" data-width=\"512\" data-height=\"341\" aria-label=\"Children hold up the Biosphere Kindergarten badge.\" role=\"img\" ><\/div>\n\t\t\t\t\t\t\t\t\t\t\t<div class=\"elementor-gallery-item__overlay\"><\/div>\n\t\t\t\t\t\t\t\t\t\t\t\t\t\t<\/a>\n\t\t\t\t\t\t\t<a data-elementor-lightbox-title=\"\u00a9 Archiv Biosph\u00e4renreservatsamt Schaalsee-Elbe\" class=\"e-gallery-item elementor-gallery-item elementor-animated-content\" href=\"https:\/\/flusslandschaft-elbe.de\/wp-content\/uploads\/2023-10-04_Uebergabe_Biosphaerenschule_Doemitz_mit_Schuelern_T_Rasche-scaled.jpg\" data-elementor-open-lightbox=\"yes\" data-elementor-lightbox-slideshow=\"374021e\" data-elementor-lightbox-description=\"Die Sch\u00fclerinnen und Sch\u00fcler des Schulzentrums Fritz Reuter in D\u00f6mitz nehmen die Plakette &quot;Biosph\u00e4renschule&quot; entgegen.\" data-e-action-hash=\"#elementor-action%3Aaction%3Dlightbox%26settings%3DeyJpZCI6MTU1MiwidXJsIjoiaHR0cHM6XC9cL2ZsdXNzbGFuZHNjaGFmdC1lbGJlLmRlXC93cC1jb250ZW50XC91cGxvYWRzXC8yMDIzLTEwLTA0X1VlYmVyZ2FiZV9CaW9zcGhhZXJlbnNjaHVsZV9Eb2VtaXR6X21pdF9TY2h1ZWxlcm5fVF9SYXNjaGUtc2NhbGVkLmpwZyIsInNsaWRlc2hvdyI6IjM3NDAyMWUifQ%3D%3D\">\n\t\t\t\t\t<div class=\"e-gallery-image elementor-gallery-item__image\" data-thumbnail=\"https:\/\/flusslandschaft-elbe.de\/wp-content\/uploads\/2023-10-04_Uebergabe_Biosphaerenschule_Doemitz_mit_Schuelern_T_Rasche-512x341.jpg\" data-width=\"512\" data-height=\"341\" aria-label=\"The pupils of the Fritz Reuter School Center in D\u00f6mitz accept the &quot;Biosphere School&quot; plaque.\" role=\"img\" ><\/div>\n\t\t\t\t\t\t\t\t\t\t\t<div class=\"elementor-gallery-item__overlay\"><\/div>\n\t\t\t\t\t\t\t\t\t\t\t\t\t\t<\/a>\n\t\t\t\t\t\t\t<a data-elementor-lightbox-title=\"\u00a9 U. M\u00fcller\" class=\"e-gallery-item elementor-gallery-item elementor-animated-content\" href=\"https:\/\/flusslandschaft-elbe.de\/wp-content\/uploads\/2023-03-27_Elbe-Gymnasium_Biosphaerenschule_Kooperationsvereinbarung_D_Foitlaenger.jpg\" data-elementor-open-lightbox=\"yes\" data-elementor-lightbox-slideshow=\"374021e\" data-elementor-lightbox-description=\"Kooperationsvereinbarung zur Biosph\u00e4renschule\" data-e-action-hash=\"#elementor-action%3Aaction%3Dlightbox%26settings%3DeyJpZCI6MTU1MCwidXJsIjoiaHR0cHM6XC9cL2ZsdXNzbGFuZHNjaGFmdC1lbGJlLmRlXC93cC1jb250ZW50XC91cGxvYWRzXC8yMDIzLTAzLTI3X0VsYmUtR3ltbmFzaXVtX0Jpb3NwaGFlcmVuc2NodWxlX0tvb3BlcmF0aW9uc3ZlcmVpbmJhcnVuZ19EX0ZvaXRsYWVuZ2VyLmpwZyIsInNsaWRlc2hvdyI6IjM3NDAyMWUifQ%3D%3D\">\n\t\t\t\t\t<div class=\"e-gallery-image elementor-gallery-item__image\" data-thumbnail=\"https:\/\/flusslandschaft-elbe.de\/wp-content\/uploads\/2023-03-27_Elbe-Gymnasium_Biosphaerenschule_Kooperationsvereinbarung_D_Foitlaenger-512x341.jpg\" data-width=\"512\" data-height=\"341\" aria-label=\"Biosphere school plaque\" role=\"img\" ><\/div>\n\t\t\t\t\t\t\t\t\t\t\t<div class=\"elementor-gallery-item__overlay\"><\/div>\n\t\t\t\t\t\t\t\t\t\t\t\t\t\t<\/a>\n\t\t\t\t\t<\/div>\n\t\t\t\t\t<\/div>\n\t\t\t\t<\/div>\n\t\t\t\t\t<\/div>\n\t\t\t\t<\/div>\n\t\t<div class=\"elementor-element elementor-element-b0ba437 e-flex e-con-boxed e-con e-parent\" data-id=\"b0ba437\" data-element_type=\"container\" data-e-type=\"container\">\n\t\t\t\t\t<div class=\"e-con-inner\">\n\t\t\t\t<div class=\"elementor-element elementor-element-82078c5 elementor-widget elementor-widget-text-editor\" data-id=\"82078c5\" data-element_type=\"widget\" data-e-type=\"widget\" data-widget_type=\"text-editor.default\">\n\t\t\t\t<div class=\"elementor-widget-container\">\n\t\t\t\t\t\t\t\t\t<p class=\"Normal tm5\"><span class=\"tm6\">The \"Biosphere Kindergarten\" or \"Biosphere School\" award is one of the projects in the field of ESD and part of a nationwide initiative within the network of national parks, biosphere reserves and nature parks under the umbrella of Nationale Naturlandschaften e.V. The partnership-based cooperation is honored with the presentation of a certificate of recognition and a corresponding plaque.<\/span><\/p><p class=\"Normal tm5\"><span class=\"tm6\">The aim of the network is to establish intensive and long-term cooperation between the biosphere kindergartens and schools.<\/span><\/p>\t\t\t\t\t\t\t\t<\/div>\n\t\t\t\t<\/div>\n\t\t\t\t\t<\/div>\n\t\t\t\t<\/div>\n\t\t<div class=\"elementor-element elementor-element-fe50e0e e-flex e-con-boxed e-con e-parent\" data-id=\"fe50e0e\" data-element_type=\"container\" data-e-type=\"container\">\n\t\t\t\t\t<div class=\"e-con-inner\">\n\t\t\t\t<div class=\"elementor-element elementor-element-99335c0 elementor-button-primary elementor-align-left elementor-widget__width-auto elementor-widget elementor-widget-button\" data-id=\"99335c0\" data-element_type=\"widget\" data-e-type=\"widget\" data-widget_type=\"button.default\">\n\t\t\t\t<div class=\"elementor-widget-container\">\n\t\t\t\t\t\t\t\t\t<div class=\"elementor-button-wrapper\">\n\t\t\t\t\t<a class=\"elementor-button elementor-button-link elementor-size-sm\" href=\"https:\/\/www.haus-der-fluesse.de\/projekte\/biosphaerenschulen\/-kitas\" target=\"_blank\" download=\"your-file-name\">\n\t\t\t\t\t\t<span class=\"elementor-button-content-wrapper\">\n\t\t\t\t\t\t<span class=\"elementor-button-icon\">\n\t\t\t\t<i aria-hidden=\"true\" class=\"far fa-external-link\"><\/i>\t\t\t<\/span>\n\t\t\t\t\t\t\t\t\t<span class=\"elementor-button-text\">Cooperation in Saxony-Anhalt<\/span>\n\t\t\t\t\t<\/span>\n\t\t\t\t\t<\/a>\n\t\t\t\t<\/div>\n\t\t\t\t\t\t\t\t<\/div>\n\t\t\t\t<\/div>\n\t\t\t\t<div class=\"elementor-element elementor-element-5e9d5ac elementor-button-primary elementor-align-left elementor-widget__width-auto elementor-widget elementor-widget-button\" data-id=\"5e9d5ac\" data-element_type=\"widget\" data-e-type=\"widget\" data-widget_type=\"button.default\">\n\t\t\t\t<div class=\"elementor-widget-container\">\n\t\t\t\t\t\t\t\t\t<div class=\"elementor-button-wrapper\">\n\t\t\t\t\t<a class=\"elementor-button elementor-button-link elementor-size-sm\" href=\"https:\/\/www.elbtalaue.niedersachsen.de\/startseite\/elbtalaue_erleben\/bildungsangebote\/regionale_themenblatter_fur_schulen_und_erwachsenenbildung\/\" target=\"_blank\" download=\"your-file-name\">\n\t\t\t\t\t\t<span class=\"elementor-button-content-wrapper\">\n\t\t\t\t\t\t<span class=\"elementor-button-icon\">\n\t\t\t\t<i aria-hidden=\"true\" class=\"far fa-external-link\"><\/i>\t\t\t<\/span>\n\t\t\t\t\t\t\t\t\t<span class=\"elementor-button-text\">Cooperation in Lower Saxony<\/span>\n\t\t\t\t\t<\/span>\n\t\t\t\t\t<\/a>\n\t\t\t\t<\/div>\n\t\t\t\t\t\t\t\t<\/div>\n\t\t\t\t<\/div>\n\t\t\t\t<div class=\"elementor-element elementor-element-9e5452c elementor-button-primary elementor-align-left elementor-widget__width-auto elementor-widget elementor-widget-button\" data-id=\"9e5452c\" data-element_type=\"widget\" data-e-type=\"widget\" data-widget_type=\"button.default\">\n\t\t\t\t<div class=\"elementor-widget-container\">\n\t\t\t\t\t\t\t\t\t<div class=\"elementor-button-wrapper\">\n\t\t\t\t\t<a class=\"elementor-button elementor-button-link elementor-size-sm\" href=\"https:\/\/www.elbe-brandenburg-biosphaerenreservat.de\/erleben-lernen\/biossphaerenschulen\/\" target=\"_blank\" download=\"your-file-name\">\n\t\t\t\t\t\t<span class=\"elementor-button-content-wrapper\">\n\t\t\t\t\t\t<span class=\"elementor-button-icon\">\n\t\t\t\t<i aria-hidden=\"true\" class=\"far fa-external-link\"><\/i>\t\t\t<\/span>\n\t\t\t\t\t\t\t\t\t<span class=\"elementor-button-text\">Cooperation in Brandenburg<\/span>\n\t\t\t\t\t<\/span>\n\t\t\t\t\t<\/a>\n\t\t\t\t<\/div>\n\t\t\t\t\t\t\t\t<\/div>\n\t\t\t\t<\/div>\n\t\t\t\t<div class=\"elementor-element elementor-element-ee28f57 elementor-button-primary elementor-align-left elementor-widget__width-auto elementor-widget elementor-widget-button\" data-id=\"ee28f57\" data-element_type=\"widget\" data-e-type=\"widget\" data-widget_type=\"button.default\">\n\t\t\t\t<div class=\"elementor-widget-container\">\n\t\t\t\t\t\t\t\t\t<div class=\"elementor-button-wrapper\">\n\t\t\t\t\t<a class=\"elementor-button elementor-button-link elementor-size-sm\" href=\"https:\/\/www.elbetal-mv.de\/lernen-mitmachen\/kooperationen\" target=\"_blank\" download=\"your-file-name\">\n\t\t\t\t\t\t<span class=\"elementor-button-content-wrapper\">\n\t\t\t\t\t\t<span class=\"elementor-button-icon\">\n\t\t\t\t<i aria-hidden=\"true\" class=\"far fa-external-link\"><\/i>\t\t\t<\/span>\n\t\t\t\t\t\t\t\t\t<span class=\"elementor-button-text\">Cooperation in Mecklenburg-Western Pomerania<\/span>\n\t\t\t\t\t<\/span>\n\t\t\t\t\t<\/a>\n\t\t\t\t<\/div>\n\t\t\t\t\t\t\t\t<\/div>\n\t\t\t\t<\/div>\n\t\t\t\t\t<\/div>\n\t\t\t\t<\/div>\n\t\t<div class=\"elementor-element elementor-element-99688ff e-flex e-con-boxed e-con e-parent\" data-id=\"99688ff\" data-element_type=\"container\" data-e-type=\"container\">\n\t\t\t\t\t<div class=\"e-con-inner\">\n\t\t\t\t\t<\/div>\n\t\t\t\t<\/div>\n\t\t<div class=\"elementor-element elementor-element-92edbb4 e-flex e-con-boxed e-con e-parent\" data-id=\"92edbb4\" data-element_type=\"container\" data-e-type=\"container\">\n\t\t\t\t\t<div class=\"e-con-inner\">\n\t\t\t\t\t<\/div>\n\t\t\t\t<\/div>\n\t\t<div class=\"elementor-element elementor-element-9fe3620 e-flex e-con-boxed e-con e-parent\" data-id=\"9fe3620\" data-element_type=\"container\" data-e-type=\"container\">\n\t\t\t\t\t<div class=\"e-con-inner\">\n\t\t\t\t\t<\/div>\n\t\t\t\t<\/div>\n\t\t\t\t<\/div>","protected":false},"excerpt":{"rendered":"<p>Biosph\u00e4renkinderg\u00e4rten und -schulen Die Biosph\u00e4renreservatsverwaltungen des l\u00e4nder\u00fcbergreifenden UNESCO-Biosph\u00e4renreservats Flusslandschaft Elbe arbeiten mit den Bildungseinrichtungen vor Ort im Rahmen der \u201eBildung f\u00fcr Nachhaltige Entwicklung\u201c (BNE) zusammen. Das trifft vor allem auf die ausgezeichneten \u201eBiosph\u00e4renkinderg\u00e4rten\u201c und &#8222;Biosph\u00e4renschulen&#8220; zu, die sich dem UNESCO-Programm \u201eMensch und die Biosph\u00e4re\u201c (MAB) verpflichtet f\u00fchlen. Die Auszeichnung zum \u201eBiosph\u00e4renkindergarten\u201c oder zur &#8222;Biosph\u00e4renschule&#8220; ist&hellip;<\/p>","protected":false},"author":3,"featured_media":0,"parent":18,"menu_order":0,"comment_status":"closed","ping_status":"closed","template":"","meta":{"footnotes":""},"class_list":["post-1655","page","type-page","status-publish","hentry"],"yoast_head":"<!-- This site is optimized with the Yoast SEO plugin v27.5 - https:\/\/yoast.com\/product\/yoast-seo-wordpress\/ -->\n<title>Biosph\u00e4renkinderg\u00e4rten und -schulen - Flusslandschaft Elbe<\/title>\n<meta name=\"robots\" content=\"index, follow, max-snippet:-1, max-image-preview:large, max-video-preview:-1\" \/>\n<link rel=\"canonical\" href=\"https:\/\/flusslandschaft-elbe.de\/en\/learn-join-in\/educational-offers-2\/\" \/>\n<meta property=\"og:locale\" content=\"en_US\" \/>\n<meta property=\"og:type\" content=\"article\" \/>\n<meta property=\"og:title\" content=\"Biosph\u00e4renkinderg\u00e4rten und -schulen - Flusslandschaft Elbe\" \/>\n<meta property=\"og:description\" content=\"Biosph\u00e4renkinderg\u00e4rten und -schulen Die Biosph\u00e4renreservatsverwaltungen des l\u00e4nder\u00fcbergreifenden UNESCO-Biosph\u00e4renreservats Flusslandschaft Elbe arbeiten mit den Bildungseinrichtungen vor Ort im Rahmen der \u201eBildung f\u00fcr Nachhaltige Entwicklung\u201c (BNE) zusammen. Das trifft vor allem auf die ausgezeichneten \u201eBiosph\u00e4renkinderg\u00e4rten\u201c und &#8222;Biosph\u00e4renschulen&#8220; zu, die sich dem UNESCO-Programm \u201eMensch und die Biosph\u00e4re\u201c (MAB) verpflichtet f\u00fchlen. Die Auszeichnung zum \u201eBiosph\u00e4renkindergarten\u201c oder zur &#8222;Biosph\u00e4renschule&#8220; ist&hellip;\" \/>\n<meta property=\"og:url\" content=\"https:\/\/flusslandschaft-elbe.de\/en\/learn-join-in\/educational-offers-2\/\" \/>\n<meta property=\"og:site_name\" content=\"Flusslandschaft Elbe\" \/>\n<meta property=\"article:modified_time\" content=\"2025-01-09T10:40:32+00:00\" \/>\n<meta name=\"twitter:card\" content=\"summary_large_image\" \/>\n<meta name=\"twitter:label1\" content=\"Est. reading time\" \/>\n\t<meta name=\"twitter:data1\" content=\"1 minute\" \/>\n<script type=\"application\/ld+json\" class=\"yoast-schema-graph\">{\"@context\":\"https:\\\/\\\/schema.org\",\"@graph\":[{\"@type\":\"WebPage\",\"@id\":\"https:\\\/\\\/flusslandschaft-elbe.de\\\/lernen-mitmachen\\\/bildungsangebote-2\\\/\",\"url\":\"https:\\\/\\\/flusslandschaft-elbe.de\\\/lernen-mitmachen\\\/bildungsangebote-2\\\/\",\"name\":\"Biosph\u00e4renkinderg\u00e4rten und -schulen - Flusslandschaft Elbe\",\"isPartOf\":{\"@id\":\"https:\\\/\\\/flusslandschaft-elbe.de\\\/de-simple\\\/#website\"},\"datePublished\":\"2024-09-30T09:43:54+00:00\",\"dateModified\":\"2025-01-09T10:40:32+00:00\",\"breadcrumb\":{\"@id\":\"https:\\\/\\\/flusslandschaft-elbe.de\\\/lernen-mitmachen\\\/bildungsangebote-2\\\/#breadcrumb\"},\"inLanguage\":\"en-US\",\"potentialAction\":[{\"@type\":\"ReadAction\",\"target\":[\"https:\\\/\\\/flusslandschaft-elbe.de\\\/lernen-mitmachen\\\/bildungsangebote-2\\\/\"]}]},{\"@type\":\"BreadcrumbList\",\"@id\":\"https:\\\/\\\/flusslandschaft-elbe.de\\\/lernen-mitmachen\\\/bildungsangebote-2\\\/#breadcrumb\",\"itemListElement\":[{\"@type\":\"ListItem\",\"position\":1,\"name\":\"Startseite\",\"item\":\"https:\\\/\\\/flusslandschaft-elbe.de\\\/\"},{\"@type\":\"ListItem\",\"position\":2,\"name\":\"Lernen &#038; Mitmachen\",\"item\":\"https:\\\/\\\/flusslandschaft-elbe.de\\\/lernen-mitmachen\\\/\"},{\"@type\":\"ListItem\",\"position\":3,\"name\":\"Biosph\u00e4renkinderg\u00e4rten und -schulen\"}]},{\"@type\":\"WebSite\",\"@id\":\"https:\\\/\\\/flusslandschaft-elbe.de\\\/de-simple\\\/#website\",\"url\":\"https:\\\/\\\/flusslandschaft-elbe.de\\\/de-simple\\\/\",\"name\":\"Flusslandschaft Elbe\",\"description\":\"\",\"publisher\":{\"@id\":\"https:\\\/\\\/flusslandschaft-elbe.de\\\/de-simple\\\/#organization\"},\"potentialAction\":[{\"@type\":\"SearchAction\",\"target\":{\"@type\":\"EntryPoint\",\"urlTemplate\":\"https:\\\/\\\/flusslandschaft-elbe.de\\\/de-simple\\\/?s={search_term_string}\"},\"query-input\":{\"@type\":\"PropertyValueSpecification\",\"valueRequired\":true,\"valueName\":\"search_term_string\"}}],\"inLanguage\":\"en-US\"},{\"@type\":\"Organization\",\"@id\":\"https:\\\/\\\/flusslandschaft-elbe.de\\\/de-simple\\\/#organization\",\"name\":\"Flusslandschaft Elbe\",\"url\":\"https:\\\/\\\/flusslandschaft-elbe.de\\\/de-simple\\\/\",\"logo\":{\"@type\":\"ImageObject\",\"inLanguage\":\"en-US\",\"@id\":\"https:\\\/\\\/flusslandschaft-elbe.de\\\/de-simple\\\/#\\\/schema\\\/logo\\\/image\\\/\",\"url\":\"https:\\\/\\\/flusslandschaft-elbe.de\\\/wp-content\\\/uploads\\\/favicon.png\",\"contentUrl\":\"https:\\\/\\\/flusslandschaft-elbe.de\\\/wp-content\\\/uploads\\\/favicon.png\",\"width\":196,\"height\":196,\"caption\":\"Flusslandschaft Elbe\"},\"image\":{\"@id\":\"https:\\\/\\\/flusslandschaft-elbe.de\\\/de-simple\\\/#\\\/schema\\\/logo\\\/image\\\/\"}}]}<\/script>\n<!-- \/ Yoast SEO plugin. -->","yoast_head_json":{"title":"Biosphere kindergartens and schools - Elbe River Landscape","robots":{"index":"index","follow":"follow","max-snippet":"max-snippet:-1","max-image-preview":"max-image-preview:large","max-video-preview":"max-video-preview:-1"},"canonical":"https:\/\/flusslandschaft-elbe.de\/en\/learn-join-in\/educational-offers-2\/","og_locale":"en_US","og_type":"article","og_title":"Biosph\u00e4renkinderg\u00e4rten und -schulen - Flusslandschaft Elbe","og_description":"Biosph\u00e4renkinderg\u00e4rten und -schulen Die Biosph\u00e4renreservatsverwaltungen des l\u00e4nder\u00fcbergreifenden UNESCO-Biosph\u00e4renreservats Flusslandschaft Elbe arbeiten mit den Bildungseinrichtungen vor Ort im Rahmen der \u201eBildung f\u00fcr Nachhaltige Entwicklung\u201c (BNE) zusammen. Das trifft vor allem auf die ausgezeichneten \u201eBiosph\u00e4renkinderg\u00e4rten\u201c und &#8222;Biosph\u00e4renschulen&#8220; zu, die sich dem UNESCO-Programm \u201eMensch und die Biosph\u00e4re\u201c (MAB) verpflichtet f\u00fchlen. Die Auszeichnung zum \u201eBiosph\u00e4renkindergarten\u201c oder zur &#8222;Biosph\u00e4renschule&#8220; ist&hellip;","og_url":"https:\/\/flusslandschaft-elbe.de\/en\/learn-join-in\/educational-offers-2\/","og_site_name":"Flusslandschaft Elbe","article_modified_time":"2025-01-09T10:40:32+00:00","twitter_card":"summary_large_image","twitter_misc":{"Est. reading time":"1 minute"},"schema":{"@context":"https:\/\/schema.org","@graph":[{"@type":"WebPage","@id":"https:\/\/flusslandschaft-elbe.de\/lernen-mitmachen\/bildungsangebote-2\/","url":"https:\/\/flusslandschaft-elbe.de\/lernen-mitmachen\/bildungsangebote-2\/","name":"Biosphere kindergartens and schools - Elbe River Landscape","isPartOf":{"@id":"https:\/\/flusslandschaft-elbe.de\/de-simple\/#website"},"datePublished":"2024-09-30T09:43:54+00:00","dateModified":"2025-01-09T10:40:32+00:00","breadcrumb":{"@id":"https:\/\/flusslandschaft-elbe.de\/lernen-mitmachen\/bildungsangebote-2\/#breadcrumb"},"inLanguage":"en-US","potentialAction":[{"@type":"ReadAction","target":["https:\/\/flusslandschaft-elbe.de\/lernen-mitmachen\/bildungsangebote-2\/"]}]},{"@type":"BreadcrumbList","@id":"https:\/\/flusslandschaft-elbe.de\/lernen-mitmachen\/bildungsangebote-2\/#breadcrumb","itemListElement":[{"@type":"ListItem","position":1,"name":"Startseite","item":"https:\/\/flusslandschaft-elbe.de\/"},{"@type":"ListItem","position":2,"name":"Lernen &#038; Mitmachen","item":"https:\/\/flusslandschaft-elbe.de\/lernen-mitmachen\/"},{"@type":"ListItem","position":3,"name":"Biosph\u00e4renkinderg\u00e4rten und -schulen"}]},{"@type":"WebSite","@id":"https:\/\/flusslandschaft-elbe.de\/de-simple\/#website","url":"https:\/\/flusslandschaft-elbe.de\/de-simple\/","name":"Elbe river landscape","description":"","publisher":{"@id":"https:\/\/flusslandschaft-elbe.de\/de-simple\/#organization"},"potentialAction":[{"@type":"SearchAction","target":{"@type":"EntryPoint","urlTemplate":"https:\/\/flusslandschaft-elbe.de\/de-simple\/?s={search_term_string}"},"query-input":{"@type":"PropertyValueSpecification","valueRequired":true,"valueName":"search_term_string"}}],"inLanguage":"en-US"},{"@type":"Organization","@id":"https:\/\/flusslandschaft-elbe.de\/de-simple\/#organization","name":"Elbe river landscape","url":"https:\/\/flusslandschaft-elbe.de\/de-simple\/","logo":{"@type":"ImageObject","inLanguage":"en-US","@id":"https:\/\/flusslandschaft-elbe.de\/de-simple\/#\/schema\/logo\/image\/","url":"https:\/\/flusslandschaft-elbe.de\/wp-content\/uploads\/favicon.png","contentUrl":"https:\/\/flusslandschaft-elbe.de\/wp-content\/uploads\/favicon.png","width":196,"height":196,"caption":"Flusslandschaft Elbe"},"image":{"@id":"https:\/\/flusslandschaft-elbe.de\/de-simple\/#\/schema\/logo\/image\/"}}]}},"_links":{"self":[{"href":"https:\/\/flusslandschaft-elbe.de\/en\/wp-json\/wp\/v2\/pages\/1655","targetHints":{"allow":["GET"]}}],"collection":[{"href":"https:\/\/flusslandschaft-elbe.de\/en\/wp-json\/wp\/v2\/pages"}],"about":[{"href":"https:\/\/flusslandschaft-elbe.de\/en\/wp-json\/wp\/v2\/types\/page"}],"author":[{"embeddable":true,"href":"https:\/\/flusslandschaft-elbe.de\/en\/wp-json\/wp\/v2\/users\/3"}],"replies":[{"embeddable":true,"href":"https:\/\/flusslandschaft-elbe.de\/en\/wp-json\/wp\/v2\/comments?post=1655"}],"version-history":[{"count":1,"href":"https:\/\/flusslandschaft-elbe.de\/en\/wp-json\/wp\/v2\/pages\/1655\/revisions"}],"predecessor-version":[{"id":6286,"href":"https:\/\/flusslandschaft-elbe.de\/en\/wp-json\/wp\/v2\/pages\/1655\/revisions\/6286"}],"up":[{"embeddable":true,"href":"https:\/\/flusslandschaft-elbe.de\/en\/wp-json\/wp\/v2\/pages\/18"}],"wp:attachment":[{"href":"https:\/\/flusslandschaft-elbe.de\/en\/wp-json\/wp\/v2\/media?parent=1655"}],"curies":[{"name":"wp","href":"https:\/\/api.w.org\/{rel}","templated":true}]}}