{"id":99,"date":"2024-05-27T11:16:47","date_gmt":"2024-05-27T09:16:47","guid":{"rendered":"https:\/\/flusslandschaft-elbe.de\/?page_id=99"},"modified":"2025-01-09T11:37:25","modified_gmt":"2025-01-09T10:37:25","slug":"bildungsangebote","status":"publish","type":"page","link":"https:\/\/flusslandschaft-elbe.de\/de\/lernen-mitmachen\/bildungsangebote\/","title":{"rendered":"Bildungsangebote"},"content":{"rendered":"<div data-elementor-type=\"wp-page\" data-elementor-id=\"99\" class=\"elementor elementor-99\" data-elementor-post-type=\"page\">\n\t\t\t\t<div class=\"elementor-element elementor-element-201f633 e-flex e-con-boxed e-con e-parent\" data-id=\"201f633\" data-element_type=\"container\" data-e-type=\"container\">\n\t\t\t\t\t<div class=\"e-con-inner\">\n\t\t\t\t<div class=\"elementor-element elementor-element-8ae4cd1 elementor-widget elementor-widget-heading\" data-id=\"8ae4cd1\" data-element_type=\"widget\" data-e-type=\"widget\" data-widget_type=\"heading.default\">\n\t\t\t\t<div class=\"elementor-widget-container\">\n\t\t\t\t\t<h2 class=\"elementor-heading-title elementor-size-default\">Bildungsangebote<\/h2>\t\t\t\t<\/div>\n\t\t\t\t<\/div>\n\t\t\t\t\t<\/div>\n\t\t\t\t<\/div>\n\t\t<div class=\"elementor-element elementor-element-054ed00 e-flex e-con-boxed e-con e-parent\" data-id=\"054ed00\" data-element_type=\"container\" data-e-type=\"container\">\n\t\t\t\t\t<div class=\"e-con-inner\">\n\t\t\t\t<div class=\"elementor-element elementor-element-b250d4e elementor-widget elementor-widget-text-editor\" data-id=\"b250d4e\" data-element_type=\"widget\" data-e-type=\"widget\" data-widget_type=\"text-editor.default\">\n\t\t\t\t<div class=\"elementor-widget-container\">\n\t\t\t\t\t\t\t\t\t<p class=\"Normal tm5\"><span class=\"tm6\">Das Bildungsprogramm des UNESCO-Biosph\u00e4renreservats umfasst altersspezifische Angebote zu den Themen Lebensraum- und Artenvielfalt, Naturerfahrung, Ressourcen- und Klimaschutz sowie Programme zum Thema Einfluss menschlichen Handelns auf die Natur. Unter dem Einsatz vielseitiger Methoden m\u00f6chten wir pers\u00f6nliche Naturerfahrungen erm\u00f6glichen und gleichzeitig f\u00fcr ein nachhaltiges Miteinander von Mensch und Natur im Sinne einer Bildung f\u00fcr nachhaltige Entwicklung (BNE) sensibilisieren.<\/span><\/p>\t\t\t\t\t\t\t\t<\/div>\n\t\t\t\t<\/div>\n\t\t\t\t\t<\/div>\n\t\t\t\t<\/div>\n\t\t<div class=\"elementor-element elementor-element-1630146 e-flex e-con-boxed e-con e-parent\" data-id=\"1630146\" data-element_type=\"container\" data-e-type=\"container\">\n\t\t\t\t\t<div class=\"e-con-inner\">\n\t\t\t\t<div class=\"elementor-element elementor-element-c29bd9f elementor-widget elementor-widget-gallery\" data-id=\"c29bd9f\" data-element_type=\"widget\" data-e-type=\"widget\" data-settings=\"{&quot;columns&quot;:3,&quot;gallery_layout&quot;:&quot;grid&quot;,&quot;columns_tablet&quot;:2,&quot;columns_mobile&quot;:1,&quot;gap&quot;:{&quot;unit&quot;:&quot;px&quot;,&quot;size&quot;:10,&quot;sizes&quot;:[]},&quot;gap_tablet&quot;:{&quot;unit&quot;:&quot;px&quot;,&quot;size&quot;:10,&quot;sizes&quot;:[]},&quot;gap_mobile&quot;:{&quot;unit&quot;:&quot;px&quot;,&quot;size&quot;:10,&quot;sizes&quot;:[]},&quot;link_to&quot;:&quot;file&quot;,&quot;aspect_ratio&quot;:&quot;3:2&quot;,&quot;overlay_background&quot;:&quot;yes&quot;,&quot;content_hover_animation&quot;:&quot;fade-in&quot;}\" data-widget_type=\"gallery.default\">\n\t\t\t\t<div class=\"elementor-widget-container\">\n\t\t\t\t\t\t\t<div class=\"elementor-gallery__container\">\n\t\t\t\t\t\t\t<a data-elementor-lightbox-title=\"\u00a9 D. Foitl\u00e4nger\" class=\"e-gallery-item elementor-gallery-item elementor-animated-content\" href=\"https:\/\/flusslandschaft-elbe.de\/wp-content\/uploads\/Schiffstour-Rangerin_D-Foitlaenger.jpg\" data-elementor-open-lightbox=\"yes\" data-elementor-lightbox-slideshow=\"c29bd9f\" data-elementor-lightbox-description=\"Schiffsexkursion auf der Elbe mit einer Rangerin\" data-e-action-hash=\"#elementor-action%3Aaction%3Dlightbox%26settings%3DeyJpZCI6MjA4MCwidXJsIjoiaHR0cHM6XC9cL2ZsdXNzbGFuZHNjaGFmdC1lbGJlLmRlXC93cC1jb250ZW50XC91cGxvYWRzXC9TY2hpZmZzdG91ci1SYW5nZXJpbl9ELUZvaXRsYWVuZ2VyLmpwZyIsInNsaWRlc2hvdyI6ImMyOWJkOWYifQ%3D%3D\">\n\t\t\t\t\t<div class=\"e-gallery-image elementor-gallery-item__image\" data-thumbnail=\"https:\/\/flusslandschaft-elbe.de\/wp-content\/uploads\/Schiffstour-Rangerin_D-Foitlaenger-512x384.jpg\" data-width=\"512\" data-height=\"384\" aria-label=\"Rangerin spricht ins Mikrophon auf einem Fahrgastschiff\" role=\"img\" ><\/div>\n\t\t\t\t\t\t\t\t\t\t\t<div class=\"elementor-gallery-item__overlay\"><\/div>\n\t\t\t\t\t\t\t\t\t\t\t\t\t\t<\/a>\n\t\t\t\t\t\t\t<a data-elementor-lightbox-title=\"\u00a9 L. Wolter\" class=\"e-gallery-item elementor-gallery-item elementor-animated-content\" href=\"https:\/\/flusslandschaft-elbe.de\/wp-content\/uploads\/Junge_Naturforscher_beim_Bestimmen_von_Arten_L_Wolter-1.jpg\" data-elementor-open-lightbox=\"yes\" data-elementor-lightbox-slideshow=\"c29bd9f\" data-elementor-lightbox-description=\"Lernen an einem anderen Ort...\" data-e-action-hash=\"#elementor-action%3Aaction%3Dlightbox%26settings%3DeyJpZCI6MjA2NSwidXJsIjoiaHR0cHM6XC9cL2ZsdXNzbGFuZHNjaGFmdC1lbGJlLmRlXC93cC1jb250ZW50XC91cGxvYWRzXC9KdW5nZV9OYXR1cmZvcnNjaGVyX2JlaW1fQmVzdGltbWVuX3Zvbl9BcnRlbl9MX1dvbHRlci0xLmpwZyIsInNsaWRlc2hvdyI6ImMyOWJkOWYifQ%3D%3D\">\n\t\t\t\t\t<div class=\"e-gallery-image elementor-gallery-item__image\" data-thumbnail=\"https:\/\/flusslandschaft-elbe.de\/wp-content\/uploads\/Junge_Naturforscher_beim_Bestimmen_von_Arten_L_Wolter-1-512x341.jpg\" data-width=\"512\" data-height=\"341\" aria-label=\"Kinder sitzen auf einer Wiese im Gras und bestimmen Pflanzen\" role=\"img\" ><\/div>\n\t\t\t\t\t\t\t\t\t\t\t<div class=\"elementor-gallery-item__overlay\"><\/div>\n\t\t\t\t\t\t\t\t\t\t\t\t\t\t<\/a>\n\t\t\t\t\t\t\t<a data-elementor-lightbox-title=\"\u00a9 D. Foitl\u00e4nger\" class=\"e-gallery-item elementor-gallery-item elementor-animated-content\" href=\"https:\/\/flusslandschaft-elbe.de\/wp-content\/uploads\/Kita_Teldau_Ranger_Wildbienenhotel_D_Foitlaenger-scaled.jpg\" data-elementor-open-lightbox=\"yes\" data-elementor-lightbox-slideshow=\"c29bd9f\" data-elementor-lightbox-description=\"Wie funktioniert ein Insektenhotel? Der Ranger erkl\u00e4rt es.\" data-e-action-hash=\"#elementor-action%3Aaction%3Dlightbox%26settings%3DeyJpZCI6MjA3OSwidXJsIjoiaHR0cHM6XC9cL2ZsdXNzbGFuZHNjaGFmdC1lbGJlLmRlXC93cC1jb250ZW50XC91cGxvYWRzXC9LaXRhX1RlbGRhdV9SYW5nZXJfV2lsZGJpZW5lbmhvdGVsX0RfRm9pdGxhZW5nZXItc2NhbGVkLmpwZyIsInNsaWRlc2hvdyI6ImMyOWJkOWYifQ%3D%3D\">\n\t\t\t\t\t<div class=\"e-gallery-image elementor-gallery-item__image\" data-thumbnail=\"https:\/\/flusslandschaft-elbe.de\/wp-content\/uploads\/Kita_Teldau_Ranger_Wildbienenhotel_D_Foitlaenger-512x341.jpg\" data-width=\"512\" data-height=\"341\" aria-label=\"Ranger zeigt Kindern ein Insektenhotel\" role=\"img\" ><\/div>\n\t\t\t\t\t\t\t\t\t\t\t<div class=\"elementor-gallery-item__overlay\"><\/div>\n\t\t\t\t\t\t\t\t\t\t\t\t\t\t<\/a>\n\t\t\t\t\t<\/div>\n\t\t\t\t\t<\/div>\n\t\t\t\t<\/div>\n\t\t\t\t\t<\/div>\n\t\t\t\t<\/div>\n\t\t<div class=\"elementor-element elementor-element-b43f1c0 e-flex e-con-boxed e-con e-parent\" data-id=\"b43f1c0\" data-element_type=\"container\" data-e-type=\"container\">\n\t\t\t\t\t<div class=\"e-con-inner\">\n\t\t\t\t<div class=\"elementor-element elementor-element-2050d85 elementor-widget elementor-widget-text-editor\" data-id=\"2050d85\" data-element_type=\"widget\" data-e-type=\"widget\" data-widget_type=\"text-editor.default\">\n\t\t\t\t<div class=\"elementor-widget-container\">\n\t\t\t\t\t\t\t\t\t<p class=\"Normal tm5\"><span class=\"tm6\">Auf den folgenden Seiten stellen wir Ihnen die Bildungsprogramme des UNESCO-Biosph\u00e4renreservats Flusslandschaft Elbe f\u00fcr Vorschulkinder sowie Sch\u00fclerinnen und Sch\u00fclern vor. <\/span><\/p>\t\t\t\t\t\t\t\t<\/div>\n\t\t\t\t<\/div>\n\t\t\t\t\t<\/div>\n\t\t\t\t<\/div>\n\t\t<div class=\"elementor-element elementor-element-e914c63 e-flex e-con-boxed e-con e-parent\" data-id=\"e914c63\" data-element_type=\"container\" data-e-type=\"container\">\n\t\t\t\t\t<div class=\"e-con-inner\">\n\t\t\t\t<div class=\"elementor-element elementor-element-f3efb54 elementor-button-primary elementor-align-left elementor-widget__width-auto elementor-widget elementor-widget-button\" data-id=\"f3efb54\" data-element_type=\"widget\" data-e-type=\"widget\" data-widget_type=\"button.default\">\n\t\t\t\t<div class=\"elementor-widget-container\">\n\t\t\t\t\t\t\t\t\t<div class=\"elementor-button-wrapper\">\n\t\t\t\t\t<a class=\"elementor-button elementor-button-link elementor-size-sm\" href=\"https:\/\/www.mittelelbe.com\" target=\"_blank\" download=\"your-file-name\">\n\t\t\t\t\t\t<span class=\"elementor-button-content-wrapper\">\n\t\t\t\t\t\t<span class=\"elementor-button-icon\">\n\t\t\t\t<i aria-hidden=\"true\" class=\"far fa-external-link\"><\/i>\t\t\t<\/span>\n\t\t\t\t\t\t\t\t\t<span class=\"elementor-button-text\">Angebote in Sachen-Anhalt<\/span>\n\t\t\t\t\t<\/span>\n\t\t\t\t\t<\/a>\n\t\t\t\t<\/div>\n\t\t\t\t\t\t\t\t<\/div>\n\t\t\t\t<\/div>\n\t\t\t\t<div class=\"elementor-element elementor-element-781b8dd elementor-button-primary elementor-align-left elementor-widget__width-auto elementor-widget elementor-widget-button\" data-id=\"781b8dd\" data-element_type=\"widget\" data-e-type=\"widget\" data-widget_type=\"button.default\">\n\t\t\t\t<div class=\"elementor-widget-container\">\n\t\t\t\t\t\t\t\t\t<div class=\"elementor-button-wrapper\">\n\t\t\t\t\t<a class=\"elementor-button elementor-button-link elementor-size-sm\" href=\"https:\/\/www.elbtalaue.niedersachsen.de\/startseite\/elbtalaue_erleben\/bildungsangebote\/\" target=\"_blank\" download=\"your-file-name\">\n\t\t\t\t\t\t<span class=\"elementor-button-content-wrapper\">\n\t\t\t\t\t\t<span class=\"elementor-button-icon\">\n\t\t\t\t<i aria-hidden=\"true\" class=\"far fa-external-link\"><\/i>\t\t\t<\/span>\n\t\t\t\t\t\t\t\t\t<span class=\"elementor-button-text\">Angebote in Niedersachsen<\/span>\n\t\t\t\t\t<\/span>\n\t\t\t\t\t<\/a>\n\t\t\t\t<\/div>\n\t\t\t\t\t\t\t\t<\/div>\n\t\t\t\t<\/div>\n\t\t\t\t<div class=\"elementor-element elementor-element-4fb6aec elementor-button-primary elementor-align-left elementor-widget__width-auto elementor-widget elementor-widget-button\" data-id=\"4fb6aec\" data-element_type=\"widget\" data-e-type=\"widget\" data-widget_type=\"button.default\">\n\t\t\t\t<div class=\"elementor-widget-container\">\n\t\t\t\t\t\t\t\t\t<div class=\"elementor-button-wrapper\">\n\t\t\t\t\t<a class=\"elementor-button elementor-button-link elementor-size-sm\" href=\"https:\/\/www.elbe-brandenburg-biosphaerenreservat.de\/unser-auftrag\/umweltbildung\/\" target=\"_blank\" download=\"your-file-name\">\n\t\t\t\t\t\t<span class=\"elementor-button-content-wrapper\">\n\t\t\t\t\t\t<span class=\"elementor-button-icon\">\n\t\t\t\t<i aria-hidden=\"true\" class=\"far fa-external-link\"><\/i>\t\t\t<\/span>\n\t\t\t\t\t\t\t\t\t<span class=\"elementor-button-text\">Angebote in Brandenburg<\/span>\n\t\t\t\t\t<\/span>\n\t\t\t\t\t<\/a>\n\t\t\t\t<\/div>\n\t\t\t\t\t\t\t\t<\/div>\n\t\t\t\t<\/div>\n\t\t\t\t<div class=\"elementor-element elementor-element-00e9a36 elementor-button-primary elementor-align-left elementor-widget__width-auto elementor-widget elementor-widget-button\" data-id=\"00e9a36\" data-element_type=\"widget\" data-e-type=\"widget\" data-widget_type=\"button.default\">\n\t\t\t\t<div class=\"elementor-widget-container\">\n\t\t\t\t\t\t\t\t\t<div class=\"elementor-button-wrapper\">\n\t\t\t\t\t<a class=\"elementor-button elementor-button-link elementor-size-sm\" href=\"https:\/\/www.elbetal-mv.de\/lernen-mitmachen\/bildungsangebote\/einfuehrung\" target=\"_blank\" download=\"your-file-name\">\n\t\t\t\t\t\t<span class=\"elementor-button-content-wrapper\">\n\t\t\t\t\t\t<span class=\"elementor-button-icon\">\n\t\t\t\t<i aria-hidden=\"true\" class=\"far fa-external-link\"><\/i>\t\t\t<\/span>\n\t\t\t\t\t\t\t\t\t<span class=\"elementor-button-text\">Angebote in Mecklenburg-Vorpommern<\/span>\n\t\t\t\t\t<\/span>\n\t\t\t\t\t<\/a>\n\t\t\t\t<\/div>\n\t\t\t\t\t\t\t\t<\/div>\n\t\t\t\t<\/div>\n\t\t\t\t\t<\/div>\n\t\t\t\t<\/div>\n\t\t<div class=\"elementor-element elementor-element-6d81629 e-flex e-con-boxed e-con e-parent\" data-id=\"6d81629\" data-element_type=\"container\" data-e-type=\"container\">\n\t\t\t\t\t<div class=\"e-con-inner\">\n\t\t\t\t<div class=\"elementor-element elementor-element-d2da7b0 elementor-widget elementor-widget-spacer\" data-id=\"d2da7b0\" data-element_type=\"widget\" data-e-type=\"widget\" data-widget_type=\"spacer.default\">\n\t\t\t\t<div class=\"elementor-widget-container\">\n\t\t\t\t\t\t\t<div class=\"elementor-spacer\">\n\t\t\t<div class=\"elementor-spacer-inner\"><\/div>\n\t\t<\/div>\n\t\t\t\t\t\t<\/div>\n\t\t\t\t<\/div>\n\t\t\t\t\t<\/div>\n\t\t\t\t<\/div>\n\t\t\t\t<\/div>","protected":false},"excerpt":{"rendered":"<p>Bildungsangebote Das Bildungsprogramm des UNESCO-Biosph\u00e4renreservats umfasst altersspezifische Angebote zu den Themen Lebensraum- und Artenvielfalt, Naturerfahrung, Ressourcen- und Klimaschutz sowie Programme zum Thema Einfluss menschlichen Handelns auf die Natur. Unter dem Einsatz vielseitiger Methoden m\u00f6chten wir pers\u00f6nliche Naturerfahrungen erm\u00f6glichen und gleichzeitig f\u00fcr ein nachhaltiges Miteinander von Mensch und Natur im Sinne einer Bildung f\u00fcr nachhaltige Entwicklung&hellip;<\/p>","protected":false},"author":1,"featured_media":0,"parent":18,"menu_order":0,"comment_status":"closed","ping_status":"closed","template":"","meta":{"footnotes":""},"class_list":["post-99","page","type-page","status-publish","hentry"],"yoast_head":"<!-- This site is optimized with the Yoast SEO plugin v27.4 - https:\/\/yoast.com\/product\/yoast-seo-wordpress\/ -->\n<title>Bildungsangebote - Flusslandschaft Elbe<\/title>\n<meta name=\"robots\" content=\"index, follow, max-snippet:-1, max-image-preview:large, max-video-preview:-1\" \/>\n<link rel=\"canonical\" href=\"https:\/\/flusslandschaft-elbe.de\/de\/lernen-mitmachen\/bildungsangebote\/\" \/>\n<meta property=\"og:locale\" content=\"de_DE\" \/>\n<meta property=\"og:type\" content=\"article\" \/>\n<meta property=\"og:title\" content=\"Bildungsangebote - Flusslandschaft Elbe\" \/>\n<meta property=\"og:description\" content=\"Bildungsangebote Das Bildungsprogramm des UNESCO-Biosph\u00e4renreservats umfasst altersspezifische Angebote zu den Themen Lebensraum- und Artenvielfalt, Naturerfahrung, Ressourcen- und Klimaschutz sowie Programme zum Thema Einfluss menschlichen Handelns auf die Natur. Unter dem Einsatz vielseitiger Methoden m\u00f6chten wir pers\u00f6nliche Naturerfahrungen erm\u00f6glichen und gleichzeitig f\u00fcr ein nachhaltiges Miteinander von Mensch und Natur im Sinne einer Bildung f\u00fcr nachhaltige Entwicklung&hellip;\" \/>\n<meta property=\"og:url\" content=\"https:\/\/flusslandschaft-elbe.de\/de\/lernen-mitmachen\/bildungsangebote\/\" \/>\n<meta property=\"og:site_name\" content=\"Flusslandschaft Elbe\" \/>\n<meta property=\"article:modified_time\" content=\"2025-01-09T10:37:25+00:00\" \/>\n<meta name=\"twitter:card\" content=\"summary_large_image\" \/>\n<script type=\"application\/ld+json\" class=\"yoast-schema-graph\">{\"@context\":\"https:\\\/\\\/schema.org\",\"@graph\":[{\"@type\":\"WebPage\",\"@id\":\"https:\\\/\\\/flusslandschaft-elbe.de\\\/lernen-mitmachen\\\/bildungsangebote\\\/\",\"url\":\"https:\\\/\\\/flusslandschaft-elbe.de\\\/lernen-mitmachen\\\/bildungsangebote\\\/\",\"name\":\"Bildungsangebote - Flusslandschaft Elbe\",\"isPartOf\":{\"@id\":\"https:\\\/\\\/flusslandschaft-elbe.de\\\/de-simple\\\/#website\"},\"datePublished\":\"2024-05-27T09:16:47+00:00\",\"dateModified\":\"2025-01-09T10:37:25+00:00\",\"breadcrumb\":{\"@id\":\"https:\\\/\\\/flusslandschaft-elbe.de\\\/lernen-mitmachen\\\/bildungsangebote\\\/#breadcrumb\"},\"inLanguage\":\"de-simple\",\"potentialAction\":[{\"@type\":\"ReadAction\",\"target\":[\"https:\\\/\\\/flusslandschaft-elbe.de\\\/lernen-mitmachen\\\/bildungsangebote\\\/\"]}]},{\"@type\":\"BreadcrumbList\",\"@id\":\"https:\\\/\\\/flusslandschaft-elbe.de\\\/lernen-mitmachen\\\/bildungsangebote\\\/#breadcrumb\",\"itemListElement\":[{\"@type\":\"ListItem\",\"position\":1,\"name\":\"Startseite\",\"item\":\"https:\\\/\\\/flusslandschaft-elbe.de\\\/\"},{\"@type\":\"ListItem\",\"position\":2,\"name\":\"Lernen &#038; Mitmachen\",\"item\":\"https:\\\/\\\/flusslandschaft-elbe.de\\\/lernen-mitmachen\\\/\"},{\"@type\":\"ListItem\",\"position\":3,\"name\":\"Bildungsangebote\"}]},{\"@type\":\"WebSite\",\"@id\":\"https:\\\/\\\/flusslandschaft-elbe.de\\\/de-simple\\\/#website\",\"url\":\"https:\\\/\\\/flusslandschaft-elbe.de\\\/de-simple\\\/\",\"name\":\"Flusslandschaft Elbe\",\"description\":\"\",\"publisher\":{\"@id\":\"https:\\\/\\\/flusslandschaft-elbe.de\\\/de-simple\\\/#organization\"},\"potentialAction\":[{\"@type\":\"SearchAction\",\"target\":{\"@type\":\"EntryPoint\",\"urlTemplate\":\"https:\\\/\\\/flusslandschaft-elbe.de\\\/de-simple\\\/?s={search_term_string}\"},\"query-input\":{\"@type\":\"PropertyValueSpecification\",\"valueRequired\":true,\"valueName\":\"search_term_string\"}}],\"inLanguage\":\"de-simple\"},{\"@type\":\"Organization\",\"@id\":\"https:\\\/\\\/flusslandschaft-elbe.de\\\/de-simple\\\/#organization\",\"name\":\"Flusslandschaft Elbe\",\"url\":\"https:\\\/\\\/flusslandschaft-elbe.de\\\/de-simple\\\/\",\"logo\":{\"@type\":\"ImageObject\",\"inLanguage\":\"de-simple\",\"@id\":\"https:\\\/\\\/flusslandschaft-elbe.de\\\/de-simple\\\/#\\\/schema\\\/logo\\\/image\\\/\",\"url\":\"https:\\\/\\\/flusslandschaft-elbe.de\\\/wp-content\\\/uploads\\\/favicon.png\",\"contentUrl\":\"https:\\\/\\\/flusslandschaft-elbe.de\\\/wp-content\\\/uploads\\\/favicon.png\",\"width\":196,\"height\":196,\"caption\":\"Flusslandschaft Elbe\"},\"image\":{\"@id\":\"https:\\\/\\\/flusslandschaft-elbe.de\\\/de-simple\\\/#\\\/schema\\\/logo\\\/image\\\/\"}}]}<\/script>\n<!-- \/ Yoast SEO plugin. -->","yoast_head_json":{"title":"Bildungsangebote - Flusslandschaft Elbe","robots":{"index":"index","follow":"follow","max-snippet":"max-snippet:-1","max-image-preview":"max-image-preview:large","max-video-preview":"max-video-preview:-1"},"canonical":"https:\/\/flusslandschaft-elbe.de\/de\/lernen-mitmachen\/bildungsangebote\/","og_locale":"de_DE","og_type":"article","og_title":"Bildungsangebote - Flusslandschaft Elbe","og_description":"Bildungsangebote Das Bildungsprogramm des UNESCO-Biosph\u00e4renreservats umfasst altersspezifische Angebote zu den Themen Lebensraum- und Artenvielfalt, Naturerfahrung, Ressourcen- und Klimaschutz sowie Programme zum Thema Einfluss menschlichen Handelns auf die Natur. Unter dem Einsatz vielseitiger Methoden m\u00f6chten wir pers\u00f6nliche Naturerfahrungen erm\u00f6glichen und gleichzeitig f\u00fcr ein nachhaltiges Miteinander von Mensch und Natur im Sinne einer Bildung f\u00fcr nachhaltige Entwicklung&hellip;","og_url":"https:\/\/flusslandschaft-elbe.de\/de\/lernen-mitmachen\/bildungsangebote\/","og_site_name":"Flusslandschaft Elbe","article_modified_time":"2025-01-09T10:37:25+00:00","twitter_card":"summary_large_image","schema":{"@context":"https:\/\/schema.org","@graph":[{"@type":"WebPage","@id":"https:\/\/flusslandschaft-elbe.de\/lernen-mitmachen\/bildungsangebote\/","url":"https:\/\/flusslandschaft-elbe.de\/lernen-mitmachen\/bildungsangebote\/","name":"Bildungsangebote - Flusslandschaft Elbe","isPartOf":{"@id":"https:\/\/flusslandschaft-elbe.de\/de-simple\/#website"},"datePublished":"2024-05-27T09:16:47+00:00","dateModified":"2025-01-09T10:37:25+00:00","breadcrumb":{"@id":"https:\/\/flusslandschaft-elbe.de\/lernen-mitmachen\/bildungsangebote\/#breadcrumb"},"inLanguage":"de-simple","potentialAction":[{"@type":"ReadAction","target":["https:\/\/flusslandschaft-elbe.de\/lernen-mitmachen\/bildungsangebote\/"]}]},{"@type":"BreadcrumbList","@id":"https:\/\/flusslandschaft-elbe.de\/lernen-mitmachen\/bildungsangebote\/#breadcrumb","itemListElement":[{"@type":"ListItem","position":1,"name":"Startseite","item":"https:\/\/flusslandschaft-elbe.de\/"},{"@type":"ListItem","position":2,"name":"Lernen &#038; Mitmachen","item":"https:\/\/flusslandschaft-elbe.de\/lernen-mitmachen\/"},{"@type":"ListItem","position":3,"name":"Bildungsangebote"}]},{"@type":"WebSite","@id":"https:\/\/flusslandschaft-elbe.de\/de-simple\/#website","url":"https:\/\/flusslandschaft-elbe.de\/de-simple\/","name":"Flusslandschaft Elbe","description":"","publisher":{"@id":"https:\/\/flusslandschaft-elbe.de\/de-simple\/#organization"},"potentialAction":[{"@type":"SearchAction","target":{"@type":"EntryPoint","urlTemplate":"https:\/\/flusslandschaft-elbe.de\/de-simple\/?s={search_term_string}"},"query-input":{"@type":"PropertyValueSpecification","valueRequired":true,"valueName":"search_term_string"}}],"inLanguage":"de-simple"},{"@type":"Organization","@id":"https:\/\/flusslandschaft-elbe.de\/de-simple\/#organization","name":"Flusslandschaft Elbe","url":"https:\/\/flusslandschaft-elbe.de\/de-simple\/","logo":{"@type":"ImageObject","inLanguage":"de-simple","@id":"https:\/\/flusslandschaft-elbe.de\/de-simple\/#\/schema\/logo\/image\/","url":"https:\/\/flusslandschaft-elbe.de\/wp-content\/uploads\/favicon.png","contentUrl":"https:\/\/flusslandschaft-elbe.de\/wp-content\/uploads\/favicon.png","width":196,"height":196,"caption":"Flusslandschaft Elbe"},"image":{"@id":"https:\/\/flusslandschaft-elbe.de\/de-simple\/#\/schema\/logo\/image\/"}}]}},"_links":{"self":[{"href":"https:\/\/flusslandschaft-elbe.de\/de\/wp-json\/wp\/v2\/pages\/99","targetHints":{"allow":["GET"]}}],"collection":[{"href":"https:\/\/flusslandschaft-elbe.de\/de\/wp-json\/wp\/v2\/pages"}],"about":[{"href":"https:\/\/flusslandschaft-elbe.de\/de\/wp-json\/wp\/v2\/types\/page"}],"author":[{"embeddable":true,"href":"https:\/\/flusslandschaft-elbe.de\/de\/wp-json\/wp\/v2\/users\/1"}],"replies":[{"embeddable":true,"href":"https:\/\/flusslandschaft-elbe.de\/de\/wp-json\/wp\/v2\/comments?post=99"}],"version-history":[{"count":1,"href":"https:\/\/flusslandschaft-elbe.de\/de\/wp-json\/wp\/v2\/pages\/99\/revisions"}],"predecessor-version":[{"id":6282,"href":"https:\/\/flusslandschaft-elbe.de\/de\/wp-json\/wp\/v2\/pages\/99\/revisions\/6282"}],"up":[{"embeddable":true,"href":"https:\/\/flusslandschaft-elbe.de\/de\/wp-json\/wp\/v2\/pages\/18"}],"wp:attachment":[{"href":"https:\/\/flusslandschaft-elbe.de\/de\/wp-json\/wp\/v2\/media?parent=99"}],"curies":[{"name":"wp","href":"https:\/\/api.w.org\/{rel}","templated":true}]}}