{"id":4468,"date":"2024-11-27T12:40:33","date_gmt":"2024-11-27T11:40:33","guid":{"rendered":"https:\/\/flusslandschaft-elbe.de\/?page_id=4468"},"modified":"2025-09-01T19:26:20","modified_gmt":"2025-09-01T17:26:20","slug":"partner-newsletter","status":"publish","type":"page","link":"https:\/\/flusslandschaft-elbe.de\/de\/partner\/partner-newsletter\/","title":{"rendered":"Partner-Newsletter"},"content":{"rendered":"<div data-elementor-type=\"wp-page\" data-elementor-id=\"4468\" class=\"elementor elementor-4468\" data-elementor-post-type=\"page\">\n\t\t\t\t<div class=\"elementor-element elementor-element-fe361b7 e-flex e-con-boxed e-con e-parent\" data-id=\"fe361b7\" data-element_type=\"container\" data-e-type=\"container\">\n\t\t\t\t\t<div class=\"e-con-inner\">\n\t\t\t\t<div class=\"elementor-element elementor-element-2e0f736 elementor-widget elementor-widget-heading\" data-id=\"2e0f736\" data-element_type=\"widget\" data-e-type=\"widget\" data-widget_type=\"heading.default\">\n\t\t\t\t<div class=\"elementor-widget-container\">\n\t\t\t\t\t<h2 class=\"elementor-heading-title elementor-size-default\">Partner-Newsletter<\/h2>\t\t\t\t<\/div>\n\t\t\t\t<\/div>\n\t\t\t\t\t<\/div>\n\t\t\t\t<\/div>\n\t\t<div class=\"elementor-element elementor-element-8fa82f3 e-grid e-con-boxed e-con e-parent\" data-id=\"8fa82f3\" data-element_type=\"container\" data-e-type=\"container\">\n\t\t\t\t\t<div class=\"e-con-inner\">\n\t\t\t\t<div class=\"elementor-element elementor-element-bcd9bf2 elementor-widget elementor-widget-text-editor\" data-id=\"bcd9bf2\" data-element_type=\"widget\" data-e-type=\"widget\" data-widget_type=\"text-editor.default\">\n\t\t\t\t<div class=\"elementor-widget-container\">\n\t\t\t\t\t\t\t\t\t<p class=\"Normal tm5\"><span class=\"tm6\">Mit dem l\u00e4nder\u00fcbergreifenden Newsletter \u201eBiosph\u00e4renPartner <\/span><em><span class=\"tm7\">aktuell<\/span><\/em><span class=\"tm6\">\u201c berichten die Biosph\u00e4renreservatsverwaltungen in der Regel zweimal j\u00e4hrlich \u00fcber aktuelle Entwicklungen und Neuerungen aus dem Netzwerk der Partner des UNESCO-Biosph\u00e4renreservats Flusslandschaft Elbe.<\/span><\/p>\t\t\t\t\t\t\t\t<\/div>\n\t\t\t\t<\/div>\n\t\t\t\t<div class=\"elementor-element elementor-element-ffe6d52 elementor-widget elementor-widget-n-accordion\" data-id=\"ffe6d52\" data-element_type=\"widget\" data-e-type=\"widget\" data-settings=\"{&quot;default_state&quot;:&quot;expanded&quot;,&quot;max_items_expended&quot;:&quot;one&quot;,&quot;n_accordion_animation_duration&quot;:{&quot;unit&quot;:&quot;ms&quot;,&quot;size&quot;:400,&quot;sizes&quot;:[]}}\" data-widget_type=\"nested-accordion.default\">\n\t\t\t\t<div class=\"elementor-widget-container\">\n\t\t\t\t\t\t\t<div class=\"e-n-accordion\" aria-label=\"Accordion. Open links with Enter or Space, close with Escape, and navigate with Arrow Keys\">\n\t\t\t\t\t\t<details id=\"e-n-accordion-item-2680\" class=\"e-n-accordion-item\" open>\n\t\t\t\t<summary class=\"e-n-accordion-item-title\" data-accordion-index=\"1\" tabindex=\"0\" aria-expanded=\"true\" aria-controls=\"e-n-accordion-item-2680\" >\n\t\t\t\t\t<span class='e-n-accordion-item-title-header'><div class=\"e-n-accordion-item-title-text\"> Newsletter 2025 <\/div><\/span>\n\t\t\t\t\t\t\t<span class='e-n-accordion-item-title-icon'>\n\t\t\t<span class='e-opened' ><svg aria-hidden=\"true\" class=\"e-font-icon-svg e-fas-minus\" viewbox=\"0 0 448 512\" xmlns=\"http:\/\/www.w3.org\/2000\/svg\"><path d=\"M416 208H32c-17.67 0-32 14.33-32 32v32c0 17.67 14.33 32 32 32h384c17.67 0 32-14.33 32-32v-32c0-17.67-14.33-32-32-32z\"><\/path><\/svg><\/span>\n\t\t\t<span class='e-closed'><svg aria-hidden=\"true\" class=\"e-font-icon-svg e-fas-plus\" viewbox=\"0 0 448 512\" xmlns=\"http:\/\/www.w3.org\/2000\/svg\"><path d=\"M416 208H272V64c0-17.67-14.33-32-32-32h-32c-17.67 0-32 14.33-32 32v144H32c-17.67 0-32 14.33-32 32v32c0 17.67 14.33 32 32 32h144v144c0 17.67 14.33 32 32 32h32c17.67 0 32-14.33 32-32V304h144c17.67 0 32-14.33 32-32v-32c0-17.67-14.33-32-32-32z\"><\/path><\/svg><\/span>\n\t\t<\/span>\n\n\t\t\t\t\t\t<\/summary>\n\t\t\t\t<div role=\"region\" aria-labelledby=\"e-n-accordion-item-2680\" class=\"elementor-element elementor-element-e4e21f2 e-con-full e-flex e-con e-child\" data-id=\"e4e21f2\" data-element_type=\"container\" data-e-type=\"container\">\n\t\t\t\t<div class=\"elementor-element elementor-element-9191fe6 elementor-widget__width-auto elementor-widget elementor-widget-button\" data-id=\"9191fe6\" data-element_type=\"widget\" data-e-type=\"widget\" data-widget_type=\"button.default\">\n\t\t\t\t<div class=\"elementor-widget-container\">\n\t\t\t\t\t\t\t\t\t<div class=\"elementor-button-wrapper\">\n\t\t\t\t\t<a class=\"elementor-button elementor-button-link elementor-size-sm\" href=\"https:\/\/flusslandschaft-elbe.de\/wp-content\/uploads\/Partner-Newsletter_2025-09.pdf\" target=\"_blank\">\n\t\t\t\t\t\t<span class=\"elementor-button-content-wrapper\">\n\t\t\t\t\t\t<span class=\"elementor-button-icon\">\n\t\t\t\t<i aria-hidden=\"true\" class=\"fal fa-file-pdf\"><\/i>\t\t\t<\/span>\n\t\t\t\t\t\t\t\t\t<span class=\"elementor-button-text\">September 2025<\/span>\n\t\t\t\t\t<\/span>\n\t\t\t\t\t<\/a>\n\t\t\t\t<\/div>\n\t\t\t\t\t\t\t\t<\/div>\n\t\t\t\t<\/div>\n\t\t\t\t<div class=\"elementor-element elementor-element-e370909 elementor-widget__width-auto elementor-widget elementor-widget-button\" data-id=\"e370909\" data-element_type=\"widget\" data-e-type=\"widget\" data-widget_type=\"button.default\">\n\t\t\t\t<div class=\"elementor-widget-container\">\n\t\t\t\t\t\t\t\t\t<div class=\"elementor-button-wrapper\">\n\t\t\t\t\t<a class=\"elementor-button elementor-button-link elementor-size-sm\" href=\"https:\/\/flusslandschaft-elbe.de\/wp-content\/uploads\/PB-Newsletter_2025_04.pdf\" target=\"_blank\">\n\t\t\t\t\t\t<span class=\"elementor-button-content-wrapper\">\n\t\t\t\t\t\t<span class=\"elementor-button-icon\">\n\t\t\t\t<i aria-hidden=\"true\" class=\"fal fa-file-pdf\"><\/i>\t\t\t<\/span>\n\t\t\t\t\t\t\t\t\t<span class=\"elementor-button-text\">April 2025<\/span>\n\t\t\t\t\t<\/span>\n\t\t\t\t\t<\/a>\n\t\t\t\t<\/div>\n\t\t\t\t\t\t\t\t<\/div>\n\t\t\t\t<\/div>\n\t\t\t\t<\/div>\n\t\t\t\t\t<\/details>\n\t\t\t\t\t\t<details id=\"e-n-accordion-item-2681\" class=\"e-n-accordion-item\" >\n\t\t\t\t<summary class=\"e-n-accordion-item-title\" data-accordion-index=\"2\" tabindex=\"-1\" aria-expanded=\"false\" aria-controls=\"e-n-accordion-item-2681\" >\n\t\t\t\t\t<span class='e-n-accordion-item-title-header'><div class=\"e-n-accordion-item-title-text\"> Newsletter 2024 <\/div><\/span>\n\t\t\t\t\t\t\t<span class='e-n-accordion-item-title-icon'>\n\t\t\t<span class='e-opened' ><svg aria-hidden=\"true\" class=\"e-font-icon-svg e-fas-minus\" viewbox=\"0 0 448 512\" xmlns=\"http:\/\/www.w3.org\/2000\/svg\"><path d=\"M416 208H32c-17.67 0-32 14.33-32 32v32c0 17.67 14.33 32 32 32h384c17.67 0 32-14.33 32-32v-32c0-17.67-14.33-32-32-32z\"><\/path><\/svg><\/span>\n\t\t\t<span class='e-closed'><svg aria-hidden=\"true\" class=\"e-font-icon-svg e-fas-plus\" viewbox=\"0 0 448 512\" xmlns=\"http:\/\/www.w3.org\/2000\/svg\"><path d=\"M416 208H272V64c0-17.67-14.33-32-32-32h-32c-17.67 0-32 14.33-32 32v144H32c-17.67 0-32 14.33-32 32v32c0 17.67 14.33 32 32 32h144v144c0 17.67 14.33 32 32 32h32c17.67 0 32-14.33 32-32V304h144c17.67 0 32-14.33 32-32v-32c0-17.67-14.33-32-32-32z\"><\/path><\/svg><\/span>\n\t\t<\/span>\n\n\t\t\t\t\t\t<\/summary>\n\t\t\t\t<div role=\"region\" aria-labelledby=\"e-n-accordion-item-2681\" class=\"elementor-element elementor-element-936e5e8 e-flex e-con-boxed e-con e-child\" data-id=\"936e5e8\" data-element_type=\"container\" data-e-type=\"container\">\n\t\t\t\t\t<div class=\"e-con-inner\">\n\t\t\t\t<div class=\"elementor-element elementor-element-0063e24 elementor-widget__width-auto elementor-widget elementor-widget-button\" data-id=\"0063e24\" data-element_type=\"widget\" data-e-type=\"widget\" data-widget_type=\"button.default\">\n\t\t\t\t<div class=\"elementor-widget-container\">\n\t\t\t\t\t\t\t\t\t<div class=\"elementor-button-wrapper\">\n\t\t\t\t\t<a class=\"elementor-button elementor-button-link elementor-size-sm\" href=\"https:\/\/flusslandschaft-elbe.de\/de\/downloads\/partner-newsletter-august-2024\/\" target=\"_blank\">\n\t\t\t\t\t\t<span class=\"elementor-button-content-wrapper\">\n\t\t\t\t\t\t<span class=\"elementor-button-icon\">\n\t\t\t\t<i aria-hidden=\"true\" class=\"fal fa-file-pdf\"><\/i>\t\t\t<\/span>\n\t\t\t\t\t\t\t\t\t<span class=\"elementor-button-text\">August 2024<\/span>\n\t\t\t\t\t<\/span>\n\t\t\t\t\t<\/a>\n\t\t\t\t<\/div>\n\t\t\t\t\t\t\t\t<\/div>\n\t\t\t\t<\/div>\n\t\t\t\t<div class=\"elementor-element elementor-element-88ebc4e elementor-widget__width-auto elementor-widget elementor-widget-button\" data-id=\"88ebc4e\" data-element_type=\"widget\" data-e-type=\"widget\" data-widget_type=\"button.default\">\n\t\t\t\t<div class=\"elementor-widget-container\">\n\t\t\t\t\t\t\t\t\t<div class=\"elementor-button-wrapper\">\n\t\t\t\t\t<a class=\"elementor-button elementor-button-link elementor-size-sm\" href=\"https:\/\/flusslandschaft-elbe.de\/wp-content\/uploads\/partner-newsletter-April-2024.pdf\" target=\"_blank\">\n\t\t\t\t\t\t<span class=\"elementor-button-content-wrapper\">\n\t\t\t\t\t\t<span class=\"elementor-button-icon\">\n\t\t\t\t<i aria-hidden=\"true\" class=\"fal fa-file-pdf\"><\/i>\t\t\t<\/span>\n\t\t\t\t\t\t\t\t\t<span class=\"elementor-button-text\">April 2024<\/span>\n\t\t\t\t\t<\/span>\n\t\t\t\t\t<\/a>\n\t\t\t\t<\/div>\n\t\t\t\t\t\t\t\t<\/div>\n\t\t\t\t<\/div>\n\t\t\t\t\t<\/div>\n\t\t\t\t<\/div>\n\t\t\t\t\t<\/details>\n\t\t\t\t\t\t<details id=\"e-n-accordion-item-2682\" class=\"e-n-accordion-item\" >\n\t\t\t\t<summary class=\"e-n-accordion-item-title\" data-accordion-index=\"3\" tabindex=\"-1\" aria-expanded=\"false\" aria-controls=\"e-n-accordion-item-2682\" >\n\t\t\t\t\t<span class='e-n-accordion-item-title-header'><div class=\"e-n-accordion-item-title-text\"> Newsletter 2023 <\/div><\/span>\n\t\t\t\t\t\t\t<span class='e-n-accordion-item-title-icon'>\n\t\t\t<span class='e-opened' ><svg aria-hidden=\"true\" class=\"e-font-icon-svg e-fas-minus\" viewbox=\"0 0 448 512\" xmlns=\"http:\/\/www.w3.org\/2000\/svg\"><path d=\"M416 208H32c-17.67 0-32 14.33-32 32v32c0 17.67 14.33 32 32 32h384c17.67 0 32-14.33 32-32v-32c0-17.67-14.33-32-32-32z\"><\/path><\/svg><\/span>\n\t\t\t<span class='e-closed'><svg aria-hidden=\"true\" class=\"e-font-icon-svg e-fas-plus\" viewbox=\"0 0 448 512\" xmlns=\"http:\/\/www.w3.org\/2000\/svg\"><path d=\"M416 208H272V64c0-17.67-14.33-32-32-32h-32c-17.67 0-32 14.33-32 32v144H32c-17.67 0-32 14.33-32 32v32c0 17.67 14.33 32 32 32h144v144c0 17.67 14.33 32 32 32h32c17.67 0 32-14.33 32-32V304h144c17.67 0 32-14.33 32-32v-32c0-17.67-14.33-32-32-32z\"><\/path><\/svg><\/span>\n\t\t<\/span>\n\n\t\t\t\t\t\t<\/summary>\n\t\t\t\t<div role=\"region\" aria-labelledby=\"e-n-accordion-item-2682\" class=\"elementor-element elementor-element-e15aa96 e-flex e-con-boxed e-con e-child\" data-id=\"e15aa96\" data-element_type=\"container\" data-e-type=\"container\">\n\t\t\t\t\t<div class=\"e-con-inner\">\n\t\t\t\t<div class=\"elementor-element elementor-element-f6dd47a elementor-align-left elementor-widget elementor-widget-button\" data-id=\"f6dd47a\" data-element_type=\"widget\" data-e-type=\"widget\" data-widget_type=\"button.default\">\n\t\t\t\t<div class=\"elementor-widget-container\">\n\t\t\t\t\t\t\t\t\t<div class=\"elementor-button-wrapper\">\n\t\t\t\t\t<a class=\"elementor-button elementor-button-link elementor-size-sm\" href=\"https:\/\/flusslandschaft-elbe.de\/de\/downloads\/partner-newsletter-dezember-2023\/partner-newsletter-dezember-2023-2\/\" target=\"_blank\">\n\t\t\t\t\t\t<span class=\"elementor-button-content-wrapper\">\n\t\t\t\t\t\t<span class=\"elementor-button-icon\">\n\t\t\t\t<i aria-hidden=\"true\" class=\"fal fa-file-pdf\"><\/i>\t\t\t<\/span>\n\t\t\t\t\t\t\t\t\t<span class=\"elementor-button-text\">Dezember 2023<\/span>\n\t\t\t\t\t<\/span>\n\t\t\t\t\t<\/a>\n\t\t\t\t<\/div>\n\t\t\t\t\t\t\t\t<\/div>\n\t\t\t\t<\/div>\n\t\t\t\t<div class=\"elementor-element elementor-element-9aa620d elementor-align-left elementor-widget elementor-widget-button\" data-id=\"9aa620d\" data-element_type=\"widget\" data-e-type=\"widget\" data-widget_type=\"button.default\">\n\t\t\t\t<div class=\"elementor-widget-container\">\n\t\t\t\t\t\t\t\t\t<div class=\"elementor-button-wrapper\">\n\t\t\t\t\t<a class=\"elementor-button elementor-button-link elementor-size-sm\" href=\"https:\/\/flusslandschaft-elbe.de\/de\/downloads\/partner-newsletter-august-2023\/\" target=\"_blank\">\n\t\t\t\t\t\t<span class=\"elementor-button-content-wrapper\">\n\t\t\t\t\t\t<span class=\"elementor-button-icon\">\n\t\t\t\t<i aria-hidden=\"true\" class=\"fal fa-file-pdf\"><\/i>\t\t\t<\/span>\n\t\t\t\t\t\t\t\t\t<span class=\"elementor-button-text\">August 2023<\/span>\n\t\t\t\t\t<\/span>\n\t\t\t\t\t<\/a>\n\t\t\t\t<\/div>\n\t\t\t\t\t\t\t\t<\/div>\n\t\t\t\t<\/div>\n\t\t\t\t<div class=\"elementor-element elementor-element-a576985 elementor-align-left elementor-widget elementor-widget-button\" data-id=\"a576985\" data-element_type=\"widget\" data-e-type=\"widget\" data-widget_type=\"button.default\">\n\t\t\t\t<div class=\"elementor-widget-container\">\n\t\t\t\t\t\t\t\t\t<div class=\"elementor-button-wrapper\">\n\t\t\t\t\t<a class=\"elementor-button elementor-button-link elementor-size-sm\" href=\"https:\/\/flusslandschaft-elbe.de\/de\/downloads\/partner-newsletter-april-2023\/\" target=\"_blank\">\n\t\t\t\t\t\t<span class=\"elementor-button-content-wrapper\">\n\t\t\t\t\t\t<span class=\"elementor-button-icon\">\n\t\t\t\t<i aria-hidden=\"true\" class=\"fal fa-file-pdf\"><\/i>\t\t\t<\/span>\n\t\t\t\t\t\t\t\t\t<span class=\"elementor-button-text\">April 2023<\/span>\n\t\t\t\t\t<\/span>\n\t\t\t\t\t<\/a>\n\t\t\t\t<\/div>\n\t\t\t\t\t\t\t\t<\/div>\n\t\t\t\t<\/div>\n\t\t\t\t\t<\/div>\n\t\t\t\t<\/div>\n\t\t\t\t\t<\/details>\n\t\t\t\t\t<\/div>\n\t\t\t\t\t\t<\/div>\n\t\t\t\t<\/div>\n\t\t\t\t\t<\/div>\n\t\t\t\t<\/div>\n\t\t<div class=\"elementor-element elementor-element-9c59ca8 e-flex e-con-boxed e-con e-parent\" data-id=\"9c59ca8\" data-element_type=\"container\" data-e-type=\"container\">\n\t\t\t\t\t<div class=\"e-con-inner\">\n\t\t\t\t<div class=\"elementor-element elementor-element-77259d6 elementor-widget elementor-widget-spacer\" data-id=\"77259d6\" data-element_type=\"widget\" data-e-type=\"widget\" data-widget_type=\"spacer.default\">\n\t\t\t\t<div class=\"elementor-widget-container\">\n\t\t\t\t\t\t\t<div class=\"elementor-spacer\">\n\t\t\t<div class=\"elementor-spacer-inner\"><\/div>\n\t\t<\/div>\n\t\t\t\t\t\t<\/div>\n\t\t\t\t<\/div>\n\t\t\t\t\t<\/div>\n\t\t\t\t<\/div>\n\t\t\t\t<\/div>","protected":false},"excerpt":{"rendered":"<p>Partner-Newsletter Mit dem l\u00e4nder\u00fcbergreifenden Newsletter \u201eBiosph\u00e4renPartner aktuell\u201c berichten die Biosph\u00e4renreservatsverwaltungen in der Regel zweimal j\u00e4hrlich \u00fcber aktuelle Entwicklungen und Neuerungen aus dem Netzwerk der Partner des UNESCO-Biosph\u00e4renreservats Flusslandschaft Elbe. Newsletter 2025 September 2025 April 2025 Newsletter 2024 August 2024 April 2024 Newsletter 2023 Dezember 2023 August 2023 April 2023 September 2025 April 2025 August 2024&hellip;<\/p>","protected":false},"author":10,"featured_media":0,"parent":2021,"menu_order":0,"comment_status":"closed","ping_status":"closed","template":"","meta":{"footnotes":""},"class_list":["post-4468","page","type-page","status-publish","hentry"],"yoast_head":"<!-- This site is optimized with the Yoast SEO plugin v27.3 - https:\/\/yoast.com\/product\/yoast-seo-wordpress\/ -->\n<title>Partner-Newsletter - Flusslandschaft Elbe<\/title>\n<meta name=\"robots\" content=\"index, follow, max-snippet:-1, max-image-preview:large, max-video-preview:-1\" \/>\n<link rel=\"canonical\" href=\"https:\/\/flusslandschaft-elbe.de\/de\/partner\/partner-newsletter\/\" \/>\n<meta property=\"og:locale\" content=\"de_DE\" \/>\n<meta property=\"og:type\" content=\"article\" \/>\n<meta property=\"og:title\" content=\"Partner-Newsletter - Flusslandschaft Elbe\" \/>\n<meta property=\"og:description\" content=\"Partner-Newsletter Mit dem l\u00e4nder\u00fcbergreifenden Newsletter \u201eBiosph\u00e4renPartner aktuell\u201c berichten die Biosph\u00e4renreservatsverwaltungen in der Regel zweimal j\u00e4hrlich \u00fcber aktuelle Entwicklungen und Neuerungen aus dem Netzwerk der Partner des UNESCO-Biosph\u00e4renreservats Flusslandschaft Elbe. Newsletter 2025 September 2025 April 2025 Newsletter 2024 August 2024 April 2024 Newsletter 2023 Dezember 2023 August 2023 April 2023 September 2025 April 2025 August 2024&hellip;\" \/>\n<meta property=\"og:url\" content=\"https:\/\/flusslandschaft-elbe.de\/de\/partner\/partner-newsletter\/\" \/>\n<meta property=\"og:site_name\" content=\"Flusslandschaft Elbe\" \/>\n<meta property=\"article:modified_time\" content=\"2025-09-01T17:26:20+00:00\" \/>\n<meta name=\"twitter:card\" content=\"summary_large_image\" \/>\n<meta name=\"twitter:label1\" content=\"Est. reading time\" \/>\n\t<meta name=\"twitter:data1\" content=\"1 minute\" \/>\n<script type=\"application\/ld+json\" class=\"yoast-schema-graph\">{\"@context\":\"https:\\\/\\\/schema.org\",\"@graph\":[{\"@type\":\"WebPage\",\"@id\":\"https:\\\/\\\/flusslandschaft-elbe.de\\\/partner\\\/partner-newsletter\\\/\",\"url\":\"https:\\\/\\\/flusslandschaft-elbe.de\\\/partner\\\/partner-newsletter\\\/\",\"name\":\"Partner-Newsletter - Flusslandschaft Elbe\",\"isPartOf\":{\"@id\":\"https:\\\/\\\/flusslandschaft-elbe.de\\\/de-simple\\\/#website\"},\"datePublished\":\"2024-11-27T11:40:33+00:00\",\"dateModified\":\"2025-09-01T17:26:20+00:00\",\"breadcrumb\":{\"@id\":\"https:\\\/\\\/flusslandschaft-elbe.de\\\/partner\\\/partner-newsletter\\\/#breadcrumb\"},\"inLanguage\":\"de-simple\",\"potentialAction\":[{\"@type\":\"ReadAction\",\"target\":[\"https:\\\/\\\/flusslandschaft-elbe.de\\\/partner\\\/partner-newsletter\\\/\"]}]},{\"@type\":\"BreadcrumbList\",\"@id\":\"https:\\\/\\\/flusslandschaft-elbe.de\\\/partner\\\/partner-newsletter\\\/#breadcrumb\",\"itemListElement\":[{\"@type\":\"ListItem\",\"position\":1,\"name\":\"Startseite\",\"item\":\"https:\\\/\\\/flusslandschaft-elbe.de\\\/\"},{\"@type\":\"ListItem\",\"position\":2,\"name\":\"Partner\",\"item\":\"https:\\\/\\\/flusslandschaft-elbe.de\\\/partner\\\/\"},{\"@type\":\"ListItem\",\"position\":3,\"name\":\"Partner-Newsletter\"}]},{\"@type\":\"WebSite\",\"@id\":\"https:\\\/\\\/flusslandschaft-elbe.de\\\/de-simple\\\/#website\",\"url\":\"https:\\\/\\\/flusslandschaft-elbe.de\\\/de-simple\\\/\",\"name\":\"Flusslandschaft Elbe\",\"description\":\"\",\"publisher\":{\"@id\":\"https:\\\/\\\/flusslandschaft-elbe.de\\\/de-simple\\\/#organization\"},\"potentialAction\":[{\"@type\":\"SearchAction\",\"target\":{\"@type\":\"EntryPoint\",\"urlTemplate\":\"https:\\\/\\\/flusslandschaft-elbe.de\\\/de-simple\\\/?s={search_term_string}\"},\"query-input\":{\"@type\":\"PropertyValueSpecification\",\"valueRequired\":true,\"valueName\":\"search_term_string\"}}],\"inLanguage\":\"de-simple\"},{\"@type\":\"Organization\",\"@id\":\"https:\\\/\\\/flusslandschaft-elbe.de\\\/de-simple\\\/#organization\",\"name\":\"Flusslandschaft Elbe\",\"url\":\"https:\\\/\\\/flusslandschaft-elbe.de\\\/de-simple\\\/\",\"logo\":{\"@type\":\"ImageObject\",\"inLanguage\":\"de-simple\",\"@id\":\"https:\\\/\\\/flusslandschaft-elbe.de\\\/de-simple\\\/#\\\/schema\\\/logo\\\/image\\\/\",\"url\":\"https:\\\/\\\/flusslandschaft-elbe.de\\\/wp-content\\\/uploads\\\/favicon.png\",\"contentUrl\":\"https:\\\/\\\/flusslandschaft-elbe.de\\\/wp-content\\\/uploads\\\/favicon.png\",\"width\":196,\"height\":196,\"caption\":\"Flusslandschaft Elbe\"},\"image\":{\"@id\":\"https:\\\/\\\/flusslandschaft-elbe.de\\\/de-simple\\\/#\\\/schema\\\/logo\\\/image\\\/\"}}]}<\/script>\n<!-- \/ Yoast SEO plugin. -->","yoast_head_json":{"title":"Partner-Newsletter - Flusslandschaft Elbe","robots":{"index":"index","follow":"follow","max-snippet":"max-snippet:-1","max-image-preview":"max-image-preview:large","max-video-preview":"max-video-preview:-1"},"canonical":"https:\/\/flusslandschaft-elbe.de\/de\/partner\/partner-newsletter\/","og_locale":"de_DE","og_type":"article","og_title":"Partner-Newsletter - Flusslandschaft Elbe","og_description":"Partner-Newsletter Mit dem l\u00e4nder\u00fcbergreifenden Newsletter \u201eBiosph\u00e4renPartner aktuell\u201c berichten die Biosph\u00e4renreservatsverwaltungen in der Regel zweimal j\u00e4hrlich \u00fcber aktuelle Entwicklungen und Neuerungen aus dem Netzwerk der Partner des UNESCO-Biosph\u00e4renreservats Flusslandschaft Elbe. Newsletter 2025 September 2025 April 2025 Newsletter 2024 August 2024 April 2024 Newsletter 2023 Dezember 2023 August 2023 April 2023 September 2025 April 2025 August 2024&hellip;","og_url":"https:\/\/flusslandschaft-elbe.de\/de\/partner\/partner-newsletter\/","og_site_name":"Flusslandschaft Elbe","article_modified_time":"2025-09-01T17:26:20+00:00","twitter_card":"summary_large_image","twitter_misc":{"Est. reading time":"1 minute"},"schema":{"@context":"https:\/\/schema.org","@graph":[{"@type":"WebPage","@id":"https:\/\/flusslandschaft-elbe.de\/partner\/partner-newsletter\/","url":"https:\/\/flusslandschaft-elbe.de\/partner\/partner-newsletter\/","name":"Partner-Newsletter - Flusslandschaft Elbe","isPartOf":{"@id":"https:\/\/flusslandschaft-elbe.de\/de-simple\/#website"},"datePublished":"2024-11-27T11:40:33+00:00","dateModified":"2025-09-01T17:26:20+00:00","breadcrumb":{"@id":"https:\/\/flusslandschaft-elbe.de\/partner\/partner-newsletter\/#breadcrumb"},"inLanguage":"de-simple","potentialAction":[{"@type":"ReadAction","target":["https:\/\/flusslandschaft-elbe.de\/partner\/partner-newsletter\/"]}]},{"@type":"BreadcrumbList","@id":"https:\/\/flusslandschaft-elbe.de\/partner\/partner-newsletter\/#breadcrumb","itemListElement":[{"@type":"ListItem","position":1,"name":"Startseite","item":"https:\/\/flusslandschaft-elbe.de\/"},{"@type":"ListItem","position":2,"name":"Partner","item":"https:\/\/flusslandschaft-elbe.de\/partner\/"},{"@type":"ListItem","position":3,"name":"Partner-Newsletter"}]},{"@type":"WebSite","@id":"https:\/\/flusslandschaft-elbe.de\/de-simple\/#website","url":"https:\/\/flusslandschaft-elbe.de\/de-simple\/","name":"Flusslandschaft Elbe","description":"","publisher":{"@id":"https:\/\/flusslandschaft-elbe.de\/de-simple\/#organization"},"potentialAction":[{"@type":"SearchAction","target":{"@type":"EntryPoint","urlTemplate":"https:\/\/flusslandschaft-elbe.de\/de-simple\/?s={search_term_string}"},"query-input":{"@type":"PropertyValueSpecification","valueRequired":true,"valueName":"search_term_string"}}],"inLanguage":"de-simple"},{"@type":"Organization","@id":"https:\/\/flusslandschaft-elbe.de\/de-simple\/#organization","name":"Flusslandschaft Elbe","url":"https:\/\/flusslandschaft-elbe.de\/de-simple\/","logo":{"@type":"ImageObject","inLanguage":"de-simple","@id":"https:\/\/flusslandschaft-elbe.de\/de-simple\/#\/schema\/logo\/image\/","url":"https:\/\/flusslandschaft-elbe.de\/wp-content\/uploads\/favicon.png","contentUrl":"https:\/\/flusslandschaft-elbe.de\/wp-content\/uploads\/favicon.png","width":196,"height":196,"caption":"Flusslandschaft Elbe"},"image":{"@id":"https:\/\/flusslandschaft-elbe.de\/de-simple\/#\/schema\/logo\/image\/"}}]}},"_links":{"self":[{"href":"https:\/\/flusslandschaft-elbe.de\/de\/wp-json\/wp\/v2\/pages\/4468","targetHints":{"allow":["GET"]}}],"collection":[{"href":"https:\/\/flusslandschaft-elbe.de\/de\/wp-json\/wp\/v2\/pages"}],"about":[{"href":"https:\/\/flusslandschaft-elbe.de\/de\/wp-json\/wp\/v2\/types\/page"}],"author":[{"embeddable":true,"href":"https:\/\/flusslandschaft-elbe.de\/de\/wp-json\/wp\/v2\/users\/10"}],"replies":[{"embeddable":true,"href":"https:\/\/flusslandschaft-elbe.de\/de\/wp-json\/wp\/v2\/comments?post=4468"}],"version-history":[{"count":1,"href":"https:\/\/flusslandschaft-elbe.de\/de\/wp-json\/wp\/v2\/pages\/4468\/revisions"}],"predecessor-version":[{"id":7039,"href":"https:\/\/flusslandschaft-elbe.de\/de\/wp-json\/wp\/v2\/pages\/4468\/revisions\/7039"}],"up":[{"embeddable":true,"href":"https:\/\/flusslandschaft-elbe.de\/de\/wp-json\/wp\/v2\/pages\/2021"}],"wp:attachment":[{"href":"https:\/\/flusslandschaft-elbe.de\/de\/wp-json\/wp\/v2\/media?parent=4468"}],"curies":[{"name":"wp","href":"https:\/\/api.w.org\/{rel}","templated":true}]}}