{"id":4336,"date":"2024-11-27T11:08:32","date_gmt":"2024-11-27T10:08:32","guid":{"rendered":"https:\/\/flusslandschaft-elbe.de\/?page_id=4336"},"modified":"2025-07-30T11:05:59","modified_gmt":"2025-07-30T09:05:59","slug":"bildung","status":"publish","type":"page","link":"https:\/\/flusslandschaft-elbe.de\/de\/lernen-mitmachen\/bildung\/","title":{"rendered":"Bildung"},"content":{"rendered":"<div data-elementor-type=\"wp-page\" data-elementor-id=\"4336\" class=\"elementor elementor-4336\" data-elementor-post-type=\"page\">\n\t\t\t\t<div class=\"elementor-element elementor-element-f01cf82 e-flex e-con-boxed e-con e-parent\" data-id=\"f01cf82\" data-element_type=\"container\" data-e-type=\"container\">\n\t\t\t\t\t<div class=\"e-con-inner\">\n\t\t\t\t<div class=\"elementor-element elementor-element-fd204c1 elementor-widget elementor-widget-heading\" data-id=\"fd204c1\" data-element_type=\"widget\" data-e-type=\"widget\" data-widget_type=\"heading.default\">\n\t\t\t\t<div class=\"elementor-widget-container\">\n\t\t\t\t\t<h2 class=\"elementor-heading-title elementor-size-default\">Bildung<\/h2>\t\t\t\t<\/div>\n\t\t\t\t<\/div>\n\t\t\t\t\t<\/div>\n\t\t\t\t<\/div>\n\t\t<div class=\"elementor-element elementor-element-5281782 e-flex e-con-boxed e-con e-parent\" data-id=\"5281782\" data-element_type=\"container\" data-e-type=\"container\">\n\t\t\t\t\t<div class=\"e-con-inner\">\n\t\t\t\t<div class=\"elementor-element elementor-element-981b27e elementor-widget elementor-widget-text-editor\" data-id=\"981b27e\" data-element_type=\"widget\" data-e-type=\"widget\" data-widget_type=\"text-editor.default\">\n\t\t\t\t<div class=\"elementor-widget-container\">\n\t\t\t\t\t\t\t\t\t<p class=\"Normal tm6\"><span class=\"tm7\">Bildung f\u00fcr Nachhaltige Entwicklung (BNE) geh\u00f6rt zu den Kernaufgaben aller UNESCO-Biosph\u00e4renreservate, die zugleich wichtige Orte der Naturerfahrung und des Lernens sind<a id=\"aGoBack\"><\/a>. Die Themen sind vielf\u00e4ltig und erstrecken sich \u00fcber die Bereiche: <\/span><\/p><ul><li class=\"Listenabsatz tm8\"><span class=\"tm7\">Naturerfahrung mit allen Sinnen, <\/span><\/li><li class=\"Listenabsatz tm8\"><span class=\"tm7\">Grundlagenvermittlung zu typischen Lebensr\u00e4umen und charakteristischen Tier- und Pflanzenarten des UNESCO-Biosph\u00e4renreservats Flusslandschaft Elbe, bis hin zum <\/span><\/li><li class=\"Listenabsatz tm8\"><span class=\"tm7\">Ressourcen- und Klimaschutz. <\/span><\/li><\/ul>\t\t\t\t\t\t\t\t<\/div>\n\t\t\t\t<\/div>\n\t\t\t\t\t<\/div>\n\t\t\t\t<\/div>\n\t\t<div class=\"elementor-element elementor-element-837f2cf e-flex e-con-boxed e-con e-parent\" data-id=\"837f2cf\" data-element_type=\"container\" data-e-type=\"container\">\n\t\t\t\t\t<div class=\"e-con-inner\">\n\t\t<div class=\"elementor-element elementor-element-8877db5 e-con-full e-flex e-con e-child\" data-id=\"8877db5\" data-element_type=\"container\" data-e-type=\"container\">\n\t\t\t\t<div class=\"elementor-element elementor-element-d68fefe elementor-widget elementor-widget-gallery\" data-id=\"d68fefe\" data-element_type=\"widget\" data-e-type=\"widget\" data-settings=\"{&quot;columns&quot;:3,&quot;gallery_layout&quot;:&quot;grid&quot;,&quot;columns_tablet&quot;:2,&quot;columns_mobile&quot;:1,&quot;gap&quot;:{&quot;unit&quot;:&quot;px&quot;,&quot;size&quot;:10,&quot;sizes&quot;:[]},&quot;gap_tablet&quot;:{&quot;unit&quot;:&quot;px&quot;,&quot;size&quot;:10,&quot;sizes&quot;:[]},&quot;gap_mobile&quot;:{&quot;unit&quot;:&quot;px&quot;,&quot;size&quot;:10,&quot;sizes&quot;:[]},&quot;link_to&quot;:&quot;file&quot;,&quot;aspect_ratio&quot;:&quot;3:2&quot;,&quot;overlay_background&quot;:&quot;yes&quot;,&quot;content_hover_animation&quot;:&quot;fade-in&quot;}\" data-widget_type=\"gallery.default\">\n\t\t\t\t<div class=\"elementor-widget-container\">\n\t\t\t\t\t\t\t<div class=\"elementor-gallery__container\">\n\t\t\t\t\t\t\t<a data-elementor-lightbox-title=\"\u00a9 A. Morascher\" class=\"e-gallery-item elementor-gallery-item elementor-animated-content\" href=\"https:\/\/flusslandschaft-elbe.de\/wp-content\/uploads\/2022_06_18_Volunteers_Sand_2_Bundestreffen_Junior_Ranger_Boizenburg_A_Morascher-scaled.jpg\" data-elementor-open-lightbox=\"yes\" data-elementor-lightbox-slideshow=\"d68fefe\" data-elementor-lightbox-description=\"Junior Ranger und Ranger gemeinsam unterwegs\" data-e-action-hash=\"#elementor-action%3Aaction%3Dlightbox%26settings%3DeyJpZCI6NDc2MiwidXJsIjoiaHR0cHM6XC9cL2ZsdXNzbGFuZHNjaGFmdC1lbGJlLmRlXC93cC1jb250ZW50XC91cGxvYWRzXC8yMDIyXzA2XzE4X1ZvbHVudGVlcnNfU2FuZF8yX0J1bmRlc3RyZWZmZW5fSnVuaW9yX1Jhbmdlcl9Cb2l6ZW5idXJnX0FfTW9yYXNjaGVyLXNjYWxlZC5qcGciLCJzbGlkZXNob3ciOiJkNjhmZWZlIn0%3D\">\n\t\t\t\t\t<div class=\"e-gallery-image elementor-gallery-item__image\" data-thumbnail=\"https:\/\/flusslandschaft-elbe.de\/wp-content\/uploads\/2022_06_18_Volunteers_Sand_2_Bundestreffen_Junior_Ranger_Boizenburg_A_Morascher-512x341.jpg\" data-width=\"512\" data-height=\"341\" aria-label=\"Junior Ranger und Ranger beim Monitoring\" role=\"img\" ><\/div>\n\t\t\t\t\t\t\t\t\t\t\t<div class=\"elementor-gallery-item__overlay\"><\/div>\n\t\t\t\t\t\t\t\t\t\t\t\t\t\t<\/a>\n\t\t\t\t\t\t\t<a data-elementor-lightbox-title=\"\u00a9 Mirko Pannach\" class=\"e-gallery-item elementor-gallery-item elementor-animated-content\" href=\"https:\/\/flusslandschaft-elbe.de\/wp-content\/uploads\/Junior_Ranger_Thomas_Tukay_klein.jpg\" data-elementor-open-lightbox=\"yes\" data-elementor-lightbox-slideshow=\"d68fefe\" data-elementor-lightbox-description=\"Mit einem Ranger den Lebensraum Teich erkunden.\" data-e-action-hash=\"#elementor-action%3Aaction%3Dlightbox%26settings%3DeyJpZCI6Mzg5NSwidXJsIjoiaHR0cHM6XC9cL2ZsdXNzbGFuZHNjaGFmdC1lbGJlLmRlXC93cC1jb250ZW50XC91cGxvYWRzXC9KdW5pb3JfUmFuZ2VyX1Rob21hc19UdWtheV9rbGVpbi5qcGciLCJzbGlkZXNob3ciOiJkNjhmZWZlIn0%3D\">\n\t\t\t\t\t<div class=\"e-gallery-image elementor-gallery-item__image\" data-thumbnail=\"https:\/\/flusslandschaft-elbe.de\/wp-content\/uploads\/Junior_Ranger_Thomas_Tukay_klein-512x413.jpg\" data-width=\"512\" data-height=\"413\" aria-label=\"Ranger mit einer Kindergruppe, die als Junior-Ranger am Teich Wasserinsekten keschern\" role=\"img\" ><\/div>\n\t\t\t\t\t\t\t\t\t\t\t<div class=\"elementor-gallery-item__overlay\"><\/div>\n\t\t\t\t\t\t\t\t\t\t\t\t\t\t<\/a>\n\t\t\t\t\t\t\t<a data-elementor-lightbox-title=\"\u00a9 Markus Tiemann\" class=\"e-gallery-item elementor-gallery-item elementor-animated-content\" href=\"https:\/\/flusslandschaft-elbe.de\/wp-content\/uploads\/DSC4314-Biosphaerium-Bleckede-8-scaled.jpg\" data-elementor-open-lightbox=\"yes\" data-elementor-lightbox-slideshow=\"d68fefe\" data-elementor-lightbox-description=\"Die Ausstellung im Biosphaerium zeigt u.a. aus welchen Federn sich das Gefieder eines Vogels zusammensetzt.\" data-e-action-hash=\"#elementor-action%3Aaction%3Dlightbox%26settings%3DeyJpZCI6MjU0NCwidXJsIjoiaHR0cHM6XC9cL2ZsdXNzbGFuZHNjaGFmdC1lbGJlLmRlXC93cC1jb250ZW50XC91cGxvYWRzXC9EU0M0MzE0LUJpb3NwaGFlcml1bS1CbGVja2VkZS04LXNjYWxlZC5qcGciLCJzbGlkZXNob3ciOiJkNjhmZWZlIn0%3D\">\n\t\t\t\t\t<div class=\"e-gallery-image elementor-gallery-item__image\" data-thumbnail=\"https:\/\/flusslandschaft-elbe.de\/wp-content\/uploads\/DSC4314-Biosphaerium-Bleckede-8-512x341.jpg\" data-width=\"512\" data-height=\"341\" aria-label=\"Eine Frau und zwei Kinder betrachten das aufgef\u00e4chelte Gefieder eines Vogels in der Ausstellung des Biosphaeriums.\" role=\"img\" ><\/div>\n\t\t\t\t\t\t\t\t\t\t\t<div class=\"elementor-gallery-item__overlay\"><\/div>\n\t\t\t\t\t\t\t\t\t\t\t\t\t\t<\/a>\n\t\t\t\t\t<\/div>\n\t\t\t\t\t<\/div>\n\t\t\t\t<\/div>\n\t\t\t\t<\/div>\n\t\t\t\t\t<\/div>\n\t\t\t\t<\/div>\n\t\t<div class=\"elementor-element elementor-element-4c63797 e-flex e-con-boxed e-con e-parent\" data-id=\"4c63797\" data-element_type=\"container\" data-e-type=\"container\">\n\t\t\t\t\t<div class=\"e-con-inner\">\n\t\t\t\t<div class=\"elementor-element elementor-element-a9e4834 elementor-widget elementor-widget-text-editor\" data-id=\"a9e4834\" data-element_type=\"widget\" data-e-type=\"widget\" data-widget_type=\"text-editor.default\">\n\t\t\t\t<div class=\"elementor-widget-container\">\n\t\t\t\t\t\t\t\t\t<p class=\"Normal tm5\"><span class=\"tm6\">In den Biosph\u00e4renreservaten soll der globale Bildungsauftrag der Vereinten Nationen gef\u00f6rdert und umgesetzt werden mit dem Ziel, Mensch und Natur f\u00fcr ein nachhaltiges Miteinander zu sensibilisieren. Lernen Sie Wissenswertes \u00fcber das UNESCO-Biosph\u00e4renreservat Flusslandschaft Elbe in unseren Informationseinrichtungen oder nehmen Sie gern an unseren F\u00fchrungen, Vortr\u00e4gen oder Bildungsprogrammen teil. <\/span><\/p>\t\t\t\t\t\t\t\t<\/div>\n\t\t\t\t<\/div>\n\t\t\t\t\t<\/div>\n\t\t\t\t<\/div>\n\t\t\t\t<\/div>","protected":false},"excerpt":{"rendered":"<p>Bildung Bildung f\u00fcr Nachhaltige Entwicklung (BNE) geh\u00f6rt zu den Kernaufgaben aller UNESCO-Biosph\u00e4renreservate, die zugleich wichtige Orte der Naturerfahrung und des Lernens sind. Die Themen sind vielf\u00e4ltig und erstrecken sich \u00fcber die Bereiche: Naturerfahrung mit allen Sinnen, Grundlagenvermittlung zu typischen Lebensr\u00e4umen und charakteristischen Tier- und Pflanzenarten des UNESCO-Biosph\u00e4renreservats Flusslandschaft Elbe, bis hin zum Ressourcen- und Klimaschutz.&hellip;<\/p>","protected":false},"author":10,"featured_media":0,"parent":18,"menu_order":0,"comment_status":"closed","ping_status":"closed","template":"","meta":{"footnotes":""},"class_list":["post-4336","page","type-page","status-publish","hentry"],"yoast_head":"<!-- This site is optimized with the Yoast SEO plugin v27.4 - https:\/\/yoast.com\/product\/yoast-seo-wordpress\/ -->\n<title>Bildung - Flusslandschaft Elbe<\/title>\n<meta name=\"robots\" content=\"index, follow, max-snippet:-1, max-image-preview:large, max-video-preview:-1\" \/>\n<link rel=\"canonical\" href=\"https:\/\/flusslandschaft-elbe.de\/de\/lernen-mitmachen\/bildung\/\" \/>\n<meta property=\"og:locale\" content=\"de_DE\" \/>\n<meta property=\"og:type\" content=\"article\" \/>\n<meta property=\"og:title\" content=\"Bildung - Flusslandschaft Elbe\" \/>\n<meta property=\"og:description\" content=\"Bildung Bildung f\u00fcr Nachhaltige Entwicklung (BNE) geh\u00f6rt zu den Kernaufgaben aller UNESCO-Biosph\u00e4renreservate, die zugleich wichtige Orte der Naturerfahrung und des Lernens sind. Die Themen sind vielf\u00e4ltig und erstrecken sich \u00fcber die Bereiche: Naturerfahrung mit allen Sinnen, Grundlagenvermittlung zu typischen Lebensr\u00e4umen und charakteristischen Tier- und Pflanzenarten des UNESCO-Biosph\u00e4renreservats Flusslandschaft Elbe, bis hin zum Ressourcen- und Klimaschutz.&hellip;\" \/>\n<meta property=\"og:url\" content=\"https:\/\/flusslandschaft-elbe.de\/de\/lernen-mitmachen\/bildung\/\" \/>\n<meta property=\"og:site_name\" content=\"Flusslandschaft Elbe\" \/>\n<meta property=\"article:modified_time\" content=\"2025-07-30T09:05:59+00:00\" \/>\n<meta name=\"twitter:card\" content=\"summary_large_image\" \/>\n<meta name=\"twitter:label1\" content=\"Est. reading time\" \/>\n\t<meta name=\"twitter:data1\" content=\"1 minute\" \/>\n<script type=\"application\/ld+json\" class=\"yoast-schema-graph\">{\"@context\":\"https:\\\/\\\/schema.org\",\"@graph\":[{\"@type\":\"WebPage\",\"@id\":\"https:\\\/\\\/flusslandschaft-elbe.de\\\/lernen-mitmachen\\\/bildung\\\/\",\"url\":\"https:\\\/\\\/flusslandschaft-elbe.de\\\/lernen-mitmachen\\\/bildung\\\/\",\"name\":\"Bildung - Flusslandschaft Elbe\",\"isPartOf\":{\"@id\":\"https:\\\/\\\/flusslandschaft-elbe.de\\\/de-simple\\\/#website\"},\"datePublished\":\"2024-11-27T10:08:32+00:00\",\"dateModified\":\"2025-07-30T09:05:59+00:00\",\"breadcrumb\":{\"@id\":\"https:\\\/\\\/flusslandschaft-elbe.de\\\/lernen-mitmachen\\\/bildung\\\/#breadcrumb\"},\"inLanguage\":\"de-simple\",\"potentialAction\":[{\"@type\":\"ReadAction\",\"target\":[\"https:\\\/\\\/flusslandschaft-elbe.de\\\/lernen-mitmachen\\\/bildung\\\/\"]}]},{\"@type\":\"BreadcrumbList\",\"@id\":\"https:\\\/\\\/flusslandschaft-elbe.de\\\/lernen-mitmachen\\\/bildung\\\/#breadcrumb\",\"itemListElement\":[{\"@type\":\"ListItem\",\"position\":1,\"name\":\"Startseite\",\"item\":\"https:\\\/\\\/flusslandschaft-elbe.de\\\/\"},{\"@type\":\"ListItem\",\"position\":2,\"name\":\"Lernen &#038; Mitmachen\",\"item\":\"https:\\\/\\\/flusslandschaft-elbe.de\\\/lernen-mitmachen\\\/\"},{\"@type\":\"ListItem\",\"position\":3,\"name\":\"Bildung\"}]},{\"@type\":\"WebSite\",\"@id\":\"https:\\\/\\\/flusslandschaft-elbe.de\\\/de-simple\\\/#website\",\"url\":\"https:\\\/\\\/flusslandschaft-elbe.de\\\/de-simple\\\/\",\"name\":\"Flusslandschaft Elbe\",\"description\":\"\",\"publisher\":{\"@id\":\"https:\\\/\\\/flusslandschaft-elbe.de\\\/de-simple\\\/#organization\"},\"potentialAction\":[{\"@type\":\"SearchAction\",\"target\":{\"@type\":\"EntryPoint\",\"urlTemplate\":\"https:\\\/\\\/flusslandschaft-elbe.de\\\/de-simple\\\/?s={search_term_string}\"},\"query-input\":{\"@type\":\"PropertyValueSpecification\",\"valueRequired\":true,\"valueName\":\"search_term_string\"}}],\"inLanguage\":\"de-simple\"},{\"@type\":\"Organization\",\"@id\":\"https:\\\/\\\/flusslandschaft-elbe.de\\\/de-simple\\\/#organization\",\"name\":\"Flusslandschaft Elbe\",\"url\":\"https:\\\/\\\/flusslandschaft-elbe.de\\\/de-simple\\\/\",\"logo\":{\"@type\":\"ImageObject\",\"inLanguage\":\"de-simple\",\"@id\":\"https:\\\/\\\/flusslandschaft-elbe.de\\\/de-simple\\\/#\\\/schema\\\/logo\\\/image\\\/\",\"url\":\"https:\\\/\\\/flusslandschaft-elbe.de\\\/wp-content\\\/uploads\\\/favicon.png\",\"contentUrl\":\"https:\\\/\\\/flusslandschaft-elbe.de\\\/wp-content\\\/uploads\\\/favicon.png\",\"width\":196,\"height\":196,\"caption\":\"Flusslandschaft Elbe\"},\"image\":{\"@id\":\"https:\\\/\\\/flusslandschaft-elbe.de\\\/de-simple\\\/#\\\/schema\\\/logo\\\/image\\\/\"}}]}<\/script>\n<!-- \/ Yoast SEO plugin. -->","yoast_head_json":{"title":"Bildung - Flusslandschaft Elbe","robots":{"index":"index","follow":"follow","max-snippet":"max-snippet:-1","max-image-preview":"max-image-preview:large","max-video-preview":"max-video-preview:-1"},"canonical":"https:\/\/flusslandschaft-elbe.de\/de\/lernen-mitmachen\/bildung\/","og_locale":"de_DE","og_type":"article","og_title":"Bildung - Flusslandschaft Elbe","og_description":"Bildung Bildung f\u00fcr Nachhaltige Entwicklung (BNE) geh\u00f6rt zu den Kernaufgaben aller UNESCO-Biosph\u00e4renreservate, die zugleich wichtige Orte der Naturerfahrung und des Lernens sind. Die Themen sind vielf\u00e4ltig und erstrecken sich \u00fcber die Bereiche: Naturerfahrung mit allen Sinnen, Grundlagenvermittlung zu typischen Lebensr\u00e4umen und charakteristischen Tier- und Pflanzenarten des UNESCO-Biosph\u00e4renreservats Flusslandschaft Elbe, bis hin zum Ressourcen- und Klimaschutz.&hellip;","og_url":"https:\/\/flusslandschaft-elbe.de\/de\/lernen-mitmachen\/bildung\/","og_site_name":"Flusslandschaft Elbe","article_modified_time":"2025-07-30T09:05:59+00:00","twitter_card":"summary_large_image","twitter_misc":{"Est. reading time":"1 minute"},"schema":{"@context":"https:\/\/schema.org","@graph":[{"@type":"WebPage","@id":"https:\/\/flusslandschaft-elbe.de\/lernen-mitmachen\/bildung\/","url":"https:\/\/flusslandschaft-elbe.de\/lernen-mitmachen\/bildung\/","name":"Bildung - Flusslandschaft Elbe","isPartOf":{"@id":"https:\/\/flusslandschaft-elbe.de\/de-simple\/#website"},"datePublished":"2024-11-27T10:08:32+00:00","dateModified":"2025-07-30T09:05:59+00:00","breadcrumb":{"@id":"https:\/\/flusslandschaft-elbe.de\/lernen-mitmachen\/bildung\/#breadcrumb"},"inLanguage":"de-simple","potentialAction":[{"@type":"ReadAction","target":["https:\/\/flusslandschaft-elbe.de\/lernen-mitmachen\/bildung\/"]}]},{"@type":"BreadcrumbList","@id":"https:\/\/flusslandschaft-elbe.de\/lernen-mitmachen\/bildung\/#breadcrumb","itemListElement":[{"@type":"ListItem","position":1,"name":"Startseite","item":"https:\/\/flusslandschaft-elbe.de\/"},{"@type":"ListItem","position":2,"name":"Lernen &#038; Mitmachen","item":"https:\/\/flusslandschaft-elbe.de\/lernen-mitmachen\/"},{"@type":"ListItem","position":3,"name":"Bildung"}]},{"@type":"WebSite","@id":"https:\/\/flusslandschaft-elbe.de\/de-simple\/#website","url":"https:\/\/flusslandschaft-elbe.de\/de-simple\/","name":"Flusslandschaft Elbe","description":"","publisher":{"@id":"https:\/\/flusslandschaft-elbe.de\/de-simple\/#organization"},"potentialAction":[{"@type":"SearchAction","target":{"@type":"EntryPoint","urlTemplate":"https:\/\/flusslandschaft-elbe.de\/de-simple\/?s={search_term_string}"},"query-input":{"@type":"PropertyValueSpecification","valueRequired":true,"valueName":"search_term_string"}}],"inLanguage":"de-simple"},{"@type":"Organization","@id":"https:\/\/flusslandschaft-elbe.de\/de-simple\/#organization","name":"Flusslandschaft Elbe","url":"https:\/\/flusslandschaft-elbe.de\/de-simple\/","logo":{"@type":"ImageObject","inLanguage":"de-simple","@id":"https:\/\/flusslandschaft-elbe.de\/de-simple\/#\/schema\/logo\/image\/","url":"https:\/\/flusslandschaft-elbe.de\/wp-content\/uploads\/favicon.png","contentUrl":"https:\/\/flusslandschaft-elbe.de\/wp-content\/uploads\/favicon.png","width":196,"height":196,"caption":"Flusslandschaft Elbe"},"image":{"@id":"https:\/\/flusslandschaft-elbe.de\/de-simple\/#\/schema\/logo\/image\/"}}]}},"_links":{"self":[{"href":"https:\/\/flusslandschaft-elbe.de\/de\/wp-json\/wp\/v2\/pages\/4336","targetHints":{"allow":["GET"]}}],"collection":[{"href":"https:\/\/flusslandschaft-elbe.de\/de\/wp-json\/wp\/v2\/pages"}],"about":[{"href":"https:\/\/flusslandschaft-elbe.de\/de\/wp-json\/wp\/v2\/types\/page"}],"author":[{"embeddable":true,"href":"https:\/\/flusslandschaft-elbe.de\/de\/wp-json\/wp\/v2\/users\/10"}],"replies":[{"embeddable":true,"href":"https:\/\/flusslandschaft-elbe.de\/de\/wp-json\/wp\/v2\/comments?post=4336"}],"version-history":[{"count":1,"href":"https:\/\/flusslandschaft-elbe.de\/de\/wp-json\/wp\/v2\/pages\/4336\/revisions"}],"predecessor-version":[{"id":6953,"href":"https:\/\/flusslandschaft-elbe.de\/de\/wp-json\/wp\/v2\/pages\/4336\/revisions\/6953"}],"up":[{"embeddable":true,"href":"https:\/\/flusslandschaft-elbe.de\/de\/wp-json\/wp\/v2\/pages\/18"}],"wp:attachment":[{"href":"https:\/\/flusslandschaft-elbe.de\/de\/wp-json\/wp\/v2\/media?parent=4336"}],"curies":[{"name":"wp","href":"https:\/\/api.w.org\/{rel}","templated":true}]}}