{"id":4212,"date":"2024-11-26T18:28:15","date_gmt":"2024-11-26T17:28:15","guid":{"rendered":"https:\/\/flusslandschaft-elbe.de\/?page_id=4212"},"modified":"2024-11-26T18:31:41","modified_gmt":"2024-11-26T17:31:41","slug":"erholung-und-tourismus","status":"publish","type":"page","link":"https:\/\/flusslandschaft-elbe.de\/de\/erleben-erholen\/erholung-und-tourismus\/","title":{"rendered":"Erholung und Tourismus"},"content":{"rendered":"<div data-elementor-type=\"wp-page\" data-elementor-id=\"4212\" class=\"elementor elementor-4212\" data-elementor-post-type=\"page\">\n\t\t\t\t<div class=\"elementor-element elementor-element-d8fdb00 e-flex e-con-boxed e-con e-parent\" data-id=\"d8fdb00\" data-element_type=\"container\" data-e-type=\"container\">\n\t\t\t\t\t<div class=\"e-con-inner\">\n\t\t\t\t<div class=\"elementor-element elementor-element-445a11c elementor-widget elementor-widget-heading\" data-id=\"445a11c\" data-element_type=\"widget\" data-e-type=\"widget\" data-widget_type=\"heading.default\">\n\t\t\t\t<div class=\"elementor-widget-container\">\n\t\t\t\t\t<h2 class=\"elementor-heading-title elementor-size-default\">Erholung und Tourismus<\/h2>\t\t\t\t<\/div>\n\t\t\t\t<\/div>\n\t\t\t\t\t<\/div>\n\t\t\t\t<\/div>\n\t\t<div class=\"elementor-element elementor-element-d40658e e-flex e-con-boxed e-con e-parent\" data-id=\"d40658e\" data-element_type=\"container\" data-e-type=\"container\">\n\t\t\t\t\t<div class=\"e-con-inner\">\n\t\t\t\t<div class=\"elementor-element elementor-element-71a3e6b elementor-widget elementor-widget-text-editor\" data-id=\"71a3e6b\" data-element_type=\"widget\" data-e-type=\"widget\" data-widget_type=\"text-editor.default\">\n\t\t\t\t<div class=\"elementor-widget-container\">\n\t\t\t\t\t\t\t\t\t<p>Das UNESCO-Biosph\u00e4renreservat Flusslandschaft Elbe erstreckt sich auf \u00fcber 400 Flusskilometern zwischen Schleswig-Holstein und Sachsen-Anhalt. Die abwechslungsreiche Stromlandschaft bietet viel Raum f\u00fcr unterschiedliche Aktivit\u00e4ten und pr\u00e4sentiert sich zu jeder Jahreszeit auf ganz eigene und reizvolle Weise. Im Winter ver\u00e4ndern und pr\u00e4gen die Hochw\u00e4sser der Elbe immer wieder die Landschaft. Im Vorfr\u00fchling und Herbst ist der beeindruckende Vogelzug besonders gut zu erleben. Im Sommer bieten bl\u00fctenreiche Wiesen, majest\u00e4tische Auenw\u00e4lder, alte Kulturlandschaften und die ausgedehnten Sandb\u00e4nke der Elbe ein \u00fcberaus abwechslungsreiches Landschaftserlebnis.<\/p>\t\t\t\t\t\t\t\t<\/div>\n\t\t\t\t<\/div>\n\t\t\t\t\t<\/div>\n\t\t\t\t<\/div>\n\t\t<div class=\"elementor-element elementor-element-08f9691 e-flex e-con-boxed e-con e-parent\" data-id=\"08f9691\" data-element_type=\"container\" data-e-type=\"container\">\n\t\t\t\t\t<div class=\"e-con-inner\">\n\t\t\t\t<div class=\"elementor-element elementor-element-460becd elementor-widget elementor-widget-gallery\" data-id=\"460becd\" data-element_type=\"widget\" data-e-type=\"widget\" data-settings=\"{&quot;columns&quot;:3,&quot;gallery_layout&quot;:&quot;grid&quot;,&quot;columns_tablet&quot;:2,&quot;columns_mobile&quot;:1,&quot;gap&quot;:{&quot;unit&quot;:&quot;px&quot;,&quot;size&quot;:10,&quot;sizes&quot;:[]},&quot;gap_tablet&quot;:{&quot;unit&quot;:&quot;px&quot;,&quot;size&quot;:10,&quot;sizes&quot;:[]},&quot;gap_mobile&quot;:{&quot;unit&quot;:&quot;px&quot;,&quot;size&quot;:10,&quot;sizes&quot;:[]},&quot;link_to&quot;:&quot;file&quot;,&quot;aspect_ratio&quot;:&quot;3:2&quot;,&quot;overlay_background&quot;:&quot;yes&quot;,&quot;content_hover_animation&quot;:&quot;fade-in&quot;}\" data-widget_type=\"gallery.default\">\n\t\t\t\t<div class=\"elementor-widget-container\">\n\t\t\t\t\t\t\t<div class=\"elementor-gallery__container\">\n\t\t\t\t\t\t\t<a data-elementor-lightbox-title=\"\u00a9 Tilo Geisel\" class=\"e-gallery-item elementor-gallery-item elementor-animated-content\" href=\"https:\/\/flusslandschaft-elbe.de\/wp-content\/uploads\/Klein-Schmoelen-mit-Kiefer-scaled.jpg\" data-elementor-open-lightbox=\"yes\" data-elementor-lightbox-slideshow=\"460becd\" data-elementor-lightbox-description=\"Eine halb versandete Kiefer auf der Binnend\u00fcne bei Klein Schm\u00f6len\" data-e-action-hash=\"#elementor-action%3Aaction%3Dlightbox%26settings%3DeyJpZCI6MjE1MiwidXJsIjoiaHR0cHM6XC9cL2ZsdXNzbGFuZHNjaGFmdC1lbGJlLmRlXC93cC1jb250ZW50XC91cGxvYWRzXC9LbGVpbi1TY2htb2VsZW4tbWl0LUtpZWZlci1zY2FsZWQuanBnIiwic2xpZGVzaG93IjoiNDYwYmVjZCJ9\">\n\t\t\t\t\t<div class=\"e-gallery-image elementor-gallery-item__image\" data-thumbnail=\"https:\/\/flusslandschaft-elbe.de\/wp-content\/uploads\/Klein-Schmoelen-mit-Kiefer-512x343.jpg\" data-width=\"512\" data-height=\"343\" aria-label=\"Kiefer die von Sand eingeweht wurde\" role=\"img\" ><\/div>\n\t\t\t\t\t\t\t\t\t\t\t<div class=\"elementor-gallery-item__overlay\"><\/div>\n\t\t\t\t\t\t\t\t\t\t\t\t\t\t<\/a>\n\t\t\t\t\t\t\t<a data-elementor-lightbox-title=\"\u00a9 Markus Tiemann\" class=\"e-gallery-item elementor-gallery-item elementor-animated-content\" href=\"https:\/\/flusslandschaft-elbe.de\/wp-content\/uploads\/DSC3451-Stiepelse-1-scaled.jpg\" data-elementor-open-lightbox=\"yes\" data-elementor-lightbox-slideshow=\"460becd\" data-elementor-lightbox-description=\"Radfahrer machen bei Stiepelse eine Pause auf dem Deich\" data-e-action-hash=\"#elementor-action%3Aaction%3Dlightbox%26settings%3DeyJpZCI6MjE1MSwidXJsIjoiaHR0cHM6XC9cL2ZsdXNzbGFuZHNjaGFmdC1lbGJlLmRlXC93cC1jb250ZW50XC91cGxvYWRzXC9EU0MzNDUxLVN0aWVwZWxzZS0xLXNjYWxlZC5qcGciLCJzbGlkZXNob3ciOiI0NjBiZWNkIn0%3D\">\n\t\t\t\t\t<div class=\"e-gallery-image elementor-gallery-item__image\" data-thumbnail=\"https:\/\/flusslandschaft-elbe.de\/wp-content\/uploads\/DSC3451-Stiepelse-1-512x341.jpg\" data-width=\"512\" data-height=\"341\" aria-label=\"Menschen sitzen in Liegest\u00fchlen auf dem Elbdeich\" role=\"img\" ><\/div>\n\t\t\t\t\t\t\t\t\t\t\t<div class=\"elementor-gallery-item__overlay\"><\/div>\n\t\t\t\t\t\t\t\t\t\t\t\t\t\t<\/a>\n\t\t\t\t\t\t\t<a data-elementor-lightbox-title=\"\u00a9 Markus Tiemann\" class=\"e-gallery-item elementor-gallery-item elementor-animated-content\" href=\"https:\/\/flusslandschaft-elbe.de\/wp-content\/uploads\/DSC3194-Grenzturm-Darchau-27-scaled.jpg\" data-elementor-open-lightbox=\"yes\" data-elementor-lightbox-slideshow=\"460becd\" data-elementor-lightbox-description=\"Blick vom Grenzturm in Darchau\" data-e-action-hash=\"#elementor-action%3Aaction%3Dlightbox%26settings%3DeyJpZCI6MjE1MCwidXJsIjoiaHR0cHM6XC9cL2ZsdXNzbGFuZHNjaGFmdC1lbGJlLmRlXC93cC1jb250ZW50XC91cGxvYWRzXC9EU0MzMTk0LUdyZW56dHVybS1EYXJjaGF1LTI3LXNjYWxlZC5qcGciLCJzbGlkZXNob3ciOiI0NjBiZWNkIn0%3D\">\n\t\t\t\t\t<div class=\"e-gallery-image elementor-gallery-item__image\" data-thumbnail=\"https:\/\/flusslandschaft-elbe.de\/wp-content\/uploads\/DSC3194-Grenzturm-Darchau-27-512x341.jpg\" data-width=\"512\" data-height=\"341\" aria-label=\"Blick \u00fcber den Fluss Elbe\" role=\"img\" ><\/div>\n\t\t\t\t\t\t\t\t\t\t\t<div class=\"elementor-gallery-item__overlay\"><\/div>\n\t\t\t\t\t\t\t\t\t\t\t\t\t\t<\/a>\n\t\t\t\t\t<\/div>\n\t\t\t\t\t<\/div>\n\t\t\t\t<\/div>\n\t\t\t\t\t<\/div>\n\t\t\t\t<\/div>\n\t\t<div class=\"elementor-element elementor-element-ab23d95 e-flex e-con-boxed e-con e-parent\" data-id=\"ab23d95\" data-element_type=\"container\" data-e-type=\"container\">\n\t\t\t\t\t<div class=\"e-con-inner\">\n\t\t\t\t<div class=\"elementor-element elementor-element-22ce7b5 elementor-widget elementor-widget-text-editor\" data-id=\"22ce7b5\" data-element_type=\"widget\" data-e-type=\"widget\" data-widget_type=\"text-editor.default\">\n\t\t\t\t<div class=\"elementor-widget-container\">\n\t\t\t\t\t\t\t\t\t<p>Das Biosph\u00e4renreservat bietet somit das ganze Jahr \u00fcber vielf\u00e4ltige M\u00f6glichkeiten zum Natur- und Kulturerleben sowie zur Erholung. Auf den folgenden Seiten haben wir die wichtigsten Informationen f\u00fcr Wanderungen, Fahrradtouren und weitere Natur- und Kulturerlebnisse f\u00fcr Sie zusammengefasst.<\/p>\t\t\t\t\t\t\t\t<\/div>\n\t\t\t\t<\/div>\n\t\t\t\t\t<\/div>\n\t\t\t\t<\/div>\n\t\t<div class=\"elementor-element elementor-element-032847c e-flex e-con-boxed e-con e-parent\" data-id=\"032847c\" data-element_type=\"container\" data-e-type=\"container\">\n\t\t\t\t\t<div class=\"e-con-inner\">\n\t\t\t\t<div class=\"elementor-element elementor-element-5092934 elementor-widget elementor-widget-spacer\" data-id=\"5092934\" data-element_type=\"widget\" data-e-type=\"widget\" data-widget_type=\"spacer.default\">\n\t\t\t\t<div class=\"elementor-widget-container\">\n\t\t\t\t\t\t\t<div class=\"elementor-spacer\">\n\t\t\t<div class=\"elementor-spacer-inner\"><\/div>\n\t\t<\/div>\n\t\t\t\t\t\t<\/div>\n\t\t\t\t<\/div>\n\t\t\t\t\t<\/div>\n\t\t\t\t<\/div>\n\t\t\t\t<\/div>","protected":false},"excerpt":{"rendered":"<p>Erholung und Tourismus Das UNESCO-Biosph\u00e4renreservat Flusslandschaft Elbe erstreckt sich auf \u00fcber 400 Flusskilometern zwischen Schleswig-Holstein und Sachsen-Anhalt. Die abwechslungsreiche Stromlandschaft bietet viel Raum f\u00fcr unterschiedliche Aktivit\u00e4ten und pr\u00e4sentiert sich zu jeder Jahreszeit auf ganz eigene und reizvolle Weise. Im Winter ver\u00e4ndern und pr\u00e4gen die Hochw\u00e4sser der Elbe immer wieder die Landschaft. Im Vorfr\u00fchling und Herbst&hellip;<\/p>","protected":false},"author":10,"featured_media":0,"parent":17,"menu_order":0,"comment_status":"closed","ping_status":"closed","template":"","meta":{"footnotes":""},"class_list":["post-4212","page","type-page","status-publish","hentry"],"yoast_head":"<!-- This site is optimized with the Yoast SEO plugin v27.4 - https:\/\/yoast.com\/product\/yoast-seo-wordpress\/ -->\n<title>Erholung und Tourismus - Flusslandschaft Elbe<\/title>\n<meta name=\"robots\" content=\"index, follow, max-snippet:-1, max-image-preview:large, max-video-preview:-1\" \/>\n<link rel=\"canonical\" href=\"https:\/\/flusslandschaft-elbe.de\/de\/erleben-erholen\/erholung-und-tourismus\/\" \/>\n<meta property=\"og:locale\" content=\"de_DE\" \/>\n<meta property=\"og:type\" content=\"article\" \/>\n<meta property=\"og:title\" content=\"Erholung und Tourismus - Flusslandschaft Elbe\" \/>\n<meta property=\"og:description\" content=\"Erholung und Tourismus Das UNESCO-Biosph\u00e4renreservat Flusslandschaft Elbe erstreckt sich auf \u00fcber 400 Flusskilometern zwischen Schleswig-Holstein und Sachsen-Anhalt. Die abwechslungsreiche Stromlandschaft bietet viel Raum f\u00fcr unterschiedliche Aktivit\u00e4ten und pr\u00e4sentiert sich zu jeder Jahreszeit auf ganz eigene und reizvolle Weise. Im Winter ver\u00e4ndern und pr\u00e4gen die Hochw\u00e4sser der Elbe immer wieder die Landschaft. Im Vorfr\u00fchling und Herbst&hellip;\" \/>\n<meta property=\"og:url\" content=\"https:\/\/flusslandschaft-elbe.de\/de\/erleben-erholen\/erholung-und-tourismus\/\" \/>\n<meta property=\"og:site_name\" content=\"Flusslandschaft Elbe\" \/>\n<meta property=\"article:modified_time\" content=\"2024-11-26T17:31:41+00:00\" \/>\n<meta name=\"twitter:card\" content=\"summary_large_image\" \/>\n<meta name=\"twitter:label1\" content=\"Est. reading time\" \/>\n\t<meta name=\"twitter:data1\" content=\"1 minute\" \/>\n<script type=\"application\/ld+json\" class=\"yoast-schema-graph\">{\"@context\":\"https:\\\/\\\/schema.org\",\"@graph\":[{\"@type\":\"WebPage\",\"@id\":\"https:\\\/\\\/flusslandschaft-elbe.de\\\/erleben-erholen\\\/erholung-und-tourismus\\\/\",\"url\":\"https:\\\/\\\/flusslandschaft-elbe.de\\\/erleben-erholen\\\/erholung-und-tourismus\\\/\",\"name\":\"Erholung und Tourismus - Flusslandschaft Elbe\",\"isPartOf\":{\"@id\":\"https:\\\/\\\/flusslandschaft-elbe.de\\\/de-simple\\\/#website\"},\"datePublished\":\"2024-11-26T17:28:15+00:00\",\"dateModified\":\"2024-11-26T17:31:41+00:00\",\"breadcrumb\":{\"@id\":\"https:\\\/\\\/flusslandschaft-elbe.de\\\/erleben-erholen\\\/erholung-und-tourismus\\\/#breadcrumb\"},\"inLanguage\":\"de-simple\",\"potentialAction\":[{\"@type\":\"ReadAction\",\"target\":[\"https:\\\/\\\/flusslandschaft-elbe.de\\\/erleben-erholen\\\/erholung-und-tourismus\\\/\"]}]},{\"@type\":\"BreadcrumbList\",\"@id\":\"https:\\\/\\\/flusslandschaft-elbe.de\\\/erleben-erholen\\\/erholung-und-tourismus\\\/#breadcrumb\",\"itemListElement\":[{\"@type\":\"ListItem\",\"position\":1,\"name\":\"Startseite\",\"item\":\"https:\\\/\\\/flusslandschaft-elbe.de\\\/\"},{\"@type\":\"ListItem\",\"position\":2,\"name\":\"Erleben &#038; Erholen\",\"item\":\"https:\\\/\\\/flusslandschaft-elbe.de\\\/erleben-erholen\\\/\"},{\"@type\":\"ListItem\",\"position\":3,\"name\":\"Erholung und Tourismus\"}]},{\"@type\":\"WebSite\",\"@id\":\"https:\\\/\\\/flusslandschaft-elbe.de\\\/de-simple\\\/#website\",\"url\":\"https:\\\/\\\/flusslandschaft-elbe.de\\\/de-simple\\\/\",\"name\":\"Flusslandschaft Elbe\",\"description\":\"\",\"publisher\":{\"@id\":\"https:\\\/\\\/flusslandschaft-elbe.de\\\/de-simple\\\/#organization\"},\"potentialAction\":[{\"@type\":\"SearchAction\",\"target\":{\"@type\":\"EntryPoint\",\"urlTemplate\":\"https:\\\/\\\/flusslandschaft-elbe.de\\\/de-simple\\\/?s={search_term_string}\"},\"query-input\":{\"@type\":\"PropertyValueSpecification\",\"valueRequired\":true,\"valueName\":\"search_term_string\"}}],\"inLanguage\":\"de-simple\"},{\"@type\":\"Organization\",\"@id\":\"https:\\\/\\\/flusslandschaft-elbe.de\\\/de-simple\\\/#organization\",\"name\":\"Flusslandschaft Elbe\",\"url\":\"https:\\\/\\\/flusslandschaft-elbe.de\\\/de-simple\\\/\",\"logo\":{\"@type\":\"ImageObject\",\"inLanguage\":\"de-simple\",\"@id\":\"https:\\\/\\\/flusslandschaft-elbe.de\\\/de-simple\\\/#\\\/schema\\\/logo\\\/image\\\/\",\"url\":\"https:\\\/\\\/flusslandschaft-elbe.de\\\/wp-content\\\/uploads\\\/favicon.png\",\"contentUrl\":\"https:\\\/\\\/flusslandschaft-elbe.de\\\/wp-content\\\/uploads\\\/favicon.png\",\"width\":196,\"height\":196,\"caption\":\"Flusslandschaft Elbe\"},\"image\":{\"@id\":\"https:\\\/\\\/flusslandschaft-elbe.de\\\/de-simple\\\/#\\\/schema\\\/logo\\\/image\\\/\"}}]}<\/script>\n<!-- \/ Yoast SEO plugin. -->","yoast_head_json":{"title":"Erholung und Tourismus - Flusslandschaft Elbe","robots":{"index":"index","follow":"follow","max-snippet":"max-snippet:-1","max-image-preview":"max-image-preview:large","max-video-preview":"max-video-preview:-1"},"canonical":"https:\/\/flusslandschaft-elbe.de\/de\/erleben-erholen\/erholung-und-tourismus\/","og_locale":"de_DE","og_type":"article","og_title":"Erholung und Tourismus - Flusslandschaft Elbe","og_description":"Erholung und Tourismus Das UNESCO-Biosph\u00e4renreservat Flusslandschaft Elbe erstreckt sich auf \u00fcber 400 Flusskilometern zwischen Schleswig-Holstein und Sachsen-Anhalt. Die abwechslungsreiche Stromlandschaft bietet viel Raum f\u00fcr unterschiedliche Aktivit\u00e4ten und pr\u00e4sentiert sich zu jeder Jahreszeit auf ganz eigene und reizvolle Weise. Im Winter ver\u00e4ndern und pr\u00e4gen die Hochw\u00e4sser der Elbe immer wieder die Landschaft. Im Vorfr\u00fchling und Herbst&hellip;","og_url":"https:\/\/flusslandschaft-elbe.de\/de\/erleben-erholen\/erholung-und-tourismus\/","og_site_name":"Flusslandschaft Elbe","article_modified_time":"2024-11-26T17:31:41+00:00","twitter_card":"summary_large_image","twitter_misc":{"Est. reading time":"1 minute"},"schema":{"@context":"https:\/\/schema.org","@graph":[{"@type":"WebPage","@id":"https:\/\/flusslandschaft-elbe.de\/erleben-erholen\/erholung-und-tourismus\/","url":"https:\/\/flusslandschaft-elbe.de\/erleben-erholen\/erholung-und-tourismus\/","name":"Erholung und Tourismus - Flusslandschaft Elbe","isPartOf":{"@id":"https:\/\/flusslandschaft-elbe.de\/de-simple\/#website"},"datePublished":"2024-11-26T17:28:15+00:00","dateModified":"2024-11-26T17:31:41+00:00","breadcrumb":{"@id":"https:\/\/flusslandschaft-elbe.de\/erleben-erholen\/erholung-und-tourismus\/#breadcrumb"},"inLanguage":"de-simple","potentialAction":[{"@type":"ReadAction","target":["https:\/\/flusslandschaft-elbe.de\/erleben-erholen\/erholung-und-tourismus\/"]}]},{"@type":"BreadcrumbList","@id":"https:\/\/flusslandschaft-elbe.de\/erleben-erholen\/erholung-und-tourismus\/#breadcrumb","itemListElement":[{"@type":"ListItem","position":1,"name":"Startseite","item":"https:\/\/flusslandschaft-elbe.de\/"},{"@type":"ListItem","position":2,"name":"Erleben &#038; Erholen","item":"https:\/\/flusslandschaft-elbe.de\/erleben-erholen\/"},{"@type":"ListItem","position":3,"name":"Erholung und Tourismus"}]},{"@type":"WebSite","@id":"https:\/\/flusslandschaft-elbe.de\/de-simple\/#website","url":"https:\/\/flusslandschaft-elbe.de\/de-simple\/","name":"Flusslandschaft Elbe","description":"","publisher":{"@id":"https:\/\/flusslandschaft-elbe.de\/de-simple\/#organization"},"potentialAction":[{"@type":"SearchAction","target":{"@type":"EntryPoint","urlTemplate":"https:\/\/flusslandschaft-elbe.de\/de-simple\/?s={search_term_string}"},"query-input":{"@type":"PropertyValueSpecification","valueRequired":true,"valueName":"search_term_string"}}],"inLanguage":"de-simple"},{"@type":"Organization","@id":"https:\/\/flusslandschaft-elbe.de\/de-simple\/#organization","name":"Flusslandschaft Elbe","url":"https:\/\/flusslandschaft-elbe.de\/de-simple\/","logo":{"@type":"ImageObject","inLanguage":"de-simple","@id":"https:\/\/flusslandschaft-elbe.de\/de-simple\/#\/schema\/logo\/image\/","url":"https:\/\/flusslandschaft-elbe.de\/wp-content\/uploads\/favicon.png","contentUrl":"https:\/\/flusslandschaft-elbe.de\/wp-content\/uploads\/favicon.png","width":196,"height":196,"caption":"Flusslandschaft Elbe"},"image":{"@id":"https:\/\/flusslandschaft-elbe.de\/de-simple\/#\/schema\/logo\/image\/"}}]}},"_links":{"self":[{"href":"https:\/\/flusslandschaft-elbe.de\/de\/wp-json\/wp\/v2\/pages\/4212","targetHints":{"allow":["GET"]}}],"collection":[{"href":"https:\/\/flusslandschaft-elbe.de\/de\/wp-json\/wp\/v2\/pages"}],"about":[{"href":"https:\/\/flusslandschaft-elbe.de\/de\/wp-json\/wp\/v2\/types\/page"}],"author":[{"embeddable":true,"href":"https:\/\/flusslandschaft-elbe.de\/de\/wp-json\/wp\/v2\/users\/10"}],"replies":[{"embeddable":true,"href":"https:\/\/flusslandschaft-elbe.de\/de\/wp-json\/wp\/v2\/comments?post=4212"}],"version-history":[{"count":2,"href":"https:\/\/flusslandschaft-elbe.de\/de\/wp-json\/wp\/v2\/pages\/4212\/revisions"}],"predecessor-version":[{"id":5498,"href":"https:\/\/flusslandschaft-elbe.de\/de\/wp-json\/wp\/v2\/pages\/4212\/revisions\/5498"}],"up":[{"embeddable":true,"href":"https:\/\/flusslandschaft-elbe.de\/de\/wp-json\/wp\/v2\/pages\/17"}],"wp:attachment":[{"href":"https:\/\/flusslandschaft-elbe.de\/de\/wp-json\/wp\/v2\/media?parent=4212"}],"curies":[{"name":"wp","href":"https:\/\/api.w.org\/{rel}","templated":true}]}}