{"id":3908,"date":"2024-11-25T13:12:31","date_gmt":"2024-11-25T12:12:31","guid":{"rendered":"https:\/\/flusslandschaft-elbe.de\/?page_id=3908"},"modified":"2025-01-29T13:12:35","modified_gmt":"2025-01-29T12:12:35","slug":"lernen-mitmachen-leichte-sprache","status":"publish","type":"page","link":"https:\/\/flusslandschaft-elbe.de\/de\/lernen-mitmachen-leichte-sprache\/","title":{"rendered":"Lernen &#038; Mitmachen &#8211; leichte Sprache"},"content":{"rendered":"<div data-elementor-type=\"wp-page\" data-elementor-id=\"3908\" class=\"elementor elementor-3908\" data-elementor-post-type=\"page\">\n\t\t\t\t<div class=\"elementor-element elementor-element-e23a215 e-flex e-con-boxed e-con e-parent\" data-id=\"e23a215\" data-element_type=\"container\" data-e-type=\"container\">\n\t\t\t\t\t<div class=\"e-con-inner\">\n\t\t\t\t<div class=\"elementor-element elementor-element-e311a68 elementor-widget elementor-widget-heading\" data-id=\"e311a68\" data-element_type=\"widget\" data-e-type=\"widget\" data-widget_type=\"heading.default\">\n\t\t\t\t<div class=\"elementor-widget-container\">\n\t\t\t\t\t<h2 class=\"elementor-heading-title elementor-size-default\">Lernen und Mitmachen<\/h2>\t\t\t\t<\/div>\n\t\t\t\t<\/div>\n\t\t\t\t\t<\/div>\n\t\t\t\t<\/div>\n\t\t<div class=\"elementor-element elementor-element-44acfb5 e-flex e-con-boxed e-con e-parent\" data-id=\"44acfb5\" data-element_type=\"container\" data-e-type=\"container\">\n\t\t\t\t\t<div class=\"e-con-inner\">\n\t\t\t\t<div class=\"elementor-element elementor-element-0710df1 elementor-widget elementor-widget-text-editor\" data-id=\"0710df1\" data-element_type=\"widget\" data-e-type=\"widget\" data-widget_type=\"text-editor.default\">\n\t\t\t\t<div class=\"elementor-widget-container\">\n\t\t\t\t\t\t\t\t\t<h3>Bildung<\/h3><p>Das UNESCO-Biosph\u00e4renreservat \u201eFlusslandschaft Elbe\u201c ist ein Ort zum Lernen und Erleben. Es gibt viele Themen, die dort vermittelt werden:<\/p><ul><li>Die Natur mit allen Sinnen erleben.<\/li><li>Wissen \u00fcber Tiere, Pflanzen und Lebensr\u00e4ume der Elbe.<\/li><li>Tipps zum Schutz der Umwelt und des Klimas.<\/li><\/ul><p>Das Ziel ist, ein gutes Miteinander von Mensch und Natur zu f\u00f6rdern. In den Informationseinrichtungen, bei F\u00fchrungen oder Vortr\u00e4gen gibt es viele spannende Angebote zum Lernen.<\/p>\t\t\t\t\t\t\t\t<\/div>\n\t\t\t\t<\/div>\n\t\t\t\t<div class=\"elementor-element elementor-element-a1c55e2 elementor-widget elementor-widget-image\" data-id=\"a1c55e2\" data-element_type=\"widget\" data-e-type=\"widget\" data-widget_type=\"image.default\">\n\t\t\t\t<div class=\"elementor-widget-container\">\n\t\t\t\t\t\t\t\t\t\t\t\t\t\t\t<figure class=\"position-relative\"><img fetchpriority=\"high\" decoding=\"async\" width=\"768\" height=\"576\" src=\"https:\/\/flusslandschaft-elbe.de\/wp-content\/uploads\/Lebensraeume_Die_Wiese_P_Neumann-768x576.jpg\" class=\"attachment-medium_large size-medium_large wp-image-2072\" alt=\"Kinder bestimmen mit Hilfer einer Ranger\u00edn Pflanzen.\" srcset=\"https:\/\/flusslandschaft-elbe.de\/wp-content\/uploads\/Lebensraeume_Die_Wiese_P_Neumann-768x576.jpg 768w, https:\/\/flusslandschaft-elbe.de\/wp-content\/uploads\/Lebensraeume_Die_Wiese_P_Neumann-512x384.jpg 512w, https:\/\/flusslandschaft-elbe.de\/wp-content\/uploads\/Lebensraeume_Die_Wiese_P_Neumann-1024x768.jpg 1024w, https:\/\/flusslandschaft-elbe.de\/wp-content\/uploads\/Lebensraeume_Die_Wiese_P_Neumann-1536x1152.jpg 1536w, https:\/\/flusslandschaft-elbe.de\/wp-content\/uploads\/Lebensraeume_Die_Wiese_P_Neumann-2048x1536.jpg 2048w, https:\/\/flusslandschaft-elbe.de\/wp-content\/uploads\/Lebensraeume_Die_Wiese_P_Neumann-16x12.jpg 16w\" sizes=\"(max-width: 768px) 100vw, 768px\" \/><figcaption class=\"img-author\" title=\"\u00a9 P. Neumann\">\u00a9 P. Neumann<\/figcaption><\/figure>\t\t\t\t\t\t\t\t\t\t\t\t\t\t\t<\/div>\n\t\t\t\t<\/div>\n\t\t\t\t\t<\/div>\n\t\t\t\t<\/div>\n\t\t<div class=\"elementor-element elementor-element-1ae58b5 e-flex e-con-boxed e-con e-parent\" data-id=\"1ae58b5\" data-element_type=\"container\" data-e-type=\"container\">\n\t\t\t\t\t<div class=\"e-con-inner\">\n\t\t\t\t<div class=\"elementor-element elementor-element-dbe0da0 elementor-widget elementor-widget-text-editor\" data-id=\"dbe0da0\" data-element_type=\"widget\" data-e-type=\"widget\" data-widget_type=\"text-editor.default\">\n\t\t\t\t<div class=\"elementor-widget-container\">\n\t\t\t\t\t\t\t\t\t<p><em>Eine Rangerin zeigt Kindern die Pflanzen auf einer Wiese.<\/em><br \/><em>Die Kinder beobachten, bestimmen und lernen mit B\u00fcchern.<\/em><br \/><em>So entdecken sie die Natur im Biosph\u00e4renreservat.<\/em><br \/><em>Bildung hier bedeutet, die Umwelt mit allen Sinnen zu erleben.<\/em><\/p>\t\t\t\t\t\t\t\t<\/div>\n\t\t\t\t<\/div>\n\t\t\t\t<div class=\"elementor-element elementor-element-1cb5fe0 elementor-widget elementor-widget-text-editor\" data-id=\"1cb5fe0\" data-element_type=\"widget\" data-e-type=\"widget\" data-widget_type=\"text-editor.default\">\n\t\t\t\t<div class=\"elementor-widget-container\">\n\t\t\t\t\t\t\t\t\t<h3>Informationsstellen<\/h3><p>Im Biosph\u00e4renreservat \u201eFlusslandschaft Elbe\u201c gibt es in jedem Bundesland Informationsstellen. Dort k\u00f6nnen Besucherinnen und Besucher mehr \u00fcber die Region erfahren.<br \/>In den Ausstellungen gibt es Informationen zu:<\/p><ul><li>den Landschaften und Besonderheiten an der Elbe,<\/li><li>der Geschichte und dem Leben in der Region,<\/li><li>den Aufgaben und Zielen des Biosph\u00e4renreservats.<\/li><\/ul><p>Zus\u00e4tzlich gibt es Tipps f\u00fcr Ausfl\u00fcge und Sehensw\u00fcrdigkeiten. Jede Informationsstelle hat ihre eigene Webseite mit weiteren Informationen.<\/p><p>\u00a0<\/p>\t\t\t\t\t\t\t\t<\/div>\n\t\t\t\t<\/div>\n\t\t\t\t<div class=\"elementor-element elementor-element-84feb07 elementor-widget elementor-widget-image\" data-id=\"84feb07\" data-element_type=\"widget\" data-e-type=\"widget\" data-widget_type=\"image.default\">\n\t\t\t\t<div class=\"elementor-widget-container\">\n\t\t\t\t\t\t\t\t\t\t\t\t\t\t\t<figure class=\"position-relative\"><img decoding=\"async\" width=\"768\" height=\"512\" src=\"https:\/\/flusslandschaft-elbe.de\/wp-content\/uploads\/2023-10-04_Uebergabe_Biosphaerenschule_Doemitz_mit_Schuelern_T_Rasche-768x512.jpg\" class=\"attachment-medium_large size-medium_large wp-image-1552\" alt=\"Die Sch\u00fclerinnen und Sch\u00fcler des Schulzentrums Fritz Reuter in D\u00f6mitz nehmen die Plakette &quot;Biosph\u00e4renschule&quot; entgegen.\" srcset=\"https:\/\/flusslandschaft-elbe.de\/wp-content\/uploads\/2023-10-04_Uebergabe_Biosphaerenschule_Doemitz_mit_Schuelern_T_Rasche-768x512.jpg 768w, https:\/\/flusslandschaft-elbe.de\/wp-content\/uploads\/2023-10-04_Uebergabe_Biosphaerenschule_Doemitz_mit_Schuelern_T_Rasche-2048x1365.jpg 2048w, https:\/\/flusslandschaft-elbe.de\/wp-content\/uploads\/2023-10-04_Uebergabe_Biosphaerenschule_Doemitz_mit_Schuelern_T_Rasche-512x341.jpg 512w, https:\/\/flusslandschaft-elbe.de\/wp-content\/uploads\/2023-10-04_Uebergabe_Biosphaerenschule_Doemitz_mit_Schuelern_T_Rasche-1024x683.jpg 1024w, https:\/\/flusslandschaft-elbe.de\/wp-content\/uploads\/2023-10-04_Uebergabe_Biosphaerenschule_Doemitz_mit_Schuelern_T_Rasche-1536x1024.jpg 1536w, https:\/\/flusslandschaft-elbe.de\/wp-content\/uploads\/2023-10-04_Uebergabe_Biosphaerenschule_Doemitz_mit_Schuelern_T_Rasche-18x12.jpg 18w\" sizes=\"(max-width: 768px) 100vw, 768px\" \/><figcaption class=\"img-author\" title=\"\u00a9 Archiv Biosph\u00e4renreservatsamt Schaalsee-Elbe\">\u00a9 Archiv Biosph\u00e4renreservatsamt Schaalsee-Elbe<\/figcaption><\/figure>\t\t\t\t\t\t\t\t\t\t\t\t\t\t\t<\/div>\n\t\t\t\t<\/div>\n\t\t\t\t<div class=\"elementor-element elementor-element-f4679b4 elementor-widget elementor-widget-text-editor\" data-id=\"f4679b4\" data-element_type=\"widget\" data-e-type=\"widget\" data-widget_type=\"text-editor.default\">\n\t\t\t\t<div class=\"elementor-widget-container\">\n\t\t\t\t\t\t\t\t\t<p><em>Eine Schule erh\u00e4lt die Auszeichnung als Biosph\u00e4renschule.<\/em><br \/><em>Kinder und Lehrkr\u00e4fte feiern ihre Arbeit f\u00fcr die Umwelt.<\/em><br \/><em>Das Biosph\u00e4renreservat f\u00f6rdert Bildung f\u00fcr Nachhaltigkeit.<\/em><br \/><em>Hier lernen Kinder, die Natur zu sch\u00fctzen und zu bewahren.<\/em><\/p>\t\t\t\t\t\t\t\t<\/div>\n\t\t\t\t<\/div>\n\t\t\t\t<div class=\"elementor-element elementor-element-19cb406 elementor-widget elementor-widget-text-editor\" data-id=\"19cb406\" data-element_type=\"widget\" data-e-type=\"widget\" data-widget_type=\"text-editor.default\">\n\t\t\t\t<div class=\"elementor-widget-container\">\n\t\t\t\t\t\t\t\t\t<h3>Biosph\u00e4renkinderg\u00e4rten und -schulen<\/h3><p>Kinderg\u00e4rten und Schulen im Biosph\u00e4renreservat arbeiten eng mit den Verwaltungen zusammen. Diese Zusammenarbeit geh\u00f6rt zur \u201eBildung f\u00fcr Nachhaltige Entwicklung\u201c (BNE), einem UNESCO-Programm.<br \/>Einige Kinderg\u00e4rten und Schulen sind als \u201eBiosph\u00e4renkindergarten\u201c oder \u201eBiosph\u00e4renschule\u201c ausgezeichnet. Sie f\u00f6rdern:<\/p><ul><li>den Schutz der Natur,<\/li><li>das Lernen \u00fcber die Biosph\u00e4re<\/li><\/ul><p>Diese Auszeichnungen sind Teil einer Initiative, die Nationalparke, Biosph\u00e4renreservate und Naturparke in ganz Deutschland verbindet. Mit einer Urkunde und Plakette wird die Zusammenarbeit anerkannt. Ziel ist eine enge und langfristige Partnerschaft.<\/p><p>\u00a0<\/p>\t\t\t\t\t\t\t\t<\/div>\n\t\t\t\t<\/div>\n\t\t\t\t\t<\/div>\n\t\t\t\t<\/div>\n\t\t\t\t<\/div>","protected":false},"excerpt":{"rendered":"<p>Lernen und Mitmachen Bildung Das UNESCO-Biosph\u00e4renreservat \u201eFlusslandschaft Elbe\u201c ist ein Ort zum Lernen und Erleben. Es gibt viele Themen, die dort vermittelt werden: Die Natur mit allen Sinnen erleben. Wissen \u00fcber Tiere, Pflanzen und Lebensr\u00e4ume der Elbe. Tipps zum Schutz der Umwelt und des Klimas. Das Ziel ist, ein gutes Miteinander von Mensch und Natur&hellip;<\/p>","protected":false},"author":2,"featured_media":0,"parent":0,"menu_order":0,"comment_status":"closed","ping_status":"closed","template":"","meta":{"footnotes":""},"class_list":["post-3908","page","type-page","status-publish","hentry"],"yoast_head":"<!-- This site is optimized with the Yoast SEO plugin v27.4 - https:\/\/yoast.com\/product\/yoast-seo-wordpress\/ -->\n<title>Lernen &amp; Mitmachen - leichte Sprache - Flusslandschaft Elbe<\/title>\n<meta name=\"robots\" content=\"index, follow, max-snippet:-1, max-image-preview:large, max-video-preview:-1\" \/>\n<link rel=\"canonical\" href=\"https:\/\/flusslandschaft-elbe.de\/de\/lernen-mitmachen-leichte-sprache\/\" \/>\n<meta property=\"og:locale\" content=\"de_DE\" \/>\n<meta property=\"og:type\" content=\"article\" \/>\n<meta property=\"og:title\" content=\"Lernen &amp; Mitmachen - leichte Sprache - Flusslandschaft Elbe\" \/>\n<meta property=\"og:description\" content=\"Lernen und Mitmachen Bildung Das UNESCO-Biosph\u00e4renreservat \u201eFlusslandschaft Elbe\u201c ist ein Ort zum Lernen und Erleben. Es gibt viele Themen, die dort vermittelt werden: Die Natur mit allen Sinnen erleben. Wissen \u00fcber Tiere, Pflanzen und Lebensr\u00e4ume der Elbe. Tipps zum Schutz der Umwelt und des Klimas. Das Ziel ist, ein gutes Miteinander von Mensch und Natur&hellip;\" \/>\n<meta property=\"og:url\" content=\"https:\/\/flusslandschaft-elbe.de\/de\/lernen-mitmachen-leichte-sprache\/\" \/>\n<meta property=\"og:site_name\" content=\"Flusslandschaft Elbe\" \/>\n<meta property=\"article:modified_time\" content=\"2025-01-29T12:12:35+00:00\" \/>\n<meta property=\"og:image\" content=\"https:\/\/flusslandschaft-elbe.de\/wp-content\/uploads\/Lebensraeume_Die_Wiese_P_Neumann-scaled.jpg\" \/>\n\t<meta property=\"og:image:width\" content=\"2560\" \/>\n\t<meta property=\"og:image:height\" content=\"1920\" \/>\n\t<meta property=\"og:image:type\" content=\"image\/jpeg\" \/>\n<meta name=\"twitter:card\" content=\"summary_large_image\" \/>\n<meta name=\"twitter:label1\" content=\"Est. reading time\" \/>\n\t<meta name=\"twitter:data1\" content=\"2 minutes\" \/>\n<script type=\"application\/ld+json\" class=\"yoast-schema-graph\">{\"@context\":\"https:\\\/\\\/schema.org\",\"@graph\":[{\"@type\":\"WebPage\",\"@id\":\"https:\\\/\\\/flusslandschaft-elbe.de\\\/lernen-mitmachen-leichte-sprache\\\/\",\"url\":\"https:\\\/\\\/flusslandschaft-elbe.de\\\/lernen-mitmachen-leichte-sprache\\\/\",\"name\":\"Lernen & Mitmachen - leichte Sprache - Flusslandschaft Elbe\",\"isPartOf\":{\"@id\":\"https:\\\/\\\/flusslandschaft-elbe.de\\\/de-simple\\\/#website\"},\"primaryImageOfPage\":{\"@id\":\"https:\\\/\\\/flusslandschaft-elbe.de\\\/lernen-mitmachen-leichte-sprache\\\/#primaryimage\"},\"image\":{\"@id\":\"https:\\\/\\\/flusslandschaft-elbe.de\\\/lernen-mitmachen-leichte-sprache\\\/#primaryimage\"},\"thumbnailUrl\":\"https:\\\/\\\/flusslandschaft-elbe.de\\\/wp-content\\\/uploads\\\/Lebensraeume_Die_Wiese_P_Neumann-768x576.jpg\",\"datePublished\":\"2024-11-25T12:12:31+00:00\",\"dateModified\":\"2025-01-29T12:12:35+00:00\",\"breadcrumb\":{\"@id\":\"https:\\\/\\\/flusslandschaft-elbe.de\\\/lernen-mitmachen-leichte-sprache\\\/#breadcrumb\"},\"inLanguage\":\"de-simple\",\"potentialAction\":[{\"@type\":\"ReadAction\",\"target\":[\"https:\\\/\\\/flusslandschaft-elbe.de\\\/lernen-mitmachen-leichte-sprache\\\/\"]}]},{\"@type\":\"ImageObject\",\"inLanguage\":\"de-simple\",\"@id\":\"https:\\\/\\\/flusslandschaft-elbe.de\\\/lernen-mitmachen-leichte-sprache\\\/#primaryimage\",\"url\":\"https:\\\/\\\/flusslandschaft-elbe.de\\\/wp-content\\\/uploads\\\/Lebensraeume_Die_Wiese_P_Neumann-768x576.jpg\",\"contentUrl\":\"https:\\\/\\\/flusslandschaft-elbe.de\\\/wp-content\\\/uploads\\\/Lebensraeume_Die_Wiese_P_Neumann-768x576.jpg\"},{\"@type\":\"BreadcrumbList\",\"@id\":\"https:\\\/\\\/flusslandschaft-elbe.de\\\/lernen-mitmachen-leichte-sprache\\\/#breadcrumb\",\"itemListElement\":[{\"@type\":\"ListItem\",\"position\":1,\"name\":\"Startseite\",\"item\":\"https:\\\/\\\/flusslandschaft-elbe.de\\\/\"},{\"@type\":\"ListItem\",\"position\":2,\"name\":\"Lernen &#038; Mitmachen &#8211; leichte Sprache\"}]},{\"@type\":\"WebSite\",\"@id\":\"https:\\\/\\\/flusslandschaft-elbe.de\\\/de-simple\\\/#website\",\"url\":\"https:\\\/\\\/flusslandschaft-elbe.de\\\/de-simple\\\/\",\"name\":\"Flusslandschaft Elbe\",\"description\":\"\",\"publisher\":{\"@id\":\"https:\\\/\\\/flusslandschaft-elbe.de\\\/de-simple\\\/#organization\"},\"potentialAction\":[{\"@type\":\"SearchAction\",\"target\":{\"@type\":\"EntryPoint\",\"urlTemplate\":\"https:\\\/\\\/flusslandschaft-elbe.de\\\/de-simple\\\/?s={search_term_string}\"},\"query-input\":{\"@type\":\"PropertyValueSpecification\",\"valueRequired\":true,\"valueName\":\"search_term_string\"}}],\"inLanguage\":\"de-simple\"},{\"@type\":\"Organization\",\"@id\":\"https:\\\/\\\/flusslandschaft-elbe.de\\\/de-simple\\\/#organization\",\"name\":\"Flusslandschaft Elbe\",\"url\":\"https:\\\/\\\/flusslandschaft-elbe.de\\\/de-simple\\\/\",\"logo\":{\"@type\":\"ImageObject\",\"inLanguage\":\"de-simple\",\"@id\":\"https:\\\/\\\/flusslandschaft-elbe.de\\\/de-simple\\\/#\\\/schema\\\/logo\\\/image\\\/\",\"url\":\"https:\\\/\\\/flusslandschaft-elbe.de\\\/wp-content\\\/uploads\\\/favicon.png\",\"contentUrl\":\"https:\\\/\\\/flusslandschaft-elbe.de\\\/wp-content\\\/uploads\\\/favicon.png\",\"width\":196,\"height\":196,\"caption\":\"Flusslandschaft Elbe\"},\"image\":{\"@id\":\"https:\\\/\\\/flusslandschaft-elbe.de\\\/de-simple\\\/#\\\/schema\\\/logo\\\/image\\\/\"}}]}<\/script>\n<!-- \/ Yoast SEO plugin. -->","yoast_head_json":{"title":"Lernen & Mitmachen - leichte Sprache - Flusslandschaft Elbe","robots":{"index":"index","follow":"follow","max-snippet":"max-snippet:-1","max-image-preview":"max-image-preview:large","max-video-preview":"max-video-preview:-1"},"canonical":"https:\/\/flusslandschaft-elbe.de\/de\/lernen-mitmachen-leichte-sprache\/","og_locale":"de_DE","og_type":"article","og_title":"Lernen & Mitmachen - leichte Sprache - Flusslandschaft Elbe","og_description":"Lernen und Mitmachen Bildung Das UNESCO-Biosph\u00e4renreservat \u201eFlusslandschaft Elbe\u201c ist ein Ort zum Lernen und Erleben. Es gibt viele Themen, die dort vermittelt werden: Die Natur mit allen Sinnen erleben. Wissen \u00fcber Tiere, Pflanzen und Lebensr\u00e4ume der Elbe. Tipps zum Schutz der Umwelt und des Klimas. Das Ziel ist, ein gutes Miteinander von Mensch und Natur&hellip;","og_url":"https:\/\/flusslandschaft-elbe.de\/de\/lernen-mitmachen-leichte-sprache\/","og_site_name":"Flusslandschaft Elbe","article_modified_time":"2025-01-29T12:12:35+00:00","og_image":[{"width":2560,"height":1920,"url":"https:\/\/flusslandschaft-elbe.de\/wp-content\/uploads\/Lebensraeume_Die_Wiese_P_Neumann-scaled.jpg","type":"image\/jpeg"}],"twitter_card":"summary_large_image","twitter_misc":{"Est. reading time":"2 minutes"},"schema":{"@context":"https:\/\/schema.org","@graph":[{"@type":"WebPage","@id":"https:\/\/flusslandschaft-elbe.de\/lernen-mitmachen-leichte-sprache\/","url":"https:\/\/flusslandschaft-elbe.de\/lernen-mitmachen-leichte-sprache\/","name":"Lernen & Mitmachen - leichte Sprache - Flusslandschaft Elbe","isPartOf":{"@id":"https:\/\/flusslandschaft-elbe.de\/de-simple\/#website"},"primaryImageOfPage":{"@id":"https:\/\/flusslandschaft-elbe.de\/lernen-mitmachen-leichte-sprache\/#primaryimage"},"image":{"@id":"https:\/\/flusslandschaft-elbe.de\/lernen-mitmachen-leichte-sprache\/#primaryimage"},"thumbnailUrl":"https:\/\/flusslandschaft-elbe.de\/wp-content\/uploads\/Lebensraeume_Die_Wiese_P_Neumann-768x576.jpg","datePublished":"2024-11-25T12:12:31+00:00","dateModified":"2025-01-29T12:12:35+00:00","breadcrumb":{"@id":"https:\/\/flusslandschaft-elbe.de\/lernen-mitmachen-leichte-sprache\/#breadcrumb"},"inLanguage":"de-simple","potentialAction":[{"@type":"ReadAction","target":["https:\/\/flusslandschaft-elbe.de\/lernen-mitmachen-leichte-sprache\/"]}]},{"@type":"ImageObject","inLanguage":"de-simple","@id":"https:\/\/flusslandschaft-elbe.de\/lernen-mitmachen-leichte-sprache\/#primaryimage","url":"https:\/\/flusslandschaft-elbe.de\/wp-content\/uploads\/Lebensraeume_Die_Wiese_P_Neumann-768x576.jpg","contentUrl":"https:\/\/flusslandschaft-elbe.de\/wp-content\/uploads\/Lebensraeume_Die_Wiese_P_Neumann-768x576.jpg"},{"@type":"BreadcrumbList","@id":"https:\/\/flusslandschaft-elbe.de\/lernen-mitmachen-leichte-sprache\/#breadcrumb","itemListElement":[{"@type":"ListItem","position":1,"name":"Startseite","item":"https:\/\/flusslandschaft-elbe.de\/"},{"@type":"ListItem","position":2,"name":"Lernen &#038; Mitmachen &#8211; leichte Sprache"}]},{"@type":"WebSite","@id":"https:\/\/flusslandschaft-elbe.de\/de-simple\/#website","url":"https:\/\/flusslandschaft-elbe.de\/de-simple\/","name":"Flusslandschaft Elbe","description":"","publisher":{"@id":"https:\/\/flusslandschaft-elbe.de\/de-simple\/#organization"},"potentialAction":[{"@type":"SearchAction","target":{"@type":"EntryPoint","urlTemplate":"https:\/\/flusslandschaft-elbe.de\/de-simple\/?s={search_term_string}"},"query-input":{"@type":"PropertyValueSpecification","valueRequired":true,"valueName":"search_term_string"}}],"inLanguage":"de-simple"},{"@type":"Organization","@id":"https:\/\/flusslandschaft-elbe.de\/de-simple\/#organization","name":"Flusslandschaft Elbe","url":"https:\/\/flusslandschaft-elbe.de\/de-simple\/","logo":{"@type":"ImageObject","inLanguage":"de-simple","@id":"https:\/\/flusslandschaft-elbe.de\/de-simple\/#\/schema\/logo\/image\/","url":"https:\/\/flusslandschaft-elbe.de\/wp-content\/uploads\/favicon.png","contentUrl":"https:\/\/flusslandschaft-elbe.de\/wp-content\/uploads\/favicon.png","width":196,"height":196,"caption":"Flusslandschaft Elbe"},"image":{"@id":"https:\/\/flusslandschaft-elbe.de\/de-simple\/#\/schema\/logo\/image\/"}}]}},"_links":{"self":[{"href":"https:\/\/flusslandschaft-elbe.de\/de\/wp-json\/wp\/v2\/pages\/3908","targetHints":{"allow":["GET"]}}],"collection":[{"href":"https:\/\/flusslandschaft-elbe.de\/de\/wp-json\/wp\/v2\/pages"}],"about":[{"href":"https:\/\/flusslandschaft-elbe.de\/de\/wp-json\/wp\/v2\/types\/page"}],"author":[{"embeddable":true,"href":"https:\/\/flusslandschaft-elbe.de\/de\/wp-json\/wp\/v2\/users\/2"}],"replies":[{"embeddable":true,"href":"https:\/\/flusslandschaft-elbe.de\/de\/wp-json\/wp\/v2\/comments?post=3908"}],"version-history":[{"count":1,"href":"https:\/\/flusslandschaft-elbe.de\/de\/wp-json\/wp\/v2\/pages\/3908\/revisions"}],"predecessor-version":[{"id":6658,"href":"https:\/\/flusslandschaft-elbe.de\/de\/wp-json\/wp\/v2\/pages\/3908\/revisions\/6658"}],"wp:attachment":[{"href":"https:\/\/flusslandschaft-elbe.de\/de\/wp-json\/wp\/v2\/media?parent=3908"}],"curies":[{"name":"wp","href":"https:\/\/api.w.org\/{rel}","templated":true}]}}