{"id":3907,"date":"2024-11-25T13:12:47","date_gmt":"2024-11-25T12:12:47","guid":{"rendered":"https:\/\/flusslandschaft-elbe.de\/?page_id=3907"},"modified":"2024-12-16T09:12:51","modified_gmt":"2024-12-16T08:12:51","slug":"partner-leichte-sprache","status":"publish","type":"page","link":"https:\/\/flusslandschaft-elbe.de\/de\/partner-leichte-sprache\/","title":{"rendered":"Partner &#8211; leichte Sprache"},"content":{"rendered":"<div data-elementor-type=\"wp-page\" data-elementor-id=\"3907\" class=\"elementor elementor-3907\" data-elementor-post-type=\"page\">\n\t\t\t\t<div class=\"elementor-element elementor-element-bbf516c e-flex e-con-boxed e-con e-parent\" data-id=\"bbf516c\" data-element_type=\"container\" data-e-type=\"container\">\n\t\t\t\t\t<div class=\"e-con-inner\">\n\t\t\t\t<div class=\"elementor-element elementor-element-175ec85 elementor-widget elementor-widget-heading\" data-id=\"175ec85\" data-element_type=\"widget\" data-e-type=\"widget\" data-widget_type=\"heading.default\">\n\t\t\t\t<div class=\"elementor-widget-container\">\n\t\t\t\t\t<h2 class=\"elementor-heading-title elementor-size-default\">Partner<\/h2>\t\t\t\t<\/div>\n\t\t\t\t<\/div>\n\t\t\t\t\t<\/div>\n\t\t\t\t<\/div>\n\t\t<div class=\"elementor-element elementor-element-230ac59 e-flex e-con-boxed e-con e-parent\" data-id=\"230ac59\" data-element_type=\"container\" data-e-type=\"container\">\n\t\t\t\t\t<div class=\"e-con-inner\">\n\t\t\t\t<div class=\"elementor-element elementor-element-4edb05e elementor-widget elementor-widget-text-editor\" data-id=\"4edb05e\" data-element_type=\"widget\" data-e-type=\"widget\" data-widget_type=\"text-editor.default\">\n\t\t\t\t<div class=\"elementor-widget-container\">\n\t\t\t\t\t\t\t\t\t<h3>Partner des UNESCO-Biosph\u00e4renreservats Flusslandschaft Elbe<\/h3><p>Das Biosph\u00e4renreservat \u201eFlusslandschaft Elbe\u201c hat seit 2011 ein Partnernetzwerk. Dieses Netzwerk verbindet Menschen, Vereine und Unternehmen, die umweltfreundlich arbeiten. Die Partner setzen sich f\u00fcr den Schutz der Natur und eine nachhaltige Entwicklung in der Region ein.<\/p><p>Die Produkte und Dienstleistungen der Partner stehen f\u00fcr:<\/p><ul><li>Qualit\u00e4t,<\/li><li>Umweltfreundlichkeit<\/li><li>Regionalit\u00e4t<\/li><\/ul><p>Das Netzwerk arbeitet eng mit den Biosph\u00e4renreservatsverwaltungen, Gemeinden und Vereinen zusammen. Es gibt mehr als 190 Partner aus elf verschiedenen Branchen.<\/p><p>\u00a0<\/p>\t\t\t\t\t\t\t\t<\/div>\n\t\t\t\t<\/div>\n\t\t\t\t\t<\/div>\n\t\t\t\t<\/div>\n\t\t<div class=\"elementor-element elementor-element-de815bf e-flex e-con-boxed e-con e-parent\" data-id=\"de815bf\" data-element_type=\"container\" data-e-type=\"container\">\n\t\t\t\t\t<div class=\"e-con-inner\">\n\t\t\t\t<div class=\"elementor-element elementor-element-1c970ad elementor-widget elementor-widget-text-editor\" data-id=\"1c970ad\" data-element_type=\"widget\" data-e-type=\"widget\" data-widget_type=\"text-editor.default\">\n\t\t\t\t<div class=\"elementor-widget-container\">\n\t\t\t\t\t\t\t\t\t<h3>Mitmachen<\/h3><p>Unternehmen und Vereine k\u00f6nnen Teil des Partnernetzwerks werden, wenn sie nachhaltig und umweltbewusst arbeiten. Um Partner zu werden, muss man ein besonderes Pr\u00fcfverfahren bestehen.<\/p><p>Die Zertifizierung gibt es f\u00fcr elf Branchen, zum Beispiel:<\/p><ul><li>Bildungseinrichtungen,<\/li><li>Gastronomie,<\/li><li>Landwirtschaft,<\/li><li>Tourismus<\/li><li>Natur- und Landschaftsf\u00fchrer.<\/li><\/ul><p class=\"Normal tm5\"><span class=\"tm6\">In jedem Bundesland pr\u00fcft eine unabh\u00e4ngige Gruppe, ob ein Bewerber die Kriterien erf\u00fcllt. Nach sp\u00e4testens drei Jahren wird gepr\u00fcft, ob die Bedingungen weiterhin eingehalten werden.<\/span><\/p><p class=\"Normal tm5\"><span class=\"tm6\">Die Partner erhalten eine Urkunde und eine Plakette. Diese zeigen, dass sie Teil des Netzwerks sind und f\u00fcr hohe Qualit\u00e4t stehen.<\/span><\/p><p>\u00a0<\/p>\t\t\t\t\t\t\t\t<\/div>\n\t\t\t\t<\/div>\n\t\t\t\t<div class=\"elementor-element elementor-element-4d8d693 elementor-widget elementor-widget-text-editor\" data-id=\"4d8d693\" data-element_type=\"widget\" data-e-type=\"widget\" data-widget_type=\"text-editor.default\">\n\t\t\t\t<div class=\"elementor-widget-container\">\n\t\t\t\t\t\t\t\t\t<h3>Bewerben<\/h3><p>Wer Partner werden m\u00f6chte, kann sich bewerben. Die zust\u00e4ndige Ansprechperson hilft durch den Pr\u00fcfprozess.<\/p>\t\t\t\t\t\t\t\t<\/div>\n\t\t\t\t<\/div>\n\t\t\t\t\t<\/div>\n\t\t\t\t<\/div>\n\t\t\t\t<\/div>","protected":false},"excerpt":{"rendered":"<p>Partner Partner des UNESCO-Biosph\u00e4renreservats Flusslandschaft Elbe Das Biosph\u00e4renreservat \u201eFlusslandschaft Elbe\u201c hat seit 2011 ein Partnernetzwerk. Dieses Netzwerk verbindet Menschen, Vereine und Unternehmen, die umweltfreundlich arbeiten. Die Partner setzen sich f\u00fcr den Schutz der Natur und eine nachhaltige Entwicklung in der Region ein. Die Produkte und Dienstleistungen der Partner stehen f\u00fcr: Qualit\u00e4t, Umweltfreundlichkeit Regionalit\u00e4t Das Netzwerk&hellip;<\/p>","protected":false},"author":2,"featured_media":0,"parent":0,"menu_order":0,"comment_status":"closed","ping_status":"closed","template":"","meta":{"footnotes":""},"class_list":["post-3907","page","type-page","status-publish","hentry"],"yoast_head":"<!-- This site is optimized with the Yoast SEO plugin v27.4 - https:\/\/yoast.com\/product\/yoast-seo-wordpress\/ -->\n<title>Partner - leichte Sprache - Flusslandschaft Elbe<\/title>\n<meta name=\"robots\" content=\"index, follow, max-snippet:-1, max-image-preview:large, max-video-preview:-1\" \/>\n<link rel=\"canonical\" href=\"https:\/\/flusslandschaft-elbe.de\/de\/partner-leichte-sprache\/\" \/>\n<meta property=\"og:locale\" content=\"de_DE\" \/>\n<meta property=\"og:type\" content=\"article\" \/>\n<meta property=\"og:title\" content=\"Partner - leichte Sprache - Flusslandschaft Elbe\" \/>\n<meta property=\"og:description\" content=\"Partner Partner des UNESCO-Biosph\u00e4renreservats Flusslandschaft Elbe Das Biosph\u00e4renreservat \u201eFlusslandschaft Elbe\u201c hat seit 2011 ein Partnernetzwerk. Dieses Netzwerk verbindet Menschen, Vereine und Unternehmen, die umweltfreundlich arbeiten. Die Partner setzen sich f\u00fcr den Schutz der Natur und eine nachhaltige Entwicklung in der Region ein. Die Produkte und Dienstleistungen der Partner stehen f\u00fcr: Qualit\u00e4t, Umweltfreundlichkeit Regionalit\u00e4t Das Netzwerk&hellip;\" \/>\n<meta property=\"og:url\" content=\"https:\/\/flusslandschaft-elbe.de\/de\/partner-leichte-sprache\/\" \/>\n<meta property=\"og:site_name\" content=\"Flusslandschaft Elbe\" \/>\n<meta property=\"article:modified_time\" content=\"2024-12-16T08:12:51+00:00\" \/>\n<meta name=\"twitter:card\" content=\"summary_large_image\" \/>\n<meta name=\"twitter:label1\" content=\"Est. reading time\" \/>\n\t<meta name=\"twitter:data1\" content=\"1 minute\" \/>\n<script type=\"application\/ld+json\" class=\"yoast-schema-graph\">{\"@context\":\"https:\\\/\\\/schema.org\",\"@graph\":[{\"@type\":\"WebPage\",\"@id\":\"https:\\\/\\\/flusslandschaft-elbe.de\\\/partner-leichte-sprache\\\/\",\"url\":\"https:\\\/\\\/flusslandschaft-elbe.de\\\/partner-leichte-sprache\\\/\",\"name\":\"Partner - leichte Sprache - Flusslandschaft Elbe\",\"isPartOf\":{\"@id\":\"https:\\\/\\\/flusslandschaft-elbe.de\\\/de-simple\\\/#website\"},\"datePublished\":\"2024-11-25T12:12:47+00:00\",\"dateModified\":\"2024-12-16T08:12:51+00:00\",\"breadcrumb\":{\"@id\":\"https:\\\/\\\/flusslandschaft-elbe.de\\\/partner-leichte-sprache\\\/#breadcrumb\"},\"inLanguage\":\"de-simple\",\"potentialAction\":[{\"@type\":\"ReadAction\",\"target\":[\"https:\\\/\\\/flusslandschaft-elbe.de\\\/partner-leichte-sprache\\\/\"]}]},{\"@type\":\"BreadcrumbList\",\"@id\":\"https:\\\/\\\/flusslandschaft-elbe.de\\\/partner-leichte-sprache\\\/#breadcrumb\",\"itemListElement\":[{\"@type\":\"ListItem\",\"position\":1,\"name\":\"Startseite\",\"item\":\"https:\\\/\\\/flusslandschaft-elbe.de\\\/\"},{\"@type\":\"ListItem\",\"position\":2,\"name\":\"Partner &#8211; leichte Sprache\"}]},{\"@type\":\"WebSite\",\"@id\":\"https:\\\/\\\/flusslandschaft-elbe.de\\\/de-simple\\\/#website\",\"url\":\"https:\\\/\\\/flusslandschaft-elbe.de\\\/de-simple\\\/\",\"name\":\"Flusslandschaft Elbe\",\"description\":\"\",\"publisher\":{\"@id\":\"https:\\\/\\\/flusslandschaft-elbe.de\\\/de-simple\\\/#organization\"},\"potentialAction\":[{\"@type\":\"SearchAction\",\"target\":{\"@type\":\"EntryPoint\",\"urlTemplate\":\"https:\\\/\\\/flusslandschaft-elbe.de\\\/de-simple\\\/?s={search_term_string}\"},\"query-input\":{\"@type\":\"PropertyValueSpecification\",\"valueRequired\":true,\"valueName\":\"search_term_string\"}}],\"inLanguage\":\"de-simple\"},{\"@type\":\"Organization\",\"@id\":\"https:\\\/\\\/flusslandschaft-elbe.de\\\/de-simple\\\/#organization\",\"name\":\"Flusslandschaft Elbe\",\"url\":\"https:\\\/\\\/flusslandschaft-elbe.de\\\/de-simple\\\/\",\"logo\":{\"@type\":\"ImageObject\",\"inLanguage\":\"de-simple\",\"@id\":\"https:\\\/\\\/flusslandschaft-elbe.de\\\/de-simple\\\/#\\\/schema\\\/logo\\\/image\\\/\",\"url\":\"https:\\\/\\\/flusslandschaft-elbe.de\\\/wp-content\\\/uploads\\\/favicon.png\",\"contentUrl\":\"https:\\\/\\\/flusslandschaft-elbe.de\\\/wp-content\\\/uploads\\\/favicon.png\",\"width\":196,\"height\":196,\"caption\":\"Flusslandschaft Elbe\"},\"image\":{\"@id\":\"https:\\\/\\\/flusslandschaft-elbe.de\\\/de-simple\\\/#\\\/schema\\\/logo\\\/image\\\/\"}}]}<\/script>\n<!-- \/ Yoast SEO plugin. -->","yoast_head_json":{"title":"Partner - leichte Sprache - Flusslandschaft Elbe","robots":{"index":"index","follow":"follow","max-snippet":"max-snippet:-1","max-image-preview":"max-image-preview:large","max-video-preview":"max-video-preview:-1"},"canonical":"https:\/\/flusslandschaft-elbe.de\/de\/partner-leichte-sprache\/","og_locale":"de_DE","og_type":"article","og_title":"Partner - leichte Sprache - Flusslandschaft Elbe","og_description":"Partner Partner des UNESCO-Biosph\u00e4renreservats Flusslandschaft Elbe Das Biosph\u00e4renreservat \u201eFlusslandschaft Elbe\u201c hat seit 2011 ein Partnernetzwerk. Dieses Netzwerk verbindet Menschen, Vereine und Unternehmen, die umweltfreundlich arbeiten. Die Partner setzen sich f\u00fcr den Schutz der Natur und eine nachhaltige Entwicklung in der Region ein. Die Produkte und Dienstleistungen der Partner stehen f\u00fcr: Qualit\u00e4t, Umweltfreundlichkeit Regionalit\u00e4t Das Netzwerk&hellip;","og_url":"https:\/\/flusslandschaft-elbe.de\/de\/partner-leichte-sprache\/","og_site_name":"Flusslandschaft Elbe","article_modified_time":"2024-12-16T08:12:51+00:00","twitter_card":"summary_large_image","twitter_misc":{"Est. reading time":"1 minute"},"schema":{"@context":"https:\/\/schema.org","@graph":[{"@type":"WebPage","@id":"https:\/\/flusslandschaft-elbe.de\/partner-leichte-sprache\/","url":"https:\/\/flusslandschaft-elbe.de\/partner-leichte-sprache\/","name":"Partner - leichte Sprache - Flusslandschaft Elbe","isPartOf":{"@id":"https:\/\/flusslandschaft-elbe.de\/de-simple\/#website"},"datePublished":"2024-11-25T12:12:47+00:00","dateModified":"2024-12-16T08:12:51+00:00","breadcrumb":{"@id":"https:\/\/flusslandschaft-elbe.de\/partner-leichte-sprache\/#breadcrumb"},"inLanguage":"de-simple","potentialAction":[{"@type":"ReadAction","target":["https:\/\/flusslandschaft-elbe.de\/partner-leichte-sprache\/"]}]},{"@type":"BreadcrumbList","@id":"https:\/\/flusslandschaft-elbe.de\/partner-leichte-sprache\/#breadcrumb","itemListElement":[{"@type":"ListItem","position":1,"name":"Startseite","item":"https:\/\/flusslandschaft-elbe.de\/"},{"@type":"ListItem","position":2,"name":"Partner &#8211; leichte Sprache"}]},{"@type":"WebSite","@id":"https:\/\/flusslandschaft-elbe.de\/de-simple\/#website","url":"https:\/\/flusslandschaft-elbe.de\/de-simple\/","name":"Flusslandschaft Elbe","description":"","publisher":{"@id":"https:\/\/flusslandschaft-elbe.de\/de-simple\/#organization"},"potentialAction":[{"@type":"SearchAction","target":{"@type":"EntryPoint","urlTemplate":"https:\/\/flusslandschaft-elbe.de\/de-simple\/?s={search_term_string}"},"query-input":{"@type":"PropertyValueSpecification","valueRequired":true,"valueName":"search_term_string"}}],"inLanguage":"de-simple"},{"@type":"Organization","@id":"https:\/\/flusslandschaft-elbe.de\/de-simple\/#organization","name":"Flusslandschaft Elbe","url":"https:\/\/flusslandschaft-elbe.de\/de-simple\/","logo":{"@type":"ImageObject","inLanguage":"de-simple","@id":"https:\/\/flusslandschaft-elbe.de\/de-simple\/#\/schema\/logo\/image\/","url":"https:\/\/flusslandschaft-elbe.de\/wp-content\/uploads\/favicon.png","contentUrl":"https:\/\/flusslandschaft-elbe.de\/wp-content\/uploads\/favicon.png","width":196,"height":196,"caption":"Flusslandschaft Elbe"},"image":{"@id":"https:\/\/flusslandschaft-elbe.de\/de-simple\/#\/schema\/logo\/image\/"}}]}},"_links":{"self":[{"href":"https:\/\/flusslandschaft-elbe.de\/de\/wp-json\/wp\/v2\/pages\/3907","targetHints":{"allow":["GET"]}}],"collection":[{"href":"https:\/\/flusslandschaft-elbe.de\/de\/wp-json\/wp\/v2\/pages"}],"about":[{"href":"https:\/\/flusslandschaft-elbe.de\/de\/wp-json\/wp\/v2\/types\/page"}],"author":[{"embeddable":true,"href":"https:\/\/flusslandschaft-elbe.de\/de\/wp-json\/wp\/v2\/users\/2"}],"replies":[{"embeddable":true,"href":"https:\/\/flusslandschaft-elbe.de\/de\/wp-json\/wp\/v2\/comments?post=3907"}],"version-history":[{"count":1,"href":"https:\/\/flusslandschaft-elbe.de\/de\/wp-json\/wp\/v2\/pages\/3907\/revisions"}],"predecessor-version":[{"id":5708,"href":"https:\/\/flusslandschaft-elbe.de\/de\/wp-json\/wp\/v2\/pages\/3907\/revisions\/5708"}],"wp:attachment":[{"href":"https:\/\/flusslandschaft-elbe.de\/de\/wp-json\/wp\/v2\/media?parent=3907"}],"curies":[{"name":"wp","href":"https:\/\/api.w.org\/{rel}","templated":true}]}}