{"id":37,"date":"2024-05-22T17:18:49","date_gmt":"2024-05-22T15:18:49","guid":{"rendered":"https:\/\/flusslandschaft-elbe.de\/?page_id=37"},"modified":"2025-01-08T09:38:20","modified_gmt":"2025-01-08T08:38:20","slug":"barrierefreiheit","status":"publish","type":"page","link":"https:\/\/flusslandschaft-elbe.de\/de\/barrierefreiheit\/","title":{"rendered":"Barrierefreiheit"},"content":{"rendered":"<div data-elementor-type=\"wp-page\" data-elementor-id=\"37\" class=\"elementor elementor-37\" data-elementor-post-type=\"page\">\n\t\t\t\t<div class=\"elementor-element elementor-element-a96c1af e-flex e-con-boxed e-con e-parent\" data-id=\"a96c1af\" data-element_type=\"container\" data-e-type=\"container\">\n\t\t\t\t\t<div class=\"e-con-inner\">\n\t\t\t\t<div class=\"elementor-element elementor-element-f43c5d3 elementor-widget elementor-widget-heading\" data-id=\"f43c5d3\" data-element_type=\"widget\" data-e-type=\"widget\" data-widget_type=\"heading.default\">\n\t\t\t\t<div class=\"elementor-widget-container\">\n\t\t\t\t\t<h2 class=\"elementor-heading-title elementor-size-default\">Erkl\u00e4rung zur Barrierefreiheit<\/h2>\t\t\t\t<\/div>\n\t\t\t\t<\/div>\n\t\t<div class=\"elementor-element elementor-element-019dff0 e-con-full e-flex e-con e-child\" data-id=\"019dff0\" data-element_type=\"container\" data-e-type=\"container\">\n\t\t\t\t<div class=\"elementor-element elementor-element-ae494bd elementor-widget elementor-widget-spacer\" data-id=\"ae494bd\" data-element_type=\"widget\" data-e-type=\"widget\" data-widget_type=\"spacer.default\">\n\t\t\t\t<div class=\"elementor-widget-container\">\n\t\t\t\t\t\t\t<div class=\"elementor-spacer\">\n\t\t\t<div class=\"elementor-spacer-inner\"><\/div>\n\t\t<\/div>\n\t\t\t\t\t\t<\/div>\n\t\t\t\t<\/div>\n\t\t\t\t<div class=\"elementor-element elementor-element-f18392e elementor-widget elementor-widget-text-editor\" data-id=\"f18392e\" data-element_type=\"widget\" data-e-type=\"widget\" data-widget_type=\"text-editor.default\">\n\t\t\t\t<div class=\"elementor-widget-container\">\n\t\t\t\t\t\t\t\t\t<p align=\"center\">(Stand: 15.01.2025)<\/p><p><i>Informationen \u00fcber die Zug\u00e4nglichkeit dieser Webseiten gem\u00e4\u00df \u00a7 9b NBGG sowie \u00fcber diesbez\u00fcgliche Kontaktm\u00f6glichkeiten.<\/i><\/p><p>Diese Erkl\u00e4rung zur Barrierefreiheit gilt f\u00fcr\u00a0<a href=\"https:\/\/flusslandschaft-elbe.de\/de\/\">www.flusslandschaft-elbe.de.<\/a><\/p><p><b>Diese Webseiten sind mit den Vorgaben der harmonisierten europ\u00e4ischen Norm EN 301 549 teilweise vereinbar.<\/b><\/p><p><b>Nicht barrierefreie Inhalte:<\/b><\/p><p><b>Alternativtexte f\u00fcr Bedienelemente<\/b><\/p><ul><li>Nicht alle Grafikfunktionen sind bezeichnet. Einige Grafikschalter haben weder eine sichtbare noch eine unsichtbare Bezeichnung. Blinde k\u00f6nnen sich an den von Screenreadern \u00fcbermittelten Informationen daher nicht orientieren.<\/li><li>Die Bezeichnung eingebundener Video-Grafiken ist f\u00fcr blinde Personen nicht eindeutig. Sie k\u00f6nnen sich anhand der \u00fcbermittelten Informationen nicht orientieren.<\/li><li>Nicht alle Grafiklinks sind f\u00fcr Blinde eindeutig bezeichnet.<\/li><li>Beim Ver\u00e4ndern der Browser-Hintergrundfarbe verschwinden zum Teil wichtige Funktionen beziehungsweise Markierungen.<\/li><\/ul><div>\u00a0<\/div><p><b>Gestaltung von Inhalten<\/b><\/p><ul><li>Die Hierarchie der eingesetzten HTML \u00dcberschriften-Elemente ist teilweise unlogisch. Eine Unterteilung der Webseite mit den Strukturelementen h1 bis h6 ist nicht gegeben. In der Struktur fehlen Bereiche wie zum Beispiel Men\u00fcbereich, Servicebereich, Inhaltsbereich und Fu\u00dfbereich. Blinden Anwenderinnen und Anwendern wird dadurch die Orientierung erschwert.<\/li><li>Informationen in Listenform sind teilweise nicht als Listen im Quelltext implementiert. Dadurch wird blinden Personen die Zug\u00e4nglichkeit erschwert, da sie Screenreader-Funktionen zum Ausw\u00e4hlen und \u00dcberspringen von Listen und Listenelementen nicht nutzen k\u00f6nnen.<\/li><li>Nicht alle Textpassagen\/Abs\u00e4tze sind mit geeigneten HTML-Strukturelementen ausgezeichnet.<\/li><li>Nicht durchg\u00e4ngig sind Datentabellen strukturell richtig aufgebaut, was Blinden einen zielgerichteten Informationsabruf erschwert. Beim Auslesen der Inhalte mittels Screenreader sind Inhalte nicht in logischer Abfolge auslesbar.<\/li><li>Nicht an allen Eingabefeldern ist ein autocomplete-Attribut implementiert, welches insbesondere motorisch eingeschr\u00e4nkten Menschen die Eingabe von Daten vereinfachen kann, indem Eingabevorschl\u00e4ge angeboten werden, die einfach \u00fcbernommen werden k\u00f6nnen.<\/li><li>Der Kontrast der Textfarbe zur Hintergrundfarbe ist nicht in allen F\u00e4llen ausreichend, insbesondere fehlsichtigen Personen wird dadurch das Erkennen der Texte und somit der Informationsabruf erschwert.<\/li><li>Bei einer Verringerung der Browserbreite sind unter Umst\u00e4nden nicht mehr alle Funktionen tastaturzug\u00e4nglich.<\/li><\/ul><div>\u00a0<\/div><p><b>Bedienbarkeit<\/b><\/p><ul><li>Nicht durchg\u00e4ngig sind alle Funktionen und Inhalte mittels Tastaturnutzung ansteuerbar beziehungsweise bedienbar. Nicht durchg\u00e4ngig sind alle Funktionen mittels Tabulator-Taste ansteuerbar. Die TAB-Reihenfolge ist nicht durchg\u00e4ngig nachvollziehbar, da unsichtbare Elemente angesteuert werden. Motorisch eingeschr\u00e4nkte Menschen k\u00f6nnen sich in Teilbereichen einer Seite zum Teil nur schwer orientieren. Bei der Tastaturnavigation ist der Fokus nicht durchg\u00e4ngig gut sichtbar. Motorisch eingeschr\u00e4nkten Menschen wird dadurch die Orientierung bei der Tastaturnavigation erschwert.<\/li><li>Die Hauptsprache der Webseiten ist im Quelltext nicht angegeben. Dadurch kann insbesondere bei der Nutzung einer Screenreader-Software der Informationsabruf erschwert werden.<\/li><li>Nicht alle technischen Bezeichnungen der Seite wurden im Quelltext an die Sprache der Website angepasst. Dadurch kann insbesondere bei der Nutzung einer Screenreader-Software der Informationsabruf erschwert werden.<\/li><\/ul><div>\u00a0<\/div><p><b>Fehleridentifizierung<\/b><\/p><ul><li>Nicht alle Fehlermeldungen werden so aufgezeigt, dass sie auch von Screenreadern erfasst werden k\u00f6nnen. Teilweise fehlen Hinweise und Beschriftungen, die notwendige Eingaben der Nutzerinnen und Nutzer beschreiben.<\/li><li>Innerhalb des Webportals ist der Quelltext nicht durchg\u00e4ngig valide, es sind Fehler in der HTML-Syntax vorhanden.<\/li><li>F\u00fcr einige Komponenten wie Bereichs\u00f6ffner\/-schlie\u00dfer sind Name und Rolle nicht erkennbar. Auch wird Screenreadern der Name und der Zustand der Komponenten nicht richtig \u00fcbermittelt, wodurch diese f\u00fcr blinde Nutzerinnen und Nutzer nicht zu verwenden sind.<\/li><li>Die Breadcrumb wird als solche von Screenreadern nicht erkannt. F\u00fcr Blinde sind es nur normale Links. Es fehlt die entsprechende Auszeichnung im Quelltext.<\/li><li>Statusmeldungen der Inhalte sind programmatisch nicht ermittelbar, so dass sie von Hilfsmitteltechnologie nicht ausgegeben werden k\u00f6nnen, ohne den Fokus zu erhalten<\/li><\/ul><div>\u00a0<\/div><p><b>Sonstiges<\/b><\/p><ul><li>Die Zeichenh\u00f6he entspricht nicht durchg\u00e4ngig den ergonomischen Vorgaben, was die Lesbarkeit erschwert.<\/li><li>Eingebundene Dokumente sind zum Teil nicht barrierefrei.<\/li><\/ul><p>Der Webauftritt wird an die EU-Richtlinie 2016\/2102 zur Umsetzung des barrierefreien Internets \u00f6ffentlicher Stellen angepasst und optimiert. Die identifizierten Defizite und M\u00e4ngel befinden sich aktuell in einem kontinuierlichen Verbesserungsprozess, der sukzessive abgearbeitet wird.<\/p><p><b>Erstellung dieser Erkl\u00e4rung zur Barrierefreiheit<\/b><\/p><p>Diese Erkl\u00e4rung wurde am 15.01.2025 erstellt<a id=\"_msoanchor_3\" href=\"https:\/\/www.elbtalaue.niedersachsen.de\/startseite\/service_aktuelles\/barrierefreiheit\/erklarung-zur-barrierefreiheit-192888.html#_msocom_3\" name=\"_msoanchor_3\"><\/a>. Die Einsch\u00e4tzung basiert auf einer Selbstbewertung.<\/p><p><b>Feedback und Kontaktangaben<\/b><\/p><p>\u00dcber folgenden Kontakt k\u00f6nnen Sie M\u00e4ngel in Bezug auf die Einhaltung der Barrierefreiheitsanforderungen mitteilen:<\/p><p>Biosph\u00e4renreservatsverwaltung<br \/>Nieders\u00e4chsische Elbtalaue<br \/>Am Markt 1<br \/>29456 Hitzacker (Elbe)<br \/>Tel. 05862-9673-0<br \/>E-Mail: <a href=\"mailto:info@elbtalaue.niedersachsen.de\">info@elbtalaue.niedersachsen.de<\/a><\/p><p><b>Schlichtungsverfahren<\/b><\/p><p>Bei nicht zufriedenstellenden Antworten aus oben genannter Kontaktm\u00f6glichkeit k\u00f6nnen Sie bei der Schlichtungsstelle, eingerichtet bei der Landesbeauftragten f\u00fcr Menschen mit Behinderungen in Niedersachsen, einen Antrag auf Einleitung eines Schlichtungsverfahrens nach dem Nieders\u00e4chsischen Behindertengleichstellungsgesetz (NBGG) stellen.<\/p><p>Die Schlichtungsstelle nach \u00a7 9 d NBGG hat die Aufgabe, Streitigkeiten zwischen Menschen mit Behinderungen und \u00f6ffentlichen Stellen des Landes Niedersachsen, zum Thema Barrierefreiheit in der IT, beizulegen. Das Schlichtungsverfahren ist kostenlos. Es muss kein Rechtsbeistand eingeschaltet werden.<\/p><p>Direkt kontaktieren k\u00f6nnen Sie die Schlichtungsstelle unter:<\/p><ul><li>Telefon: 0511\/120-4010<\/li><li>E-Mail: <a href=\"mailto:schlichtungsstelle@ms.niedersachsen.de\">schlichtungsstelle@ms.niedersachsen.de<\/a><\/li><\/ul><p>Datum der Ver\u00f6ffentlichung der Website: 15.01.2025<\/p>\t\t\t\t\t\t\t\t<\/div>\n\t\t\t\t<\/div>\n\t\t\t\t<\/div>\n\t\t\t\t\t<\/div>\n\t\t\t\t<\/div>\n\t\t<div class=\"elementor-element elementor-element-7a513f6 e-flex e-con-boxed e-con e-parent\" data-id=\"7a513f6\" data-element_type=\"container\" data-e-type=\"container\">\n\t\t\t\t\t<div class=\"e-con-inner\">\n\t\t\t\t<div class=\"elementor-element elementor-element-dce4226 elementor-widget elementor-widget-spacer\" data-id=\"dce4226\" data-element_type=\"widget\" data-e-type=\"widget\" data-widget_type=\"spacer.default\">\n\t\t\t\t<div class=\"elementor-widget-container\">\n\t\t\t\t\t\t\t<div class=\"elementor-spacer\">\n\t\t\t<div class=\"elementor-spacer-inner\"><\/div>\n\t\t<\/div>\n\t\t\t\t\t\t<\/div>\n\t\t\t\t<\/div>\n\t\t\t\t\t<\/div>\n\t\t\t\t<\/div>\n\t\t\t\t<\/div>","protected":false},"excerpt":{"rendered":"<p>Erkl\u00e4rung zur Barrierefreiheit (Stand: 15.01.2025) Informationen \u00fcber die Zug\u00e4nglichkeit dieser Webseiten gem\u00e4\u00df \u00a7 9b NBGG sowie \u00fcber diesbez\u00fcgliche Kontaktm\u00f6glichkeiten. Diese Erkl\u00e4rung zur Barrierefreiheit gilt f\u00fcr\u00a0www.flusslandschaft-elbe.de. Diese Webseiten sind mit den Vorgaben der harmonisierten europ\u00e4ischen Norm EN 301 549 teilweise vereinbar. Nicht barrierefreie Inhalte: Alternativtexte f\u00fcr Bedienelemente Nicht alle Grafikfunktionen sind bezeichnet. Einige Grafikschalter haben weder&hellip;<\/p>","protected":false},"author":1,"featured_media":0,"parent":0,"menu_order":0,"comment_status":"closed","ping_status":"closed","template":"","meta":{"footnotes":""},"class_list":["post-37","page","type-page","status-publish","hentry"],"yoast_head":"<!-- This site is optimized with the Yoast SEO plugin v27.4 - https:\/\/yoast.com\/product\/yoast-seo-wordpress\/ -->\n<title>Barrierefreiheit - Flusslandschaft Elbe<\/title>\n<meta name=\"robots\" content=\"index, follow, max-snippet:-1, max-image-preview:large, max-video-preview:-1\" \/>\n<link rel=\"canonical\" href=\"https:\/\/flusslandschaft-elbe.de\/de\/barrierefreiheit\/\" \/>\n<meta property=\"og:locale\" content=\"de_DE\" \/>\n<meta property=\"og:type\" content=\"article\" \/>\n<meta property=\"og:title\" content=\"Barrierefreiheit - Flusslandschaft Elbe\" \/>\n<meta property=\"og:description\" content=\"Erkl\u00e4rung zur Barrierefreiheit (Stand: 15.01.2025) Informationen \u00fcber die Zug\u00e4nglichkeit dieser Webseiten gem\u00e4\u00df \u00a7 9b NBGG sowie \u00fcber diesbez\u00fcgliche Kontaktm\u00f6glichkeiten. Diese Erkl\u00e4rung zur Barrierefreiheit gilt f\u00fcr\u00a0www.flusslandschaft-elbe.de. Diese Webseiten sind mit den Vorgaben der harmonisierten europ\u00e4ischen Norm EN 301 549 teilweise vereinbar. Nicht barrierefreie Inhalte: Alternativtexte f\u00fcr Bedienelemente Nicht alle Grafikfunktionen sind bezeichnet. Einige Grafikschalter haben weder&hellip;\" \/>\n<meta property=\"og:url\" content=\"https:\/\/flusslandschaft-elbe.de\/de\/barrierefreiheit\/\" \/>\n<meta property=\"og:site_name\" content=\"Flusslandschaft Elbe\" \/>\n<meta property=\"article:modified_time\" content=\"2025-01-08T08:38:20+00:00\" \/>\n<meta name=\"twitter:card\" content=\"summary_large_image\" \/>\n<meta name=\"twitter:label1\" content=\"Est. reading time\" \/>\n\t<meta name=\"twitter:data1\" content=\"4 minutes\" \/>\n<script type=\"application\/ld+json\" class=\"yoast-schema-graph\">{\"@context\":\"https:\\\/\\\/schema.org\",\"@graph\":[{\"@type\":\"WebPage\",\"@id\":\"https:\\\/\\\/flusslandschaft-elbe.de\\\/barrierefreiheit\\\/\",\"url\":\"https:\\\/\\\/flusslandschaft-elbe.de\\\/barrierefreiheit\\\/\",\"name\":\"Barrierefreiheit - Flusslandschaft Elbe\",\"isPartOf\":{\"@id\":\"https:\\\/\\\/flusslandschaft-elbe.de\\\/de-simple\\\/#website\"},\"datePublished\":\"2024-05-22T15:18:49+00:00\",\"dateModified\":\"2025-01-08T08:38:20+00:00\",\"breadcrumb\":{\"@id\":\"https:\\\/\\\/flusslandschaft-elbe.de\\\/barrierefreiheit\\\/#breadcrumb\"},\"inLanguage\":\"de-simple\",\"potentialAction\":[{\"@type\":\"ReadAction\",\"target\":[\"https:\\\/\\\/flusslandschaft-elbe.de\\\/barrierefreiheit\\\/\"]}]},{\"@type\":\"BreadcrumbList\",\"@id\":\"https:\\\/\\\/flusslandschaft-elbe.de\\\/barrierefreiheit\\\/#breadcrumb\",\"itemListElement\":[{\"@type\":\"ListItem\",\"position\":1,\"name\":\"Startseite\",\"item\":\"https:\\\/\\\/flusslandschaft-elbe.de\\\/\"},{\"@type\":\"ListItem\",\"position\":2,\"name\":\"Barrierefreiheit\"}]},{\"@type\":\"WebSite\",\"@id\":\"https:\\\/\\\/flusslandschaft-elbe.de\\\/de-simple\\\/#website\",\"url\":\"https:\\\/\\\/flusslandschaft-elbe.de\\\/de-simple\\\/\",\"name\":\"Flusslandschaft Elbe\",\"description\":\"\",\"publisher\":{\"@id\":\"https:\\\/\\\/flusslandschaft-elbe.de\\\/de-simple\\\/#organization\"},\"potentialAction\":[{\"@type\":\"SearchAction\",\"target\":{\"@type\":\"EntryPoint\",\"urlTemplate\":\"https:\\\/\\\/flusslandschaft-elbe.de\\\/de-simple\\\/?s={search_term_string}\"},\"query-input\":{\"@type\":\"PropertyValueSpecification\",\"valueRequired\":true,\"valueName\":\"search_term_string\"}}],\"inLanguage\":\"de-simple\"},{\"@type\":\"Organization\",\"@id\":\"https:\\\/\\\/flusslandschaft-elbe.de\\\/de-simple\\\/#organization\",\"name\":\"Flusslandschaft Elbe\",\"url\":\"https:\\\/\\\/flusslandschaft-elbe.de\\\/de-simple\\\/\",\"logo\":{\"@type\":\"ImageObject\",\"inLanguage\":\"de-simple\",\"@id\":\"https:\\\/\\\/flusslandschaft-elbe.de\\\/de-simple\\\/#\\\/schema\\\/logo\\\/image\\\/\",\"url\":\"https:\\\/\\\/flusslandschaft-elbe.de\\\/wp-content\\\/uploads\\\/favicon.png\",\"contentUrl\":\"https:\\\/\\\/flusslandschaft-elbe.de\\\/wp-content\\\/uploads\\\/favicon.png\",\"width\":196,\"height\":196,\"caption\":\"Flusslandschaft Elbe\"},\"image\":{\"@id\":\"https:\\\/\\\/flusslandschaft-elbe.de\\\/de-simple\\\/#\\\/schema\\\/logo\\\/image\\\/\"}}]}<\/script>\n<!-- \/ Yoast SEO plugin. -->","yoast_head_json":{"title":"Barrierefreiheit - Flusslandschaft Elbe","robots":{"index":"index","follow":"follow","max-snippet":"max-snippet:-1","max-image-preview":"max-image-preview:large","max-video-preview":"max-video-preview:-1"},"canonical":"https:\/\/flusslandschaft-elbe.de\/de\/barrierefreiheit\/","og_locale":"de_DE","og_type":"article","og_title":"Barrierefreiheit - Flusslandschaft Elbe","og_description":"Erkl\u00e4rung zur Barrierefreiheit (Stand: 15.01.2025) Informationen \u00fcber die Zug\u00e4nglichkeit dieser Webseiten gem\u00e4\u00df \u00a7 9b NBGG sowie \u00fcber diesbez\u00fcgliche Kontaktm\u00f6glichkeiten. Diese Erkl\u00e4rung zur Barrierefreiheit gilt f\u00fcr\u00a0www.flusslandschaft-elbe.de. Diese Webseiten sind mit den Vorgaben der harmonisierten europ\u00e4ischen Norm EN 301 549 teilweise vereinbar. Nicht barrierefreie Inhalte: Alternativtexte f\u00fcr Bedienelemente Nicht alle Grafikfunktionen sind bezeichnet. Einige Grafikschalter haben weder&hellip;","og_url":"https:\/\/flusslandschaft-elbe.de\/de\/barrierefreiheit\/","og_site_name":"Flusslandschaft Elbe","article_modified_time":"2025-01-08T08:38:20+00:00","twitter_card":"summary_large_image","twitter_misc":{"Est. reading time":"4 minutes"},"schema":{"@context":"https:\/\/schema.org","@graph":[{"@type":"WebPage","@id":"https:\/\/flusslandschaft-elbe.de\/barrierefreiheit\/","url":"https:\/\/flusslandschaft-elbe.de\/barrierefreiheit\/","name":"Barrierefreiheit - Flusslandschaft Elbe","isPartOf":{"@id":"https:\/\/flusslandschaft-elbe.de\/de-simple\/#website"},"datePublished":"2024-05-22T15:18:49+00:00","dateModified":"2025-01-08T08:38:20+00:00","breadcrumb":{"@id":"https:\/\/flusslandschaft-elbe.de\/barrierefreiheit\/#breadcrumb"},"inLanguage":"de-simple","potentialAction":[{"@type":"ReadAction","target":["https:\/\/flusslandschaft-elbe.de\/barrierefreiheit\/"]}]},{"@type":"BreadcrumbList","@id":"https:\/\/flusslandschaft-elbe.de\/barrierefreiheit\/#breadcrumb","itemListElement":[{"@type":"ListItem","position":1,"name":"Startseite","item":"https:\/\/flusslandschaft-elbe.de\/"},{"@type":"ListItem","position":2,"name":"Barrierefreiheit"}]},{"@type":"WebSite","@id":"https:\/\/flusslandschaft-elbe.de\/de-simple\/#website","url":"https:\/\/flusslandschaft-elbe.de\/de-simple\/","name":"Flusslandschaft Elbe","description":"","publisher":{"@id":"https:\/\/flusslandschaft-elbe.de\/de-simple\/#organization"},"potentialAction":[{"@type":"SearchAction","target":{"@type":"EntryPoint","urlTemplate":"https:\/\/flusslandschaft-elbe.de\/de-simple\/?s={search_term_string}"},"query-input":{"@type":"PropertyValueSpecification","valueRequired":true,"valueName":"search_term_string"}}],"inLanguage":"de-simple"},{"@type":"Organization","@id":"https:\/\/flusslandschaft-elbe.de\/de-simple\/#organization","name":"Flusslandschaft Elbe","url":"https:\/\/flusslandschaft-elbe.de\/de-simple\/","logo":{"@type":"ImageObject","inLanguage":"de-simple","@id":"https:\/\/flusslandschaft-elbe.de\/de-simple\/#\/schema\/logo\/image\/","url":"https:\/\/flusslandschaft-elbe.de\/wp-content\/uploads\/favicon.png","contentUrl":"https:\/\/flusslandschaft-elbe.de\/wp-content\/uploads\/favicon.png","width":196,"height":196,"caption":"Flusslandschaft Elbe"},"image":{"@id":"https:\/\/flusslandschaft-elbe.de\/de-simple\/#\/schema\/logo\/image\/"}}]}},"_links":{"self":[{"href":"https:\/\/flusslandschaft-elbe.de\/de\/wp-json\/wp\/v2\/pages\/37","targetHints":{"allow":["GET"]}}],"collection":[{"href":"https:\/\/flusslandschaft-elbe.de\/de\/wp-json\/wp\/v2\/pages"}],"about":[{"href":"https:\/\/flusslandschaft-elbe.de\/de\/wp-json\/wp\/v2\/types\/page"}],"author":[{"embeddable":true,"href":"https:\/\/flusslandschaft-elbe.de\/de\/wp-json\/wp\/v2\/users\/1"}],"replies":[{"embeddable":true,"href":"https:\/\/flusslandschaft-elbe.de\/de\/wp-json\/wp\/v2\/comments?post=37"}],"version-history":[{"count":1,"href":"https:\/\/flusslandschaft-elbe.de\/de\/wp-json\/wp\/v2\/pages\/37\/revisions"}],"predecessor-version":[{"id":5989,"href":"https:\/\/flusslandschaft-elbe.de\/de\/wp-json\/wp\/v2\/pages\/37\/revisions\/5989"}],"wp:attachment":[{"href":"https:\/\/flusslandschaft-elbe.de\/de\/wp-json\/wp\/v2\/media?parent=37"}],"curies":[{"name":"wp","href":"https:\/\/api.w.org\/{rel}","templated":true}]}}