{"id":3562,"date":"2024-11-23T17:11:59","date_gmt":"2024-11-23T16:11:59","guid":{"rendered":"https:\/\/flusslandschaft-elbe.de\/?page_id=3562"},"modified":"2025-01-29T12:54:07","modified_gmt":"2025-01-29T11:54:07","slug":"schuetzen-und-entwickeln-leichte-sprache","status":"publish","type":"page","link":"https:\/\/flusslandschaft-elbe.de\/de\/schuetzen-und-entwickeln-leichte-sprache\/","title":{"rendered":"Sch\u00fctzen und Entwickeln &#8211; leichte Sprache"},"content":{"rendered":"<div data-elementor-type=\"wp-page\" data-elementor-id=\"3562\" class=\"elementor elementor-3562\" data-elementor-post-type=\"page\">\n\t\t\t\t<div class=\"elementor-element elementor-element-40c1ccf e-flex e-con-boxed e-con e-parent\" data-id=\"40c1ccf\" data-element_type=\"container\" data-e-type=\"container\">\n\t\t\t\t\t<div class=\"e-con-inner\">\n\t\t\t\t<div class=\"elementor-element elementor-element-fd35fec elementor-widget elementor-widget-heading\" data-id=\"fd35fec\" data-element_type=\"widget\" data-e-type=\"widget\" data-widget_type=\"heading.default\">\n\t\t\t\t<div class=\"elementor-widget-container\">\n\t\t\t\t\t<h2 class=\"elementor-heading-title elementor-size-default\">Sch\u00fctzen und Entwickeln <\/h2>\t\t\t\t<\/div>\n\t\t\t\t<\/div>\n\t\t\t\t\t<\/div>\n\t\t\t\t<\/div>\n\t\t<div class=\"elementor-element elementor-element-d8205e9 e-flex e-con-boxed e-con e-parent\" data-id=\"d8205e9\" data-element_type=\"container\" data-e-type=\"container\">\n\t\t\t\t\t<div class=\"e-con-inner\">\n\t\t\t\t<div class=\"elementor-element elementor-element-97a62f0 elementor-widget elementor-widget-text-editor\" data-id=\"97a62f0\" data-element_type=\"widget\" data-e-type=\"widget\" data-widget_type=\"text-editor.default\">\n\t\t\t\t<div class=\"elementor-widget-container\">\n\t\t\t\t\t\t\t\t\t<p class=\"Normal tm5\"><span class=\"tm6\">Das UNESCO-Biosph\u00e4renreservat Flusslandschaft Elbe ist ein besonderes Schutzgebiet.<br \/>Hier gibt es eine der letzten gro\u00dfen, nat\u00fcrlichen Fluss-Auen an der Elbe.<br \/>In dieser Landschaft leben viele verschiedene Tier- und Pflanzen-Arten.<br \/>Einige davon sind sehr selten oder bedroht.<br \/>Die Menschen leben schon seit Jahrhunderten an der Elbe.<br \/>Dabei haben sie die Landschaft geformt.<br \/>So ist eine besondere Mischung aus Natur- und Kultur-Landschaft entstanden.<\/span><\/p><h3>Die drei Haupt-Aufgaben von Biosph\u00e4renreservaten<\/h3><ol><li>Schutz<ul><li class=\"tm7\"><span class=\"tm8\">Wir sch\u00fctzen Tiere, Pflanzen und ihre Lebensr\u00e4ume.<\/span><\/li><li class=\"Normal tm5 tm7\"><span class=\"tm8\">Wir achten darauf, dass Wasser, Boden und Luft sauber bleiben.<\/span><\/li><li class=\"Normal tm5 tm7\"><span class=\"tm8\">Wir erhalten die besonderen Kultur-Landschaften.<\/span><\/li><\/ul><\/li><li>Nachhaltige Entwicklung<ul><li class=\"tm7\"><span class=\"tm8\">Wir f\u00f6rdern umweltfreundliche Landwirtschaft und Wirtschaft.<\/span><\/li><li class=\"Normal tm5 tm7\"><span class=\"tm8\">Wir probieren neue, umweltfreundliche Techniken aus.<\/span><\/li><li class=\"Normal tm5 tm7\"><span class=\"tm8\">Wir unterst\u00fctzen Produkte aus der Region, die gut f\u00fcr die Umwelt sind.<\/span><\/li><li class=\"Normal tm5 tm7\"><span class=\"tm8\">Wir f\u00f6rdern einen schonenden Tourismus, der die Natur nicht schadet.<\/span><\/li><\/ul><\/li><li>Bildung und Forschung<ul><li class=\"tm7\"><span class=\"tm8\">Wir erkl\u00e4ren, wie ein nachhaltiges Leben aussehen kann.<\/span><\/li><li class=\"Normal tm5 tm7\"><span class=\"tm8\">Wir zeigen Menschen die Natur, damit sie sie besser verstehen.<\/span><\/li><li class=\"Normal tm5 tm7\"><span class=\"tm8\">Wir forschen zu Natur, Umwelt und Wirtschaft.<\/span><\/li><li class=\"Normal tm5 tm7\"><span class=\"tm8\">Wir beobachten die Natur und Umwelt \u00fcber lange Zeit.<\/span><\/li><\/ul><\/li><\/ol>\t\t\t\t\t\t\t\t<\/div>\n\t\t\t\t<\/div>\n\t\t\t\t\t<\/div>\n\t\t\t\t<\/div>\n\t\t<div class=\"elementor-element elementor-element-8d40865 e-flex e-con-boxed e-con e-parent\" data-id=\"8d40865\" data-element_type=\"container\" data-e-type=\"container\">\n\t\t\t\t\t<div class=\"e-con-inner\">\n\t\t\t\t<div class=\"elementor-element elementor-element-498eabd elementor-widget elementor-widget-image\" data-id=\"498eabd\" data-element_type=\"widget\" data-e-type=\"widget\" data-widget_type=\"image.default\">\n\t\t\t\t<div class=\"elementor-widget-container\">\n\t\t\t\t\t\t\t\t\t\t\t\t\t\t\t<figure class=\"position-relative\"><img fetchpriority=\"high\" decoding=\"async\" width=\"768\" height=\"576\" src=\"https:\/\/flusslandschaft-elbe.de\/wp-content\/uploads\/Pflege_einer_Streuobstwiese_Mirko_Pannach_klein-768x576.jpg\" class=\"attachment-medium_large size-medium_large wp-image-3896\" alt=\"Zwei M\u00e4nner m\u00e4hen eine Wiese mit neu gepflanzten Obstb\u00e4umen per Handmahd\" srcset=\"https:\/\/flusslandschaft-elbe.de\/wp-content\/uploads\/Pflege_einer_Streuobstwiese_Mirko_Pannach_klein-768x576.jpg 768w, https:\/\/flusslandschaft-elbe.de\/wp-content\/uploads\/Pflege_einer_Streuobstwiese_Mirko_Pannach_klein-512x384.jpg 512w, https:\/\/flusslandschaft-elbe.de\/wp-content\/uploads\/Pflege_einer_Streuobstwiese_Mirko_Pannach_klein-16x12.jpg 16w, https:\/\/flusslandschaft-elbe.de\/wp-content\/uploads\/Pflege_einer_Streuobstwiese_Mirko_Pannach_klein.jpg 1000w\" sizes=\"(max-width: 768px) 100vw, 768px\" \/><figcaption class=\"img-author\" title=\"\u00a9 Mirko Pannach\">\u00a9 Mirko Pannach<\/figcaption><\/figure>\t\t\t\t\t\t\t\t\t\t\t\t\t\t\t<\/div>\n\t\t\t\t<\/div>\n\t\t\t\t<div class=\"elementor-element elementor-element-eb1371b elementor-widget elementor-widget-text-editor\" data-id=\"eb1371b\" data-element_type=\"widget\" data-e-type=\"widget\" data-widget_type=\"text-editor.default\">\n\t\t\t\t<div class=\"elementor-widget-container\">\n\t\t\t\t\t\t\t\t\t<p><em>Das Bild zeigt zwei Menschen bei der Landschaftspflege.<\/em><br \/><em>Sie schneiden das Gras mit Motorsensen.<\/em><br \/><em>So bleiben Wiesen offen f\u00fcr seltene Pflanzen und Tiere.<\/em><br \/><em>In einem Biosph\u00e4renreservat arbeiten Mensch und Natur zusammen.<\/em><\/p>\t\t\t\t\t\t\t\t<\/div>\n\t\t\t\t<\/div>\n\t\t\t\t<div class=\"elementor-element elementor-element-20b7f26 elementor-widget elementor-widget-text-editor\" data-id=\"20b7f26\" data-element_type=\"widget\" data-e-type=\"widget\" data-widget_type=\"text-editor.default\">\n\t\t\t\t<div class=\"elementor-widget-container\">\n\t\t\t\t\t\t\t\t\t<h3>Aufteilung in Zonen<\/h3><p><strong>Kernzone:<\/strong><br \/>Hier lassen wir die Natur in Ruhe. Die Natur kann sich frei entwickeln.<br \/><strong>Pflegezone:<\/strong><br \/>Hier k\u00fcmmern wir uns um wichtige Landschaften und erhalten sie durch behutsame Pflege.<br \/><strong>Entwicklungszone:<\/strong><br \/>Hier leben und arbeiten Menschen. Wir achten darauf, dass die Wirtschaft umweltfreundlich ist und die Natur gesch\u00fctzt bleibt.<\/p><p>Die Verwaltungen der Biosph\u00e4renreservate arbeiten mit vielen Partnern zusammen.<br \/>Ziel ist: Die Natur sch\u00fctzen und gleichzeitig den Menschen ein gutes Leben erm\u00f6glichen.<\/p><h3>Naturschutzprojekte<\/h3><p>In der Pflege- und Entwicklungszone f\u00fchren wir verschiedene Naturschutzprojekte durch.<br \/>Wir zeigen Ihnen dazu Bilder, damit Sie sich ein Bild von der Arbeit machen k\u00f6nnen.<\/p><h3>Gesamtkonzept Elbe<\/h3><p>Im Jahr 2017 haben zwei Bundes-Ministerien und zehn Bundes-L\u00e4nder ein gemeinsames Konzept beschlossen.<br \/>Dieses Konzept hei\u00dft \u201eGesamtkonzept Elbe\u201c.<br \/>Ziel ist, die Nutzung der Elbe als Wasserstra\u00dfe mit dem Schutz der Natur zu verbinden.<br \/>Die L\u00e4nderarbeitsgemeinschaft Flusslandschaft Elbe k\u00fcmmert sich dabei um den Naturschutz.<br \/>Die Biosph\u00e4renreservatsverwaltungen arbeiten eng mit den zust\u00e4ndigen Stellen f\u00fcr den Hochwasserschutz zusammen.<br \/>Gemeinsam planen und setzen sie viele Ma\u00dfnahmen um, damit der Hochwasserschutz und der Schutz der Natur gut zusammenpassen.<br \/>Zurzeit werden viele Wasserbau-Projekte an der Elbe umgesetzt, um die Natur zu erhalten und trotzdem eine gute Nutzung der Elbe zu erm\u00f6glichen.<\/p>\t\t\t\t\t\t\t\t<\/div>\n\t\t\t\t<\/div>\n\t\t\t\t\t<\/div>\n\t\t\t\t<\/div>\n\t\t<div class=\"elementor-element elementor-element-7fd274d e-flex e-con-boxed e-con e-parent\" data-id=\"7fd274d\" data-element_type=\"container\" data-e-type=\"container\">\n\t\t\t\t\t<div class=\"e-con-inner\">\n\t\t\t\t<div class=\"elementor-element elementor-element-5269634 elementor-widget elementor-widget-image\" data-id=\"5269634\" data-element_type=\"widget\" data-e-type=\"widget\" data-widget_type=\"image.default\">\n\t\t\t\t<div class=\"elementor-widget-container\">\n\t\t\t\t\t\t\t\t\t\t\t\t\t\t\t<figure class=\"position-relative\"><img decoding=\"async\" width=\"768\" height=\"1152\" src=\"https:\/\/flusslandschaft-elbe.de\/wp-content\/uploads\/Havelaue_suedoestlich_Havelberg_Thomas-Hartwig_klein-768x1152.jpg\" class=\"attachment-medium_large size-medium_large wp-image-3449\" alt=\"Luftbildaufnahme der Havel mit ihrer Auenlandschaft, die s\u00fcd\u00f6stlich der Stadt Havelberg liegt.\" srcset=\"https:\/\/flusslandschaft-elbe.de\/wp-content\/uploads\/Havelaue_suedoestlich_Havelberg_Thomas-Hartwig_klein-768x1152.jpg 768w, https:\/\/flusslandschaft-elbe.de\/wp-content\/uploads\/Havelaue_suedoestlich_Havelberg_Thomas-Hartwig_klein-341x512.jpg 341w, https:\/\/flusslandschaft-elbe.de\/wp-content\/uploads\/Havelaue_suedoestlich_Havelberg_Thomas-Hartwig_klein-683x1024.jpg 683w, https:\/\/flusslandschaft-elbe.de\/wp-content\/uploads\/Havelaue_suedoestlich_Havelberg_Thomas-Hartwig_klein-8x12.jpg 8w, https:\/\/flusslandschaft-elbe.de\/wp-content\/uploads\/Havelaue_suedoestlich_Havelberg_Thomas-Hartwig_klein.jpg 1000w\" sizes=\"(max-width: 768px) 100vw, 768px\" \/><figcaption class=\"img-author\" title=\"\u00a9 Thomas Hartwig\">\u00a9 Thomas Hartwig<\/figcaption><\/figure>\t\t\t\t\t\t\t\t\t\t\t\t\t\t\t<\/div>\n\t\t\t\t<\/div>\n\t\t\t\t<div class=\"elementor-element elementor-element-05d8508 elementor-widget elementor-widget-text-editor\" data-id=\"05d8508\" data-element_type=\"widget\" data-e-type=\"widget\" data-widget_type=\"text-editor.default\">\n\t\t\t\t<div class=\"elementor-widget-container\">\n\t\t\t\t\t\t\t\t\t<p><em>Das Bild zeigt die Havel mit ihren vielen Wasserarmen.<\/em><br \/><em>Der Fluss flie\u00dft durch gr\u00fcne Wiesen und Auen.<\/em><br \/><em>Am Ufer liegt eine kleine Stadt mit roten D\u00e4chern.<\/em><br \/><em>Hier wird der Havel mehr Raum gegeben, um die Natur zu sch\u00fctzen.<\/em><\/p>\t\t\t\t\t\t\t\t<\/div>\n\t\t\t\t<\/div>\n\t\t\t\t<div class=\"elementor-element elementor-element-e142404 elementor-widget elementor-widget-spacer\" data-id=\"e142404\" data-element_type=\"widget\" data-e-type=\"widget\" data-widget_type=\"spacer.default\">\n\t\t\t\t<div class=\"elementor-widget-container\">\n\t\t\t\t\t\t\t<div class=\"elementor-spacer\">\n\t\t\t<div class=\"elementor-spacer-inner\"><\/div>\n\t\t<\/div>\n\t\t\t\t\t\t<\/div>\n\t\t\t\t<\/div>\n\t\t\t\t\t<\/div>\n\t\t\t\t<\/div>\n\t\t\t\t<\/div>","protected":false},"excerpt":{"rendered":"<p>Sch\u00fctzen und Entwickeln Das UNESCO-Biosph\u00e4renreservat Flusslandschaft Elbe ist ein besonderes Schutzgebiet.Hier gibt es eine der letzten gro\u00dfen, nat\u00fcrlichen Fluss-Auen an der Elbe.In dieser Landschaft leben viele verschiedene Tier- und Pflanzen-Arten.Einige davon sind sehr selten oder bedroht.Die Menschen leben schon seit Jahrhunderten an der Elbe.Dabei haben sie die Landschaft geformt.So ist eine besondere Mischung aus Natur-&hellip;<\/p>","protected":false},"author":10,"featured_media":0,"parent":0,"menu_order":0,"comment_status":"closed","ping_status":"closed","template":"","meta":{"footnotes":""},"class_list":["post-3562","page","type-page","status-publish","hentry"],"yoast_head":"<!-- This site is optimized with the Yoast SEO plugin v27.3 - https:\/\/yoast.com\/product\/yoast-seo-wordpress\/ -->\n<title>Sch\u00fctzen und Entwickeln - leichte Sprache - Flusslandschaft Elbe<\/title>\n<meta name=\"robots\" content=\"index, follow, max-snippet:-1, max-image-preview:large, max-video-preview:-1\" \/>\n<link rel=\"canonical\" href=\"https:\/\/flusslandschaft-elbe.de\/de\/schuetzen-und-entwickeln-leichte-sprache\/\" \/>\n<meta property=\"og:locale\" content=\"de_DE\" \/>\n<meta property=\"og:type\" content=\"article\" \/>\n<meta property=\"og:title\" content=\"Sch\u00fctzen und Entwickeln - leichte Sprache - Flusslandschaft Elbe\" \/>\n<meta property=\"og:description\" content=\"Sch\u00fctzen und Entwickeln Das UNESCO-Biosph\u00e4renreservat Flusslandschaft Elbe ist ein besonderes Schutzgebiet.Hier gibt es eine der letzten gro\u00dfen, nat\u00fcrlichen Fluss-Auen an der Elbe.In dieser Landschaft leben viele verschiedene Tier- und Pflanzen-Arten.Einige davon sind sehr selten oder bedroht.Die Menschen leben schon seit Jahrhunderten an der Elbe.Dabei haben sie die Landschaft geformt.So ist eine besondere Mischung aus Natur-&hellip;\" \/>\n<meta property=\"og:url\" content=\"https:\/\/flusslandschaft-elbe.de\/de\/schuetzen-und-entwickeln-leichte-sprache\/\" \/>\n<meta property=\"og:site_name\" content=\"Flusslandschaft Elbe\" \/>\n<meta property=\"article:modified_time\" content=\"2025-01-29T11:54:07+00:00\" \/>\n<meta property=\"og:image\" content=\"https:\/\/flusslandschaft-elbe.de\/wp-content\/uploads\/Pflege_einer_Streuobstwiese_Mirko_Pannach_klein.jpg\" \/>\n\t<meta property=\"og:image:width\" content=\"1000\" \/>\n\t<meta property=\"og:image:height\" content=\"750\" \/>\n\t<meta property=\"og:image:type\" content=\"image\/jpeg\" \/>\n<meta name=\"twitter:card\" content=\"summary_large_image\" \/>\n<meta name=\"twitter:label1\" content=\"Est. reading time\" \/>\n\t<meta name=\"twitter:data1\" content=\"2 minutes\" \/>\n<script type=\"application\/ld+json\" class=\"yoast-schema-graph\">{\"@context\":\"https:\\\/\\\/schema.org\",\"@graph\":[{\"@type\":\"WebPage\",\"@id\":\"https:\\\/\\\/flusslandschaft-elbe.de\\\/schuetzen-und-entwickeln-leichte-sprache\\\/\",\"url\":\"https:\\\/\\\/flusslandschaft-elbe.de\\\/schuetzen-und-entwickeln-leichte-sprache\\\/\",\"name\":\"Sch\u00fctzen und Entwickeln - leichte Sprache - Flusslandschaft Elbe\",\"isPartOf\":{\"@id\":\"https:\\\/\\\/flusslandschaft-elbe.de\\\/de-simple\\\/#website\"},\"primaryImageOfPage\":{\"@id\":\"https:\\\/\\\/flusslandschaft-elbe.de\\\/schuetzen-und-entwickeln-leichte-sprache\\\/#primaryimage\"},\"image\":{\"@id\":\"https:\\\/\\\/flusslandschaft-elbe.de\\\/schuetzen-und-entwickeln-leichte-sprache\\\/#primaryimage\"},\"thumbnailUrl\":\"https:\\\/\\\/flusslandschaft-elbe.de\\\/wp-content\\\/uploads\\\/Pflege_einer_Streuobstwiese_Mirko_Pannach_klein-768x576.jpg\",\"datePublished\":\"2024-11-23T16:11:59+00:00\",\"dateModified\":\"2025-01-29T11:54:07+00:00\",\"breadcrumb\":{\"@id\":\"https:\\\/\\\/flusslandschaft-elbe.de\\\/schuetzen-und-entwickeln-leichte-sprache\\\/#breadcrumb\"},\"inLanguage\":\"de-simple\",\"potentialAction\":[{\"@type\":\"ReadAction\",\"target\":[\"https:\\\/\\\/flusslandschaft-elbe.de\\\/schuetzen-und-entwickeln-leichte-sprache\\\/\"]}]},{\"@type\":\"ImageObject\",\"inLanguage\":\"de-simple\",\"@id\":\"https:\\\/\\\/flusslandschaft-elbe.de\\\/schuetzen-und-entwickeln-leichte-sprache\\\/#primaryimage\",\"url\":\"https:\\\/\\\/flusslandschaft-elbe.de\\\/wp-content\\\/uploads\\\/Pflege_einer_Streuobstwiese_Mirko_Pannach_klein-768x576.jpg\",\"contentUrl\":\"https:\\\/\\\/flusslandschaft-elbe.de\\\/wp-content\\\/uploads\\\/Pflege_einer_Streuobstwiese_Mirko_Pannach_klein-768x576.jpg\"},{\"@type\":\"BreadcrumbList\",\"@id\":\"https:\\\/\\\/flusslandschaft-elbe.de\\\/schuetzen-und-entwickeln-leichte-sprache\\\/#breadcrumb\",\"itemListElement\":[{\"@type\":\"ListItem\",\"position\":1,\"name\":\"Startseite\",\"item\":\"https:\\\/\\\/flusslandschaft-elbe.de\\\/\"},{\"@type\":\"ListItem\",\"position\":2,\"name\":\"Sch\u00fctzen und Entwickeln &#8211; leichte Sprache\"}]},{\"@type\":\"WebSite\",\"@id\":\"https:\\\/\\\/flusslandschaft-elbe.de\\\/de-simple\\\/#website\",\"url\":\"https:\\\/\\\/flusslandschaft-elbe.de\\\/de-simple\\\/\",\"name\":\"Flusslandschaft Elbe\",\"description\":\"\",\"publisher\":{\"@id\":\"https:\\\/\\\/flusslandschaft-elbe.de\\\/de-simple\\\/#organization\"},\"potentialAction\":[{\"@type\":\"SearchAction\",\"target\":{\"@type\":\"EntryPoint\",\"urlTemplate\":\"https:\\\/\\\/flusslandschaft-elbe.de\\\/de-simple\\\/?s={search_term_string}\"},\"query-input\":{\"@type\":\"PropertyValueSpecification\",\"valueRequired\":true,\"valueName\":\"search_term_string\"}}],\"inLanguage\":\"de-simple\"},{\"@type\":\"Organization\",\"@id\":\"https:\\\/\\\/flusslandschaft-elbe.de\\\/de-simple\\\/#organization\",\"name\":\"Flusslandschaft Elbe\",\"url\":\"https:\\\/\\\/flusslandschaft-elbe.de\\\/de-simple\\\/\",\"logo\":{\"@type\":\"ImageObject\",\"inLanguage\":\"de-simple\",\"@id\":\"https:\\\/\\\/flusslandschaft-elbe.de\\\/de-simple\\\/#\\\/schema\\\/logo\\\/image\\\/\",\"url\":\"https:\\\/\\\/flusslandschaft-elbe.de\\\/wp-content\\\/uploads\\\/favicon.png\",\"contentUrl\":\"https:\\\/\\\/flusslandschaft-elbe.de\\\/wp-content\\\/uploads\\\/favicon.png\",\"width\":196,\"height\":196,\"caption\":\"Flusslandschaft Elbe\"},\"image\":{\"@id\":\"https:\\\/\\\/flusslandschaft-elbe.de\\\/de-simple\\\/#\\\/schema\\\/logo\\\/image\\\/\"}}]}<\/script>\n<!-- \/ Yoast SEO plugin. -->","yoast_head_json":{"title":"Sch\u00fctzen und Entwickeln - leichte Sprache - Flusslandschaft Elbe","robots":{"index":"index","follow":"follow","max-snippet":"max-snippet:-1","max-image-preview":"max-image-preview:large","max-video-preview":"max-video-preview:-1"},"canonical":"https:\/\/flusslandschaft-elbe.de\/de\/schuetzen-und-entwickeln-leichte-sprache\/","og_locale":"de_DE","og_type":"article","og_title":"Sch\u00fctzen und Entwickeln - leichte Sprache - Flusslandschaft Elbe","og_description":"Sch\u00fctzen und Entwickeln Das UNESCO-Biosph\u00e4renreservat Flusslandschaft Elbe ist ein besonderes Schutzgebiet.Hier gibt es eine der letzten gro\u00dfen, nat\u00fcrlichen Fluss-Auen an der Elbe.In dieser Landschaft leben viele verschiedene Tier- und Pflanzen-Arten.Einige davon sind sehr selten oder bedroht.Die Menschen leben schon seit Jahrhunderten an der Elbe.Dabei haben sie die Landschaft geformt.So ist eine besondere Mischung aus Natur-&hellip;","og_url":"https:\/\/flusslandschaft-elbe.de\/de\/schuetzen-und-entwickeln-leichte-sprache\/","og_site_name":"Flusslandschaft Elbe","article_modified_time":"2025-01-29T11:54:07+00:00","og_image":[{"width":1000,"height":750,"url":"https:\/\/flusslandschaft-elbe.de\/wp-content\/uploads\/Pflege_einer_Streuobstwiese_Mirko_Pannach_klein.jpg","type":"image\/jpeg"}],"twitter_card":"summary_large_image","twitter_misc":{"Est. reading time":"2 minutes"},"schema":{"@context":"https:\/\/schema.org","@graph":[{"@type":"WebPage","@id":"https:\/\/flusslandschaft-elbe.de\/schuetzen-und-entwickeln-leichte-sprache\/","url":"https:\/\/flusslandschaft-elbe.de\/schuetzen-und-entwickeln-leichte-sprache\/","name":"Sch\u00fctzen und Entwickeln - leichte Sprache - Flusslandschaft Elbe","isPartOf":{"@id":"https:\/\/flusslandschaft-elbe.de\/de-simple\/#website"},"primaryImageOfPage":{"@id":"https:\/\/flusslandschaft-elbe.de\/schuetzen-und-entwickeln-leichte-sprache\/#primaryimage"},"image":{"@id":"https:\/\/flusslandschaft-elbe.de\/schuetzen-und-entwickeln-leichte-sprache\/#primaryimage"},"thumbnailUrl":"https:\/\/flusslandschaft-elbe.de\/wp-content\/uploads\/Pflege_einer_Streuobstwiese_Mirko_Pannach_klein-768x576.jpg","datePublished":"2024-11-23T16:11:59+00:00","dateModified":"2025-01-29T11:54:07+00:00","breadcrumb":{"@id":"https:\/\/flusslandschaft-elbe.de\/schuetzen-und-entwickeln-leichte-sprache\/#breadcrumb"},"inLanguage":"de-simple","potentialAction":[{"@type":"ReadAction","target":["https:\/\/flusslandschaft-elbe.de\/schuetzen-und-entwickeln-leichte-sprache\/"]}]},{"@type":"ImageObject","inLanguage":"de-simple","@id":"https:\/\/flusslandschaft-elbe.de\/schuetzen-und-entwickeln-leichte-sprache\/#primaryimage","url":"https:\/\/flusslandschaft-elbe.de\/wp-content\/uploads\/Pflege_einer_Streuobstwiese_Mirko_Pannach_klein-768x576.jpg","contentUrl":"https:\/\/flusslandschaft-elbe.de\/wp-content\/uploads\/Pflege_einer_Streuobstwiese_Mirko_Pannach_klein-768x576.jpg"},{"@type":"BreadcrumbList","@id":"https:\/\/flusslandschaft-elbe.de\/schuetzen-und-entwickeln-leichte-sprache\/#breadcrumb","itemListElement":[{"@type":"ListItem","position":1,"name":"Startseite","item":"https:\/\/flusslandschaft-elbe.de\/"},{"@type":"ListItem","position":2,"name":"Sch\u00fctzen und Entwickeln &#8211; leichte Sprache"}]},{"@type":"WebSite","@id":"https:\/\/flusslandschaft-elbe.de\/de-simple\/#website","url":"https:\/\/flusslandschaft-elbe.de\/de-simple\/","name":"Flusslandschaft Elbe","description":"","publisher":{"@id":"https:\/\/flusslandschaft-elbe.de\/de-simple\/#organization"},"potentialAction":[{"@type":"SearchAction","target":{"@type":"EntryPoint","urlTemplate":"https:\/\/flusslandschaft-elbe.de\/de-simple\/?s={search_term_string}"},"query-input":{"@type":"PropertyValueSpecification","valueRequired":true,"valueName":"search_term_string"}}],"inLanguage":"de-simple"},{"@type":"Organization","@id":"https:\/\/flusslandschaft-elbe.de\/de-simple\/#organization","name":"Flusslandschaft Elbe","url":"https:\/\/flusslandschaft-elbe.de\/de-simple\/","logo":{"@type":"ImageObject","inLanguage":"de-simple","@id":"https:\/\/flusslandschaft-elbe.de\/de-simple\/#\/schema\/logo\/image\/","url":"https:\/\/flusslandschaft-elbe.de\/wp-content\/uploads\/favicon.png","contentUrl":"https:\/\/flusslandschaft-elbe.de\/wp-content\/uploads\/favicon.png","width":196,"height":196,"caption":"Flusslandschaft Elbe"},"image":{"@id":"https:\/\/flusslandschaft-elbe.de\/de-simple\/#\/schema\/logo\/image\/"}}]}},"_links":{"self":[{"href":"https:\/\/flusslandschaft-elbe.de\/de\/wp-json\/wp\/v2\/pages\/3562","targetHints":{"allow":["GET"]}}],"collection":[{"href":"https:\/\/flusslandschaft-elbe.de\/de\/wp-json\/wp\/v2\/pages"}],"about":[{"href":"https:\/\/flusslandschaft-elbe.de\/de\/wp-json\/wp\/v2\/types\/page"}],"author":[{"embeddable":true,"href":"https:\/\/flusslandschaft-elbe.de\/de\/wp-json\/wp\/v2\/users\/10"}],"replies":[{"embeddable":true,"href":"https:\/\/flusslandschaft-elbe.de\/de\/wp-json\/wp\/v2\/comments?post=3562"}],"version-history":[{"count":1,"href":"https:\/\/flusslandschaft-elbe.de\/de\/wp-json\/wp\/v2\/pages\/3562\/revisions"}],"predecessor-version":[{"id":6625,"href":"https:\/\/flusslandschaft-elbe.de\/de\/wp-json\/wp\/v2\/pages\/3562\/revisions\/6625"}],"wp:attachment":[{"href":"https:\/\/flusslandschaft-elbe.de\/de\/wp-json\/wp\/v2\/media?parent=3562"}],"curies":[{"name":"wp","href":"https:\/\/api.w.org\/{rel}","templated":true}]}}