{"id":3542,"date":"2024-11-23T16:22:11","date_gmt":"2024-11-23T15:22:11","guid":{"rendered":"https:\/\/flusslandschaft-elbe.de\/?page_id=3542"},"modified":"2025-01-29T13:04:07","modified_gmt":"2025-01-29T12:04:07","slug":"wissen-verstehen-leichte-sprache","status":"publish","type":"page","link":"https:\/\/flusslandschaft-elbe.de\/de\/wissen-verstehen-leichte-sprache\/","title":{"rendered":"Wissen &#038; Verstehen &#8211; leichte Sprache"},"content":{"rendered":"<div data-elementor-type=\"wp-page\" data-elementor-id=\"3542\" class=\"elementor elementor-3542\" data-elementor-post-type=\"page\">\n\t\t\t\t<div class=\"elementor-element elementor-element-78fa64f e-flex e-con-boxed e-con e-parent\" data-id=\"78fa64f\" data-element_type=\"container\" data-e-type=\"container\">\n\t\t\t\t\t<div class=\"e-con-inner\">\n\t\t\t\t<div class=\"elementor-element elementor-element-12148a6 elementor-widget elementor-widget-heading\" data-id=\"12148a6\" data-element_type=\"widget\" data-e-type=\"widget\" data-widget_type=\"heading.default\">\n\t\t\t\t<div class=\"elementor-widget-container\">\n\t\t\t\t\t<h2 class=\"elementor-heading-title elementor-size-default\">Wissen und Verstehen<\/h2>\t\t\t\t<\/div>\n\t\t\t\t<\/div>\n\t\t\t\t\t<\/div>\n\t\t\t\t<\/div>\n\t\t<div class=\"elementor-element elementor-element-16fee31 e-flex e-con-boxed e-con e-parent\" data-id=\"16fee31\" data-element_type=\"container\" data-e-type=\"container\">\n\t\t\t\t\t<div class=\"e-con-inner\">\n\t\t\t\t<div class=\"elementor-element elementor-element-44b2b4b elementor-widget elementor-widget-text-editor\" data-id=\"44b2b4b\" data-element_type=\"widget\" data-e-type=\"widget\" data-widget_type=\"text-editor.default\">\n\t\t\t\t<div class=\"elementor-widget-container\">\n\t\t\t\t\t\t\t\t\t<h3><strong>Was ist ein Biosph\u00e4renreservat?<\/strong><\/h3><p>Ein Biosph\u00e4renreservat ist eine besondere Region.<br \/>Es gibt dort viel Natur, Tiere und Pflanzen.<br \/>Die Menschen sollen diese Natur gut sch\u00fctzen und trotzdem in der Region leben und arbeiten k\u00f6nnen.<\/p><p><strong>In einem Biosph\u00e4renreservat wird ausprobiert:<\/strong><\/p><ul><li>Wie k\u00f6nnen Menschen die Natur sch\u00fctzen?<\/li><li>Wie k\u00f6nnen sie die Natur nutzen, ohne ihr zu schaden?<\/li><\/ul>\t\t\t\t\t\t\t\t<\/div>\n\t\t\t\t<\/div>\n\t\t\t\t<div class=\"elementor-element elementor-element-aa10303 elementor-widget elementor-widget-image\" data-id=\"aa10303\" data-element_type=\"widget\" data-e-type=\"widget\" data-widget_type=\"image.default\">\n\t\t\t\t<div class=\"elementor-widget-container\">\n\t\t\t\t\t\t\t\t\t\t\t\t\t\t\t\t<a data-elementor-lightbox-title=\"\u00a9 Jan Lange\" href=\"https:\/\/flusslandschaft-elbe.de\/wp-content\/uploads\/Foto_Juniorranger_c_Jan_Lange.jpg\" data-elementor-open-lightbox=\"yes\" data-elementor-lightbox-description=\"Kinder lernen und entdecken Natur und Landschaft als Juniorranger.\" data-e-action-hash=\"#elementor-action%3Aaction%3Dlightbox%26settings%3DeyJpZCI6NTQ5MiwidXJsIjoiaHR0cHM6XC9cL2ZsdXNzbGFuZHNjaGFmdC1lbGJlLmRlXC93cC1jb250ZW50XC91cGxvYWRzXC9Gb3RvX0p1bmlvcnJhbmdlcl9jX0phbl9MYW5nZS5qcGcifQ%3D%3D\">\n\t\t\t\t\t\t\t<figure class=\"position-relative\"><img fetchpriority=\"high\" decoding=\"async\" width=\"768\" height=\"512\" src=\"https:\/\/flusslandschaft-elbe.de\/wp-content\/uploads\/Foto_Juniorranger_c_Jan_Lange-768x512.jpg\" class=\"attachment-medium_large size-medium_large wp-image-5492\" alt=\"Vier Kinder knieen im Sandboden und untersuchen Pflanzen und K\u00e4fer.\" srcset=\"https:\/\/flusslandschaft-elbe.de\/wp-content\/uploads\/Foto_Juniorranger_c_Jan_Lange-768x512.jpg 768w, https:\/\/flusslandschaft-elbe.de\/wp-content\/uploads\/Foto_Juniorranger_c_Jan_Lange-512x341.jpg 512w, https:\/\/flusslandschaft-elbe.de\/wp-content\/uploads\/Foto_Juniorranger_c_Jan_Lange-1024x683.jpg 1024w, https:\/\/flusslandschaft-elbe.de\/wp-content\/uploads\/Foto_Juniorranger_c_Jan_Lange-1536x1024.jpg 1536w, https:\/\/flusslandschaft-elbe.de\/wp-content\/uploads\/Foto_Juniorranger_c_Jan_Lange-2048x1365.jpg 2048w, https:\/\/flusslandschaft-elbe.de\/wp-content\/uploads\/Foto_Juniorranger_c_Jan_Lange-18x12.jpg 18w\" sizes=\"(max-width: 768px) 100vw, 768px\" \/><figcaption class=\"img-author\" title=\"\u00a9 Jan Lange\">\u00a9 Jan Lange<\/figcaption><\/figure>\t\t\t\t\t\t\t\t<\/a>\n\t\t\t\t\t\t\t\t\t\t\t\t\t\t\t<\/div>\n\t\t\t\t<\/div>\n\t\t\t\t<div class=\"elementor-element elementor-element-c7a944f elementor-widget elementor-widget-text-editor\" data-id=\"c7a944f\" data-element_type=\"widget\" data-e-type=\"widget\" data-widget_type=\"text-editor.default\">\n\t\t\t\t<div class=\"elementor-widget-container\">\n\t\t\t\t\t\t\t\t\t<p><em>Das Bild zeigt, wie Kinder die Natur entdecken.<\/em><br \/><em>Es passt gut zu einem Biosph\u00e4renreservat.<\/em><br \/><em>In einem Biosph\u00e4renreservat lernen Menschen, wie sie die Natur sch\u00fctzen k\u00f6nnen.<\/em><\/p>\t\t\t\t\t\t\t\t<\/div>\n\t\t\t\t<\/div>\n\t\t\t\t<div class=\"elementor-element elementor-element-5797003 elementor-widget elementor-widget-text-editor\" data-id=\"5797003\" data-element_type=\"widget\" data-e-type=\"widget\" data-widget_type=\"text-editor.default\">\n\t\t\t\t<div class=\"elementor-widget-container\">\n\t\t\t\t\t\t\t\t\t<p><strong>Das Ziel ist:<\/strong><\/p><ul><li>Menschen und Natur sollen gut miteinander auskommen.<\/li><\/ul><p>Biosph\u00e4renreservate geh\u00f6ren zu einem Programm der UNESCO.<br \/>Die UNESCO ist eine Organisation, die weltweit arbeitet.<br \/>Sie hat Regeln f\u00fcr Biosph\u00e4renreservate gemacht.<br \/>Diese Regeln werden regelm\u00e4\u00dfig \u00fcberpr\u00fcft.<\/p><p>In der Welt gibt es 748 Biosph\u00e4renreservate in 134 L\u00e4ndern.<br \/>In Deutschland gibt es ein gro\u00dfes Biosph\u00e4renreservat an der Elbe.<br \/>Es hei\u00dft \u201eFlusslandschaft Elbe\u201c.<br \/>F\u00fcnf Bundesl\u00e4nder geh\u00f6ren dazu:<\/p><ul><li>Schleswig-Holstein<\/li><li>Mecklenburg-Vorpommern<\/li><li>Niedersachsen<\/li><li>Brandenburg<\/li><li>Sachsen-Anhalt<\/li><\/ul>\t\t\t\t\t\t\t\t<\/div>\n\t\t\t\t<\/div>\n\t\t\t\t<div class=\"elementor-element elementor-element-9549749 elementor-widget elementor-widget-image\" data-id=\"9549749\" data-element_type=\"widget\" data-e-type=\"widget\" data-widget_type=\"image.default\">\n\t\t\t\t<div class=\"elementor-widget-container\">\n\t\t\t\t\t\t\t\t\t\t\t\t\t\t\t<figure class=\"position-relative\"><img decoding=\"async\" width=\"768\" height=\"512\" src=\"https:\/\/flusslandschaft-elbe.de\/wp-content\/uploads\/Foto_Traktor_mit_Storch_c_Juergen_Borris-768x512.jpg\" class=\"attachment-medium_large size-medium_large wp-image-5493\" alt=\"Ein Traktor auf einer gr\u00fcnen Wiese und ein Storch.\" srcset=\"https:\/\/flusslandschaft-elbe.de\/wp-content\/uploads\/Foto_Traktor_mit_Storch_c_Juergen_Borris-768x512.jpg 768w, https:\/\/flusslandschaft-elbe.de\/wp-content\/uploads\/Foto_Traktor_mit_Storch_c_Juergen_Borris-2048x1365.jpg 2048w, https:\/\/flusslandschaft-elbe.de\/wp-content\/uploads\/Foto_Traktor_mit_Storch_c_Juergen_Borris-512x341.jpg 512w, https:\/\/flusslandschaft-elbe.de\/wp-content\/uploads\/Foto_Traktor_mit_Storch_c_Juergen_Borris-1024x683.jpg 1024w, https:\/\/flusslandschaft-elbe.de\/wp-content\/uploads\/Foto_Traktor_mit_Storch_c_Juergen_Borris-1536x1024.jpg 1536w, https:\/\/flusslandschaft-elbe.de\/wp-content\/uploads\/Foto_Traktor_mit_Storch_c_Juergen_Borris-18x12.jpg 18w\" sizes=\"(max-width: 768px) 100vw, 768px\" \/><figcaption class=\"img-author\" title=\"\u00a9 J\u00fcrgen Borris\">\u00a9 J\u00fcrgen Borris<\/figcaption><\/figure>\t\t\t\t\t\t\t\t\t\t\t\t\t\t\t<\/div>\n\t\t\t\t<\/div>\n\t\t\t\t<div class=\"elementor-element elementor-element-ecd7dc2 elementor-widget elementor-widget-text-editor\" data-id=\"ecd7dc2\" data-element_type=\"widget\" data-e-type=\"widget\" data-widget_type=\"text-editor.default\">\n\t\t\t\t<div class=\"elementor-widget-container\">\n\t\t\t\t\t\t\t\t\t<p><em>In einem Biosph\u00e4renreservat d\u00fcrfen Menschen <strong>nachhaltig arbeiten<\/strong>, zum Beispiel <strong>Landwirtschaft betreiben<\/strong>, aber immer so, dass die Natur nicht kaputt geht.<\/em><\/p><p><em>Der Storch sucht in dem frisch gem\u00e4hten Gras nach <strong>Futter<\/strong>.<\/em><br \/><em>Er frisst kleine Tiere wie <strong>M\u00e4use, Fr\u00f6sche oder Insekten<\/strong>.<\/em><br \/><em>Deshalb fliegt er gerne hinter dem Traktor her.<\/em><\/p>\t\t\t\t\t\t\t\t<\/div>\n\t\t\t\t<\/div>\n\t\t\t\t<div class=\"elementor-element elementor-element-f215f0f elementor-widget elementor-widget-text-editor\" data-id=\"f215f0f\" data-element_type=\"widget\" data-e-type=\"widget\" data-widget_type=\"text-editor.default\">\n\t\t\t\t<div class=\"elementor-widget-container\">\n\t\t\t\t\t\t\t\t\t<h3><strong>Zusammenarbeit in der Region<\/strong><\/h3><p>Ein Biosph\u00e4renreservat ist etwas Besonderes f\u00fcr eine Region.<br \/>Es ist eine Auszeichnung von der UNESCO.<br \/>Die Menschen in der Region sollen dabei helfen, das Biosph\u00e4renreservat gut zu erhalten.<\/p><p>Daf\u00fcr arbeiten viele zusammen:<\/p><ul><li>Verwaltungen<\/li><li>Bauern und F\u00f6rster<\/li><li>Tourismusgruppen<\/li><\/ul><p>Die Verwaltungen vom Biosph\u00e4renreservat sprechen mit diesen Gruppen.<br \/>Sie planen zusammen, wie man die Natur sch\u00fctzt und die Region entwickelt.<br \/>Es gibt Treffen und Arbeitsgruppen, wo die Menschen Ideen austauschen.<\/p><p>Das Ziel ist:<br \/>Die Region soll nachhaltig sein.<br \/>Das hei\u00dft:<br \/>Menschen sollen gut in der Region leben k\u00f6nnen, ohne der Natur zu schaden.<\/p>\t\t\t\t\t\t\t\t<\/div>\n\t\t\t\t<\/div>\n\t\t\t\t\t<\/div>\n\t\t\t\t<\/div>\n\t\t<div class=\"elementor-element elementor-element-9ae9357 e-flex e-con-boxed e-con e-parent\" data-id=\"9ae9357\" data-element_type=\"container\" data-e-type=\"container\">\n\t\t\t\t\t<div class=\"e-con-inner\">\n\t\t\t\t<div class=\"elementor-element elementor-element-f92b541 elementor-widget elementor-widget-spacer\" data-id=\"f92b541\" data-element_type=\"widget\" data-e-type=\"widget\" data-widget_type=\"spacer.default\">\n\t\t\t\t<div class=\"elementor-widget-container\">\n\t\t\t\t\t\t\t<div class=\"elementor-spacer\">\n\t\t\t<div class=\"elementor-spacer-inner\"><\/div>\n\t\t<\/div>\n\t\t\t\t\t\t<\/div>\n\t\t\t\t<\/div>\n\t\t\t\t\t<\/div>\n\t\t\t\t<\/div>\n\t\t\t\t<\/div>","protected":false},"excerpt":{"rendered":"<p>Wissen und Verstehen Was ist ein Biosph\u00e4renreservat? Ein Biosph\u00e4renreservat ist eine besondere Region.Es gibt dort viel Natur, Tiere und Pflanzen.Die Menschen sollen diese Natur gut sch\u00fctzen und trotzdem in der Region leben und arbeiten k\u00f6nnen. In einem Biosph\u00e4renreservat wird ausprobiert: Wie k\u00f6nnen Menschen die Natur sch\u00fctzen? Wie k\u00f6nnen sie die Natur nutzen, ohne ihr zu&hellip;<\/p>","protected":false},"author":10,"featured_media":0,"parent":0,"menu_order":0,"comment_status":"closed","ping_status":"closed","template":"","meta":{"footnotes":""},"class_list":["post-3542","page","type-page","status-publish","hentry"],"yoast_head":"<!-- This site is optimized with the Yoast SEO plugin v27.4 - https:\/\/yoast.com\/product\/yoast-seo-wordpress\/ -->\n<title>Wissen &amp; Verstehen - leichte Sprache - Flusslandschaft Elbe<\/title>\n<meta name=\"robots\" content=\"index, follow, max-snippet:-1, max-image-preview:large, max-video-preview:-1\" \/>\n<link rel=\"canonical\" href=\"https:\/\/flusslandschaft-elbe.de\/de\/wissen-verstehen-leichte-sprache\/\" \/>\n<meta property=\"og:locale\" content=\"de_DE\" \/>\n<meta property=\"og:type\" content=\"article\" \/>\n<meta property=\"og:title\" content=\"Wissen &amp; Verstehen - leichte Sprache - Flusslandschaft Elbe\" \/>\n<meta property=\"og:description\" content=\"Wissen und Verstehen Was ist ein Biosph\u00e4renreservat? Ein Biosph\u00e4renreservat ist eine besondere Region.Es gibt dort viel Natur, Tiere und Pflanzen.Die Menschen sollen diese Natur gut sch\u00fctzen und trotzdem in der Region leben und arbeiten k\u00f6nnen. In einem Biosph\u00e4renreservat wird ausprobiert: Wie k\u00f6nnen Menschen die Natur sch\u00fctzen? Wie k\u00f6nnen sie die Natur nutzen, ohne ihr zu&hellip;\" \/>\n<meta property=\"og:url\" content=\"https:\/\/flusslandschaft-elbe.de\/de\/wissen-verstehen-leichte-sprache\/\" \/>\n<meta property=\"og:site_name\" content=\"Flusslandschaft Elbe\" \/>\n<meta property=\"article:modified_time\" content=\"2025-01-29T12:04:07+00:00\" \/>\n<meta property=\"og:image\" content=\"https:\/\/flusslandschaft-elbe.de\/wp-content\/uploads\/Foto_Juniorranger_c_Jan_Lange-1024x683.jpg\" \/>\n\t<meta property=\"og:image:width\" content=\"1024\" \/>\n\t<meta property=\"og:image:height\" content=\"683\" \/>\n\t<meta property=\"og:image:type\" content=\"image\/jpeg\" \/>\n<meta name=\"twitter:card\" content=\"summary_large_image\" \/>\n<meta name=\"twitter:label1\" content=\"Est. reading time\" \/>\n\t<meta name=\"twitter:data1\" content=\"2 minutes\" \/>\n<script type=\"application\/ld+json\" class=\"yoast-schema-graph\">{\"@context\":\"https:\\\/\\\/schema.org\",\"@graph\":[{\"@type\":\"WebPage\",\"@id\":\"https:\\\/\\\/flusslandschaft-elbe.de\\\/wissen-verstehen-leichte-sprache\\\/\",\"url\":\"https:\\\/\\\/flusslandschaft-elbe.de\\\/wissen-verstehen-leichte-sprache\\\/\",\"name\":\"Wissen & Verstehen - leichte Sprache - Flusslandschaft Elbe\",\"isPartOf\":{\"@id\":\"https:\\\/\\\/flusslandschaft-elbe.de\\\/de-simple\\\/#website\"},\"primaryImageOfPage\":{\"@id\":\"https:\\\/\\\/flusslandschaft-elbe.de\\\/wissen-verstehen-leichte-sprache\\\/#primaryimage\"},\"image\":{\"@id\":\"https:\\\/\\\/flusslandschaft-elbe.de\\\/wissen-verstehen-leichte-sprache\\\/#primaryimage\"},\"thumbnailUrl\":\"https:\\\/\\\/flusslandschaft-elbe.de\\\/wp-content\\\/uploads\\\/Foto_Juniorranger_c_Jan_Lange-768x512.jpg\",\"datePublished\":\"2024-11-23T15:22:11+00:00\",\"dateModified\":\"2025-01-29T12:04:07+00:00\",\"breadcrumb\":{\"@id\":\"https:\\\/\\\/flusslandschaft-elbe.de\\\/wissen-verstehen-leichte-sprache\\\/#breadcrumb\"},\"inLanguage\":\"de-simple\",\"potentialAction\":[{\"@type\":\"ReadAction\",\"target\":[\"https:\\\/\\\/flusslandschaft-elbe.de\\\/wissen-verstehen-leichte-sprache\\\/\"]}]},{\"@type\":\"ImageObject\",\"inLanguage\":\"de-simple\",\"@id\":\"https:\\\/\\\/flusslandschaft-elbe.de\\\/wissen-verstehen-leichte-sprache\\\/#primaryimage\",\"url\":\"https:\\\/\\\/flusslandschaft-elbe.de\\\/wp-content\\\/uploads\\\/Foto_Juniorranger_c_Jan_Lange-768x512.jpg\",\"contentUrl\":\"https:\\\/\\\/flusslandschaft-elbe.de\\\/wp-content\\\/uploads\\\/Foto_Juniorranger_c_Jan_Lange-768x512.jpg\"},{\"@type\":\"BreadcrumbList\",\"@id\":\"https:\\\/\\\/flusslandschaft-elbe.de\\\/wissen-verstehen-leichte-sprache\\\/#breadcrumb\",\"itemListElement\":[{\"@type\":\"ListItem\",\"position\":1,\"name\":\"Startseite\",\"item\":\"https:\\\/\\\/flusslandschaft-elbe.de\\\/\"},{\"@type\":\"ListItem\",\"position\":2,\"name\":\"Wissen &#038; Verstehen &#8211; leichte Sprache\"}]},{\"@type\":\"WebSite\",\"@id\":\"https:\\\/\\\/flusslandschaft-elbe.de\\\/de-simple\\\/#website\",\"url\":\"https:\\\/\\\/flusslandschaft-elbe.de\\\/de-simple\\\/\",\"name\":\"Flusslandschaft Elbe\",\"description\":\"\",\"publisher\":{\"@id\":\"https:\\\/\\\/flusslandschaft-elbe.de\\\/de-simple\\\/#organization\"},\"potentialAction\":[{\"@type\":\"SearchAction\",\"target\":{\"@type\":\"EntryPoint\",\"urlTemplate\":\"https:\\\/\\\/flusslandschaft-elbe.de\\\/de-simple\\\/?s={search_term_string}\"},\"query-input\":{\"@type\":\"PropertyValueSpecification\",\"valueRequired\":true,\"valueName\":\"search_term_string\"}}],\"inLanguage\":\"de-simple\"},{\"@type\":\"Organization\",\"@id\":\"https:\\\/\\\/flusslandschaft-elbe.de\\\/de-simple\\\/#organization\",\"name\":\"Flusslandschaft Elbe\",\"url\":\"https:\\\/\\\/flusslandschaft-elbe.de\\\/de-simple\\\/\",\"logo\":{\"@type\":\"ImageObject\",\"inLanguage\":\"de-simple\",\"@id\":\"https:\\\/\\\/flusslandschaft-elbe.de\\\/de-simple\\\/#\\\/schema\\\/logo\\\/image\\\/\",\"url\":\"https:\\\/\\\/flusslandschaft-elbe.de\\\/wp-content\\\/uploads\\\/favicon.png\",\"contentUrl\":\"https:\\\/\\\/flusslandschaft-elbe.de\\\/wp-content\\\/uploads\\\/favicon.png\",\"width\":196,\"height\":196,\"caption\":\"Flusslandschaft Elbe\"},\"image\":{\"@id\":\"https:\\\/\\\/flusslandschaft-elbe.de\\\/de-simple\\\/#\\\/schema\\\/logo\\\/image\\\/\"}}]}<\/script>\n<!-- \/ Yoast SEO plugin. -->","yoast_head_json":{"title":"Wissen & Verstehen - leichte Sprache - Flusslandschaft Elbe","robots":{"index":"index","follow":"follow","max-snippet":"max-snippet:-1","max-image-preview":"max-image-preview:large","max-video-preview":"max-video-preview:-1"},"canonical":"https:\/\/flusslandschaft-elbe.de\/de\/wissen-verstehen-leichte-sprache\/","og_locale":"de_DE","og_type":"article","og_title":"Wissen & Verstehen - leichte Sprache - Flusslandschaft Elbe","og_description":"Wissen und Verstehen Was ist ein Biosph\u00e4renreservat? Ein Biosph\u00e4renreservat ist eine besondere Region.Es gibt dort viel Natur, Tiere und Pflanzen.Die Menschen sollen diese Natur gut sch\u00fctzen und trotzdem in der Region leben und arbeiten k\u00f6nnen. In einem Biosph\u00e4renreservat wird ausprobiert: Wie k\u00f6nnen Menschen die Natur sch\u00fctzen? Wie k\u00f6nnen sie die Natur nutzen, ohne ihr zu&hellip;","og_url":"https:\/\/flusslandschaft-elbe.de\/de\/wissen-verstehen-leichte-sprache\/","og_site_name":"Flusslandschaft Elbe","article_modified_time":"2025-01-29T12:04:07+00:00","og_image":[{"width":1024,"height":683,"url":"https:\/\/flusslandschaft-elbe.de\/wp-content\/uploads\/Foto_Juniorranger_c_Jan_Lange-1024x683.jpg","type":"image\/jpeg"}],"twitter_card":"summary_large_image","twitter_misc":{"Est. reading time":"2 minutes"},"schema":{"@context":"https:\/\/schema.org","@graph":[{"@type":"WebPage","@id":"https:\/\/flusslandschaft-elbe.de\/wissen-verstehen-leichte-sprache\/","url":"https:\/\/flusslandschaft-elbe.de\/wissen-verstehen-leichte-sprache\/","name":"Wissen & Verstehen - leichte Sprache - Flusslandschaft Elbe","isPartOf":{"@id":"https:\/\/flusslandschaft-elbe.de\/de-simple\/#website"},"primaryImageOfPage":{"@id":"https:\/\/flusslandschaft-elbe.de\/wissen-verstehen-leichte-sprache\/#primaryimage"},"image":{"@id":"https:\/\/flusslandschaft-elbe.de\/wissen-verstehen-leichte-sprache\/#primaryimage"},"thumbnailUrl":"https:\/\/flusslandschaft-elbe.de\/wp-content\/uploads\/Foto_Juniorranger_c_Jan_Lange-768x512.jpg","datePublished":"2024-11-23T15:22:11+00:00","dateModified":"2025-01-29T12:04:07+00:00","breadcrumb":{"@id":"https:\/\/flusslandschaft-elbe.de\/wissen-verstehen-leichte-sprache\/#breadcrumb"},"inLanguage":"de-simple","potentialAction":[{"@type":"ReadAction","target":["https:\/\/flusslandschaft-elbe.de\/wissen-verstehen-leichte-sprache\/"]}]},{"@type":"ImageObject","inLanguage":"de-simple","@id":"https:\/\/flusslandschaft-elbe.de\/wissen-verstehen-leichte-sprache\/#primaryimage","url":"https:\/\/flusslandschaft-elbe.de\/wp-content\/uploads\/Foto_Juniorranger_c_Jan_Lange-768x512.jpg","contentUrl":"https:\/\/flusslandschaft-elbe.de\/wp-content\/uploads\/Foto_Juniorranger_c_Jan_Lange-768x512.jpg"},{"@type":"BreadcrumbList","@id":"https:\/\/flusslandschaft-elbe.de\/wissen-verstehen-leichte-sprache\/#breadcrumb","itemListElement":[{"@type":"ListItem","position":1,"name":"Startseite","item":"https:\/\/flusslandschaft-elbe.de\/"},{"@type":"ListItem","position":2,"name":"Wissen &#038; Verstehen &#8211; leichte Sprache"}]},{"@type":"WebSite","@id":"https:\/\/flusslandschaft-elbe.de\/de-simple\/#website","url":"https:\/\/flusslandschaft-elbe.de\/de-simple\/","name":"Flusslandschaft Elbe","description":"","publisher":{"@id":"https:\/\/flusslandschaft-elbe.de\/de-simple\/#organization"},"potentialAction":[{"@type":"SearchAction","target":{"@type":"EntryPoint","urlTemplate":"https:\/\/flusslandschaft-elbe.de\/de-simple\/?s={search_term_string}"},"query-input":{"@type":"PropertyValueSpecification","valueRequired":true,"valueName":"search_term_string"}}],"inLanguage":"de-simple"},{"@type":"Organization","@id":"https:\/\/flusslandschaft-elbe.de\/de-simple\/#organization","name":"Flusslandschaft Elbe","url":"https:\/\/flusslandschaft-elbe.de\/de-simple\/","logo":{"@type":"ImageObject","inLanguage":"de-simple","@id":"https:\/\/flusslandschaft-elbe.de\/de-simple\/#\/schema\/logo\/image\/","url":"https:\/\/flusslandschaft-elbe.de\/wp-content\/uploads\/favicon.png","contentUrl":"https:\/\/flusslandschaft-elbe.de\/wp-content\/uploads\/favicon.png","width":196,"height":196,"caption":"Flusslandschaft Elbe"},"image":{"@id":"https:\/\/flusslandschaft-elbe.de\/de-simple\/#\/schema\/logo\/image\/"}}]}},"_links":{"self":[{"href":"https:\/\/flusslandschaft-elbe.de\/de\/wp-json\/wp\/v2\/pages\/3542","targetHints":{"allow":["GET"]}}],"collection":[{"href":"https:\/\/flusslandschaft-elbe.de\/de\/wp-json\/wp\/v2\/pages"}],"about":[{"href":"https:\/\/flusslandschaft-elbe.de\/de\/wp-json\/wp\/v2\/types\/page"}],"author":[{"embeddable":true,"href":"https:\/\/flusslandschaft-elbe.de\/de\/wp-json\/wp\/v2\/users\/10"}],"replies":[{"embeddable":true,"href":"https:\/\/flusslandschaft-elbe.de\/de\/wp-json\/wp\/v2\/comments?post=3542"}],"version-history":[{"count":1,"href":"https:\/\/flusslandschaft-elbe.de\/de\/wp-json\/wp\/v2\/pages\/3542\/revisions"}],"predecessor-version":[{"id":6646,"href":"https:\/\/flusslandschaft-elbe.de\/de\/wp-json\/wp\/v2\/pages\/3542\/revisions\/6646"}],"wp:attachment":[{"href":"https:\/\/flusslandschaft-elbe.de\/de\/wp-json\/wp\/v2\/media?parent=3542"}],"curies":[{"name":"wp","href":"https:\/\/api.w.org\/{rel}","templated":true}]}}