{"id":2436,"date":"2024-11-12T14:09:01","date_gmt":"2024-11-12T13:09:01","guid":{"rendered":"https:\/\/flusslandschaft-elbe.de\/?page_id=2436"},"modified":"2025-01-30T15:17:05","modified_gmt":"2025-01-30T14:17:05","slug":"zertifizierte-natur-und-landschaftsfuehrerinnen","status":"publish","type":"page","link":"https:\/\/flusslandschaft-elbe.de\/de\/erleben-erholen\/zertifizierte-natur-und-landschaftsfuehrerinnen\/","title":{"rendered":"Zertifizierte Natur- und Landschaftsf\u00fchrer*innen"},"content":{"rendered":"<div data-elementor-type=\"wp-page\" data-elementor-id=\"2436\" class=\"elementor elementor-2436\" data-elementor-post-type=\"page\">\n\t\t\t\t<div class=\"elementor-element elementor-element-18553c7 e-flex e-con-boxed e-con e-parent\" data-id=\"18553c7\" data-element_type=\"container\" data-e-type=\"container\">\n\t\t\t\t\t<div class=\"e-con-inner\">\n\t\t\t\t<div class=\"elementor-element elementor-element-0f779aa elementor-widget elementor-widget-heading\" data-id=\"0f779aa\" data-element_type=\"widget\" data-e-type=\"widget\" data-widget_type=\"heading.default\">\n\t\t\t\t<div class=\"elementor-widget-container\">\n\t\t\t\t\t<h2 class=\"elementor-heading-title elementor-size-default\">Zertifizierte Natur- und Landschaftsf\u00fchrer*innen<\/h2>\t\t\t\t<\/div>\n\t\t\t\t<\/div>\n\t\t\t\t<div class=\"elementor-element elementor-element-ca2fe13 elementor-widget elementor-widget-text-editor\" data-id=\"ca2fe13\" data-element_type=\"widget\" data-e-type=\"widget\" data-widget_type=\"text-editor.default\">\n\t\t\t\t<div class=\"elementor-widget-container\">\n\t\t\t\t\t\t\t\t\t<p><span class=\"tm6\">Natur zu erleben und Landschaften kennen zu lernen, sind gegenw\u00e4rtig wichtige Reisemotive. Im UNESCO-Biosph\u00e4renreservat Flusslandschaft Elbe k\u00f6nnen Sie als Besucher*in viel Interessantes, Erstaunliches und Faszinierendes entdecken und erleben. Sie k\u00f6nnen dies auf eigene Faust tun, aber so mancher Geheimtipp bleibt dabei vielleicht verborgen. Es sei denn&#8230; Sie schlie\u00dfen sich einer F\u00fchrung mit unseren zertifizierten Natur- und Landschaftsf\u00fchrer*innen in der Nieders\u00e4chsischen Elbtalaue, dem Wendland oder in der brandenburgischen Prignitz an. <\/span><\/p>\t\t\t\t\t\t\t\t<\/div>\n\t\t\t\t<\/div>\n\t\t\t\t\t<\/div>\n\t\t\t\t<\/div>\n\t\t<div class=\"elementor-element elementor-element-0b7cf04 custom-img-gallery e-flex e-con-boxed e-con e-parent\" data-id=\"0b7cf04\" data-element_type=\"container\" data-e-type=\"container\">\n\t\t\t\t\t<div class=\"e-con-inner\">\n\t\t<div class=\"elementor-element elementor-element-6aee490 horizontal-img-container e-con-full e-flex e-con e-child\" data-id=\"6aee490\" data-element_type=\"container\" data-e-type=\"container\">\n\t\t<div class=\"elementor-element elementor-element-366666c e-grid img-grid e-con-boxed e-con e-child\" data-id=\"366666c\" data-element_type=\"container\" data-e-type=\"container\">\n\t\t\t\t\t<div class=\"e-con-inner\">\n\t\t<div class=\"elementor-element elementor-element-4907fde green-square e-con-full e-flex e-con e-child\" data-id=\"4907fde\" data-element_type=\"container\" data-e-type=\"container\" data-settings=\"{&quot;background_background&quot;:&quot;classic&quot;}\">\n\t\t\t\t<div class=\"elementor-element elementor-element-b4bc882 elementor-widget elementor-widget-heading\" data-id=\"b4bc882\" data-element_type=\"widget\" data-e-type=\"widget\" data-widget_type=\"heading.default\">\n\t\t\t\t<div class=\"elementor-widget-container\">\n\t\t\t\t\t<h3 class=\"elementor-heading-title elementor-size-default\"><a href=\"https:\/\/www.elbtalaue.niedersachsen.de\/startseite\/elbtalaue_erleben\/zertifizierte_natur_und_landschaftsfuhrer_innen\/\" target=\"_blank\">Geheimtipps in Niedersachsen<\/a><\/h3>\t\t\t\t<\/div>\n\t\t\t\t<\/div>\n\t\t\t\t<\/div>\n\t\t\t\t<div class=\"elementor-element elementor-element-fada915 img-gallery-snd-img elementor-widget elementor-widget-image\" data-id=\"fada915\" data-element_type=\"widget\" data-e-type=\"widget\" data-widget_type=\"image.default\">\n\t\t\t\t<div class=\"elementor-widget-container\">\n\t\t\t\t\t\t\t\t\t\t\t\t\t\t\t\t<a data-elementor-lightbox-title=\"\u00a9 Markus Tiemann\" href=\"https:\/\/flusslandschaft-elbe.de\/wp-content\/uploads\/DSC3129-Grenzturm-Darchau-27-scaled.jpg\" data-elementor-open-lightbox=\"yes\" data-elementor-lightbox-description=\"Die zertifizierte Natur- und Landschaftsf\u00fchrerin Siegrun Hogel\u00fccht erkl\u00e4rt G\u00e4sten die Natur und die Geschichte zum Grenzturm Darchau.\" data-e-action-hash=\"#elementor-action%3Aaction%3Dlightbox%26settings%3DeyJpZCI6MjE1NSwidXJsIjoiaHR0cHM6XC9cL2ZsdXNzbGFuZHNjaGFmdC1lbGJlLmRlXC93cC1jb250ZW50XC91cGxvYWRzXC9EU0MzMTI5LUdyZW56dHVybS1EYXJjaGF1LTI3LXNjYWxlZC5qcGcifQ%3D%3D\">\n\t\t\t\t\t\t\t<figure class=\"position-relative\"><img fetchpriority=\"high\" decoding=\"async\" width=\"1024\" height=\"683\" src=\"https:\/\/flusslandschaft-elbe.de\/wp-content\/uploads\/DSC3129-Grenzturm-Darchau-27-1024x683.jpg\" class=\"attachment-large size-large wp-image-2155\" alt=\"Die zertifizierte Natur- und Landschaftsf\u00fchrerin Siegrun Hogel\u00fccht erkl\u00e4rt G\u00e4sten das Gel\u00e4nde Rund um den Grenzturm Darchau.\" srcset=\"https:\/\/flusslandschaft-elbe.de\/wp-content\/uploads\/DSC3129-Grenzturm-Darchau-27-1024x683.jpg 1024w, https:\/\/flusslandschaft-elbe.de\/wp-content\/uploads\/DSC3129-Grenzturm-Darchau-27-2048x1365.jpg 2048w, https:\/\/flusslandschaft-elbe.de\/wp-content\/uploads\/DSC3129-Grenzturm-Darchau-27-512x341.jpg 512w, https:\/\/flusslandschaft-elbe.de\/wp-content\/uploads\/DSC3129-Grenzturm-Darchau-27-768x512.jpg 768w, https:\/\/flusslandschaft-elbe.de\/wp-content\/uploads\/DSC3129-Grenzturm-Darchau-27-1536x1024.jpg 1536w, https:\/\/flusslandschaft-elbe.de\/wp-content\/uploads\/DSC3129-Grenzturm-Darchau-27-18x12.jpg 18w\" sizes=\"(max-width: 1024px) 100vw, 1024px\" \/><figcaption class=\"img-author\" title=\"\u00a9 Markus Tiemann\">\u00a9 Markus Tiemann<\/figcaption><\/figure>\t\t\t\t\t\t\t\t<\/a>\n\t\t\t\t\t\t\t\t\t\t\t\t\t\t\t<\/div>\n\t\t\t\t<\/div>\n\t\t\t\t\t<\/div>\n\t\t\t\t<\/div>\n\t\t<div class=\"elementor-element elementor-element-bc6066e e-grid img-grid e-con-boxed e-con e-child\" data-id=\"bc6066e\" data-element_type=\"container\" data-e-type=\"container\">\n\t\t\t\t\t<div class=\"e-con-inner\">\n\t\t\t\t<div class=\"elementor-element elementor-element-5e175b3 img-gallery-snd-img elementor-widget elementor-widget-image\" data-id=\"5e175b3\" data-element_type=\"widget\" data-e-type=\"widget\" data-widget_type=\"image.default\">\n\t\t\t\t<div class=\"elementor-widget-container\">\n\t\t\t\t\t\t\t\t\t\t\t\t\t\t\t\t<a data-elementor-lightbox-title=\"\u00a9 Carina Heckert\" href=\"https:\/\/flusslandschaft-elbe.de\/wp-content\/uploads\/Carina_End.jpg\" data-elementor-open-lightbox=\"yes\" data-elementor-lightbox-description=\"Gef\u00fchrte Schiffstour mit der zertifizierten Natur- und Landschaftsf\u00fchrerin Carina Heckert.\" data-e-action-hash=\"#elementor-action%3Aaction%3Dlightbox%26settings%3DeyJpZCI6MjE1OCwidXJsIjoiaHR0cHM6XC9cL2ZsdXNzbGFuZHNjaGFmdC1lbGJlLmRlXC93cC1jb250ZW50XC91cGxvYWRzXC9DYXJpbmFfRW5kLmpwZyJ9\">\n\t\t\t\t\t\t\t<figure class=\"position-relative\"><img decoding=\"async\" width=\"1024\" height=\"682\" src=\"https:\/\/flusslandschaft-elbe.de\/wp-content\/uploads\/Carina_End-1024x682.jpg\" class=\"attachment-large size-large wp-image-2158\" alt=\"Zertifizierte Natur- und Landschaftsf\u00fchrerin Carina Heckert auf dem Schiff MS Hecht mit einem Mikrofon in der Hand.\" srcset=\"https:\/\/flusslandschaft-elbe.de\/wp-content\/uploads\/Carina_End-1024x682.jpg 1024w, https:\/\/flusslandschaft-elbe.de\/wp-content\/uploads\/Carina_End-512x341.jpg 512w, https:\/\/flusslandschaft-elbe.de\/wp-content\/uploads\/Carina_End-768x512.jpg 768w, https:\/\/flusslandschaft-elbe.de\/wp-content\/uploads\/Carina_End-18x12.jpg 18w, https:\/\/flusslandschaft-elbe.de\/wp-content\/uploads\/Carina_End.jpg 1280w\" sizes=\"(max-width: 1024px) 100vw, 1024px\" \/><figcaption class=\"img-author\" title=\"\u00a9 Carina Heckert\">\u00a9 Carina Heckert<\/figcaption><\/figure>\t\t\t\t\t\t\t\t<\/a>\n\t\t\t\t\t\t\t\t\t\t\t\t\t\t\t<\/div>\n\t\t\t\t<\/div>\n\t\t<div class=\"elementor-element elementor-element-b5e5302 green-square e-flex e-con-boxed e-con e-child\" data-id=\"b5e5302\" data-element_type=\"container\" data-e-type=\"container\" data-settings=\"{&quot;background_background&quot;:&quot;classic&quot;}\">\n\t\t\t\t\t<div class=\"e-con-inner\">\n\t\t\t\t<div class=\"elementor-element elementor-element-6d7c476 elementor-widget elementor-widget-heading\" data-id=\"6d7c476\" data-element_type=\"widget\" data-e-type=\"widget\" data-widget_type=\"heading.default\">\n\t\t\t\t<div class=\"elementor-widget-container\">\n\t\t\t\t\t<h3 class=\"elementor-heading-title elementor-size-default\"><a href=\"https:\/\/dieprignitz.de\/?cid=1536845466&#038;name=Natur-+und+Landschaftsf%C3%BChrer\" target=\"_blank\">Entdecken in Brandenburg<\/a><\/h3>\t\t\t\t<\/div>\n\t\t\t\t<\/div>\n\t\t\t\t\t<\/div>\n\t\t\t\t<\/div>\n\t\t\t\t\t<\/div>\n\t\t\t\t<\/div>\n\t\t\t\t<\/div>\n\t\t\t\t\t<\/div>\n\t\t\t\t<\/div>\n\t\t<div class=\"elementor-element elementor-element-c13f0b1 e-flex e-con-boxed e-con e-parent\" data-id=\"c13f0b1\" data-element_type=\"container\" data-e-type=\"container\">\n\t\t\t\t\t<div class=\"e-con-inner\">\n\t\t<div class=\"elementor-element elementor-element-75829cb e-con-full e-flex e-con e-child\" data-id=\"75829cb\" data-element_type=\"container\" data-e-type=\"container\">\n\t\t\t\t<div class=\"elementor-element elementor-element-4df0139 elementor-widget__width-initial elementor-widget elementor-widget-testimonial\" data-id=\"4df0139\" data-element_type=\"widget\" data-e-type=\"widget\" data-widget_type=\"testimonial.default\">\n\t\t\t\t<div class=\"elementor-widget-container\">\n\t\t\t\t\t\t\t<div class=\"elementor-testimonial-wrapper\">\n\t\t\t\t\t\t\t<div class=\"elementor-testimonial-content\"><i>\"Die Flusslandschaft Elbe offenbart ihre Geheimnisse denen, die mit offenen Augen und Herzen entdecken \u2013 ein Schatz von Natur und Heimat.\"<\/i><\/div>\n\t\t\t\n\t\t\t\t\t\t<div class=\"elementor-testimonial-meta elementor-has-image elementor-testimonial-image-position-aside\">\n\t\t\t\t<div class=\"elementor-testimonial-meta-inner\">\n\t\t\t\t\t\t\t\t\t\t\t<div class=\"elementor-testimonial-image\">\n\t\t\t\t\t\t\t<figure class=\"position-relative\"><img decoding=\"async\" width=\"1603\" height=\"1092\" src=\"https:\/\/flusslandschaft-elbe.de\/wp-content\/uploads\/ELST-Bild1-BR-NDS-ETA-ZNL-Brosch23.jpg\" class=\"attachment-full size-full wp-image-2159\" alt=\"Der zertifizierte Natur- und Landschaftsf\u00fchrer Florian Baier mit Rangerhut und einem Stativ.\" srcset=\"https:\/\/flusslandschaft-elbe.de\/wp-content\/uploads\/ELST-Bild1-BR-NDS-ETA-ZNL-Brosch23.jpg 1603w, https:\/\/flusslandschaft-elbe.de\/wp-content\/uploads\/ELST-Bild1-BR-NDS-ETA-ZNL-Brosch23-512x349.jpg 512w, https:\/\/flusslandschaft-elbe.de\/wp-content\/uploads\/ELST-Bild1-BR-NDS-ETA-ZNL-Brosch23-768x523.jpg 768w, https:\/\/flusslandschaft-elbe.de\/wp-content\/uploads\/ELST-Bild1-BR-NDS-ETA-ZNL-Brosch23-1024x698.jpg 1024w, https:\/\/flusslandschaft-elbe.de\/wp-content\/uploads\/ELST-Bild1-BR-NDS-ETA-ZNL-Brosch23-1536x1046.jpg 1536w, https:\/\/flusslandschaft-elbe.de\/wp-content\/uploads\/ELST-Bild1-BR-NDS-ETA-ZNL-Brosch23-18x12.jpg 18w\" sizes=\"(max-width: 1603px) 100vw, 1603px\" \/><figcaption class=\"img-author\" title=\"\u00a9 Florian Baier\">\u00a9 Florian Baier<\/figcaption><\/figure>\t\t\t\t\t\t<\/div>\n\t\t\t\t\t\n\t\t\t\t\t\t\t\t\t\t<div class=\"elementor-testimonial-details\">\n\t\t\t\t\t\t\t\t\t\t\t\t\t\t<div class=\"elementor-testimonial-name\">Florian Baier<\/div>\n\t\t\t\t\t\t\t\t\t\t\t\t\t\t\t\t\t\t\t\t\t\t<div class=\"elementor-testimonial-job\">Zertifizierter Natur- und Landschaftsf\u00fchrer <\/div>\n\t\t\t\t\t\t\t\t\t\t\t\t\t<\/div>\n\t\t\t\t\t\t\t\t\t<\/div>\n\t\t\t<\/div>\n\t\t\t\t\t<\/div>\n\t\t\t\t\t\t<\/div>\n\t\t\t\t<\/div>\n\t\t\t\t<\/div>\n\t\t<div class=\"elementor-element elementor-element-a1e33ce e-con-full e-flex e-con e-child\" data-id=\"a1e33ce\" data-element_type=\"container\" data-e-type=\"container\">\n\t\t\t\t<\/div>\n\t\t\t\t\t<\/div>\n\t\t\t\t<\/div>\n\t\t\t\t<\/div>","protected":false},"excerpt":{"rendered":"<p>Zertifizierte Natur- und Landschaftsf\u00fchrer*innen Natur zu erleben und Landschaften kennen zu lernen, sind gegenw\u00e4rtig wichtige Reisemotive. Im UNESCO-Biosph\u00e4renreservat Flusslandschaft Elbe k\u00f6nnen Sie als Besucher*in viel Interessantes, Erstaunliches und Faszinierendes entdecken und erleben. Sie k\u00f6nnen dies auf eigene Faust tun, aber so mancher Geheimtipp bleibt dabei vielleicht verborgen. Es sei denn&#8230; Sie schlie\u00dfen sich einer F\u00fchrung&hellip;<\/p>","protected":false},"author":10,"featured_media":0,"parent":17,"menu_order":0,"comment_status":"closed","ping_status":"closed","template":"","meta":{"footnotes":""},"class_list":["post-2436","page","type-page","status-publish","hentry"],"yoast_head":"<!-- This site is optimized with the Yoast SEO plugin v27.4 - https:\/\/yoast.com\/product\/yoast-seo-wordpress\/ -->\n<title>Zertifizierte Natur- und Landschaftsf\u00fchrer*innen - Flusslandschaft Elbe<\/title>\n<meta name=\"robots\" content=\"index, follow, max-snippet:-1, max-image-preview:large, max-video-preview:-1\" \/>\n<link rel=\"canonical\" href=\"https:\/\/flusslandschaft-elbe.de\/de\/erleben-erholen\/zertifizierte-natur-und-landschaftsfuehrerinnen\/\" \/>\n<meta property=\"og:locale\" content=\"de_DE\" \/>\n<meta property=\"og:type\" content=\"article\" \/>\n<meta property=\"og:title\" content=\"Zertifizierte Natur- und Landschaftsf\u00fchrer*innen - Flusslandschaft Elbe\" \/>\n<meta property=\"og:description\" content=\"Zertifizierte Natur- und Landschaftsf\u00fchrer*innen Natur zu erleben und Landschaften kennen zu lernen, sind gegenw\u00e4rtig wichtige Reisemotive. Im UNESCO-Biosph\u00e4renreservat Flusslandschaft Elbe k\u00f6nnen Sie als Besucher*in viel Interessantes, Erstaunliches und Faszinierendes entdecken und erleben. Sie k\u00f6nnen dies auf eigene Faust tun, aber so mancher Geheimtipp bleibt dabei vielleicht verborgen. Es sei denn&#8230; Sie schlie\u00dfen sich einer F\u00fchrung&hellip;\" \/>\n<meta property=\"og:url\" content=\"https:\/\/flusslandschaft-elbe.de\/de\/erleben-erholen\/zertifizierte-natur-und-landschaftsfuehrerinnen\/\" \/>\n<meta property=\"og:site_name\" content=\"Flusslandschaft Elbe\" \/>\n<meta property=\"article:modified_time\" content=\"2025-01-30T14:17:05+00:00\" \/>\n<meta property=\"og:image\" content=\"https:\/\/flusslandschaft-elbe.de\/wp-content\/uploads\/DSC3129-Grenzturm-Darchau-27-scaled.jpg\" \/>\n\t<meta property=\"og:image:width\" content=\"2560\" \/>\n\t<meta property=\"og:image:height\" content=\"1707\" \/>\n\t<meta property=\"og:image:type\" content=\"image\/jpeg\" \/>\n<meta name=\"twitter:card\" content=\"summary_large_image\" \/>\n<meta name=\"twitter:label1\" content=\"Est. reading time\" \/>\n\t<meta name=\"twitter:data1\" content=\"2 minutes\" \/>\n<script type=\"application\/ld+json\" class=\"yoast-schema-graph\">{\"@context\":\"https:\\\/\\\/schema.org\",\"@graph\":[{\"@type\":\"WebPage\",\"@id\":\"https:\\\/\\\/flusslandschaft-elbe.de\\\/erleben-erholen\\\/zertifizierte-natur-und-landschaftsfuehrerinnen\\\/\",\"url\":\"https:\\\/\\\/flusslandschaft-elbe.de\\\/erleben-erholen\\\/zertifizierte-natur-und-landschaftsfuehrerinnen\\\/\",\"name\":\"Zertifizierte Natur- und Landschaftsf\u00fchrer*innen - Flusslandschaft Elbe\",\"isPartOf\":{\"@id\":\"https:\\\/\\\/flusslandschaft-elbe.de\\\/de-simple\\\/#website\"},\"primaryImageOfPage\":{\"@id\":\"https:\\\/\\\/flusslandschaft-elbe.de\\\/erleben-erholen\\\/zertifizierte-natur-und-landschaftsfuehrerinnen\\\/#primaryimage\"},\"image\":{\"@id\":\"https:\\\/\\\/flusslandschaft-elbe.de\\\/erleben-erholen\\\/zertifizierte-natur-und-landschaftsfuehrerinnen\\\/#primaryimage\"},\"thumbnailUrl\":\"https:\\\/\\\/flusslandschaft-elbe.de\\\/wp-content\\\/uploads\\\/DSC3129-Grenzturm-Darchau-27-1024x683.jpg\",\"datePublished\":\"2024-11-12T13:09:01+00:00\",\"dateModified\":\"2025-01-30T14:17:05+00:00\",\"breadcrumb\":{\"@id\":\"https:\\\/\\\/flusslandschaft-elbe.de\\\/erleben-erholen\\\/zertifizierte-natur-und-landschaftsfuehrerinnen\\\/#breadcrumb\"},\"inLanguage\":\"de-simple\",\"potentialAction\":[{\"@type\":\"ReadAction\",\"target\":[\"https:\\\/\\\/flusslandschaft-elbe.de\\\/erleben-erholen\\\/zertifizierte-natur-und-landschaftsfuehrerinnen\\\/\"]}]},{\"@type\":\"ImageObject\",\"inLanguage\":\"de-simple\",\"@id\":\"https:\\\/\\\/flusslandschaft-elbe.de\\\/erleben-erholen\\\/zertifizierte-natur-und-landschaftsfuehrerinnen\\\/#primaryimage\",\"url\":\"https:\\\/\\\/flusslandschaft-elbe.de\\\/wp-content\\\/uploads\\\/DSC3129-Grenzturm-Darchau-27-1024x683.jpg\",\"contentUrl\":\"https:\\\/\\\/flusslandschaft-elbe.de\\\/wp-content\\\/uploads\\\/DSC3129-Grenzturm-Darchau-27-1024x683.jpg\"},{\"@type\":\"BreadcrumbList\",\"@id\":\"https:\\\/\\\/flusslandschaft-elbe.de\\\/erleben-erholen\\\/zertifizierte-natur-und-landschaftsfuehrerinnen\\\/#breadcrumb\",\"itemListElement\":[{\"@type\":\"ListItem\",\"position\":1,\"name\":\"Startseite\",\"item\":\"https:\\\/\\\/flusslandschaft-elbe.de\\\/\"},{\"@type\":\"ListItem\",\"position\":2,\"name\":\"Erleben &#038; Erholen\",\"item\":\"https:\\\/\\\/flusslandschaft-elbe.de\\\/erleben-erholen\\\/\"},{\"@type\":\"ListItem\",\"position\":3,\"name\":\"Zertifizierte Natur- und Landschaftsf\u00fchrer*innen\"}]},{\"@type\":\"WebSite\",\"@id\":\"https:\\\/\\\/flusslandschaft-elbe.de\\\/de-simple\\\/#website\",\"url\":\"https:\\\/\\\/flusslandschaft-elbe.de\\\/de-simple\\\/\",\"name\":\"Flusslandschaft Elbe\",\"description\":\"\",\"publisher\":{\"@id\":\"https:\\\/\\\/flusslandschaft-elbe.de\\\/de-simple\\\/#organization\"},\"potentialAction\":[{\"@type\":\"SearchAction\",\"target\":{\"@type\":\"EntryPoint\",\"urlTemplate\":\"https:\\\/\\\/flusslandschaft-elbe.de\\\/de-simple\\\/?s={search_term_string}\"},\"query-input\":{\"@type\":\"PropertyValueSpecification\",\"valueRequired\":true,\"valueName\":\"search_term_string\"}}],\"inLanguage\":\"de-simple\"},{\"@type\":\"Organization\",\"@id\":\"https:\\\/\\\/flusslandschaft-elbe.de\\\/de-simple\\\/#organization\",\"name\":\"Flusslandschaft Elbe\",\"url\":\"https:\\\/\\\/flusslandschaft-elbe.de\\\/de-simple\\\/\",\"logo\":{\"@type\":\"ImageObject\",\"inLanguage\":\"de-simple\",\"@id\":\"https:\\\/\\\/flusslandschaft-elbe.de\\\/de-simple\\\/#\\\/schema\\\/logo\\\/image\\\/\",\"url\":\"https:\\\/\\\/flusslandschaft-elbe.de\\\/wp-content\\\/uploads\\\/favicon.png\",\"contentUrl\":\"https:\\\/\\\/flusslandschaft-elbe.de\\\/wp-content\\\/uploads\\\/favicon.png\",\"width\":196,\"height\":196,\"caption\":\"Flusslandschaft Elbe\"},\"image\":{\"@id\":\"https:\\\/\\\/flusslandschaft-elbe.de\\\/de-simple\\\/#\\\/schema\\\/logo\\\/image\\\/\"}}]}<\/script>\n<!-- \/ Yoast SEO plugin. -->","yoast_head_json":{"title":"Zertifizierte Natur- und Landschaftsf\u00fchrer*innen - Flusslandschaft Elbe","robots":{"index":"index","follow":"follow","max-snippet":"max-snippet:-1","max-image-preview":"max-image-preview:large","max-video-preview":"max-video-preview:-1"},"canonical":"https:\/\/flusslandschaft-elbe.de\/de\/erleben-erholen\/zertifizierte-natur-und-landschaftsfuehrerinnen\/","og_locale":"de_DE","og_type":"article","og_title":"Zertifizierte Natur- und Landschaftsf\u00fchrer*innen - Flusslandschaft Elbe","og_description":"Zertifizierte Natur- und Landschaftsf\u00fchrer*innen Natur zu erleben und Landschaften kennen zu lernen, sind gegenw\u00e4rtig wichtige Reisemotive. Im UNESCO-Biosph\u00e4renreservat Flusslandschaft Elbe k\u00f6nnen Sie als Besucher*in viel Interessantes, Erstaunliches und Faszinierendes entdecken und erleben. Sie k\u00f6nnen dies auf eigene Faust tun, aber so mancher Geheimtipp bleibt dabei vielleicht verborgen. Es sei denn&#8230; Sie schlie\u00dfen sich einer F\u00fchrung&hellip;","og_url":"https:\/\/flusslandschaft-elbe.de\/de\/erleben-erholen\/zertifizierte-natur-und-landschaftsfuehrerinnen\/","og_site_name":"Flusslandschaft Elbe","article_modified_time":"2025-01-30T14:17:05+00:00","og_image":[{"width":2560,"height":1707,"url":"https:\/\/flusslandschaft-elbe.de\/wp-content\/uploads\/DSC3129-Grenzturm-Darchau-27-scaled.jpg","type":"image\/jpeg"}],"twitter_card":"summary_large_image","twitter_misc":{"Est. reading time":"2 minutes"},"schema":{"@context":"https:\/\/schema.org","@graph":[{"@type":"WebPage","@id":"https:\/\/flusslandschaft-elbe.de\/erleben-erholen\/zertifizierte-natur-und-landschaftsfuehrerinnen\/","url":"https:\/\/flusslandschaft-elbe.de\/erleben-erholen\/zertifizierte-natur-und-landschaftsfuehrerinnen\/","name":"Zertifizierte Natur- und Landschaftsf\u00fchrer*innen - Flusslandschaft Elbe","isPartOf":{"@id":"https:\/\/flusslandschaft-elbe.de\/de-simple\/#website"},"primaryImageOfPage":{"@id":"https:\/\/flusslandschaft-elbe.de\/erleben-erholen\/zertifizierte-natur-und-landschaftsfuehrerinnen\/#primaryimage"},"image":{"@id":"https:\/\/flusslandschaft-elbe.de\/erleben-erholen\/zertifizierte-natur-und-landschaftsfuehrerinnen\/#primaryimage"},"thumbnailUrl":"https:\/\/flusslandschaft-elbe.de\/wp-content\/uploads\/DSC3129-Grenzturm-Darchau-27-1024x683.jpg","datePublished":"2024-11-12T13:09:01+00:00","dateModified":"2025-01-30T14:17:05+00:00","breadcrumb":{"@id":"https:\/\/flusslandschaft-elbe.de\/erleben-erholen\/zertifizierte-natur-und-landschaftsfuehrerinnen\/#breadcrumb"},"inLanguage":"de-simple","potentialAction":[{"@type":"ReadAction","target":["https:\/\/flusslandschaft-elbe.de\/erleben-erholen\/zertifizierte-natur-und-landschaftsfuehrerinnen\/"]}]},{"@type":"ImageObject","inLanguage":"de-simple","@id":"https:\/\/flusslandschaft-elbe.de\/erleben-erholen\/zertifizierte-natur-und-landschaftsfuehrerinnen\/#primaryimage","url":"https:\/\/flusslandschaft-elbe.de\/wp-content\/uploads\/DSC3129-Grenzturm-Darchau-27-1024x683.jpg","contentUrl":"https:\/\/flusslandschaft-elbe.de\/wp-content\/uploads\/DSC3129-Grenzturm-Darchau-27-1024x683.jpg"},{"@type":"BreadcrumbList","@id":"https:\/\/flusslandschaft-elbe.de\/erleben-erholen\/zertifizierte-natur-und-landschaftsfuehrerinnen\/#breadcrumb","itemListElement":[{"@type":"ListItem","position":1,"name":"Startseite","item":"https:\/\/flusslandschaft-elbe.de\/"},{"@type":"ListItem","position":2,"name":"Erleben &#038; Erholen","item":"https:\/\/flusslandschaft-elbe.de\/erleben-erholen\/"},{"@type":"ListItem","position":3,"name":"Zertifizierte Natur- und Landschaftsf\u00fchrer*innen"}]},{"@type":"WebSite","@id":"https:\/\/flusslandschaft-elbe.de\/de-simple\/#website","url":"https:\/\/flusslandschaft-elbe.de\/de-simple\/","name":"Flusslandschaft Elbe","description":"","publisher":{"@id":"https:\/\/flusslandschaft-elbe.de\/de-simple\/#organization"},"potentialAction":[{"@type":"SearchAction","target":{"@type":"EntryPoint","urlTemplate":"https:\/\/flusslandschaft-elbe.de\/de-simple\/?s={search_term_string}"},"query-input":{"@type":"PropertyValueSpecification","valueRequired":true,"valueName":"search_term_string"}}],"inLanguage":"de-simple"},{"@type":"Organization","@id":"https:\/\/flusslandschaft-elbe.de\/de-simple\/#organization","name":"Flusslandschaft Elbe","url":"https:\/\/flusslandschaft-elbe.de\/de-simple\/","logo":{"@type":"ImageObject","inLanguage":"de-simple","@id":"https:\/\/flusslandschaft-elbe.de\/de-simple\/#\/schema\/logo\/image\/","url":"https:\/\/flusslandschaft-elbe.de\/wp-content\/uploads\/favicon.png","contentUrl":"https:\/\/flusslandschaft-elbe.de\/wp-content\/uploads\/favicon.png","width":196,"height":196,"caption":"Flusslandschaft Elbe"},"image":{"@id":"https:\/\/flusslandschaft-elbe.de\/de-simple\/#\/schema\/logo\/image\/"}}]}},"_links":{"self":[{"href":"https:\/\/flusslandschaft-elbe.de\/de\/wp-json\/wp\/v2\/pages\/2436","targetHints":{"allow":["GET"]}}],"collection":[{"href":"https:\/\/flusslandschaft-elbe.de\/de\/wp-json\/wp\/v2\/pages"}],"about":[{"href":"https:\/\/flusslandschaft-elbe.de\/de\/wp-json\/wp\/v2\/types\/page"}],"author":[{"embeddable":true,"href":"https:\/\/flusslandschaft-elbe.de\/de\/wp-json\/wp\/v2\/users\/10"}],"replies":[{"embeddable":true,"href":"https:\/\/flusslandschaft-elbe.de\/de\/wp-json\/wp\/v2\/comments?post=2436"}],"version-history":[{"count":1,"href":"https:\/\/flusslandschaft-elbe.de\/de\/wp-json\/wp\/v2\/pages\/2436\/revisions"}],"predecessor-version":[{"id":6694,"href":"https:\/\/flusslandschaft-elbe.de\/de\/wp-json\/wp\/v2\/pages\/2436\/revisions\/6694"}],"up":[{"embeddable":true,"href":"https:\/\/flusslandschaft-elbe.de\/de\/wp-json\/wp\/v2\/pages\/17"}],"wp:attachment":[{"href":"https:\/\/flusslandschaft-elbe.de\/de\/wp-json\/wp\/v2\/media?parent=2436"}],"curies":[{"name":"wp","href":"https:\/\/api.w.org\/{rel}","templated":true}]}}