{"id":16,"date":"2024-05-22T16:01:54","date_gmt":"2024-05-22T14:01:54","guid":{"rendered":"https:\/\/flusslandschaft-elbe.de\/?page_id=16"},"modified":"2025-09-08T10:35:55","modified_gmt":"2025-09-08T08:35:55","slug":"schuetzen-entwickeln","status":"publish","type":"page","link":"https:\/\/flusslandschaft-elbe.de\/de\/schuetzen-und-entwickeln\/schuetzen-entwickeln\/","title":{"rendered":"Sch\u00fctzen &#038; Entwickeln"},"content":{"rendered":"<div data-elementor-type=\"wp-page\" data-elementor-id=\"16\" class=\"elementor elementor-16\" data-elementor-post-type=\"page\">\n\t\t\t\t<div class=\"elementor-element elementor-element-fbb4a76 e-flex e-con-boxed e-con e-parent\" data-id=\"fbb4a76\" data-element_type=\"container\" data-e-type=\"container\">\n\t\t\t\t\t<div class=\"e-con-inner\">\n\t\t\t\t<div class=\"elementor-element elementor-element-32f969b elementor-widget elementor-widget-heading\" data-id=\"32f969b\" data-element_type=\"widget\" data-e-type=\"widget\" data-widget_type=\"heading.default\">\n\t\t\t\t<div class=\"elementor-widget-container\">\n\t\t\t\t\t<h2 class=\"elementor-heading-title elementor-size-default\">Sch\u00fctzen und Entwickeln<\/h2>\t\t\t\t<\/div>\n\t\t\t\t<\/div>\n\t\t\t\t\t<\/div>\n\t\t\t\t<\/div>\n\t\t<div class=\"elementor-element elementor-element-dbcf756 e-flex e-con-boxed e-con e-parent\" data-id=\"dbcf756\" data-element_type=\"container\" data-e-type=\"container\">\n\t\t\t\t\t<div class=\"e-con-inner\">\n\t\t\t\t<div class=\"elementor-element elementor-element-df345cd elementor-widget elementor-widget-text-editor\" data-id=\"df345cd\" data-element_type=\"widget\" data-e-type=\"widget\" data-widget_type=\"text-editor.default\">\n\t\t\t\t<div class=\"elementor-widget-container\">\n\t\t\t\t\t\t\t\t\t<p class=\"Normal tm5\"><span class=\"tm6\">Das UNESCO-Biosph\u00e4renreservat Flusslandschaft Elbe umfasst eine der letzten naturnahen Auenlandschaften mit charakteristischer Artenausstattung sowie wertvolle Kulturlandschaften entlang des Elbestroms mit zahlreichen historischen Elementen. Der Mensch hat die Auen und Ufer der Elbe und ihrer Nebenfl\u00fcsse \u00fcber lange Zeitr\u00e4ume genutzt und gepr\u00e4gt. Dabei ist \u00fcber Jahrhunderte ein vielf\u00e4ltiges Lebensraummosaik entstanden, welches noch heute in Teilen eine erstaunliche Lebensraum- und Artenvielfalt beherbergt. Darunter finden sich zahlreiche gef\u00e4hrdete und vom Aussterben bedrohte Tier- und Pflanzenarten.<\/span><\/p>\t\t\t\t\t\t\t\t<\/div>\n\t\t\t\t<\/div>\n\t\t\t\t\t<\/div>\n\t\t\t\t<\/div>\n\t\t<div class=\"elementor-element elementor-element-49ad640 e-flex e-con-boxed e-con e-parent\" data-id=\"49ad640\" data-element_type=\"container\" data-e-type=\"container\">\n\t\t\t\t\t<div class=\"e-con-inner\">\n\t\t\t\t<div class=\"elementor-element elementor-element-c978d50 elementor-widget elementor-widget-gallery\" data-id=\"c978d50\" data-element_type=\"widget\" data-e-type=\"widget\" data-settings=\"{&quot;columns&quot;:3,&quot;overlay_description&quot;:&quot;description&quot;,&quot;gallery_layout&quot;:&quot;grid&quot;,&quot;columns_tablet&quot;:2,&quot;columns_mobile&quot;:1,&quot;gap&quot;:{&quot;unit&quot;:&quot;px&quot;,&quot;size&quot;:10,&quot;sizes&quot;:[]},&quot;gap_tablet&quot;:{&quot;unit&quot;:&quot;px&quot;,&quot;size&quot;:10,&quot;sizes&quot;:[]},&quot;gap_mobile&quot;:{&quot;unit&quot;:&quot;px&quot;,&quot;size&quot;:10,&quot;sizes&quot;:[]},&quot;link_to&quot;:&quot;file&quot;,&quot;aspect_ratio&quot;:&quot;3:2&quot;,&quot;overlay_background&quot;:&quot;yes&quot;,&quot;content_hover_animation&quot;:&quot;fade-in&quot;}\" data-widget_type=\"gallery.default\">\n\t\t\t\t<div class=\"elementor-widget-container\">\n\t\t\t\t\t\t\t<div class=\"elementor-gallery__container\">\n\t\t\t\t\t\t\t<a data-elementor-lightbox-title=\"\u00a9 Mirko Pannach\" class=\"e-gallery-item elementor-gallery-item elementor-animated-content\" href=\"https:\/\/flusslandschaft-elbe.de\/wp-content\/uploads\/Auenwald_Mirko_Pannach_klein.jpg\" data-elementor-open-lightbox=\"yes\" data-elementor-lightbox-slideshow=\"c978d50\" data-elementor-lightbox-description=\"F\u00f6rderung naturnaher Prozesse im Auwald\" data-e-action-hash=\"#elementor-action%3Aaction%3Dlightbox%26settings%3DeyJpZCI6MzkwMCwidXJsIjoiaHR0cHM6XC9cL2ZsdXNzbGFuZHNjaGFmdC1lbGJlLmRlXC93cC1jb250ZW50XC91cGxvYWRzXC9BdWVud2FsZF9NaXJrb19QYW5uYWNoX2tsZWluLmpwZyIsInNsaWRlc2hvdyI6ImM5NzhkNTAifQ%3D%3D\">\n\t\t\t\t\t<div class=\"e-gallery-image elementor-gallery-item__image\" data-thumbnail=\"https:\/\/flusslandschaft-elbe.de\/wp-content\/uploads\/Auenwald_Mirko_Pannach_klein-512x342.jpg\" data-width=\"512\" data-height=\"342\" aria-label=\"Umgest\u00fcrzte Alteiche im Auwald\" role=\"img\" ><\/div>\n\t\t\t\t\t\t\t\t\t\t\t<div class=\"elementor-gallery-item__overlay\"><\/div>\n\t\t\t\t\t\t\t\t\t\t\t\t\t\t\t<div class=\"elementor-gallery-item__content\">\n\t\t\t\t\t\t\t\t\t\t\t<\/div>\n\t\t\t\t\t\t\t\t\t<\/a>\n\t\t\t\t\t\t\t<a data-elementor-lightbox-title=\"\u00a9 Mirko Pannach\" class=\"e-gallery-item elementor-gallery-item elementor-animated-content\" href=\"https:\/\/flusslandschaft-elbe.de\/wp-content\/uploads\/Solitaereichenwiese-_Mirko_Pannach_klein.jpg\" data-elementor-open-lightbox=\"yes\" data-elementor-lightbox-slideshow=\"c978d50\" data-elementor-lightbox-description=\"Solit\u00e4reichenwiese mit naturschutzfachlichem und kulturellem Wert\" data-e-action-hash=\"#elementor-action%3Aaction%3Dlightbox%26settings%3DeyJpZCI6Mzg5OSwidXJsIjoiaHR0cHM6XC9cL2ZsdXNzbGFuZHNjaGFmdC1lbGJlLmRlXC93cC1jb250ZW50XC91cGxvYWRzXC9Tb2xpdGFlcmVpY2hlbndpZXNlLV9NaXJrb19QYW5uYWNoX2tsZWluLmpwZyIsInNsaWRlc2hvdyI6ImM5NzhkNTAifQ%3D%3D\">\n\t\t\t\t\t<div class=\"e-gallery-image elementor-gallery-item__image\" data-thumbnail=\"https:\/\/flusslandschaft-elbe.de\/wp-content\/uploads\/Solitaereichenwiese-_Mirko_Pannach_klein-512x342.jpg\" data-width=\"512\" data-height=\"342\" aria-label=\"Blumewiese mit Alteichen\" role=\"img\" ><\/div>\n\t\t\t\t\t\t\t\t\t\t\t<div class=\"elementor-gallery-item__overlay\"><\/div>\n\t\t\t\t\t\t\t\t\t\t\t\t\t\t\t<div class=\"elementor-gallery-item__content\">\n\t\t\t\t\t\t\t\t\t\t\t<\/div>\n\t\t\t\t\t\t\t\t\t<\/a>\n\t\t\t\t\t\t\t<a data-elementor-lightbox-title=\"\u00a9 Mirko Pannach\" class=\"e-gallery-item elementor-gallery-item elementor-animated-content\" href=\"https:\/\/flusslandschaft-elbe.de\/wp-content\/uploads\/Wiesennutzung_Traktor_Mirko-Pannach_klein.jpg\" data-elementor-open-lightbox=\"yes\" data-elementor-lightbox-slideshow=\"c978d50\" data-elementor-lightbox-description=\"Mahd und Beweidung extensiver Auenwiesen\" data-e-action-hash=\"#elementor-action%3Aaction%3Dlightbox%26settings%3DeyJpZCI6Mzg5OCwidXJsIjoiaHR0cHM6XC9cL2ZsdXNzbGFuZHNjaGFmdC1lbGJlLmRlXC93cC1jb250ZW50XC91cGxvYWRzXC9XaWVzZW5udXR6dW5nX1RyYWt0b3JfTWlya28tUGFubmFjaF9rbGVpbi5qcGciLCJzbGlkZXNob3ciOiJjOTc4ZDUwIn0%3D\">\n\t\t\t\t\t<div class=\"e-gallery-image elementor-gallery-item__image\" data-thumbnail=\"https:\/\/flusslandschaft-elbe.de\/wp-content\/uploads\/Wiesennutzung_Traktor_Mirko-Pannach_klein-512x342.jpg\" data-width=\"512\" data-height=\"342\" aria-label=\"Traktor auf einer mit K\u00fche beweideten Wiese\" role=\"img\" ><\/div>\n\t\t\t\t\t\t\t\t\t\t\t<div class=\"elementor-gallery-item__overlay\"><\/div>\n\t\t\t\t\t\t\t\t\t\t\t\t\t\t\t<div class=\"elementor-gallery-item__content\">\n\t\t\t\t\t\t\t\t\t\t\t<\/div>\n\t\t\t\t\t\t\t\t\t<\/a>\n\t\t\t\t\t<\/div>\n\t\t\t\t\t<\/div>\n\t\t\t\t<\/div>\n\t\t\t\t<div class=\"elementor-element elementor-element-35ba3d4 elementor-widget elementor-widget-text-editor\" data-id=\"35ba3d4\" data-element_type=\"widget\" data-e-type=\"widget\" data-widget_type=\"text-editor.default\">\n\t\t\t\t<div class=\"elementor-widget-container\">\n\t\t\t\t\t\t\t\t\t<p class=\"Normal tm6\"><span class=\"tm7\">Entsprechend der Internationalen Leitlinien f\u00fcr das Weltnetz haben UNESCO-Biosph\u00e4renreservate drei Hauptaufgabenbereiche:<\/span><\/p><p class=\"Normal tm8\"><strong><span class=\"tm9\">Schutz <\/span><\/strong><\/p><ul><li class=\"Listenabsatz tm10\"><span class=\"tm13\">Schutz des Naturhaushalts und der biologischen Vielfalt<\/span><\/li><li class=\"Listenabsatz tm10\"><span class=\"tm13\">Erhalt und Wiederherstellung nat\u00fcrlicher und naturnaher \u00d6kosysteme<\/span><\/li><li class=\"Listenabsatz tm10\"><span class=\"tm13\">Sicherung der genetischen Ressourcen und der Vielfalt der \u00d6kosysteme<\/span><\/li><li class=\"Listenabsatz tm10\"><span class=\"tm13\">nachhaltige Nutzung unserer nat\u00fcrlichen Lebensgrundlagen wie Wasser, Boden und Luft<\/span><\/li><li class=\"Listenabsatz tm10\"><span class=\"tm13\">Erhalt und Entwicklung vielf\u00e4ltiger Kulturlandschaften <\/span><\/li><\/ul><p class=\"Normal tm8\"><strong><span class=\"tm14\">Nachhaltige Entwicklung <\/span><\/strong><\/p><ul><li class=\"Listenabsatz tm10\"><span class=\"tm13\">F\u00f6rderung nachhaltiger Wirtschafts- und Lebensweisen <\/span><\/li><li class=\"Listenabsatz tm10\"><span class=\"tm13\">naturschonende Landnutzung unter Beachtung regionaler Besonderheiten<\/span><\/li><li class=\"Listenabsatz tm10\"><span class=\"tm13\">Erprobung umweltfreundlicher, innovativer Technologien<\/span><\/li><li class=\"Listenabsatz tm10\"><span class=\"tm13\">Produktion und Vertrieb umweltschonend erzeugter Produkte<\/span><\/li><li class=\"Listenabsatz tm10\"><span class=\"tm13\">umwelt- und naturvertr\u00e4glicher Tourismus<\/span><\/li><li class=\"Listenabsatz tm10\"><span class=\"tm11\">Aufbau regionaler Wertsch\u00f6pfungsketten<\/span><\/li><\/ul><p class=\"Normal tm8\"><strong><span class=\"tm9\">Bildung und Forschung <\/span><\/strong><\/p><ul><li class=\"Listenabsatz tm10\"><span class=\"tm13\">Kommunikation nachhaltiger Lebensstile<\/span><\/li><li class=\"Listenabsatz tm10\"><span class=\"tm13\">Bildung f\u00fcr nachhaltige Entwicklung, F\u00f6rderung des Naturerlebens<\/span><\/li><li class=\"Listenabsatz tm10\"><span class=\"tm13\">\u00d6ffentlichkeitsarbeit, praxisnahe Information<\/span><\/li><li class=\"Listenabsatz tm10\"><span class=\"tm13\">F\u00f6rderung interdisziplin\u00e4rer Forschung im \u00f6kologischen, sozialen und \u00f6konomischen Bereich<\/span><\/li><li class=\"Listenabsatz tm20\"><span class=\"tm11\">langfristige \u00d6kosystemforschung und Umweltbeobachtung (Monitoring)<\/span><\/li><\/ul>\t\t\t\t\t\t\t\t<\/div>\n\t\t\t\t<\/div>\n\t\t\t\t<div class=\"elementor-element elementor-element-42c10de elementor-widget elementor-widget-gallery\" data-id=\"42c10de\" data-element_type=\"widget\" data-e-type=\"widget\" data-settings=\"{&quot;columns&quot;:3,&quot;gallery_layout&quot;:&quot;grid&quot;,&quot;columns_tablet&quot;:2,&quot;columns_mobile&quot;:1,&quot;gap&quot;:{&quot;unit&quot;:&quot;px&quot;,&quot;size&quot;:10,&quot;sizes&quot;:[]},&quot;gap_tablet&quot;:{&quot;unit&quot;:&quot;px&quot;,&quot;size&quot;:10,&quot;sizes&quot;:[]},&quot;gap_mobile&quot;:{&quot;unit&quot;:&quot;px&quot;,&quot;size&quot;:10,&quot;sizes&quot;:[]},&quot;link_to&quot;:&quot;file&quot;,&quot;aspect_ratio&quot;:&quot;3:2&quot;,&quot;overlay_background&quot;:&quot;yes&quot;,&quot;content_hover_animation&quot;:&quot;fade-in&quot;}\" data-widget_type=\"gallery.default\">\n\t\t\t\t<div class=\"elementor-widget-container\">\n\t\t\t\t\t\t\t<div class=\"elementor-gallery__container\">\n\t\t\t\t\t\t\t<a data-elementor-lightbox-title=\"\u00a9 Mirko Pannach\" class=\"e-gallery-item elementor-gallery-item elementor-animated-content\" href=\"https:\/\/flusslandschaft-elbe.de\/wp-content\/uploads\/Pflege_einer_Streuobstwiese_Mirko_Pannach_klein.jpg\" data-elementor-open-lightbox=\"yes\" data-elementor-lightbox-slideshow=\"42c10de\" data-elementor-lightbox-description=\"Pflege einer neu angelegten Streuobstwiese durch Handmahd\" data-e-action-hash=\"#elementor-action%3Aaction%3Dlightbox%26settings%3DeyJpZCI6Mzg5NiwidXJsIjoiaHR0cHM6XC9cL2ZsdXNzbGFuZHNjaGFmdC1lbGJlLmRlXC93cC1jb250ZW50XC91cGxvYWRzXC9QZmxlZ2VfZWluZXJfU3RyZXVvYnN0d2llc2VfTWlya29fUGFubmFjaF9rbGVpbi5qcGciLCJzbGlkZXNob3ciOiI0MmMxMGRlIn0%3D\">\n\t\t\t\t\t<div class=\"e-gallery-image elementor-gallery-item__image\" data-thumbnail=\"https:\/\/flusslandschaft-elbe.de\/wp-content\/uploads\/Pflege_einer_Streuobstwiese_Mirko_Pannach_klein-512x384.jpg\" data-width=\"512\" data-height=\"384\" aria-label=\"Zwei M\u00e4nner m\u00e4hen eine Wiese mit neu gepflanzten Obstb\u00e4umen per Handmahd\" role=\"img\" ><\/div>\n\t\t\t\t\t\t\t\t\t\t\t<div class=\"elementor-gallery-item__overlay\"><\/div>\n\t\t\t\t\t\t\t\t\t\t\t\t\t\t<\/a>\n\t\t\t\t\t\t\t<a data-elementor-lightbox-title=\"\u00a9 Mirko Pannach\" class=\"e-gallery-item elementor-gallery-item elementor-animated-content\" href=\"https:\/\/flusslandschaft-elbe.de\/wp-content\/uploads\/Untersuchung_NSG_Taufwiesenberge_Mirko_Pannach_klein.jpg\" data-elementor-open-lightbox=\"yes\" data-elementor-lightbox-slideshow=\"42c10de\" data-elementor-lightbox-description=\"Monitoring von Trockenrasen im Naturschutzgebiet Taufwiesenberge\" data-e-action-hash=\"#elementor-action%3Aaction%3Dlightbox%26settings%3DeyJpZCI6Mzg5NywidXJsIjoiaHR0cHM6XC9cL2ZsdXNzbGFuZHNjaGFmdC1lbGJlLmRlXC93cC1jb250ZW50XC91cGxvYWRzXC9VbnRlcnN1Y2h1bmdfTlNHX1RhdWZ3aWVzZW5iZXJnZV9NaXJrb19QYW5uYWNoX2tsZWluLmpwZyIsInNsaWRlc2hvdyI6IjQyYzEwZGUifQ%3D%3D\">\n\t\t\t\t\t<div class=\"e-gallery-image elementor-gallery-item__image\" data-thumbnail=\"https:\/\/flusslandschaft-elbe.de\/wp-content\/uploads\/Untersuchung_NSG_Taufwiesenberge_Mirko_Pannach_klein-512x342.jpg\" data-width=\"512\" data-height=\"342\" aria-label=\"Zwei M\u00e4nner bereiten zu Forschungszwecken Insektenfallen auf einem Trockenrasen vor\" role=\"img\" ><\/div>\n\t\t\t\t\t\t\t\t\t\t\t<div class=\"elementor-gallery-item__overlay\"><\/div>\n\t\t\t\t\t\t\t\t\t\t\t\t\t\t<\/a>\n\t\t\t\t\t\t\t<a data-elementor-lightbox-title=\"\u00a9 Mirko Pannach\" class=\"e-gallery-item elementor-gallery-item elementor-animated-content\" href=\"https:\/\/flusslandschaft-elbe.de\/wp-content\/uploads\/Junior_Ranger_Thomas_Tukay_klein.jpg\" data-elementor-open-lightbox=\"yes\" data-elementor-lightbox-slideshow=\"42c10de\" data-elementor-lightbox-description=\"Mit einem Ranger den Lebensraum Teich erkunden.\" data-e-action-hash=\"#elementor-action%3Aaction%3Dlightbox%26settings%3DeyJpZCI6Mzg5NSwidXJsIjoiaHR0cHM6XC9cL2ZsdXNzbGFuZHNjaGFmdC1lbGJlLmRlXC93cC1jb250ZW50XC91cGxvYWRzXC9KdW5pb3JfUmFuZ2VyX1Rob21hc19UdWtheV9rbGVpbi5qcGciLCJzbGlkZXNob3ciOiI0MmMxMGRlIn0%3D\">\n\t\t\t\t\t<div class=\"e-gallery-image elementor-gallery-item__image\" data-thumbnail=\"https:\/\/flusslandschaft-elbe.de\/wp-content\/uploads\/Junior_Ranger_Thomas_Tukay_klein-512x413.jpg\" data-width=\"512\" data-height=\"413\" aria-label=\"Ranger mit einer Kindergruppe, die als Junior-Ranger am Teich Wasserinsekten keschern\" role=\"img\" ><\/div>\n\t\t\t\t\t\t\t\t\t\t\t<div class=\"elementor-gallery-item__overlay\"><\/div>\n\t\t\t\t\t\t\t\t\t\t\t\t\t\t<\/a>\n\t\t\t\t\t<\/div>\n\t\t\t\t\t<\/div>\n\t\t\t\t<\/div>\n\t\t\t\t\t<\/div>\n\t\t\t\t<\/div>\n\t\t<div class=\"elementor-element elementor-element-0e0ac25 e-flex e-con-boxed e-con e-parent\" data-id=\"0e0ac25\" data-element_type=\"container\" data-e-type=\"container\">\n\t\t\t\t\t<div class=\"e-con-inner\">\n\t\t\t\t<div class=\"elementor-element elementor-element-3639db1 elementor-widget elementor-widget-text-editor\" data-id=\"3639db1\" data-element_type=\"widget\" data-e-type=\"widget\" data-widget_type=\"text-editor.default\">\n\t\t\t\t<div class=\"elementor-widget-container\">\n\t\t\t\t\t\t\t\t\t<p>Ein wesentliches Instrument zur Umsetzung der Biosph\u00e4renreservatsidee ist die Zonierung des Gro\u00dfschutzgebietes gem\u00e4\u00df den UNESCO-Kriterien zur Anerkennung von Biosph\u00e4renreservaten. Demnach gliedert sich ein Biosph\u00e4renreservat in Kern-, Pflege- und Entwicklungszone.<\/p><p>In der Kernzone wird die Entwicklung der Natur ohne menschliche Eingriffe erm\u00f6glicht. In der Pflegezone finden sich wertvolle gesch\u00fctzte Lebensr\u00e4ume der historischen Kulturlandschaft, die es durch extensive Nutzungs- und Pflegekonzepte zu erhalten gilt. Den fl\u00e4chenm\u00e4\u00dfig gr\u00f6\u00dften Anteil nimmt die Entwicklungszone \u2013 der Lebens-, Wirtschafts- und Erholungsraum der Menschen\u00a0<span style=\"text-align: var(--text-align); background-color: var(--bs-body-bg); font-size: 1.125rem; font-weight: var(--bs-body-font-weight);\">\u2013\u00a0<\/span><span style=\"font-size: 1.125rem; text-align: var(--text-align); background-color: var(--bs-body-bg); font-weight: var(--bs-body-font-weight);\">ein. Hier wird eine ausgewogene, umweltvertr\u00e4gliche Regionalentwicklung umgesetzt.<\/span><\/p><p>Die Biosph\u00e4renreservatsverwaltungen der beteiligten Bundesl\u00e4nder arbeiten daher gemeinsam mit ihren Partnern daran, die Lebensraumqualit\u00e4t insbesondere in den Bereichen der Pflege- und Entwicklungszone durch die Umsetzung von Naturschutzprojekten zu verbessern.<\/p>\t\t\t\t\t\t\t\t<\/div>\n\t\t\t\t<\/div>\n\t\t\t\t\t<\/div>\n\t\t\t\t<\/div>\n\t\t<div class=\"elementor-element elementor-element-d21d28e e-flex e-con-boxed e-con e-parent\" data-id=\"d21d28e\" data-element_type=\"container\" data-e-type=\"container\">\n\t\t\t\t\t<div class=\"e-con-inner\">\n\t\t\t\t<div class=\"elementor-element elementor-element-e13a20c elementor-widget elementor-widget-spacer\" data-id=\"e13a20c\" data-element_type=\"widget\" data-e-type=\"widget\" data-widget_type=\"spacer.default\">\n\t\t\t\t<div class=\"elementor-widget-container\">\n\t\t\t\t\t\t\t<div class=\"elementor-spacer\">\n\t\t\t<div class=\"elementor-spacer-inner\"><\/div>\n\t\t<\/div>\n\t\t\t\t\t\t<\/div>\n\t\t\t\t<\/div>\n\t\t\t\t\t<\/div>\n\t\t\t\t<\/div>\n\t\t\t\t<\/div>","protected":false},"excerpt":{"rendered":"<p>Sch\u00fctzen und Entwickeln Das UNESCO-Biosph\u00e4renreservat Flusslandschaft Elbe umfasst eine der letzten naturnahen Auenlandschaften mit charakteristischer Artenausstattung sowie wertvolle Kulturlandschaften entlang des Elbestroms mit zahlreichen historischen Elementen. Der Mensch hat die Auen und Ufer der Elbe und ihrer Nebenfl\u00fcsse \u00fcber lange Zeitr\u00e4ume genutzt und gepr\u00e4gt. Dabei ist \u00fcber Jahrhunderte ein vielf\u00e4ltiges Lebensraummosaik entstanden, welches noch heute&hellip;<\/p>","protected":false},"author":1,"featured_media":0,"parent":7040,"menu_order":0,"comment_status":"closed","ping_status":"closed","template":"","meta":{"footnotes":""},"class_list":["post-16","page","type-page","status-publish","hentry"],"yoast_head":"<!-- This site is optimized with the Yoast SEO plugin v27.4 - https:\/\/yoast.com\/product\/yoast-seo-wordpress\/ -->\n<title>Sch\u00fctzen &amp; Entwickeln - Flusslandschaft Elbe<\/title>\n<meta name=\"robots\" content=\"index, follow, max-snippet:-1, max-image-preview:large, max-video-preview:-1\" \/>\n<link rel=\"canonical\" href=\"https:\/\/flusslandschaft-elbe.de\/de\/schuetzen-und-entwickeln\/schuetzen-entwickeln\/\" \/>\n<meta property=\"og:locale\" content=\"de_DE\" \/>\n<meta property=\"og:type\" content=\"article\" \/>\n<meta property=\"og:title\" content=\"Sch\u00fctzen &amp; Entwickeln - Flusslandschaft Elbe\" \/>\n<meta property=\"og:description\" content=\"Sch\u00fctzen und Entwickeln Das UNESCO-Biosph\u00e4renreservat Flusslandschaft Elbe umfasst eine der letzten naturnahen Auenlandschaften mit charakteristischer Artenausstattung sowie wertvolle Kulturlandschaften entlang des Elbestroms mit zahlreichen historischen Elementen. Der Mensch hat die Auen und Ufer der Elbe und ihrer Nebenfl\u00fcsse \u00fcber lange Zeitr\u00e4ume genutzt und gepr\u00e4gt. Dabei ist \u00fcber Jahrhunderte ein vielf\u00e4ltiges Lebensraummosaik entstanden, welches noch heute&hellip;\" \/>\n<meta property=\"og:url\" content=\"https:\/\/flusslandschaft-elbe.de\/de\/schuetzen-und-entwickeln\/schuetzen-entwickeln\/\" \/>\n<meta property=\"og:site_name\" content=\"Flusslandschaft Elbe\" \/>\n<meta property=\"article:modified_time\" content=\"2025-09-08T08:35:55+00:00\" \/>\n<meta name=\"twitter:card\" content=\"summary_large_image\" \/>\n<meta name=\"twitter:label1\" content=\"Est. reading time\" \/>\n\t<meta name=\"twitter:data1\" content=\"2 minutes\" \/>\n<script type=\"application\/ld+json\" class=\"yoast-schema-graph\">{\"@context\":\"https:\\\/\\\/schema.org\",\"@graph\":[{\"@type\":\"WebPage\",\"@id\":\"https:\\\/\\\/flusslandschaft-elbe.de\\\/schuetzen-und-entwickeln\\\/schuetzen-entwickeln\\\/\",\"url\":\"https:\\\/\\\/flusslandschaft-elbe.de\\\/schuetzen-und-entwickeln\\\/schuetzen-entwickeln\\\/\",\"name\":\"Sch\u00fctzen & Entwickeln - Flusslandschaft Elbe\",\"isPartOf\":{\"@id\":\"https:\\\/\\\/flusslandschaft-elbe.de\\\/de-simple\\\/#website\"},\"datePublished\":\"2024-05-22T14:01:54+00:00\",\"dateModified\":\"2025-09-08T08:35:55+00:00\",\"breadcrumb\":{\"@id\":\"https:\\\/\\\/flusslandschaft-elbe.de\\\/schuetzen-und-entwickeln\\\/schuetzen-entwickeln\\\/#breadcrumb\"},\"inLanguage\":\"de-simple\",\"potentialAction\":[{\"@type\":\"ReadAction\",\"target\":[\"https:\\\/\\\/flusslandschaft-elbe.de\\\/schuetzen-und-entwickeln\\\/schuetzen-entwickeln\\\/\"]}]},{\"@type\":\"BreadcrumbList\",\"@id\":\"https:\\\/\\\/flusslandschaft-elbe.de\\\/schuetzen-und-entwickeln\\\/schuetzen-entwickeln\\\/#breadcrumb\",\"itemListElement\":[{\"@type\":\"ListItem\",\"position\":1,\"name\":\"Startseite\",\"item\":\"https:\\\/\\\/flusslandschaft-elbe.de\\\/\"},{\"@type\":\"ListItem\",\"position\":2,\"name\":\"Sch\u00fctzen und Entwickeln\",\"item\":\"https:\\\/\\\/flusslandschaft-elbe.de\\\/schuetzen-und-entwickeln\\\/\"},{\"@type\":\"ListItem\",\"position\":3,\"name\":\"Sch\u00fctzen &#038; Entwickeln\"}]},{\"@type\":\"WebSite\",\"@id\":\"https:\\\/\\\/flusslandschaft-elbe.de\\\/de-simple\\\/#website\",\"url\":\"https:\\\/\\\/flusslandschaft-elbe.de\\\/de-simple\\\/\",\"name\":\"Flusslandschaft Elbe\",\"description\":\"\",\"publisher\":{\"@id\":\"https:\\\/\\\/flusslandschaft-elbe.de\\\/de-simple\\\/#organization\"},\"potentialAction\":[{\"@type\":\"SearchAction\",\"target\":{\"@type\":\"EntryPoint\",\"urlTemplate\":\"https:\\\/\\\/flusslandschaft-elbe.de\\\/de-simple\\\/?s={search_term_string}\"},\"query-input\":{\"@type\":\"PropertyValueSpecification\",\"valueRequired\":true,\"valueName\":\"search_term_string\"}}],\"inLanguage\":\"de-simple\"},{\"@type\":\"Organization\",\"@id\":\"https:\\\/\\\/flusslandschaft-elbe.de\\\/de-simple\\\/#organization\",\"name\":\"Flusslandschaft Elbe\",\"url\":\"https:\\\/\\\/flusslandschaft-elbe.de\\\/de-simple\\\/\",\"logo\":{\"@type\":\"ImageObject\",\"inLanguage\":\"de-simple\",\"@id\":\"https:\\\/\\\/flusslandschaft-elbe.de\\\/de-simple\\\/#\\\/schema\\\/logo\\\/image\\\/\",\"url\":\"https:\\\/\\\/flusslandschaft-elbe.de\\\/wp-content\\\/uploads\\\/favicon.png\",\"contentUrl\":\"https:\\\/\\\/flusslandschaft-elbe.de\\\/wp-content\\\/uploads\\\/favicon.png\",\"width\":196,\"height\":196,\"caption\":\"Flusslandschaft Elbe\"},\"image\":{\"@id\":\"https:\\\/\\\/flusslandschaft-elbe.de\\\/de-simple\\\/#\\\/schema\\\/logo\\\/image\\\/\"}}]}<\/script>\n<!-- \/ Yoast SEO plugin. -->","yoast_head_json":{"title":"Sch\u00fctzen & Entwickeln - Flusslandschaft Elbe","robots":{"index":"index","follow":"follow","max-snippet":"max-snippet:-1","max-image-preview":"max-image-preview:large","max-video-preview":"max-video-preview:-1"},"canonical":"https:\/\/flusslandschaft-elbe.de\/de\/schuetzen-und-entwickeln\/schuetzen-entwickeln\/","og_locale":"de_DE","og_type":"article","og_title":"Sch\u00fctzen & Entwickeln - Flusslandschaft Elbe","og_description":"Sch\u00fctzen und Entwickeln Das UNESCO-Biosph\u00e4renreservat Flusslandschaft Elbe umfasst eine der letzten naturnahen Auenlandschaften mit charakteristischer Artenausstattung sowie wertvolle Kulturlandschaften entlang des Elbestroms mit zahlreichen historischen Elementen. Der Mensch hat die Auen und Ufer der Elbe und ihrer Nebenfl\u00fcsse \u00fcber lange Zeitr\u00e4ume genutzt und gepr\u00e4gt. Dabei ist \u00fcber Jahrhunderte ein vielf\u00e4ltiges Lebensraummosaik entstanden, welches noch heute&hellip;","og_url":"https:\/\/flusslandschaft-elbe.de\/de\/schuetzen-und-entwickeln\/schuetzen-entwickeln\/","og_site_name":"Flusslandschaft Elbe","article_modified_time":"2025-09-08T08:35:55+00:00","twitter_card":"summary_large_image","twitter_misc":{"Est. reading time":"2 minutes"},"schema":{"@context":"https:\/\/schema.org","@graph":[{"@type":"WebPage","@id":"https:\/\/flusslandschaft-elbe.de\/schuetzen-und-entwickeln\/schuetzen-entwickeln\/","url":"https:\/\/flusslandschaft-elbe.de\/schuetzen-und-entwickeln\/schuetzen-entwickeln\/","name":"Sch\u00fctzen & Entwickeln - Flusslandschaft Elbe","isPartOf":{"@id":"https:\/\/flusslandschaft-elbe.de\/de-simple\/#website"},"datePublished":"2024-05-22T14:01:54+00:00","dateModified":"2025-09-08T08:35:55+00:00","breadcrumb":{"@id":"https:\/\/flusslandschaft-elbe.de\/schuetzen-und-entwickeln\/schuetzen-entwickeln\/#breadcrumb"},"inLanguage":"de-simple","potentialAction":[{"@type":"ReadAction","target":["https:\/\/flusslandschaft-elbe.de\/schuetzen-und-entwickeln\/schuetzen-entwickeln\/"]}]},{"@type":"BreadcrumbList","@id":"https:\/\/flusslandschaft-elbe.de\/schuetzen-und-entwickeln\/schuetzen-entwickeln\/#breadcrumb","itemListElement":[{"@type":"ListItem","position":1,"name":"Startseite","item":"https:\/\/flusslandschaft-elbe.de\/"},{"@type":"ListItem","position":2,"name":"Sch\u00fctzen und Entwickeln","item":"https:\/\/flusslandschaft-elbe.de\/schuetzen-und-entwickeln\/"},{"@type":"ListItem","position":3,"name":"Sch\u00fctzen &#038; Entwickeln"}]},{"@type":"WebSite","@id":"https:\/\/flusslandschaft-elbe.de\/de-simple\/#website","url":"https:\/\/flusslandschaft-elbe.de\/de-simple\/","name":"Flusslandschaft Elbe","description":"","publisher":{"@id":"https:\/\/flusslandschaft-elbe.de\/de-simple\/#organization"},"potentialAction":[{"@type":"SearchAction","target":{"@type":"EntryPoint","urlTemplate":"https:\/\/flusslandschaft-elbe.de\/de-simple\/?s={search_term_string}"},"query-input":{"@type":"PropertyValueSpecification","valueRequired":true,"valueName":"search_term_string"}}],"inLanguage":"de-simple"},{"@type":"Organization","@id":"https:\/\/flusslandschaft-elbe.de\/de-simple\/#organization","name":"Flusslandschaft Elbe","url":"https:\/\/flusslandschaft-elbe.de\/de-simple\/","logo":{"@type":"ImageObject","inLanguage":"de-simple","@id":"https:\/\/flusslandschaft-elbe.de\/de-simple\/#\/schema\/logo\/image\/","url":"https:\/\/flusslandschaft-elbe.de\/wp-content\/uploads\/favicon.png","contentUrl":"https:\/\/flusslandschaft-elbe.de\/wp-content\/uploads\/favicon.png","width":196,"height":196,"caption":"Flusslandschaft Elbe"},"image":{"@id":"https:\/\/flusslandschaft-elbe.de\/de-simple\/#\/schema\/logo\/image\/"}}]}},"_links":{"self":[{"href":"https:\/\/flusslandschaft-elbe.de\/de\/wp-json\/wp\/v2\/pages\/16","targetHints":{"allow":["GET"]}}],"collection":[{"href":"https:\/\/flusslandschaft-elbe.de\/de\/wp-json\/wp\/v2\/pages"}],"about":[{"href":"https:\/\/flusslandschaft-elbe.de\/de\/wp-json\/wp\/v2\/types\/page"}],"author":[{"embeddable":true,"href":"https:\/\/flusslandschaft-elbe.de\/de\/wp-json\/wp\/v2\/users\/1"}],"replies":[{"embeddable":true,"href":"https:\/\/flusslandschaft-elbe.de\/de\/wp-json\/wp\/v2\/comments?post=16"}],"version-history":[{"count":1,"href":"https:\/\/flusslandschaft-elbe.de\/de\/wp-json\/wp\/v2\/pages\/16\/revisions"}],"predecessor-version":[{"id":6078,"href":"https:\/\/flusslandschaft-elbe.de\/de\/wp-json\/wp\/v2\/pages\/16\/revisions\/6078"}],"up":[{"embeddable":true,"href":"https:\/\/flusslandschaft-elbe.de\/de\/wp-json\/wp\/v2\/pages\/7040"}],"wp:attachment":[{"href":"https:\/\/flusslandschaft-elbe.de\/de\/wp-json\/wp\/v2\/media?parent=16"}],"curies":[{"name":"wp","href":"https:\/\/api.w.org\/{rel}","templated":true}]}}